{"id":361,"date":"2019-10-30T19:37:49","date_gmt":"2019-10-30T19:37:49","guid":{"rendered":"http:\/\/demo.athemes.com\/sydney-redesign\/?page_id=361"},"modified":"2021-03-15T14:18:07","modified_gmt":"2021-03-15T14:18:07","slug":"team","status":"publish","type":"page","link":"https:\/\/wp.icmm.csic.es\/asirme\/team\/","title":{"rendered":"Team group"},"content":{"rendered":"<table class=\"tftable\" border=\"1\">\n<tbody>\n<tr>\n<th>Prof. Jos\u00e9 Antonio Alonso<\/th>\n<th>Prof. Mar\u00eda Carmen Asensio<\/th>\n<th>Dr. Jos\u00e9 Manuel Amarilla<\/th>\n<th>Dr. Isabel Sobrados de la Plaza<\/th>\n<\/tr>\n<tr>\n<td><img decoding=\"async\" class=\"alignnone size-full wp-image-640\" src=\"https:\/\/wp.icmm.csic.es\/asirme\/wp-content\/uploads\/sites\/54\/2021\/03\/Imagen11.jpg\" alt=\"\" width=\"187\" srcset=\"https:\/\/wp.icmm.csic.es\/asirme\/wp-content\/uploads\/sites\/54\/2021\/03\/Imagen11.jpg 187w, https:\/\/wp.icmm.csic.es\/asirme\/wp-content\/uploads\/sites\/54\/2021\/03\/Imagen11-99x150.jpg 99w\" sizes=\"(max-width: 187px) 100vw, 187px\" \/><\/td>\n<td><img decoding=\"async\" class=\"alignnone size-full wp-image-639\" src=\"https:\/\/wp.icmm.csic.es\/asirme\/wp-content\/uploads\/sites\/54\/2021\/03\/Imagen21.jpg\" alt=\"\" width=\"187\" srcset=\"https:\/\/wp.icmm.csic.es\/asirme\/wp-content\/uploads\/sites\/54\/2021\/03\/Imagen21.jpg 292w, https:\/\/wp.icmm.csic.es\/asirme\/wp-content\/uploads\/sites\/54\/2021\/03\/Imagen21-150x133.jpg 150w\" sizes=\"(max-width: 292px) 100vw, 292px\" \/><\/td>\n<td><img decoding=\"async\" class=\"alignnone size-full wp-image-638\" src=\"https:\/\/wp.icmm.csic.es\/asirme\/wp-content\/uploads\/sites\/54\/2021\/03\/amarilla.png\" alt=\"\" width=\"187\" srcset=\"https:\/\/wp.icmm.csic.es\/asirme\/wp-content\/uploads\/sites\/54\/2021\/03\/amarilla.png 163w, https:\/\/wp.icmm.csic.es\/asirme\/wp-content\/uploads\/sites\/54\/2021\/03\/amarilla-133x150.png 133w\" sizes=\"(max-width: 163px) 100vw, 163px\" \/><\/td>\n<td><img decoding=\"async\" class=\"alignnone size-full wp-image-637\" src=\"https:\/\/wp.icmm.csic.es\/asirme\/wp-content\/uploads\/sites\/54\/2021\/03\/sobrados.png\" alt=\"\" width=\"187\" srcset=\"https:\/\/wp.icmm.csic.es\/asirme\/wp-content\/uploads\/sites\/54\/2021\/03\/sobrados.png 121w, https:\/\/wp.icmm.csic.es\/asirme\/wp-content\/uploads\/sites\/54\/2021\/03\/sobrados-113x150.png 113w\" sizes=\"(max-width: 121px) 100vw, 121px\" \/><\/td>\n<\/tr>\n<tr>\n<td>Short text<\/td>\n<td>Short text<\/td>\n<td>Short text<\/td>\n<td>Short text<\/td>\n<\/tr>\n<tr>\n<td>Personal web<\/td>\n<td>Personal web<\/td>\n<td>Personal web<\/td>\n<td>Personal web<\/td>\n<\/tr>\n<\/tbody>\n<\/table>\n","protected":false},"excerpt":{"rendered":"<p>Prof. Jos\u00e9 Antonio Alonso Prof. Mar\u00eda Carmen Asensio Dr. Jos\u00e9 Manuel Amarilla Dr. Isabel Sobrados de la Plaza Short text Short text Short text Short text Personal web Personal web Personal web Personal web<\/p>\n<p> <a class=\"continue-reading-link\" href=\"https:\/\/wp.icmm.csic.es\/asirme\/team\/\"><span>Continue reading<\/span><i class=\"crycon-right-dir\"><\/i><\/a> <\/p>\n","protected":false},"author":94,"featured_media":0,"parent":0,"menu_order":0,"comment_status":"closed","ping_status":"closed","template":"","meta":{"ngg_post_thumbnail":0,"footnotes":""},"class_list":["post-361","page","type-page","status-publish","hentry"],"_links":{"self":[{"href":"https:\/\/wp.icmm.csic.es\/asirme\/wp-json\/wp\/v2\/pages\/361","targetHints":{"allow":["GET"]}}],"collection":[{"href":"https:\/\/wp.icmm.csic.es\/asirme\/wp-json\/wp\/v2\/pages"}],"about":[{"href":"https:\/\/wp.icmm.csic.es\/asirme\/wp-json\/wp\/v2\/types\/page"}],"author":[{"embeddable":true,"href":"https:\/\/wp.icmm.csic.es\/asirme\/wp-json\/wp\/v2\/users\/94"}],"replies":[{"embeddable":true,"href":"https:\/\/wp.icmm.csic.es\/asirme\/wp-json\/wp\/v2\/comments?post=361"}],"version-history":[{"count":8,"href":"https:\/\/wp.icmm.csic.es\/asirme\/wp-json\/wp\/v2\/pages\/361\/revisions"}],"predecessor-version":[{"id":658,"href":"https:\/\/wp.icmm.csic.es\/asirme\/wp-json\/wp\/v2\/pages\/361\/revisions\/658"}],"wp:attachment":[{"href":"https:\/\/wp.icmm.csic.es\/asirme\/wp-json\/wp\/v2\/media?parent=361"}],"curies":[{"name":"wp","href":"https:\/\/api.w.org\/{rel}","templated":true}]}}