{"id":646,"date":"2021-03-15T14:23:50","date_gmt":"2021-03-15T14:23:50","guid":{"rendered":"https:\/\/wp.icmm.csic.es\/asirme\/?page_id=646"},"modified":"2021-03-15T14:23:50","modified_gmt":"2021-03-15T14:23:50","slug":"publications","status":"publish","type":"page","link":"https:\/\/wp.icmm.csic.es\/asirme\/publications\/","title":{"rendered":"Publications"},"content":{"rendered":"<p><b>2020<\/b><\/p>\n<p>[1]&nbsp; Z. Gao, S. Wang, J. Berry, Q. Zhang, J. Gebhardt, W.M. Parkin, J. Avila, H. Yi, C. Chen, S. Hurtado-Parra, M. Drndi\u0107, A.M. Rappe, D.J. Srolovitz, J.M. Kikkawa, Z. Luo, M.C. Asensio, F. Wang, A.T.C. Johnson, Large-area epitaxial growth of curvature-stabilized ABC trilayer graphene, Nat Commun. 11 (2020) 546. https:\/\/doi.org\/10.1038\/s41467-019-14022-3.<\/p>\n<p>[2]&nbsp; S.J. Gilbert, H. Yi, J.-S. Chen, A.J. Yost, A. Dhingra, J. Abourahma, A. Lipatov, J. Avila, T. Komesu, A. Sinitskii, M.C. Asensio, P.A. Dowben, Effect of Band Symmetry on Photocurrent Production in Quasi-One-Dimensional Transition-Metal Trichalcogenides, ACS Appl. Mater. Interfaces. 12 (2020) 40525\u201340531. https:\/\/doi.org\/10.1021\/acsami.0c11892.<\/p>\n<p>[3]&nbsp; S.F. Mayer, J.E. Rodrigues, C. Marini, M.T. Fern\u00e1ndez-D\u00edaz, H. Falc\u00f3n, M.C. Asensio, J.A. Alonso, A comprehensive examination of the local- and long-range structure of Sb6O13 pyrochlore oxide, Sci Rep. 10 (2020) 16956. https:\/\/doi.org\/10.1038\/s41598-020-73860-0.<\/p>\n<p>[4]&nbsp; V.L. Nguyen, D.L. Duong, S.H. Lee, J. Avila, G. Han, Y.-M. Kim, M.C. Asensio, S.-Y. Jeong, Y.H. Lee, Layer-controlled single-crystalline graphene film with stacking order via Cu\u2013Si alloy formation, Nat. Nanotechnol. (2020). https:\/\/doi.org\/10.1038\/s41565-020-0743-0.<\/p>\n<p>[5]&nbsp; H. Yi, S.J. Gilbert, A. Lipatov, A. Sinitskii, J. Avila, J. Abourahma, T. Komesu, M.C. Asensio, P.A. Dowben, The electronic band structure of quasi-one-dimensional van der Waals semiconductors: the effective hole mass of ZrS 3 compared to TiS 3, J. Phys.: Condens. Matter. 32 (2020) 29LT01. https:\/\/doi.org\/10.1088\/1361-648X\/ab832c.<\/p>\n<p>[6]&nbsp; F. Bourquard, Y. Bleu, A.-S. Loir, B. Caja-Munoz, J. Avila, M.-C. Asensio, G. Raimondi, M. Shokouhi, I. Rassas, C. Farre, C. Chaix, V. Barnier, N. Jaffrezic-Renault, F. Garrelie, C. Donnet, Electroanalytical Performance of Nitrogen-Doped Graphene Films Processed in One Step by Pulsed Laser Deposition Directly Coupled with Thermal Annealing, Materials. 12 (2019) 666. https:\/\/doi.org\/10.3390\/ma12040666.<\/p>\n<p>[7]&nbsp; P.M. Coelho, K. Nguyen Cong, M. Bonilla, S. Kolekar, M.-H. Phan, J. Avila, M.C. Asensio, I.I. Oleynik, M. Batzill, Charge Density Wave State Suppresses Ferromagnetic Ordering in VSe2 Monolayers, J. Phys. Chem. C. (2019) acs.jpcc.9b04281. https:\/\/doi.org\/10.1021\/acs.jpcc.9b04281.<\/p>\n<p>[8]&nbsp; I.G. Gorlova, V.Ya. Pokrovskii, A.V. Frolov, A.P. Orlov, Comment on \u201cGate-Controlled Metal\u2013Insulator Transition in TiS 3 Nanowire Field-Effect Transistors,\u201d ACS Nano. 13 (2019) 8495\u20138497. https:\/\/doi.org\/10.1021\/acsnano.9b04225.<\/p>\n<p>[9]&nbsp; J. Hall, N. Ehlen, J. Berges, E. van Loon, C. van Efferen, C. Murray, M. R\u00f6sner, J. Li, B.V. Senkovskiy, M. Hell, M. Rolf, T. Heider, M.C. Asensio, J. Avila, L. Plucinski, T. Wehling, A. Gr\u00fcneis, T. Michely, Environmental Control of Charge Density Wave Order in Monolayer 2H-TaS2, ACS Nano. (2019) acsnano.9b03419. https:\/\/doi.org\/10.1021\/acsnano.9b03419.<\/p>\n<p>[10]&nbsp; Z. Hu, J. Avila, X. Wang, J.F. Leong, Q. Zhang, Y. Liu, M.C. Asensio, J. Lu, A. Carvalho, C.H. Sow, A.H. Castro Neto, The Role of Oxygen Atoms on Excitons at the Edges of Monolayer WS 2, Nano Lett. (2019) acs.nanolett.9b01670. https:\/\/doi.org\/10.1021\/acs.nanolett.9b01670.,<\/p>\n<p><b>2021<\/b><\/p>\n<p><b>MORE\u2026.<\/b><\/p>\n","protected":false},"excerpt":{"rendered":"<p>2020 [1]&nbsp; Z. Gao, S. Wang, J. Berry, Q. Zhang, J. Gebhardt, W.M. Parkin, J. Avila, H. Yi, C. Chen, S. Hurtado-Parra, M. Drndi\u0107, A.M. Rappe, D.J. Srolovitz, J.M. Kikkawa, Z. Luo, M.C. Asensio, F. Wang, A.T.C. Johnson, Large-area epitaxial growth of curvature-stabilized ABC trilayer graphene, Nat Commun. 11 (2020)&#8230;<\/p>\n<p> <a class=\"continue-reading-link\" href=\"https:\/\/wp.icmm.csic.es\/asirme\/publications\/\"><span>Continue reading<\/span><i class=\"crycon-right-dir\"><\/i><\/a> <\/p>\n","protected":false},"author":1,"featured_media":0,"parent":0,"menu_order":0,"comment_status":"closed","ping_status":"closed","template":"","meta":{"ngg_post_thumbnail":0,"footnotes":""},"class_list":["post-646","page","type-page","status-publish","hentry"],"_links":{"self":[{"href":"https:\/\/wp.icmm.csic.es\/asirme\/wp-json\/wp\/v2\/pages\/646","targetHints":{"allow":["GET"]}}],"collection":[{"href":"https:\/\/wp.icmm.csic.es\/asirme\/wp-json\/wp\/v2\/pages"}],"about":[{"href":"https:\/\/wp.icmm.csic.es\/asirme\/wp-json\/wp\/v2\/types\/page"}],"author":[{"embeddable":true,"href":"https:\/\/wp.icmm.csic.es\/asirme\/wp-json\/wp\/v2\/users\/1"}],"replies":[{"embeddable":true,"href":"https:\/\/wp.icmm.csic.es\/asirme\/wp-json\/wp\/v2\/comments?post=646"}],"version-history":[{"count":1,"href":"https:\/\/wp.icmm.csic.es\/asirme\/wp-json\/wp\/v2\/pages\/646\/revisions"}],"predecessor-version":[{"id":647,"href":"https:\/\/wp.icmm.csic.es\/asirme\/wp-json\/wp\/v2\/pages\/646\/revisions\/647"}],"wp:attachment":[{"href":"https:\/\/wp.icmm.csic.es\/asirme\/wp-json\/wp\/v2\/media?parent=646"}],"curies":[{"name":"wp","href":"https:\/\/api.w.org\/{rel}","templated":true}]}}