{"id":190,"date":"2018-02-13T12:30:34","date_gmt":"2018-02-13T12:30:34","guid":{"rendered":"https:\/\/wp.icmm.csic.es\/bioinspired-materials\/?page_id=190"},"modified":"2025-09-09T08:12:53","modified_gmt":"2025-09-09T08:12:53","slug":"ongoing-thesis","status":"publish","type":"page","link":"https:\/\/wp.icmm.csic.es\/bioinspired-materials\/research-activity\/ongoing-thesis\/","title":{"rendered":"Ongoing Theses"},"content":{"rendered":"<p>_________________________________________________________________________<\/p>\n<p><strong>TITLE:<\/strong> Unlocking the Poten.al of Tailored Sustainable Electrolytes for Porous Carbon-Based Symmetric Supercapacitors<br \/>\n<strong>PH. D. STUDENT:<\/strong> Boren Xu (Sponsored by the China Scholarchip Council &#8211; CSC, China)<br \/>\n<strong>SUPERVISORS:<\/strong> Prof. Francisco del Monte and Dr. Mar\u00eda C. Guti\u00e9rrez<br \/>\n<strong>UNIVERSITY:<\/strong> Universidad Aut\u00f3noma de Madrid.<br \/>\n<strong>FACULTY\/SCHOOL:<\/strong> CSIC<br \/>\n<strong>YEAR:<\/strong> 2021-2025 _________________________________________________________________________<\/p>\n<p><strong>TITLE: <\/strong>Ionic thermoelectric supercapacitors<br \/>\n<strong>PH. D. STUDENT:<\/strong> Manuel Cerro Carracedo<br \/>\n<strong>SUPERVISORS:<\/strong> Prof. Francisco del Monte and Dr. M. Luisa Ferrer<br \/>\n<strong> UNIVERSITY:<\/strong> Universidad Aut\u00f3noma de Madrid.<br \/>\n<strong>FACULTY\/SCHOOL:<\/strong> CSIC<br \/>\n<strong>YEAR:<\/strong> 2023-2026<\/p>\n<p>_________________________________________________________________________<\/p>\n<p><strong>TITLE:<\/strong> All Iron Redox Flow Batteries<br \/>\n<strong>PH. D. STUDENT:<\/strong> Wenjia Zhang (Sponsored by the China Scholarchip Council &#8211; CSC, China)<br \/>\n<strong>SUPERVISORS:<\/strong> Dr. M Luisa Ferrer and Dr. Mar\u00eda C. Guti\u00e9rrez<br \/>\n<strong>UNIVERSITY:<\/strong> Universidad Aut\u00f3noma de Madrid.<br \/>\n<strong>FACULTY\/SCHOOL:<\/strong> CSIC<br \/>\n<strong>YEAR:<\/strong> 2022-2026 _________________________________________________________________________<\/p>\n<p><strong>TITLE:<\/strong> MOFs embedded in hydrogels as electrodes for hybrid capacitors<br \/>\n<strong>PH. D. STUDENT:<\/strong> Xuheng Zhou (Sponsored by the China Scholarchip Council &#8211; CSC, China)<br \/>\n<strong>SUPERVISORS:<\/strong> Dr. M Luisa Ferrer and Prof. Francisco del Monte<br \/>\n<strong>UNIVERSITY:<\/strong> Universidad Aut\u00f3noma de Madrid.<br \/>\n<strong>FACULTY\/SCHOOL:<\/strong> CSIC<br \/>\n<strong>YEAR:<\/strong> 2023-2026 _________________________________________________________________________<\/p>\n<p><strong>TITLE:<\/strong> Dual Ion Batteries<br \/>\n<strong>PH. D. STUDENT:<\/strong> Paula Garc\u00eda Balaguer (Contrato predoctoral para la formaci\u00f3n de doctores &#8211; Ministerio de Ciencia e Innovaci\u00f3n de Espa\u00f1a)<br \/>\n<strong>SUPERVISORS:<\/strong>\u00a0 Dr. Mar\u00eda C. Guti\u00e9rrez and\u00a0 Dr. M. Luisa Ferrer<br \/>\n<strong>UNIVERSITY:<\/strong> Universidad Aut\u00f3noma de Madrid.<br \/>\n<strong>FACULTY\/SCHOOL:<\/strong> CSIC<br \/>\n<strong>YEAR:<\/strong> 2024-2027 _________________________________________________________________________<\/p>\n<p><strong>TITLE:<\/strong> AI models for compositional design of high performance electrolytes<br \/>\n<strong>PH. D. STUDENT:<\/strong> Juan Morales L\u00f3pez (FPI asociado a CEX2021-001163-S-20-6 &#8211; Ministerio de Ciencia e Innovaci\u00f3n de Espa\u00f1a)<br \/>\n<strong>SUPERVISORS:<\/strong>\u00a0 Prof. Francisco del Monte and Dr. Eduardo Hern\u00e1ndez<br \/>\n<strong>UNIVERSITY:<\/strong> Universidad Aut\u00f3noma de Madrid.<br \/>\n<strong>FACULTY\/SCHOOL:<\/strong> CSIC<br \/>\n<strong>YEAR:<\/strong> 2023-2027 _________________________________________________________________________<\/p>\n","protected":false},"excerpt":{"rendered":"<p>_________________________________________________________________________ TITLE: Unlocking the Poten.al of Tailored Sustainable Electrolytes for Porous Carbon-Based Symmetric Supercapacitors PH. D. STUDENT: Boren Xu (Sponsored by the China Scholarchip Council &#8211; CSC, China) SUPERVISORS: Prof. Francisco del Monte and Dr. Mar\u00eda C. Guti\u00e9rrez UNIVERSITY: Universidad &hellip; <a href=\"https:\/\/wp.icmm.csic.es\/bioinspired-materials\/research-activity\/ongoing-thesis\/\">Sigue leyendo <span class=\"meta-nav\">&rarr;<\/span><\/a><\/p>\n","protected":false},"author":5,"featured_media":0,"parent":58,"menu_order":0,"comment_status":"closed","ping_status":"closed","template":"","meta":{"footnotes":""},"class_list":["post-190","page","type-page","status-publish","hentry"],"_links":{"self":[{"href":"https:\/\/wp.icmm.csic.es\/bioinspired-materials\/wp-json\/wp\/v2\/pages\/190","targetHints":{"allow":["GET"]}}],"collection":[{"href":"https:\/\/wp.icmm.csic.es\/bioinspired-materials\/wp-json\/wp\/v2\/pages"}],"about":[{"href":"https:\/\/wp.icmm.csic.es\/bioinspired-materials\/wp-json\/wp\/v2\/types\/page"}],"author":[{"embeddable":true,"href":"https:\/\/wp.icmm.csic.es\/bioinspired-materials\/wp-json\/wp\/v2\/users\/5"}],"replies":[{"embeddable":true,"href":"https:\/\/wp.icmm.csic.es\/bioinspired-materials\/wp-json\/wp\/v2\/comments?post=190"}],"version-history":[{"count":34,"href":"https:\/\/wp.icmm.csic.es\/bioinspired-materials\/wp-json\/wp\/v2\/pages\/190\/revisions"}],"predecessor-version":[{"id":681,"href":"https:\/\/wp.icmm.csic.es\/bioinspired-materials\/wp-json\/wp\/v2\/pages\/190\/revisions\/681"}],"up":[{"embeddable":true,"href":"https:\/\/wp.icmm.csic.es\/bioinspired-materials\/wp-json\/wp\/v2\/pages\/58"}],"wp:attachment":[{"href":"https:\/\/wp.icmm.csic.es\/bioinspired-materials\/wp-json\/wp\/v2\/media?parent=190"}],"curies":[{"name":"wp","href":"https:\/\/api.w.org\/{rel}","templated":true}]}}