{"id":512,"date":"2021-07-27T11:11:24","date_gmt":"2021-07-27T11:11:24","guid":{"rendered":"https:\/\/wp.icmm.csic.es\/bioinspired-materials\/?page_id=512"},"modified":"2023-01-23T09:56:06","modified_gmt":"2023-01-23T09:56:06","slug":"https-wp-icmm-csic-es-bioinspired-materials-topics-of-research-deep-eutectic-solvents-des-fundamental-studies","status":"publish","type":"page","link":"https:\/\/wp.icmm.csic.es\/bioinspired-materials\/topics-of-research\/deep-eutectic-solvents-des\/https-wp-icmm-csic-es-bioinspired-materials-topics-of-research-deep-eutectic-solvents-des-fundamental-studies\/","title":{"rendered":"Fundamental studies"},"content":{"rendered":"<ol>\n<li style=\"list-style-type: none\">\n<ol>\n<li style=\"list-style-type: none\"><\/li>\n<\/ol>\n<\/li>\n<\/ol>\n<p>&nbsp;<\/p>\n<ol>\n<li><strong><a href=\"https:\/\/doi.org\/10.1016\/j.molliq.2022.119113\"><span style=\"color: #000000\">Hydrogen bonding in ternary mixtures of N-Methyl morpholine Oxide, water and Dimethyl sulfoxide for enhanced cellulose dissolution capabilities<\/span><\/a>\u00a0<\/strong>\u00a0 \u00a0 \u00a0 \u00a0 \u00a0 <span style=\"color: #000000\"><span class=\"contrib-author\">H. Zhang, <\/span><span class=\"contrib-author\"> X. Lu, <\/span><span class=\"contrib-author\"> L. Gonz\u00e1lez-Aguilera, D. L\u00f3pez, <\/span><span class=\"contrib-author\">M. L. Ferrer, <\/span><span class=\"contrib-author\"> F. del Monte, and <\/span><span class=\"contrib-author\"> M. C. Guti\u00e9rrez<\/span><span class=\"publicationContentAuthors art_authors\"><span class=\"citation_info\"><span class=\"journalName\">,\u00a0 \u00a0 \u00a0 \u00a0 \u00a0 \u00a0 \u00a0 \u00a0 \u00a0 \u00a0 \u00a0 \u00a0 \u00a0 \u00a0 \u00a0 \u00a0 \u00a0 \u00a0 \u00a0 \u00a0 \u00a0 \u00a0 \u00a0 \u00a0 \u00a0 \u00a0 \u00a0 \u00a0 \u00a0 \u00a0 \u00a0 \u00a0 \u00a0 \u00a0 \u00a0 \u00a0 \u00a0 \u00a0 \u00a0 \u00a0 \u00a0 \u00a0 \u00a0 \u00a0 \u00a0 \u00a0 \u00a0 \u00a0 \u00a0 \u00a0 \u00a0 \u00a0 \u00a0 \u00a0 \u00a0 \u00a0 <em>The Journal of Molecular Liquids<\/em><strong> 2022<\/strong><em>, 358, 119113<\/em><\/span><\/span><\/span><\/span><\/li>\n<li><strong><a href=\"https:\/\/aip.scitation.org\/doi\/10.1063\/5.0049162\"><span style=\"color: #000000\">Should deep eutectic solvents be treated as a mixture of two components or as a pseudo-component?<\/span><\/a> <\/strong>\u00a0\u00a0 \u00a0 \u00a0 \u00a0\u00a0\u00a0\u00a0\u00a0\u00a0\u00a0\u00a0\u00a0\u00a0\u00a0\u00a0\u00a0\u00a0\u00a0\u00a0\u00a0\u00a0\u00a0\u00a0\u00a0\u00a0\u00a0\u00a0\u00a0\u00a0\u00a0\u00a0\u00a0\u00a0\u00a0\u00a0\u00a0\u00a0\u00a0\u00a0\u00a0\u00a0\u00a0\u00a0\u00a0\u00a0\u00a0\u00a0\u00a0\u00a0\u00a0\u00a0\u00a0\u00a0\u00a0\u00a0\u00a0\u00a0\u00a0\u00a0\u00a0\u00a0\u00a0\u00a0\u00a0\u00a0\u00a0\u00a0\u00a0\u00a0\u00a0\u00a0\u00a0\u00a0\u00a0\u00a0\u00a0\u00a0\u00a0 <span style=\"color: #000000\"><span class=\"contrib-author\">H. Zhang, <\/span><span class=\"contrib-author\"> X. Lu, <\/span><span class=\"contrib-author\"> L. Gonz\u00e1lez-Aguilera, <\/span><span class=\"contrib-author\"> M. L. Ferrer, <\/span><span class=\"contrib-author\"> F. del Monte, and <\/span><span class=\"contrib-author\"> M. C. Guti\u00e9rrez<\/span><span class=\"publicationContentAuthors art_authors\"><span class=\"citation_info\"><span class=\"journalName\">,\u00a0 <em>The Journal of Chemical Physics<\/em><\/span> <strong>2021<\/strong>, <span class=\"volume\">154<\/span>, 184501<\/span><\/span><\/span><\/li>\n<li><strong><span class=\"title-text\"><a href=\"https:\/\/www.sciencedirect.com\/science\/article\/pii\/S0167732221002993\"><span style=\"color: #000000\">Tools for extending the dilution range of the \u201csolvent-in-DES\u201d regime<\/span>\u00a0<\/a>\u00a0 \u00a0 \u00a0 \u00a0 \u00a0 \u00a0 \u00a0<\/span><\/strong><span style=\"color: #000000\"><span class=\"title-text\"><span class=\"content\"><span class=\"text given-name\">H. <\/span><span class=\"text surname\">Zhang, <\/span><\/span><\/span><span class=\"title-text\"><span class=\"content\"><span class=\"text given-name\">M. L. <\/span><span class=\"text surname\">Ferrer, <\/span><\/span><span class=\"content\"><span class=\"text given-name\">R. J. <\/span><span class=\"text surname\">Jim\u00e9nez-Riob\u00f3o, <\/span><\/span><span class=\"content\"><span class=\"text given-name\">F. <\/span><span class=\"text surname\">del Monte, <\/span><\/span><span class=\"content\"><span class=\"text given-name\">M. C.<\/span><span class=\"text surname\">Guti\u00e9rre<\/span><\/span><\/span><span class=\"title-text\">z\u00a0 \u00a0 \u00a0 \u00a0 \u00a0 <em>Journal of Molecular Liquids<\/em> <strong>2021<\/strong>, <em>329<\/em>, 115573<\/span><\/span><\/li>\n<li><a title=\"Show document details\" href=\"https:\/\/pubs.acs.org\/doi\/abs\/10.1021\/acs.jpcb.0c01919\"><span style=\"color: #000000\"><strong><span style=\"color: #000000\">Brillouin spectroscopy as a suitable technique for the determination of the eutectic composition in mixtures of choline chloride and water<\/span><\/strong><\/span><\/a>\u00a0 \u00a0 \u00a0 \u00a0 \u00a0 \u00a0 \u00a0 \u00a0 \u00a0 \u00a0 \u00a0<span style=\"color: #000000\">H. Zhang, M. L. Ferrer, M. J. Rold\u00e1n-Ruiz, R. J. Jim\u00e9nez-Riob\u00f3o, M. C. Guti\u00e9rrez, and F. del Monte,\u00a0 \u00a0 \u00a0 \u00a0 \u00a0 \u00a0 \u00a0 \u00a0 \u00a0 \u00a0 \u00a0 \u00a0 \u00a0 \u00a0 \u00a0 \u00a0 \u00a0 \u00a0 \u00a0 \u00a0 \u00a0 \u00a0 \u00a0 \u00a0 \u00a0 \u00a0 \u00a0 \u00a0 \u00a0 \u00a0 \u00a0 \u00a0 \u00a0 \u00a0 \u00a0 \u00a0 \u00a0 \u00a0 \u00a0 \u00a0 \u00a0 \u00a0 \u00a0 \u00a0 \u00a0 \u00a0 \u00a0 \u00a0 \u00a0 \u00a0 \u00a0 \u00a0 \u00a0 \u00a0<cite>The Journal of Physical Chemistry B<\/cite> <strong>2020<\/strong>, <em>124<\/em> (19), 4002-4009<\/span><\/li>\n<li><a title=\"Show document details\" href=\"https:\/\/pubs.acs.org\/doi\/10.1021\/acssuschemeng.0c03516\"><strong><span style=\"color: #000000\">Further extending the dilution range of the \u00absolvent-in-DES\u00bb regime upon the replacement of water by an organic solvent with hydrogen bond capabilities<\/span><\/strong><\/a>\u00a0 \u00a0 \u00a0 \u00a0 \u00a0 \u00a0 \u00a0 \u00a0 \u00a0 \u00a0 \u00a0 \u00a0 \u00a0 \u00a0 \u00a0 \u00a0 \u00a0 \u00a0 \u00a0 \u00a0 \u00a0 \u00a0 \u00a0 \u00a0 \u00a0 \u00a0 \u00a0 \u00a0 \u00a0 \u00a0 \u00a0 \u00a0 \u00a0 \u00a0 \u00a0 \u00a0 \u00a0 \u00a0 \u00a0 \u00a0 \u00a0 \u00a0 \u00a0 \u00a0 \u00a0 \u00a0 \u00a0 \u00a0 \u00a0 \u00a0 \u00a0 \u00a0 \u00a0 \u00a0 \u00a0<span style=\"color: #000000\">N. L\u00f3pez-Salas, J. M. Vicent-Luna, E. Posada, S. Imberti, R. M. Madero-Castro, S. Calero, C. O. Ania, R. J. Jim\u00e9nez-Riob\u00f3o, M. C. Guti\u00e9rrez, M. L. Ferrer, F. del Monte,\u00a0 \u00a0 \u00a0<em>ACS Sustainable Chem. Eng.<\/em> <strong>2020<\/strong>, <em>8<\/em> (32), 12120\u201312131<\/span><\/li>\n<li><strong><a href=\"https:\/\/www.sciencedirect.com\/science\/article\/pii\/S0167732218348165\"><span style=\"color: #000000\">Brillouin and NMR spectroscopic studies of aqueous dilutions of malicine: Determining the dilution range for transition from a \u201cwater-in-DES\u201d system to a \u201cDES-in-water\u201d one<\/span><\/a> \u00a0\u00a0\u00a0\u00a0\u00a0\u00a0\u00a0\u00a0\u00a0\u00a0\u00a0\u00a0\u00a0\u00a0\u00a0\u00a0\u00a0\u00a0\u00a0\u00a0\u00a0\u00a0\u00a0\u00a0\u00a0\u00a0\u00a0\u00a0\u00a0\u00a0\u00a0\u00a0\u00a0\u00a0\u00a0\u00a0\u00a0\u00a0\u00a0\u00a0\u00a0\u00a0\u00a0\u00a0\u00a0\u00a0\u00a0\u00a0\u00a0\u00a0\u00a0\u00a0\u00a0\u00a0\u00a0\u00a0\u00a0\u00a0\u00a0\u00a0\u00a0\u00a0\u00a0\u00a0\u00a0\u00a0\u00a0\u00a0\u00a0\u00a0\u00a0\u00a0\u00a0\u00a0\u00a0\u00a0\u00a0\u00a0<span style=\"color: #000000\">\u00a0 \u00a0 \u00a0 \u00a0<\/span><\/strong><span style=\"color: #000000\">M. J. Rold\u00e1n-Ruiz, R. J. Jim\u00e9nez-Riob\u00f3o, M. C. Guti\u00e9rrez, M. L. Ferrer, F. del Monte, \u00a0 \u00a0 <em>Journal of Molecular Liquids <\/em><strong>2019<\/strong>, <em>284<\/em>, 175\u2013181<\/span><\/li>\n<li><strong><a href=\"https:\/\/pubs.acs.org\/doi\/10.1021\/acssuschemeng.9b05096\"><span style=\"color: #000000\">Looking at the water-in-deep-eutectic-solvent system: a dilution range for high performance eutectics<\/span><\/a>\u00a0 \u00a0 \u00a0 \u00a0 \u00a0 \u00a0 \u00a0 \u00a0 \u00a0 \u00a0 \u00a0 \u00a0 \u00a0 \u00a0 \u00a0 \u00a0 \u00a0 \u00a0 \u00a0 \u00a0 \u00a0 \u00a0 \u00a0 \u00a0 \u00a0 \u00a0 \u00a0 \u00a0 \u00a0 \u00a0 \u00a0 \u00a0 \u00a0 \u00a0 \u00a0 \u00a0 \u00a0 \u00a0 \u00a0 \u00a0 \u00a0<\/strong><span style=\"color: #000000\">N. L\u00f3pez-Salas; J. M. Vicent-Luna, S. Imberti, E. Posada, M. J. Rold\u00e1n-Ruiz, J. A. Anta, S. R. G. Balestra, R. M. Madero Castro, S. Calero, R. J. Jim\u00e9nez-Riob\u00f3o, M. C. Guti\u00e9rrez, M. L. Ferrer, and F. del Monte,\u00a0 \u00a0 \u00a0 \u00a0 \u00a0 \u00a0 \u00a0 \u00a0 \u00a0 \u00a0 \u00a0 \u00a0 \u00a0 \u00a0 \u00a0 \u00a0 \u00a0 \u00a0 \u00a0 \u00a0 \u00a0 \u00a0 \u00a0 \u00a0 \u00a0 \u00a0 \u00a0 \u00a0 \u00a0 \u00a0 \u00a0 \u00a0 <em>ACS Sustainable Chem. Eng.<\/em> <strong>2019<\/strong>, <em>7<\/em> (21), 17565\u201317573<\/span><\/li>\n<li><span style=\"color: #000000\"><a style=\"color: #000000\" title=\"Show document details\" href=\"https:\/\/www.sciencedirect.com\/science\/article\/pii\/S0167732218341953\"><strong><span style=\"color: #000000\">Nanophase separation in aqueous dilutions of a ternary DES as revealed by Brillouin and NMR spectroscopy<\/span><\/strong><\/a> <\/span>\u00a0 \u00a0 \u00a0 \u00a0 \u00a0 \u00a0 \u00a0 \u00a0 \u00a0 \u00a0 \u00a0 \u00a0 \u00a0 \u00a0 \u00a0 \u00a0 \u00a0 \u00a0 \u00a0 \u00a0 \u00a0 \u00a0 \u00a0 \u00a0 \u00a0 \u00a0 \u00a0 \u00a0 \u00a0 \u00a0 \u00a0 \u00a0 \u00a0 \u00a0 \u00a0 \u00a0 <span style=\"color: #000000\">E. Posada,\u00a0 M. J. Rold\u00e1n-Ruiz, R. J. Jim\u00e9nez-Riob\u00f3o, M. C. Guti\u00e9rrez, M. L. Ferrer, and F. del Monte,\u00a0 \u00a0 \u00a0 \u00a0 \u00a0 \u00a0 \u00a0 \u00a0 \u00a0 \u00a0 \u00a0 \u00a0 \u00a0 \u00a0 \u00a0 \u00a0 \u00a0 \u00a0 \u00a0 \u00a0 \u00a0 \u00a0 \u00a0 \u00a0 \u00a0 \u00a0 \u00a0 \u00a0 \u00a0 \u00a0 \u00a0 \u00a0 \u00a0 \u00a0 \u00a0 \u00a0 \u00a0 \u00a0 \u00a0 \u00a0 \u00a0 \u00a0 \u00a0 \u00a0 \u00a0 \u00a0 \u00a0 \u00a0 \u00a0 \u00a0 \u00a0<cite><em>Journal of Molecular Liquids<\/em> <strong>2019<\/strong>, <em>276<\/em>, 196\u2013203<\/cite><\/span><strong><br \/>\n<\/strong><\/li>\n<\/ol>\n","protected":false},"excerpt":{"rendered":"<p>&nbsp; Hydrogen bonding in ternary mixtures of N-Methyl morpholine Oxide, water and Dimethyl sulfoxide for enhanced cellulose dissolution capabilities\u00a0\u00a0 \u00a0 \u00a0 \u00a0 \u00a0 H. Zhang, X. Lu, L. Gonz\u00e1lez-Aguilera, D. L\u00f3pez, M. L. Ferrer, F. del Monte, and M. C. &hellip; <a href=\"https:\/\/wp.icmm.csic.es\/bioinspired-materials\/topics-of-research\/deep-eutectic-solvents-des\/https-wp-icmm-csic-es-bioinspired-materials-topics-of-research-deep-eutectic-solvents-des-fundamental-studies\/\">Sigue leyendo <span class=\"meta-nav\">&rarr;<\/span><\/a><\/p>\n","protected":false},"author":5,"featured_media":0,"parent":86,"menu_order":0,"comment_status":"closed","ping_status":"closed","template":"sidebar-page.php","meta":{"footnotes":""},"class_list":["post-512","page","type-page","status-publish","hentry"],"_links":{"self":[{"href":"https:\/\/wp.icmm.csic.es\/bioinspired-materials\/wp-json\/wp\/v2\/pages\/512","targetHints":{"allow":["GET"]}}],"collection":[{"href":"https:\/\/wp.icmm.csic.es\/bioinspired-materials\/wp-json\/wp\/v2\/pages"}],"about":[{"href":"https:\/\/wp.icmm.csic.es\/bioinspired-materials\/wp-json\/wp\/v2\/types\/page"}],"author":[{"embeddable":true,"href":"https:\/\/wp.icmm.csic.es\/bioinspired-materials\/wp-json\/wp\/v2\/users\/5"}],"replies":[{"embeddable":true,"href":"https:\/\/wp.icmm.csic.es\/bioinspired-materials\/wp-json\/wp\/v2\/comments?post=512"}],"version-history":[{"count":33,"href":"https:\/\/wp.icmm.csic.es\/bioinspired-materials\/wp-json\/wp\/v2\/pages\/512\/revisions"}],"predecessor-version":[{"id":650,"href":"https:\/\/wp.icmm.csic.es\/bioinspired-materials\/wp-json\/wp\/v2\/pages\/512\/revisions\/650"}],"up":[{"embeddable":true,"href":"https:\/\/wp.icmm.csic.es\/bioinspired-materials\/wp-json\/wp\/v2\/pages\/86"}],"wp:attachment":[{"href":"https:\/\/wp.icmm.csic.es\/bioinspired-materials\/wp-json\/wp\/v2\/media?parent=512"}],"curies":[{"name":"wp","href":"https:\/\/api.w.org\/{rel}","templated":true}]}}