{"id":518,"date":"2021-07-27T11:10:47","date_gmt":"2021-07-27T11:10:47","guid":{"rendered":"https:\/\/wp.icmm.csic.es\/bioinspired-materials\/?page_id=518"},"modified":"2025-10-24T11:55:08","modified_gmt":"2025-10-24T11:55:08","slug":"energy-storage","status":"publish","type":"page","link":"https:\/\/wp.icmm.csic.es\/bioinspired-materials\/topics-of-research\/energy-storage\/","title":{"rendered":"Energy storage"},"content":{"rendered":"<p>&nbsp;<\/p>\n<p>&nbsp;<\/p>\n<ol>\n<li><a href=\"https:\/\/chemistry-europe.onlinelibrary.wiley.com\/doi\/epdf\/10.1002\/cssc.202501306\"><strong><span style=\"color: #000000\">Phytic Acid-Based Deep Eutectic Solvents for Metal Extraction from Lithium Cobalt Oxide and Nickel Manganese Cobalt and the Use of the Resulting Leachates as Electrolytes for 2.0 V Supercapacitors<\/span><\/strong><\/a><br \/>\nB. Xu, M. L. Ferrer, F. del Monte, M. C. Guti\u00e9rrez\u00a0 \u00a0 \u00a0 \u00a0 \u00a0 \u00a0 \u00a0 \u00a0 \u00a0 \u00a0 \u00a0 \u00a0 \u00a0 \u00a0 \u00a0 \u00a0 \u00a0 \u00a0 \u00a0 \u00a0 \u00a0 \u00a0 \u00a0 \u00a0 \u00a0 \u00a0 \u00a0First published: 26 September 2025;\u00a0\u00a0 <em>ChemSusChem<\/em> <strong>2025,<\/strong> <em>00<\/em>, e202501306<\/li>\n<li><a href=\"https:\/\/pubs.rsc.org\/en\/content\/articlelanding\/2025\/ta\/d5ta04796j\"><strong><span style=\"color: #000000\">Anion-rich solvation structures in high entropy aqueous electrolytes for supercapacitors with enlarged potential windows and superior rate capabilities<\/span><\/strong><\/a><br \/>\nL. Gonz\u00e1lez-Aguilera, J. M. Vicent-Luna, P. Garc\u00eda-Balaguer, S. Calero, R. M. Madero-Castro, E. Raymundo-Pi\u00f1ero, X. Lu, M. C. Guti\u00e9rrez, M. L. Ferrer* and F. del Monte* \u00a0 \u00a0 First published: 8 August 2025; <em>J. Mater. Chem. A<\/em>, <strong>2025<\/strong>,<em>13<\/em>, 31421-31434<\/li>\n<li><strong><a href=\"https:\/\/www.sciencedirect.com\/science\/article\/pii\/S1385894725006382\"><span style=\"color: #000000\">DES-based leachates containing LCO, NMC or NCA oxides as electrolytes for 2.2 V supercapacitors<\/span><\/a><\/strong><br \/>\nL. Gonz\u00e1lez-Aguilera, J. M. Vicent-Luna, M. L. Ferrer, M. C. Guti\u00e9rrez, F. del Monte\u00a0 \u00a0 \u00a0 \u00a0First published: 25 January 2025; \u00a0<em>Chem. Eng. J.<\/em> <strong>2025<\/strong>, <em>506<\/em>, 159839<\/li>\n<li><a href=\"https:\/\/chemistry-europe.onlinelibrary.wiley.com\/doi\/10.1002\/cssc.202401128\"><strong><span style=\"color: #000000\">Recycling and reutilization of metals aided by deep eutectic solvents: from NMC cathodes of spent Li-ion batteries to electrolytes for supercapacitors<\/span><\/strong><\/a><br \/>\nB. Xu, N. Diez, M. Sevilla, M. L. Ferrer, M. C. Guti\u00e9rrez, F. del Monte\u00a0 \u00a0 \u00a0 \u00a0 \u00a0 \u00a0 \u00a0 \u00a0 \u00a0 \u00a0 \u00a0 \u00a0 \u00a0 \u00a0First published: 26 July 2024; \u00a0<em>ChemSusChem <\/em><strong>2025<\/strong><em>, 18, <\/em>e202401128<\/li>\n<li><span style=\"color: #333333\"><strong><a style=\"color: #333333\" href=\"https:\/\/onlinelibrary.wiley.com\/doi\/10.1002\/adfm.202406691\"><span style=\"color: #000000\">Balancing the Co-Solvent Content in High Entropy Aqueous Electrolytes to Obtain 2.2 V Symmetric Supercapacitor<\/span>s<\/a><\/strong><\/span><br \/>\nL. Gonz\u00e1lez-Aguilera, J. M. Vicent-Luna, S. Tao, S. Calero, R. M. Madero-Castro, E. Raymundo-Pi\u00f1ero, X. Lu, M. C. Guti\u00e9rrez, M. L. Ferrer, F. del Monte<br \/>\n<em>Adv. Funct. Mater<\/em>.<strong> 2024,<\/strong> 2406691<\/li>\n<li><span style=\"color: #000000\"><a style=\"color: #000000\" href=\"https:\/\/www.sciencedirect.com\/science\/article\/pii\/S2405829721002373?via%3Dihub\"><strong><span class=\"publicationContentAuthors art_authors\"><span class=\"citation_info\"><span style=\"color: #000000\">EMIMBF<sub>4<\/sub> in ternary liquid mixtures of water,<\/span><\/span><\/span><span class=\"publicationContentAuthors art_authors\"><span class=\"citation_info\"><span style=\"color: #000000\"> di<\/span><\/span><\/span><span class=\"publicationContentAuthors art_authors\"><span class=\"citation_info\"><span style=\"color: #000000\">methyl<\/span><\/span><\/span><span class=\"publicationContentAuthors art_authors\"><span class=\"citation_info\"><span style=\"color: #000000\"> sulfoxide and acetonitrile as \u201ctri-solvent-in-salt\u201d electrolytes for high-performance supercapacitors operating at -70\u00a0\u00b0C<\/span><\/span><\/span><\/strong><\/a>\u00a0 \u00a0 \u00a0 \u00a0 \u00a0 \u00a0 \u00a0 \u00a0 \u00a0 \u00a0 \u00a0 \u00a0 \u00a0 \u00a0 \u00a0 \u00a0 \u00a0 \u00a0 \u00a0 \u00a0 \u00a0 \u00a0 \u00a0 \u00a0 \u00a0 \u00a0 \u00a0 \u00a0 \u00a0 \u00a0 \u00a0 \u00a0 \u00a0 \u00a0X. <\/span><span style=\"color: #000000\"><span class=\"content\"><span class=\"text given-name\">\u00a0<\/span><span class=\"text surname\">Lu, <\/span><span id=\"baff0001\" class=\"author-ref\"><\/span><\/span><span class=\"content\"><span class=\"text given-name\">J. M. <\/span><span class=\"text surname\">Vicent-Luna, <\/span><\/span><span class=\"content\"><span class=\"text given-name\">S. <\/span><span class=\"text surname\">Calero,<\/span> <span id=\"baff0003\" class=\"author-ref\"><\/span><\/span><span class=\"content\"><span class=\"text given-name\">R. M. Ma<\/span><span class=\"text surname\">dero-Castro, <\/span><span id=\"baff0002\" class=\"author-ref\"><\/span><\/span><span class=\"content\"><span class=\"text given-name\">M. C.<\/span><span class=\"text surname\">Guti\u00e9rrez, <\/span><span id=\"baff0001\" class=\"author-ref\"><\/span><\/span><span class=\"content\"><span class=\"text given-name\">M. L. <\/span><span class=\"text surname\">Ferrer, <\/span><span id=\"baff0001\" class=\"author-ref\"><\/span><\/span><span class=\"content\"><span class=\"text given-name\">F. <\/span><\/span><span class=\"content\"><span class=\"text surname\">del Monte\u00a0 \u00a0 \u00a0 \u00a0 \u00a0 \u00a0 \u00a0 \u00a0 \u00a0 \u00a0 \u00a0 \u00a0 \u00a0 \u00a0 \u00a0 \u00a0 \u00a0 \u00a0 \u00a0 \u00a0 \u00a0 \u00a0 \u00a0 \u00a0 \u00a0 \u00a0 \u00a0 \u00a0 \u00a0 \u00a0 \u00a0 \u00a0 \u00a0 \u00a0 \u00a0 \u00a0 \u00a0 \u00a0 \u00a0 \u00a0 \u00a0 \u00a0 \u00a0 \u00a0 \u00a0 \u00a0 \u00a0<em>Energy Storage Materials<\/em> <strong>2021<\/strong>, <em>40<\/em>, 368\u2013385<br \/>\n<\/span><\/span><\/span><\/li>\n<li><span style=\"color: #000000\"><a style=\"color: #000000\" title=\"Show document details\" href=\"https:\/\/chemistry-europe.onlinelibrary.wiley.com\/doi\/full\/10.1002\/cssc.202002028\"><strong><span style=\"color: #000000\">Aqueous co-solvent in zwitterionic-based protic ionic liquids as electrolytes in 2.0 V supercapacitors<\/span><\/strong><\/a>\u00a0 \u00a0 \u00a0 \u00a0 \u00a0 \u00a0 \u00a0 \u00a0 \u00a0 \u00a0 \u00a0 \u00a0 \u00a0 \u00a0 \u00a0 \u00a0 \u00a0 \u00a0 \u00a0 \u00a0 \u00a0 \u00a0 \u00a0 \u00a0 \u00a0 \u00a0 \u00a0 \u00a0 \u00a0 \u00a0 \u00a0 \u00a0 \u00a0 \u00a0 \u00a0 \u00a0 \u00a0 \u00a0 \u00a0 \u00a0 \u00a0 \u00a0 \u00a0 \u00a0X. Lu, J. M. Vicent-Luna, S. Calero, M. J. Rold\u00e1n-Ruiz, R. Jim\u00e9nez, M. L. Ferrer, M. C. Guti\u00e9rrez, F. del Monte\u00a0 \u00a0 \u00a0 \u00a0 \u00a0 \u00a0 \u00a0 \u00a0 \u00a0 \u00a0 \u00a0 \u00a0 \u00a0 \u00a0 \u00a0 \u00a0 \u00a0 \u00a0 \u00a0 \u00a0 \u00a0 \u00a0 \u00a0 \u00a0 \u00a0 \u00a0 \u00a0 \u00a0 \u00a0 \u00a0 \u00a0 \u00a0 \u00a0 \u00a0 \u00a0 \u00a0 \u00a0 <i>ChemSusChem<\/i> <strong>2020<\/strong>, <i>13<\/i>, 5983<\/span><\/li>\n<li><span style=\"color: #000000\"><strong><a style=\"color: #000000\" href=\"https:\/\/pubs.acs.org\/doi\/abs\/10.1021\/acssuschemeng.0c00892\">Highly Efficient p-toluenesulfonic acid-based deep-eutectic solvents for cathode recycling of Li-ion batteries<\/a><\/strong>\u00a0 \u00a0 \u00a0 \u00a0 \u00a0 \u00a0 \u00a0 \u00a0 \u00a0 \u00a0 \u00a0 \u00a0 \u00a0 \u00a0 \u00a0 \u00a0 \u00a0 \u00a0 \u00a0 \u00a0 \u00a0 \u00a0 \u00a0 \u00a0 \u00a0 \u00a0 \u00a0 \u00a0 \u00a0 \u00a0 \u00a0 \u00a0 \u00a0 M. J. Rold\u00e1n-Ruiz, M. L. Ferrer, M. C. Guti\u00e9rrez, F. del Monte\u00a0 \u00a0 \u00a0 \u00a0 \u00a0 \u00a0 \u00a0 \u00a0 \u00a0 \u00a0 \u00a0 \u00a0 \u00a0 \u00a0 \u00a0 \u00a0 \u00a0 <em>ACS Sustainable Chem. Eng. <\/em><strong>2020<\/strong>, <em>8<\/em> (14), 5437\u20135445<\/span><\/li>\n<li><a href=\"https:\/\/pubs.acs.org\/doi\/10.1021\/acsami.0c04011\"><span style=\"color: #000000\"><strong><span style=\"color: #000000\">Aqueous-eutectic-in-salt electrolytes for high-energy-density supercapacitors with an operational temperature window of 100 \u00b0C, from <sup>_<\/sup>35 to +65 \u00b0C<\/span><\/strong><\/span><\/a>\n<div><span style=\"color: #000000\">X. Lu, R. J. Jim\u00e9nez-Riob\u00f3o, D. Leech, M. C. Guti\u00e9rrez, M. L. Ferrer, and F. del Monte<\/span><\/div>\n<div><span style=\"color: #000000\"><cite>ACS Applied Materials &amp; Interfaces<\/cite> <strong>2020,<\/strong> <em>12<\/em> (26), 29181-29193<\/span><\/div>\n<p class=\"margin-size-0-b text-width-38\"><span style=\"color: #000000\">\u00a0<\/span><\/p>\n<\/li>\n<\/ol>\n","protected":false},"excerpt":{"rendered":"<p>&nbsp; &nbsp; Phytic Acid-Based Deep Eutectic Solvents for Metal Extraction from Lithium Cobalt Oxide and Nickel Manganese Cobalt and the Use of the Resulting Leachates as Electrolytes for 2.0 V Supercapacitors B. Xu, M. L. Ferrer, F. del Monte, M. &hellip; <a href=\"https:\/\/wp.icmm.csic.es\/bioinspired-materials\/topics-of-research\/energy-storage\/\">Sigue leyendo <span class=\"meta-nav\">&rarr;<\/span><\/a><\/p>\n","protected":false},"author":5,"featured_media":0,"parent":73,"menu_order":0,"comment_status":"closed","ping_status":"closed","template":"","meta":{"footnotes":""},"class_list":["post-518","page","type-page","status-publish","hentry"],"_links":{"self":[{"href":"https:\/\/wp.icmm.csic.es\/bioinspired-materials\/wp-json\/wp\/v2\/pages\/518","targetHints":{"allow":["GET"]}}],"collection":[{"href":"https:\/\/wp.icmm.csic.es\/bioinspired-materials\/wp-json\/wp\/v2\/pages"}],"about":[{"href":"https:\/\/wp.icmm.csic.es\/bioinspired-materials\/wp-json\/wp\/v2\/types\/page"}],"author":[{"embeddable":true,"href":"https:\/\/wp.icmm.csic.es\/bioinspired-materials\/wp-json\/wp\/v2\/users\/5"}],"replies":[{"embeddable":true,"href":"https:\/\/wp.icmm.csic.es\/bioinspired-materials\/wp-json\/wp\/v2\/comments?post=518"}],"version-history":[{"count":19,"href":"https:\/\/wp.icmm.csic.es\/bioinspired-materials\/wp-json\/wp\/v2\/pages\/518\/revisions"}],"predecessor-version":[{"id":687,"href":"https:\/\/wp.icmm.csic.es\/bioinspired-materials\/wp-json\/wp\/v2\/pages\/518\/revisions\/687"}],"up":[{"embeddable":true,"href":"https:\/\/wp.icmm.csic.es\/bioinspired-materials\/wp-json\/wp\/v2\/pages\/73"}],"wp:attachment":[{"href":"https:\/\/wp.icmm.csic.es\/bioinspired-materials\/wp-json\/wp\/v2\/media?parent=518"}],"curies":[{"name":"wp","href":"https:\/\/api.w.org\/{rel}","templated":true}]}}