{"id":63,"date":"2018-02-08T17:21:15","date_gmt":"2018-02-08T17:21:15","guid":{"rendered":"https:\/\/wp.icmm.csic.es\/bioinspired-materials\/?page_id=63"},"modified":"2025-09-09T08:18:02","modified_gmt":"2025-09-09T08:18:02","slug":"thesis","status":"publish","type":"page","link":"https:\/\/wp.icmm.csic.es\/bioinspired-materials\/research-activity\/thesis\/","title":{"rendered":"Completed theses"},"content":{"rendered":"<p>_________________________________________________________________________<\/p>\n<p><strong>TITLE: <\/strong>Advanced Electrolyte Design for Supercapacitors: From Molecular Solvation Control to Sustainable Reuse<br \/>\n<strong>PH. D. STUDENT:<\/strong> Laura Gonzalez Aguilera<br \/>\n<strong>SUPERVISORS:<\/strong> Dr. M. Luisa Ferrer and Dr. Mar\u00eda C. Guti\u00e9rrez<br \/>\n<strong> UNIVERSITY:<\/strong> Universidad Aut\u00f3noma de Madrid.<br \/>\n<strong>FACULTY\/SCHOOL:<\/strong> ICMM-CSIC<br \/>\n<strong>YEAR:<\/strong> 2025<br \/>\n<strong>MARK: <\/strong>Sobresaliente &#8211; cum laudem<\/p>\n<p>_________________________________________________________________________<\/p>\n<p><strong>TITLE:\u00a0<\/strong>An\u00e1lisis Electroqu\u00edmico de \u00c1cidos Fosf\u00f3nicos<br \/>\n<strong>PH. D. STUDENT:<\/strong> Gaspar Carrasco Huertas (Sponsored by Comunidad de Madrid and KleinScale Inc.)<br \/>\n<strong>SUPERVISORS:<\/strong> Prof. Francisco del Monte and Dr. Lorena Welte &#8211; from KleinScale<br \/>\n<strong> UNIVERSITY:<\/strong> Universidad Aut\u00f3noma de Madrid.<br \/>\n<strong>FACULTY\/SCHOOL:<\/strong> ICMM-CSIC<br \/>\n<strong>YEAR:<\/strong> 2022<br \/>\n<strong>MARK: <\/strong>Sobresaliente &#8211; cum laudem<\/p>\n<p>_________________________________________________________________________<\/p>\n<p><strong>TITLE: <\/strong>Eutectic Mixtures\u00a0 Resulting from Dilution of Deep Eutectic Solvents : Tools for Characterization<br \/>\n<strong>STUDENT:<\/strong> Huan Zhang (Sponsored by the China Scholarchip Council &#8211; CSC, China)<br \/>\n<strong>SUPERVISORS:<\/strong> Prof. Francisco del Monte and Dr. Mar\u00eda C. Guti\u00e9rrez<br \/>\n<strong>UNIVERSITY:<\/strong> Universidad Aut\u00f3noma de Madrid.<br \/>\n<strong>FACULTY\/SCHOOL:<\/strong> ICMM-CSIC<br \/>\n<strong>YEAR:<\/strong> 2021<br \/>\n<strong>MARK: <\/strong>Sobresaliente\u00a0<strong><br \/>\n<\/strong><\/p>\n<p>____________________________________________________________________________<\/p>\n<p><strong>TITLE:<\/strong> Enhancing the Performance of Carbon\/Carbon Supercapacitors via Aqueos Solvent-in-Salt Electrolytes<br \/>\n<strong>STUDENT:<\/strong> Xuejun Lu (Sponsored by the China Scholarchip Council &#8211; CSC, China)<br \/>\n<strong>SUPERVISORS:<\/strong> Prof. Francisco del Monte and Dr. Mar\u00eda C. Guti\u00e9rrez<br \/>\n<strong>UNIVERSITY:<\/strong> Universidad Aut\u00f3noma de Madrid.<br \/>\n<strong>FACULTY\/SCHOOL:<\/strong> ICMM-CSIC<br \/>\n<strong>YEAR:<\/strong> 2021<br \/>\n<strong>MARK: <\/strong>Sobresaliente &#8211; cum laudem<strong><br \/>\n<\/strong><\/p>\n<p>____________________________________________________________________________<\/p>\n<p><strong>TITLE:<\/strong> Preparaci\u00f3n y Caracterizaci\u00f3n de Carbones y Composites de Carb\u00f3n &#8211; Carb\u00f3n\/Oxido de Grafeno y Carb\u00f3n\/Nanotubos de Carb\u00f3n.<br \/>\n<strong>STUDENT:<\/strong> Li Zhi Guan (Sponsored by the China Scholarchip Council &#8211; CSC, China)<br \/>\n<strong>SUPERVISORS:<\/strong> Prof. Francisco del Monte and Dr. Mar\u00eda C. Guti\u00e9rrez<br \/>\n<strong>UNIVERSITY:<\/strong> Universidad Aut\u00f3noma de Madrid.<br \/>\n<strong>FACULTY\/SCHOOL:<\/strong> ICMM-CSIC<br \/>\n<strong>YEAR:<\/strong> 2020<br \/>\n<strong>MARK: <\/strong>Sobresaliente<\/p>\n<p>____________________________________________________________________________<\/p>\n<p><strong>TITLE:<\/strong> Efecto de la diluci\u00f3n de disolventes eut\u00e9cticos (DES) en la preparaci\u00f3n de carbones monol\u00edticos jer\u00e1rquicos mediante descomposiciones espinodales<br \/>\n<strong>STUDENT:<\/strong> Elena Posada S\u00e1nchez (Contrato con cargo a proyecto)<br \/>\n<strong>SUPERVISORS:<\/strong> Prof. Francisco del Monte and Dr. M. Luisa Ferrer<br \/>\n<strong>UNIVERSITY:<\/strong> Universidad Aut\u00f3noma de Madrid.<br \/>\n<strong>FACULTY\/SCHOOL:<\/strong> ICMM-CSIC<br \/>\n<strong>YEAR:<\/strong> 2019<br \/>\n<strong>MARK: <\/strong>Sobresaliente<strong><br \/>\n<\/strong><\/p>\n<p>____________________________________________________________________________<\/p>\n<p><strong>TITLE:<\/strong> Dise\u00f1o, Preparaci\u00f3n y Evaluaci\u00f3n de Nuevas Mezclas Eut\u00e9cticas o Acuosas Para la S\u00edntesis de Materiales Mediante Procesos de Qu\u00edmica Verde<br \/>\n<strong>STUDENT:<\/strong> Sara Garc\u00eda Arg\u00fcelles (Contrato con cargo a proyecto)<br \/>\n<strong>SUPERVISORS:<\/strong> Prof. Francisco del Monte and Dr. Mar\u00eda C. Guti\u00e9rrez<br \/>\n<strong>UNIVERSITY:<\/strong> Universidad Rey Juan Carlos, Madrid, Spain.<br \/>\n<strong>FACULTY\/SCHOOL:<\/strong> ICMM-CSIC<br \/>\n<strong>YEAR:<\/strong> 2018<br \/>\n<strong>MARK: <\/strong>Sobresaliente<strong><br \/>\n<\/strong><\/p>\n<p>____________________________________________________________________________<\/p>\n<p><strong>TITLE:<\/strong> Deep Eutectic Solvents playing a critical role in the synthesis of hierarchical carbon monoliths with tailored compositions and structures<br \/>\n<strong>STUDENT:<\/strong> Nieves L\u00f3pez Salas (Beca FPI, MINECO)<br \/>\n<strong>SUPERVISORS:<\/strong> Dr. Francisco del Monte and Dr. M. Luisa Ferrer<br \/>\n<strong>UNIVERSITY:<\/strong> Universidad Aut\u00f3noma de Madrid.<br \/>\n<strong>FACULTY\/SCHOOL:<\/strong> ICMM-CSIC<br \/>\n<strong>YEAR:<\/strong> 2017<br \/>\n<strong>MARK:<\/strong> Apto cum laudem<\/p>\n<p>____________________________________________________________________________<\/p>\n<p><strong>TITLE:<\/strong> Preparaci\u00f3n y Caracterizaci\u00f3n de Materiales Monol\u00edticos Jer\u00e1rquicos y sus Aplicaciones<br \/>\n<strong>STUDENT:<\/strong> Julian Pati\u00f1o Redondo (Beca FPI, MICINN)<br \/>\n<strong>SUPERVISORS:<\/strong> Dr. Francisco del Monte and Dr. M. Luisa Ferrer<br \/>\n<strong>UNIVERSITY:<\/strong> Universidad Aut\u00f3noma de Madrid.<br \/>\n<strong>FACULTY\/SCHOOL:<\/strong> ICMM-CSIC<br \/>\n<strong>YEAR:<\/strong> 2016<br \/>\n<strong>MARK:<\/strong> Apto cum laudem<\/p>\n<p>____________________________________________________________________________<\/p>\n<p><strong>TITLE:<\/strong> Preparaci\u00f3n y Caracterizaci\u00f3n de Biomateriales jer\u00e1rquicos multifiuncionales<br \/>\n<strong>STUDENT:<\/strong> Stefania Nardecchia (Beca FPI, MICINN)<br \/>\n<strong>SUPERVISORS:<\/strong> Dr. M. Luisa Ferrer and Dr. Mar\u00eda C. Guti\u00e9rrez<br \/>\n<strong>UNIVERSITY:<\/strong> Universidad Aut\u00f3noma de Madrid.<br \/>\n<strong>FACULTY\/SCHOOL:<\/strong> ICMM-CSIC<br \/>\n<strong>YEAR:<\/strong> 2012<br \/>\n<strong>MARK:<\/strong> Apto cum laudem<\/p>\n<p>____________________________________________________________________________<\/p>\n<p><strong>TITLE:<\/strong> Free-radical polymerizations in deep-eutectic solvents: a green approach to functional <strong>materials<\/strong><br \/>\n<strong> STUDENT:<\/strong> Josu\u00e9 David Mota Morales<br \/>\n<strong>SUPERVISORS:<\/strong> Dr. Francisco del Monte and Dr. Gabriel Luna-B\u00e1rcenas<br \/>\n<strong>UNIVERSITY:<\/strong> Universidad de Quer\u00e9taro (M\u00e9xico).<br \/>\n<strong>FACULTY\/SCHOOL:<\/strong> CINVESTAV<br \/>\n<strong>YEAR:<\/strong> 2012<br \/>\n<strong>MARK:<\/strong> Apto cum laudem<\/p>\n<p>____________________________________________________________________________<\/p>\n<p><strong>TITLE:<\/strong> Preparaci\u00f3n de Materiales Polim\u00e9ricos Macroporosos para Liberaci\u00f3n de Farmacos<br \/>\n<strong>STUDENT:<\/strong> Zaira Yunuen Garc\u00eda (Beca Proyecto)<br \/>\n<strong>SUPERVISORS:<\/strong> Dr. Francisco del Monte and Dr. Mar\u00eda C. Guti\u00e9rrez<br \/>\n<strong>UNIVERSITY:<\/strong> Universidad Complutense de Madrid.<br \/>\n<strong>FACULTY\/SCHOOL:<\/strong> CSIC<br \/>\n<strong>YEAR:<\/strong> 2008<br \/>\n<strong>MARK:<\/strong> Apto cum laudem<\/p>\n<p>____________________________________________________________________________<\/p>\n<p><strong>TITLE:<\/strong> Dise\u00f1o y Preparaci\u00f3n de Electrodos de Carbono para Pilas de Combustible Microbianas<br \/>\n<strong>STUDENT:<\/strong> Maria Jes\u00fas Hortig\u00fcela Gallo (Beca MAPFRE:2006-2007, Beca Proyecto: 2007-2008)<br \/>\n<strong>SUPERVISORS:<\/strong> Dr. Francisco del Monte and Dr. Mar\u00eda C. Guti\u00e9rrez<br \/>\n<strong>UNIVERSITY:<\/strong> Universidad de Burgos.<br \/>\n<strong>FACULTY\/SCHOOL:<\/strong> CSIC<br \/>\n<strong>YEAR:<\/strong> 2009<br \/>\n<strong>MARK:<\/strong> Apto cum laudem<\/p>\n<p>&nbsp;<\/p>\n<p>&nbsp;<\/p>\n<p>&nbsp;<\/p>\n","protected":false},"excerpt":{"rendered":"<p>_________________________________________________________________________ TITLE: Advanced Electrolyte Design for Supercapacitors: From Molecular Solvation Control to Sustainable Reuse PH. D. STUDENT: Laura Gonzalez Aguilera SUPERVISORS: Dr. M. Luisa Ferrer and Dr. Mar\u00eda C. Guti\u00e9rrez UNIVERSITY: Universidad Aut\u00f3noma de Madrid. FACULTY\/SCHOOL: ICMM-CSIC YEAR: 2025 MARK: &hellip; <a href=\"https:\/\/wp.icmm.csic.es\/bioinspired-materials\/research-activity\/thesis\/\">Sigue leyendo <span class=\"meta-nav\">&rarr;<\/span><\/a><\/p>\n","protected":false},"author":5,"featured_media":0,"parent":58,"menu_order":0,"comment_status":"closed","ping_status":"closed","template":"sidebar-page.php","meta":{"footnotes":""},"class_list":["post-63","page","type-page","status-publish","hentry"],"_links":{"self":[{"href":"https:\/\/wp.icmm.csic.es\/bioinspired-materials\/wp-json\/wp\/v2\/pages\/63","targetHints":{"allow":["GET"]}}],"collection":[{"href":"https:\/\/wp.icmm.csic.es\/bioinspired-materials\/wp-json\/wp\/v2\/pages"}],"about":[{"href":"https:\/\/wp.icmm.csic.es\/bioinspired-materials\/wp-json\/wp\/v2\/types\/page"}],"author":[{"embeddable":true,"href":"https:\/\/wp.icmm.csic.es\/bioinspired-materials\/wp-json\/wp\/v2\/users\/5"}],"replies":[{"embeddable":true,"href":"https:\/\/wp.icmm.csic.es\/bioinspired-materials\/wp-json\/wp\/v2\/comments?post=63"}],"version-history":[{"count":32,"href":"https:\/\/wp.icmm.csic.es\/bioinspired-materials\/wp-json\/wp\/v2\/pages\/63\/revisions"}],"predecessor-version":[{"id":682,"href":"https:\/\/wp.icmm.csic.es\/bioinspired-materials\/wp-json\/wp\/v2\/pages\/63\/revisions\/682"}],"up":[{"embeddable":true,"href":"https:\/\/wp.icmm.csic.es\/bioinspired-materials\/wp-json\/wp\/v2\/pages\/58"}],"wp:attachment":[{"href":"https:\/\/wp.icmm.csic.es\/bioinspired-materials\/wp-json\/wp\/v2\/media?parent=63"}],"curies":[{"name":"wp","href":"https:\/\/api.w.org\/{rel}","templated":true}]}}