{"id":70,"date":"2018-02-08T17:28:14","date_gmt":"2018-02-08T17:28:14","guid":{"rendered":"https:\/\/wp.icmm.csic.es\/bioinspired-materials\/?page_id=70"},"modified":"2025-09-09T08:09:40","modified_gmt":"2025-09-09T08:09:40","slug":"former-members","status":"publish","type":"page","link":"https:\/\/wp.icmm.csic.es\/bioinspired-materials\/people\/former-members\/","title":{"rendered":"Former members"},"content":{"rendered":"<p>Former members:<\/p>\n<ul>\n<li><strong>Dr. Laura Gonzalez Aguilera<\/strong> (Thesis dissertation on July 2025) <a href=\"https:\/\/orcid.org\/0000-0003-3268-0509\">https:\/\/orcid.org\/0000-0003-3268-0509<\/a><\/li>\n<li><strong>Pilar M. Fern\u00e1ndez Seri\u00f1\u00e1n<\/strong> (Graduate Student, 11\/2021-12\/2022) <a href=\"https:\/\/orcid.org\/0000-0002-6456-7386\">https:\/\/orcid.org\/0000-0002-6456-7386<\/a><\/li>\n<li><strong>Dr. Gaspar Carrasco Huertas<\/strong> (Thesis dissertation on February 2022)<\/li>\n<li><strong>Dr. Huan Zhang<\/strong> (Thesis dissertation on September 2021)<\/li>\n<li><strong>Dr. Xuejun Lu<\/strong> (Thesis dissertation on July 2021) <a href=\"https:\/\/orcid.org\/0000-0001-8155-8687\">https:\/\/orcid.org\/0000-0001-8155-8687<\/a><\/li>\n<li><strong>Dr. Li Zhi Guan<\/strong> (Thesis dissertation on July 2020) <a href=\"https:\/\/orcid.org\/0000-0002-8738-7134\">https:\/\/orcid.org\/0000-0002-8738-7134<\/a><\/li>\n<li><strong>Dr. Elena Posada S\u00e1nchez<\/strong> (Thesis dissertation on 2019)<\/li>\n<li><strong>Dr. Sara Garc\u00eda Arg\u00fcelles<\/strong> (Thesis dissertation on July 2018)<\/li>\n<li><strong>Dr. Mar\u00eda de las Nieves L\u00f3pez Salas<\/strong> (PhD and Postdoctoral student: 02\/2012-02\/2018)\u00a0<a href=\"https:\/\/orcid.org\/0000-0002-8438-9548\">https:\/\/orcid.org\/0000-0002-8438-9548<\/a><\/li>\n<li><strong>Andrea Mari\u00f1o L\u00f3pez<\/strong> (Graduate Student: 10\/2016-07\/2017)\u00a0<a href=\"http:\/\/teamnanotech.webs.uvigo.es\/people\/#!prettyPhoto\">http:\/\/teamnanotech.webs.uvigo.es\/people\/#!prettyPhoto<\/a><\/li>\n<li><strong>Rachel Zweig<\/strong> (Graduate Student, <span style=\"color: #339966\">Fulbright Fellowship<\/span>: 09\/2016-06\/2017)<\/li>\n<li><strong>Dr. Regina Janet S\u00e1nchez Leija<\/strong> (PhD stay: 11\/2015-09\/2016)\u00a0<a href=\"https:\/\/orcid.org\/0000-0003-1506-6443\">https:\/\/orcid.org\/0000-0003-1506-6443<\/a><\/li>\n<li><strong>Dr. Mar\u00eda Guadalupe P\u00e9rez Garc\u00eda<\/strong> (Postdoctoral researcher: 11\/2015-01\/2016)\u00a0<a href=\"https:\/\/orcid.org\/0000-0002-5030-3662\">https:\/\/orcid.org\/0000-0002-5030-3662<\/a><\/li>\n<li><strong>Dr. Joao Reina-Maia<\/strong> (Postdoctoral researcher: 10\/2014-06\/2016)\u00a0<a href=\"https:\/\/www.linkedin.com\/in\/joaomaiasilva\/\">https:\/\/www.linkedin.com\/in\/joaomaiasilva\/<\/a><\/li>\n<li><strong>Dr. Inmaculada Aranaz Corral<\/strong> (Postdoctoral researcher: 04\/2007-11\/2009; 12\/2014-11\/2015)\u00a0<a href=\"https:\/\/orcid.org\/0000-0002-1495-9744\">https:\/\/orcid.org\/0000-0002-1495-9744<\/a><\/li>\n<li><strong>Dr. Juli\u00e1n Pati\u00f1o Redondo<\/strong> (PhD student: 10\/2009-09\/2015)<\/li>\n<li><strong>Dr. Daniel Carriazo Mart\u00edn<\/strong> (Postdoctoral researcher: 09\/2009-12\/2014)\u00a0<a href=\"https:\/\/orcid.org\/0000-0002-3591-9792\">https:\/\/orcid.org\/0000-0002-3591-9792<\/a><\/li>\n<li><strong>Dr. Mar\u00eda Concepci\u00f3n Serrano<\/strong> (Postdoctoral researcher: 12\/2010-12\/2013) <a href=\"https:\/\/orcid.org\/0000-0002-5010-644X\">https:\/\/orcid.org\/0000-0002-5010-644X<\/a><\/li>\n<li><strong>Dr. Stefania Nardeccia<\/strong> (PhD and Postdoctoral student: 10\/2008-06\/2013)\u00a0<a href=\"https:\/\/www.linkedin.com\/in\/stefania-nardecchia-88208035\/\">https:\/\/www.linkedin.com\/in\/stefania-nardecchia-88208035\/<\/a><\/li>\n<li><strong>Dr. Giovanni Palmisano<\/strong> (PhD stay) <a href=\"https:\/\/www.masdar.ac.ae\/component\/k2\/item\/6373-giovanni-palmisano\">https:\/\/www.masdar.ac.ae\/component\/k2\/item\/6373-giovanni-palmisano<\/a><\/li>\n<li><strong>Dr. Josu\u00e9 David Mota Morales<\/strong> (PhD stay: 02\/2010-02\/2011)\u00a0<a href=\"https:\/\/orcid.org\/0000-0001-8257-0709\">https:\/\/orcid.org\/0000-0001-8257-0709<\/a><\/li>\n<li><strong>Jos\u00e9 Lu\u00eds Prieto Balsalobre<\/strong> (Graduate student: 07\/2009-11\/2011)<\/li>\n<li><strong>Dr. Marina Nieto Su\u00e1rez<\/strong> (Postdoctoral researcher: 12\/2006-02\/2010)<\/li>\n<li><strong>Dr. Mar\u00eda Jes\u00fas Hortig\u00fcela Gallo<\/strong> (PhD student: 02\/2006-07\/2010)\u00a0<a href=\"https:\/\/orcid.org\/0000-0003-3555-8218\">https:\/\/orcid.org\/0000-0003-3555-8218<\/a><\/li>\n<li><strong>Dr. Zaira Yunu\u00e9n Garc\u00eda Carvajal<\/strong> (PhD student: 10\/2005-07\/2008)\u00a0<a href=\"https:\/\/www.linkedin.com\/in\/zaira-yunuen-garcia-carvajal-6a560436\/\">https:\/\/www.linkedin.com\/in\/zaira-yunuen-garcia-carvajal-6a560436\/<\/a><\/li>\n<li><strong>Mar\u00eda Dolores Gil Luna<\/strong> (Postgraduate student: 01\/2005-10\/2007)<\/li>\n<li><strong>Dr. \u00cdlida Ortega Asencio<\/strong> (PhD student: 01\/2005-10\/2006)\u00a0<a href=\"https:\/\/www.linkedin.com\/in\/ilida-ortega-asencio-145aaa5b\/\">https:\/\/www.linkedin.com\/in\/ilida-ortega-asencio-145aaa5b\/<\/a><\/li>\n<li><strong>Dr. Mat\u00edas Jobbagy<\/strong> (Visiting Professor: 04\/2005-12\/2006)\u00a0<a href=\"https:\/\/www.researchgate.net\/profile\/Matias_Jobbagy\">https:\/\/www.researchgate.net\/profile\/Matias_Jobbagy<\/a><\/li>\n<\/ul>\n","protected":false},"excerpt":{"rendered":"<p>Former members: Dr. Laura Gonzalez Aguilera (Thesis dissertation on July 2025) https:\/\/orcid.org\/0000-0003-3268-0509 Pilar M. Fern\u00e1ndez Seri\u00f1\u00e1n (Graduate Student, 11\/2021-12\/2022) https:\/\/orcid.org\/0000-0002-6456-7386 Dr. Gaspar Carrasco Huertas (Thesis dissertation on February 2022) Dr. Huan Zhang (Thesis dissertation on September 2021) Dr. Xuejun Lu &hellip; <a href=\"https:\/\/wp.icmm.csic.es\/bioinspired-materials\/people\/former-members\/\">Sigue leyendo <span class=\"meta-nav\">&rarr;<\/span><\/a><\/p>\n","protected":false},"author":5,"featured_media":0,"parent":13,"menu_order":0,"comment_status":"closed","ping_status":"closed","template":"sidebar-page.php","meta":{"footnotes":""},"class_list":["post-70","page","type-page","status-publish","hentry"],"_links":{"self":[{"href":"https:\/\/wp.icmm.csic.es\/bioinspired-materials\/wp-json\/wp\/v2\/pages\/70","targetHints":{"allow":["GET"]}}],"collection":[{"href":"https:\/\/wp.icmm.csic.es\/bioinspired-materials\/wp-json\/wp\/v2\/pages"}],"about":[{"href":"https:\/\/wp.icmm.csic.es\/bioinspired-materials\/wp-json\/wp\/v2\/types\/page"}],"author":[{"embeddable":true,"href":"https:\/\/wp.icmm.csic.es\/bioinspired-materials\/wp-json\/wp\/v2\/users\/5"}],"replies":[{"embeddable":true,"href":"https:\/\/wp.icmm.csic.es\/bioinspired-materials\/wp-json\/wp\/v2\/comments?post=70"}],"version-history":[{"count":17,"href":"https:\/\/wp.icmm.csic.es\/bioinspired-materials\/wp-json\/wp\/v2\/pages\/70\/revisions"}],"predecessor-version":[{"id":679,"href":"https:\/\/wp.icmm.csic.es\/bioinspired-materials\/wp-json\/wp\/v2\/pages\/70\/revisions\/679"}],"up":[{"embeddable":true,"href":"https:\/\/wp.icmm.csic.es\/bioinspired-materials\/wp-json\/wp\/v2\/pages\/13"}],"wp:attachment":[{"href":"https:\/\/wp.icmm.csic.es\/bioinspired-materials\/wp-json\/wp\/v2\/media?parent=70"}],"curies":[{"name":"wp","href":"https:\/\/api.w.org\/{rel}","templated":true}]}}