{"id":89,"date":"2018-02-08T17:40:13","date_gmt":"2018-02-08T17:40:13","guid":{"rendered":"https:\/\/wp.icmm.csic.es\/bioinspired-materials\/?page_id=89"},"modified":"2018-02-14T11:08:56","modified_gmt":"2018-02-14T11:08:56","slug":"nano-phase-segregation-in-liquid-mixtures-of-h-bonded-co-solvents","status":"publish","type":"page","link":"https:\/\/wp.icmm.csic.es\/bioinspired-materials\/topics-of-research\/deep-eutectic-solvents-des\/nano-phase-segregation-in-liquid-mixtures-of-h-bonded-co-solvents\/","title":{"rendered":"Nano phase segregation in liquid mixtures of H-bonded co-solvents"},"content":{"rendered":"<p>Some DESs also offer certain green features, the greenness of which is notoriously enhanced when combined with water. Interestingly, despite the macroscopic homogeneous appearance of this sort of aqueous binary mixtures, both NMR spectroscopic studies and molecular dynamics simulations have revealed the occurrence of certain dynamic heterogeneity at a microscopic molecular level. Our group is currently using the combination of Brillouin, NMR and SANS spectroscopies with the aim of getting further insights of the local structure rearrangements occurring in liquid mixtures of H-bonded co-solvents composed of DES and water. This is by no means a trivial issue given that combines fundamental aspects with applied ones.<\/p>\n<p>For instance, we have demonstrated how the transition from the collapsed to the expanded state of elastin like recombinamers in their collapsed state is suppressed in neat DES but it can be recovered upon addition of water \u2212 above 50 wt %. This is an example of how the use aqueous DES dilutions as a novel green medium may open interesting perspectives in biotechnological processes.<\/p>\n<p>Moreover, we have also demonstrated the capability of aqueous solutions of DESs for the preparation of porous carbons via spinodal decomposition processes and subsequent carbonization so that the resulting structure just depends on the DES dilution.<\/p>\n<div id=\"attachment_212\" style=\"width: 594px\" class=\"wp-caption aligncenter\"><img loading=\"lazy\" decoding=\"async\" aria-describedby=\"caption-attachment-212\" class=\"size-large wp-image-212\" src=\"https:\/\/wp.icmm.csic.es\/bioinspired-materials\/wp-content\/uploads\/sites\/8\/2018\/02\/TOC-Elena-644x532.png\" alt=\"\" width=\"584\" height=\"482\" srcset=\"https:\/\/wp.icmm.csic.es\/bioinspired-materials\/wp-content\/uploads\/sites\/8\/2018\/02\/TOC-Elena-644x532.png 644w, https:\/\/wp.icmm.csic.es\/bioinspired-materials\/wp-content\/uploads\/sites\/8\/2018\/02\/TOC-Elena-300x248.png 300w, https:\/\/wp.icmm.csic.es\/bioinspired-materials\/wp-content\/uploads\/sites\/8\/2018\/02\/TOC-Elena-768x635.png 768w, https:\/\/wp.icmm.csic.es\/bioinspired-materials\/wp-content\/uploads\/sites\/8\/2018\/02\/TOC-Elena-363x300.png 363w, https:\/\/wp.icmm.csic.es\/bioinspired-materials\/wp-content\/uploads\/sites\/8\/2018\/02\/TOC-Elena.png 1386w\" sizes=\"auto, (max-width: 584px) 100vw, 584px\" \/><p id=\"caption-attachment-212\" class=\"wp-caption-text\">Predicting the suitability of aqueous solutions of deep eutectic solvents for preparation of co-continuous porous carbons via spinodal decomposition processes<br \/>E . Posada, N. L\u00f3pez-Salas, D. Carriazo, M. A. Mu\u00f1oz-M\u00e1rquez, C. O. Ania, R. J. Jim\u00e9nez-Riob\u00f3o, M. C. Guti\u00e9rrez, M. L. Ferrer*, F. del Monte*<br \/>Carbon. 2017, 123, 536-547<\/p><\/div>\n<div><strong>SELECTED LIST OF PUBLICATIONS<\/strong><\/div>\n<div>\n<ol>\n<li><span style=\"color: #000000\"><strong><a style=\"color: #000000\" href=\"https:\/\/www.sciencedirect.com\/science\/article\/pii\/S0008622317307650?via%3Dihub\">Predicting the suitability of aqueous solutions of deep eutectic solvents for preparation of co-continuous porous carbons via spinodal decomposition processes<\/a>\u00a0<\/strong><span lang=\"ES\"><br \/>\n<span lang=\"ES-TRAD\">E . Posada, N. L\u00f3pez-Salas, D. Carriazo, M. A. Mu\u00f1oz-M\u00e1rquez, C. O. Ania, R. J. Jim\u00e9nez-Riob\u00f3o, M. C. Guti\u00e9rrez, M. L. Ferrer, F. del Monte<br \/>\n<em>Carbon.\u00a0<\/em><strong>2017<\/strong><\/span><\/span>, 123<span lang=\"ES\">,\u00a0<\/span>536-547<\/span><\/li>\n<li><span style=\"color: #000000\"><strong><a style=\"color: #000000\" href=\"http:\/\/pubs.rsc.org\/en\/Content\/ArticleLanding\/2017\/CP\/C7CP02180A#!divAbstract\">Reline aqueous solutions behaving as liquid mixtures of H-bonded co-solvents: Microphase segregation and formation of co-continuous structures as indicated by Brillouin and1H NMR spectroscopies<\/a><br \/>\n<\/strong>E. <a style=\"color: #000000\" href=\"https:\/\/www.scopus.com\/authid\/detail.uri?origin=resultslist&amp;authorId=57194971621&amp;zone=\">Posada, N.<\/a>\u00a0<a style=\"color: #000000\" href=\"https:\/\/www.scopus.com\/authid\/detail.uri?origin=resultslist&amp;authorId=55253681900&amp;zone=\">L\u00f3pez-Salas, <\/a>R. J.\u00a0<a style=\"color: #000000\" href=\"https:\/\/www.scopus.com\/authid\/detail.uri?origin=resultslist&amp;authorId=6602159730&amp;zone=\">Jim\u00e9nez Riob\u00f3o,<\/a> M. L. Ferrer,\u00a0M. C. <a style=\"color: #000000\" href=\"https:\/\/www.scopus.com\/authid\/detail.uri?origin=resultslist&amp;authorId=13408086700&amp;zone=\">Guti\u00e9rrez, <\/a>F. del Monte<strong><br \/>\n<\/strong><em>Physical Chemistry Chemical Physics.\u00a0<\/em><strong>2017<\/strong>,\u00a0<em>19<\/em> (26), 17103-17110.<\/span><\/li>\n<li class=\"comunicado\"><span style=\"color: #000000\"><strong><a style=\"color: #000000\" href=\"https:\/\/pubs.acs.org\/doi\/10.1021\/bm300200e\"><span lang=\"EN-GB\">Ph<\/span>ase Behaviour of Elastin-Like Synthetic Recombinamers in Deep Eutectic Solvents<\/a><br \/>\n<\/strong><span lang=\"ES-TRAD\">S. Nardecchia, M. C. Gutierrez, M. L. Ferrer,<\/span>M. Alonso, I. Lopez, J. C. Rodriguez-Cabello,\u00a0F. del Monte<span lang=\"ES\"><em><br \/>\nBiomacromolecules<\/em>\u00a0<\/span><span lang=\"ES\"><strong>2012<\/strong><\/span><span lang=\"ES\">,\u00a0<\/span><em><span lang=\"ES\">13<\/span><\/em><span lang=\"ES\">, 2029\u20132036<\/span><\/span><\/li>\n<li class=\"comunicado\"><span style=\"color: #000000\"><a style=\"color: #000000\" href=\"https:\/\/pubs.acs.org\/doi\/abs\/10.1021\/la900552b\"><strong>Freeze-Drying of Aqueous Solutions of Deep Eutectic Solvents: A Suitable Approach to Deep Eutectic Suspensions of Self-Assembled Structures<\/strong><\/a>\u00a0<em><span lang=\"ES\"><br \/>\n<\/span><\/em><span lang=\"ES\"><span lang=\"ES-TRAD\">M. C. Gutierrez, C. R. Mateo, M. L. Ferrer,<\/span><\/span><span lang=\"ES\">\u00a0F. del Monte<\/span><em><span lang=\"ES\"><br \/>\nLangmuir\u00a0<\/span><\/em><strong><span lang=\"ES\">2009<\/span><\/strong><\/span><span lang=\"ES\"><span style=\"color: #000000\">,\u00a0<em>25\u00a0<\/em>(10), 550<\/span>9<\/span><\/li>\n<\/ol>\n<\/div>\n","protected":false},"excerpt":{"rendered":"<p>Some DESs also offer certain green features, the greenness of which is notoriously enhanced when combined with water. Interestingly, despite the macroscopic homogeneous appearance of this sort of aqueous binary mixtures, both NMR spectroscopic studies and molecular dynamics simulations have &hellip; <a href=\"https:\/\/wp.icmm.csic.es\/bioinspired-materials\/topics-of-research\/deep-eutectic-solvents-des\/nano-phase-segregation-in-liquid-mixtures-of-h-bonded-co-solvents\/\">Sigue leyendo <span class=\"meta-nav\">&rarr;<\/span><\/a><\/p>\n","protected":false},"author":5,"featured_media":0,"parent":86,"menu_order":0,"comment_status":"closed","ping_status":"closed","template":"sidebar-page.php","meta":{"footnotes":""},"class_list":["post-89","page","type-page","status-publish","hentry"],"_links":{"self":[{"href":"https:\/\/wp.icmm.csic.es\/bioinspired-materials\/wp-json\/wp\/v2\/pages\/89","targetHints":{"allow":["GET"]}}],"collection":[{"href":"https:\/\/wp.icmm.csic.es\/bioinspired-materials\/wp-json\/wp\/v2\/pages"}],"about":[{"href":"https:\/\/wp.icmm.csic.es\/bioinspired-materials\/wp-json\/wp\/v2\/types\/page"}],"author":[{"embeddable":true,"href":"https:\/\/wp.icmm.csic.es\/bioinspired-materials\/wp-json\/wp\/v2\/users\/5"}],"replies":[{"embeddable":true,"href":"https:\/\/wp.icmm.csic.es\/bioinspired-materials\/wp-json\/wp\/v2\/comments?post=89"}],"version-history":[{"count":7,"href":"https:\/\/wp.icmm.csic.es\/bioinspired-materials\/wp-json\/wp\/v2\/pages\/89\/revisions"}],"predecessor-version":[{"id":342,"href":"https:\/\/wp.icmm.csic.es\/bioinspired-materials\/wp-json\/wp\/v2\/pages\/89\/revisions\/342"}],"up":[{"embeddable":true,"href":"https:\/\/wp.icmm.csic.es\/bioinspired-materials\/wp-json\/wp\/v2\/pages\/86"}],"wp:attachment":[{"href":"https:\/\/wp.icmm.csic.es\/bioinspired-materials\/wp-json\/wp\/v2\/media?parent=89"}],"curies":[{"name":"wp","href":"https:\/\/api.w.org\/{rel}","templated":true}]}}