{"id":1902,"date":"2025-11-05T10:06:24","date_gmt":"2025-11-05T10:06:24","guid":{"rendered":"https:\/\/wp.icmm.csic.es\/csc\/?page_id=1902"},"modified":"2025-11-05T10:09:07","modified_gmt":"2025-11-05T10:09:07","slug":"hymanare","status":"publish","type":"page","link":"https:\/\/wp.icmm.csic.es\/csc\/hymanare\/","title":{"rendered":"HyMaNaRe"},"content":{"rendered":"<p><strong>HyMaNaRe (PID2023-150170OB-I00; PI: Mar\u00eda Concepci\u00f3n Serrano; 250 k\u20ac)<\/strong><\/p>\n<p>This page is specifically devoted to the content and advances related to the development of the research project HyMaNaRe, a Reseach Project funded by the <em>Agencia Espa\u00f1ola de Investigaci\u00f3n<\/em> from the <em>Ministerio de Ciencia, Innovaci\u00f3n y Universidades<\/em> of Spain. Since September 1st, 2024 through August 31st 2027, we will devote effort to the&nbsp;development of novel regenerative medicine strategies applied to SCI and stands on three major interdisciplinary pillars: nanotechnology, neural repair and motor rehabilitation (<strong>Scheme<\/strong>). To accomplish this overall aim, the general objectives are:<\/p>\n<ol>\n<li>Production of soft and silica-reinforced <u>hybrid bio-implants<\/u> based on hydrogels containing magnetic nanoparticles.<\/li>\n<li>Controlled release of neuroactive cargos by means of <u>magnetic fields<\/u> according to the temporal evolution of SCI damage and repair.<\/li>\n<li>Examination of the <u>degradation, biocompatibility and neuroregenerative capacity<\/u> of the resulting bio-implants <em>in-vitro <\/em>(neural and non-neural cell cultures) and <em>in-vivo <\/em>(cervical C6 hemisection model of SCI in rats).<\/li>\n<\/ol>\n<p><img loading=\"lazy\" decoding=\"async\" class=\"aligncenter size-full wp-image-1903\" src=\"https:\/\/wp.icmm.csic.es\/csc\/wp-content\/uploads\/sites\/25\/2025\/11\/HyMaNaRe_f1.png\" alt=\"\" width=\"1143\" height=\"265\" srcset=\"https:\/\/wp.icmm.csic.es\/csc\/wp-content\/uploads\/sites\/25\/2025\/11\/HyMaNaRe_f1.png 1143w, https:\/\/wp.icmm.csic.es\/csc\/wp-content\/uploads\/sites\/25\/2025\/11\/HyMaNaRe_f1-300x70.png 300w, https:\/\/wp.icmm.csic.es\/csc\/wp-content\/uploads\/sites\/25\/2025\/11\/HyMaNaRe_f1-644x149.png 644w, https:\/\/wp.icmm.csic.es\/csc\/wp-content\/uploads\/sites\/25\/2025\/11\/HyMaNaRe_f1-768x178.png 768w, https:\/\/wp.icmm.csic.es\/csc\/wp-content\/uploads\/sites\/25\/2025\/11\/HyMaNaRe_f1-1024x237.png 1024w\" sizes=\"auto, (max-width: 1143px) 100vw, 1143px\" \/><\/p>\n<p>This scheme depicts the main work hypothesis for the project, including the design of therapeutic magnetic bio-implants for neural repair (modified from <a href=\"https:\/\/www.nature.com\/articles\/s41563-023-01760-5\">doi.org\/10.1038\/s41563-023-01760-5<\/a>; <a href=\"https:\/\/doi.org\/10.1038\/s41467-023-44481-8\">doi.org\/10.1038\/s41467-023-44481-8<\/a>; <a href=\"https:\/\/www.mdpi.com\/1422-0067\/23\/22\/13833\">doi.org\/10.3390\/ijms232213833<\/a>).<\/p>\n<p>The specific objectives are:<\/p>\n<p><strong><em>OBJECTIVE 1.<\/em><\/strong> Design and development of novel theranostic regenerative implants for neural repair based on silica-reinforced natural hydrogels containing chitosan-coated IONPs with neurotherapeutic cargos.<\/p>\n<p><strong><em>OBJECTIVE<\/em><\/strong><strong> <em>2<\/em>.<\/strong>&nbsp; Optimization of the implant lifetime: Biodegradation studies including temporal evolution of the physicochemical parameters of the implants and their fabrication by bioprinting.<\/p>\n<p><strong><em>OBJECTIVE 3. <\/em><\/strong>Evaluation of the biocompatibility <em>in vitro <\/em>of the nanomedicines developed, with particular focus on oxidative stress responses including ferroptosis.<\/p>\n<p><strong><em>OBJECTIVE 4<\/em><\/strong><em>.<\/em> Analysis of the effect of magnetic fields, static (constant and gradients) and dynamic, on neural cells (<em>in-vitro<\/em>) and tissues (<em>in-vivo<\/em>) and the impact of magnetic nanoparticles on the biological responses found<strong><em>.<\/em><\/strong><\/p>\n<p><strong><em>OBJECTIVE 5. <\/em><\/strong>Study of the diagnostic and regenerative capability <em>in vivo <\/em>of the resulting magnetic bio-implants in combination with magnetic fields and motor training routines in experimental models of SCI in rats.<\/p>\n","protected":false},"excerpt":{"rendered":"<p>HyMaNaRe (PID2023-150170OB-I00; PI: Mar\u00eda Concepci\u00f3n Serrano; 250 k\u20ac) This page is specifically devoted to the content and advances related to the development of the research project HyMaNaRe, a Reseach Project funded by the Agencia Espa\u00f1ola de Investigaci\u00f3n from the Ministerio de Ciencia, Innovaci\u00f3n y Universidades of Spain. Since September 1st, 2024 through August 31st 2027,&hellip; <br \/> <a class=\"button small blue\" href=\"https:\/\/wp.icmm.csic.es\/csc\/hymanare\/\">Leer m\u00e1s<\/a><\/p>\n","protected":false},"author":78,"featured_media":0,"parent":0,"menu_order":1,"comment_status":"closed","ping_status":"closed","template":"","meta":{"ngg_post_thumbnail":0,"footnotes":""},"class_list":["post-1902","page","type-page","status-publish","hentry"],"_links":{"self":[{"href":"https:\/\/wp.icmm.csic.es\/csc\/wp-json\/wp\/v2\/pages\/1902","targetHints":{"allow":["GET"]}}],"collection":[{"href":"https:\/\/wp.icmm.csic.es\/csc\/wp-json\/wp\/v2\/pages"}],"about":[{"href":"https:\/\/wp.icmm.csic.es\/csc\/wp-json\/wp\/v2\/types\/page"}],"author":[{"embeddable":true,"href":"https:\/\/wp.icmm.csic.es\/csc\/wp-json\/wp\/v2\/users\/78"}],"replies":[{"embeddable":true,"href":"https:\/\/wp.icmm.csic.es\/csc\/wp-json\/wp\/v2\/comments?post=1902"}],"version-history":[{"count":2,"href":"https:\/\/wp.icmm.csic.es\/csc\/wp-json\/wp\/v2\/pages\/1902\/revisions"}],"predecessor-version":[{"id":1907,"href":"https:\/\/wp.icmm.csic.es\/csc\/wp-json\/wp\/v2\/pages\/1902\/revisions\/1907"}],"wp:attachment":[{"href":"https:\/\/wp.icmm.csic.es\/csc\/wp-json\/wp\/v2\/media?parent=1902"}],"curies":[{"name":"wp","href":"https:\/\/api.w.org\/{rel}","templated":true}]}}