{"id":27,"date":"2011-12-12T15:05:22","date_gmt":"2011-12-12T14:05:22","guid":{"rendered":"http:\/\/www.icmm.csic.es\/csc\/?page_id=27"},"modified":"2026-01-27T12:33:17","modified_gmt":"2026-01-27T12:33:17","slug":"people","status":"publish","type":"page","link":"https:\/\/wp.icmm.csic.es\/csc\/people\/","title":{"rendered":"People"},"content":{"rendered":"<p><strong>Permannent Staff<\/strong><br \/>\nProf. Mar\u00eda del Puerto Morales, Prof. Inv. (<a href=\"https:\/\/orcid.org\/0000-0002-7290-7029\" target=\"_blank\" rel=\"noopener\">ORCID 0000-0002-7290-7029<\/a>)<br \/>\nDr. Sabino Veintemillas-Verdaguer, Inv. Cient. (<a href=\"https:\/\/orcid.org\/0000-0002-3015-1470\" target=\"_blank\" rel=\"noopener\">ORCID 0000-0002-3015-1470<\/a>)<br \/>\nDr. Mar\u00eda Concepci\u00f3n Serrano L\u00f3pez-Terradas, Cient. Tit. (<a href=\"https:\/\/orcid.org\/0000-0002-5010-644X\" target=\"_blank\" rel=\"noopener\">ORCID 0000-0002-5010-644X<\/a>)<br \/>\nDr. Ana Espinosa de los Monteros Royo, Cient. Tit. (<a href=\"https:\/\/orcid.org\/0000-0002-5626-6129\">ORCID 0000-0002-5626-6129<\/a>)<br \/>\nDr. Juan V\u00edctor Caz Bonillo, Tec. Sup Inv.<\/p>\n<p><img loading=\"lazy\" decoding=\"async\" class=\"alignnone size-thumbnail wp-image-941\" src=\"https:\/\/wp.icmm.csic.es\/csc\/wp-content\/uploads\/sites\/25\/2021\/08\/PUERTO_web2-150x150.jpg\" alt=\"\" width=\"150\" height=\"150\"><img loading=\"lazy\" decoding=\"async\" class=\"alignnone size-thumbnail wp-image-942\" src=\"https:\/\/wp.icmm.csic.es\/csc\/wp-content\/uploads\/sites\/25\/2021\/08\/Sabino_web2-150x150.jpg\" alt=\"\" width=\"150\" height=\"150\"><img loading=\"lazy\" decoding=\"async\" class=\"alignnone size-thumbnail wp-image-943\" src=\"https:\/\/wp.icmm.csic.es\/csc\/wp-content\/uploads\/sites\/25\/2021\/08\/Conchi_web-2-150x150.jpg\" alt=\"\" width=\"150\" height=\"150\"><img loading=\"lazy\" decoding=\"async\" class=\"wp-image-1753 alignnone\" src=\"https:\/\/wp.icmm.csic.es\/csc\/wp-content\/uploads\/sites\/25\/2024\/03\/Captura-de-pantalla-2024-03-28-192855.png\" alt=\"\" width=\"121\" height=\"149\" srcset=\"https:\/\/wp.icmm.csic.es\/csc\/wp-content\/uploads\/sites\/25\/2024\/03\/Captura-de-pantalla-2024-03-28-192855.png 318w, https:\/\/wp.icmm.csic.es\/csc\/wp-content\/uploads\/sites\/25\/2024\/03\/Captura-de-pantalla-2024-03-28-192855-243x300.png 243w\" sizes=\"auto, (max-width: 121px) 100vw, 121px\" \/><img loading=\"lazy\" decoding=\"async\" class=\"wp-image-1757 alignnone\" src=\"https:\/\/wp.icmm.csic.es\/csc\/wp-content\/uploads\/sites\/25\/2024\/03\/Captura-de-pantalla-2024-03-28-193330.png\" alt=\"\" width=\"135\" height=\"149\" srcset=\"https:\/\/wp.icmm.csic.es\/csc\/wp-content\/uploads\/sites\/25\/2024\/03\/Captura-de-pantalla-2024-03-28-193330.png 323w, https:\/\/wp.icmm.csic.es\/csc\/wp-content\/uploads\/sites\/25\/2024\/03\/Captura-de-pantalla-2024-03-28-193330-273x300.png 273w\" sizes=\"auto, (max-width: 135px) 100vw, 135px\" \/><\/p>\n<p><strong>Postdoctoral Fellows<\/strong><br \/>\nDr. \u00c1lvaro Gallo C\u00f3rdova (Project contract)<br \/>\nDr. Mar\u00eda Salvador (Juan de la Cierva)<br \/>\nDr. Yilian Fern\u00e1ndez Afonso (Juan de la Cierva)&nbsp; &nbsp; &nbsp; &nbsp; &nbsp; &nbsp; &nbsp; &nbsp; &nbsp; &nbsp; &nbsp; &nbsp; &nbsp; &nbsp; &nbsp; &nbsp; &nbsp; &nbsp; &nbsp; &nbsp; &nbsp; &nbsp; &nbsp; &nbsp; &nbsp; &nbsp; &nbsp; &nbsp; &nbsp; &nbsp; &nbsp; &nbsp; &nbsp; &nbsp; &nbsp; &nbsp; &nbsp; &nbsp; &nbsp; &nbsp; &nbsp; &nbsp; &nbsp; &nbsp; &nbsp; &nbsp; &nbsp; &nbsp; &nbsp; &nbsp; &nbsp; &nbsp; &nbsp; &nbsp; &nbsp; &nbsp; &nbsp; &nbsp; &nbsp; &nbsp; &nbsp; &nbsp; &nbsp; &nbsp; &nbsp; &nbsp; &nbsp; &nbsp; &nbsp; &nbsp; &nbsp; &nbsp; &nbsp; &nbsp; &nbsp; &nbsp; &nbsp; &nbsp; &nbsp; &nbsp; &nbsp; &nbsp; &nbsp; &nbsp; &nbsp; &nbsp; &nbsp; &nbsp; &nbsp; &nbsp; &nbsp; &nbsp; &nbsp; &nbsp; &nbsp; &nbsp; &nbsp; &nbsp; &nbsp; &nbsp; &nbsp; &nbsp; &nbsp; &nbsp; &nbsp; &nbsp; &nbsp; &nbsp; &nbsp; &nbsp; &nbsp; &nbsp;&nbsp;<\/p>\n<p><strong>PhD students<\/strong><br \/>\nMar\u00eda Herrnaz Herrera (project contract; 2025-2028)&nbsp;<br \/>\nPatricia Vald\u00e9s Portas (FPI fellowship; 2025-2029)<br \/>\nEsther Benayas Mart\u00edn (FPI fellowship; 2022-2025)<br \/>\nJulia Mart\u00ednez Ram\u00edrez (Piezo4Spine Project contract; 2023-2026)<br \/>\nNahuel Nu\u00f1ez (PhD fellowship, cosupervision with Instituto Balseiro, Bariloche, Argentine; NESTOR project; 2022-2026)<br \/>\nMargherita Porru (co-supervision with University of Pavia, Italy; 2022-2026)<br \/>\nRafael Herrera Aquino (CONACYT PhD Fellowship, Mexico; 2023-2026)<br \/>\nLaura Carvalho (cosupervision with Prof. Lino Ferreira, Univ. Coimbra, Portugal; 2023-2026)<br \/>\nLola Ugalde (cosupervision with Dr. Marga D\u00edaz Guerra, IIB-UAM; FPU fellowship; 2024-2027)<br \/>\nMarta Molina (cosupervision with Prof. Ricardo Garc\u00eda, FPI fellowship; 2023-2026)<br \/>\nMarina Par\u00eds (PhD fellowship; 2022-2025)<br \/>\nRafael Morales (PhD fellowship; 2023-2026)<br \/>\nRa\u00fal Magro (Project contract; 2023-2026)<\/p>\n<p><strong>Master Graduates, Master and Undergraduate students<\/strong><\/p>\n<p><strong>Former Members and Visitors<\/strong><br \/>\nDr. Antonio Santana (Univ Santiago de Compostela)<br \/>\nDavid Egea<br \/>\nRosal\u00eda L\u00f3pez<br \/>\nAndrea Ferreras (PhD Student at Univ. Oviedo, Spain)<br \/>\nCarlos D\u00edaz-Ufano Matesanz (Univ. Rey Juan Carlos, Spain)<br \/>\nAxelle Buchou (Engineering School Denis Diderot, Universit\u00e9 Paris)<br \/>\nAna Arch\u00e9 N\u00fa\u00f1ez (Researcher, Syncrotron ALBA)<br \/>\nDr. Elin Winkler (Centro At\u00f3mico de Bariloche, Argentine)<br \/>\nElena Balica (Univ. Florencia, Italy)<br \/>\nDr. Montserrat Rivas Ardisana (Univ. Oviedo)<br \/>\nMarta Toldos Torres (Univ. Aut\u00f3noma de Madrid)<br \/>\nDr. Enio Jr Lima (Centro At\u00f3mico de Bariloche, Argentine; NESTOR Project; 1 month)<br \/>\nAndr\u00e9 F. Oliveira Girao (Postdoctoral Fellow, Universidade de Aveiro, Portugal)<br \/>\nNatalia Villar G\u00f3mez (Predoctoral Fellow, Fundaci\u00f3n Jim\u00e9nez D\u00edaz)<br \/>\nNahuel N\u00fa\u00f1ez (Instituto Balseiro, Bariloche, Argentina) RISE project<br \/>\nLaura Fern\u00e1ndez M\u00e9ndez (Predoctoral Fellow, CICbiomagune)<br \/>\nDr. Jes\u00fas Garc\u00eda Ovejero (Hospital Gregorio Mara\u00f1\u00f3n, Madrid)<br \/>\nDr. Ana Dom\u00ednguez Bajo (Univ. Catholique de Louvain, Belgium)<br \/>\nAnkor Gonz\u00e1lez Mayorga (Hospital Universitario de Navarra)<br \/>\nDulce A. Guzm\u00e1n Rocha (PhD student, Universidad de M\u00e9xico)<br \/>\nDr. Susel del Sol (Univ. Zaragoza, Spain)<br \/>\nDr. Eva Mazar\u00edo (UAM, Madrid)<br \/>\nDr. Mar\u00eda Eugenia Fortes Brollo (Brazil)<br \/>\nDr. Ana Espinosa (IMDEA-Nanociencia)<br \/>\nDr. Marzia Marziello (UCM, Madrid)<br \/>\nMario Vi\u00f1ambres (UCM, Madrid)<br \/>\nDr. Helena Gavil\u00e1n (ITT, G\u00e9nova, Italy)<br \/>\nDr. Yurena Luengo Morato (IMDEA-Nanociencia)<br \/>\nProf. Manuel Oca\u00f1a (ICMSE\/CSIC, Sevilla)<br \/>\nDr. Arisbel Cerpa (U. Europea, Madrid)<br \/>\nDr. Mark Stachen<br \/>\nDr. Stefano Solinas (Universit\u00e0 di Cagliari, Italy)<br \/>\nDr. Laudemir Carlos Varanda (Inst. Chemistry of Araraquara, Brazil)<br \/>\nDr. Nuria O. Nu\u00f1ez (ICMSE\/CSIC, Sevilla)<br \/>\nDr. Raquel Mendoza (Monterrey, Mexico)<br \/>\nDr. Carlos Luna (Monterrey, Mejico)<br \/>\nDr. Oscar Bomati-Miguel (UAM, Madrid)<br \/>\nDr. Xinqing Zhao, Beijing Univ. Aeronautics Astronautics (China)<br \/>\nDr. Vanessa de Castro (U. Carlos III)<br \/>\nDr. Fernando Herranz (CNIC)<br \/>\nDr. Guillermo Benito (Pilkington, UK)<br \/>\nDr. Marian Gonz\u00e1lez (Repsol)<br \/>\nDr. Alejandro Gomez-Roca (York, UK)<br \/>\nDr. Pablo Guardia and Nicolas P\u00e9rez (U. Barcelona)<br \/>\nBehshid Behdadfar (Isfahan, Iran)<br \/>\nDr. Lourisa Cabrera (Guanajuato, Mejico)<br \/>\nDr. Aldo F. Rebolledo<br \/>\nSirena Soriano (U. Valencia)<br \/>\nH\u00e9l\u00e8ne Takacs (Paris, France)<br \/>\nCarlos Moya (UB)<br \/>\nSusana de Palma (Lisboa, Portugal)<br \/>\nMarl\u00e8ne Branca (Toulouse, France)<br \/>\nOihane Arriartua Llarena (Bilbao)<br \/>\nM. Carmen L\u00f3pez (CBM, CSIC)<br \/>\nDr. Amalia Gladys Ruiz (Strasbourgh)<br \/>\nDr. Gorka Salas (IMDEA Nanosciencia)<br \/>\nSonia Romero Nu\u00f1ez (UAM)<br \/>\nMaryan Zahraei (Isfahan, Iran)<br \/>\nHaley Hunt (USA)<br \/>\nEduardo Lorente-Sorolla Martinez-Acitores (UAM)<br \/>\nVanesa del Dedo (UAM)<br \/>\nMar\u00eda Luque Cabanillas (URJC)<br \/>\nAna L\u00e1zaro Herrasti (UPM)<br \/>\nLaura Mart\u00ednez Torrealdea (UAM)<br \/>\nJoaqu\u00edn Enrique Mena Asencio (UAM)<br \/>\nDr. Rocio Costo C\u00e1mara (Instituto de Cer\u00e1mica y Vidrio, CSIC)<br \/>\nGustavo Bezerra (Brazil)<br \/>\nRefik Arat (Turkish)<br \/>\nElena Hernandez Sanchez (UCLM)<br \/>\nSalah Bensalem (Paris)<br \/>\nMariam Ouled-Larbi (URJC)<\/p>\n","protected":false},"excerpt":{"rendered":"<p>Permannent Staff Prof. Mar\u00eda del Puerto Morales, Prof. Inv. (ORCID 0000-0002-7290-7029) Dr. Sabino Veintemillas-Verdaguer, Inv. Cient. (ORCID 0000-0002-3015-1470) Dr. Mar\u00eda Concepci\u00f3n Serrano L\u00f3pez-Terradas, Cient. Tit. (ORCID 0000-0002-5010-644X) Dr. Ana Espinosa de los Monteros Royo, Cient. Tit. (ORCID 0000-0002-5626-6129) Dr. Juan V\u00edctor Caz Bonillo, Tec. Sup Inv. Postdoctoral Fellows Dr. \u00c1lvaro Gallo C\u00f3rdova (Project contract) Dr.&hellip; <br \/> <a class=\"button small blue\" href=\"https:\/\/wp.icmm.csic.es\/csc\/people\/\">Leer m\u00e1s<\/a><\/p>\n","protected":false},"author":46,"featured_media":0,"parent":0,"menu_order":7,"comment_status":"closed","ping_status":"open","template":"","meta":{"ngg_post_thumbnail":0,"footnotes":""},"class_list":["post-27","page","type-page","status-publish","hentry"],"_links":{"self":[{"href":"https:\/\/wp.icmm.csic.es\/csc\/wp-json\/wp\/v2\/pages\/27","targetHints":{"allow":["GET"]}}],"collection":[{"href":"https:\/\/wp.icmm.csic.es\/csc\/wp-json\/wp\/v2\/pages"}],"about":[{"href":"https:\/\/wp.icmm.csic.es\/csc\/wp-json\/wp\/v2\/types\/page"}],"author":[{"embeddable":true,"href":"https:\/\/wp.icmm.csic.es\/csc\/wp-json\/wp\/v2\/users\/46"}],"replies":[{"embeddable":true,"href":"https:\/\/wp.icmm.csic.es\/csc\/wp-json\/wp\/v2\/comments?post=27"}],"version-history":[{"count":111,"href":"https:\/\/wp.icmm.csic.es\/csc\/wp-json\/wp\/v2\/pages\/27\/revisions"}],"predecessor-version":[{"id":1911,"href":"https:\/\/wp.icmm.csic.es\/csc\/wp-json\/wp\/v2\/pages\/27\/revisions\/1911"}],"wp:attachment":[{"href":"https:\/\/wp.icmm.csic.es\/csc\/wp-json\/wp\/v2\/media?parent=27"}],"curies":[{"name":"wp","href":"https:\/\/api.w.org\/{rel}","templated":true}]}}