{"id":372,"date":"2014-01-28T09:03:33","date_gmt":"2014-01-28T08:03:33","guid":{"rendered":"http:\/\/www.icmm.csic.es\/csc\/?page_id=372"},"modified":"2024-03-28T18:40:14","modified_gmt":"2024-03-28T18:40:14","slug":"contact-us","status":"publish","type":"page","link":"https:\/\/wp.icmm.csic.es\/csc\/contact-us\/","title":{"rendered":"Contact us"},"content":{"rendered":"<p><strong><a href=\"https:\/\/orcid.org\/0000-0002-7290-7029\" target=\"_blank\" rel=\"noopener\">Mar\u00eda del Puerto Morales Herrero<\/a><\/strong> (puerto@icmm.csic.es)<br \/>\nPhone number: +34 913348995<\/p>\n<p><strong><a href=\"https:\/\/orcid.org\/0000-0002-3015-1470\" target=\"_blank\" rel=\"noopener\">Sabino Veintemillas Verdaguer<\/a><\/strong> (sabino@icmm.csic.es)<br \/>\nPhone number: +34 913349061<\/p>\n<p><strong><a href=\"https:\/\/orcid.org\/0000-0002-5010-644X\" target=\"_blank\" rel=\"noopener\">Mar\u00eda Concepci\u00f3n Serrano L\u00f3pez-Terradas<\/a><\/strong> (mc.terradas@csic.es)<br \/>\nPhone number: +34 913348984<\/p>\n<p><strong><a href=\"https:\/\/orcid.org\/0000-0002-5626-6129\">Ana Espinosa de los Monteros Royo<\/a><\/strong> (ana.espinosa@csic.es)<br \/>\nPhone number:+34 913349025<\/p>\n<p><strong>Juan V\u00edctor Caz Bonillo<\/strong> (juanvictor.caz@csic.es)<br \/>\nPhone number: +34 913349000 (ext. 437132)<\/p>\n<p><strong><img loading=\"lazy\" decoding=\"async\" class=\" wp-image-1143 alignleft\" src=\"https:\/\/wp.icmm.csic.es\/csc\/wp-content\/uploads\/sites\/25\/2021\/09\/Twitter.jpg\" alt=\"\" width=\"68\" height=\"60\"><\/strong><\/p>\n<p>&nbsp;<\/p>\n<p><strong>Follow us in Twitter: <a href=\"https:\/\/twitter.com\/MaMBIOGroup\">@MaMBIOGroup<\/a><\/strong><\/p>\n","protected":false},"excerpt":{"rendered":"<p>Mar\u00eda del Puerto Morales Herrero (puerto@icmm.csic.es) Phone number: +34 913348995 Sabino Veintemillas Verdaguer (sabino@icmm.csic.es) Phone number: +34 913349061 Mar\u00eda Concepci\u00f3n Serrano L\u00f3pez-Terradas (mc.terradas@csic.es) Phone number: +34 913348984 Ana Espinosa de los Monteros Royo (ana.espinosa@csic.es) Phone number:+34 913349025 Juan V\u00edctor Caz Bonillo (juanvictor.caz@csic.es) Phone number: +34 913349000 (ext. 437132) &nbsp; Follow us in Twitter: @MaMBIOGroup<\/p>\n","protected":false},"author":47,"featured_media":0,"parent":0,"menu_order":10,"comment_status":"closed","ping_status":"open","template":"","meta":{"ngg_post_thumbnail":0,"footnotes":""},"class_list":["post-372","page","type-page","status-publish","hentry"],"_links":{"self":[{"href":"https:\/\/wp.icmm.csic.es\/csc\/wp-json\/wp\/v2\/pages\/372","targetHints":{"allow":["GET"]}}],"collection":[{"href":"https:\/\/wp.icmm.csic.es\/csc\/wp-json\/wp\/v2\/pages"}],"about":[{"href":"https:\/\/wp.icmm.csic.es\/csc\/wp-json\/wp\/v2\/types\/page"}],"author":[{"embeddable":true,"href":"https:\/\/wp.icmm.csic.es\/csc\/wp-json\/wp\/v2\/users\/47"}],"replies":[{"embeddable":true,"href":"https:\/\/wp.icmm.csic.es\/csc\/wp-json\/wp\/v2\/comments?post=372"}],"version-history":[{"count":9,"href":"https:\/\/wp.icmm.csic.es\/csc\/wp-json\/wp\/v2\/pages\/372\/revisions"}],"predecessor-version":[{"id":1762,"href":"https:\/\/wp.icmm.csic.es\/csc\/wp-json\/wp\/v2\/pages\/372\/revisions\/1762"}],"wp:attachment":[{"href":"https:\/\/wp.icmm.csic.es\/csc\/wp-json\/wp\/v2\/media?parent=372"}],"curies":[{"name":"wp","href":"https:\/\/api.w.org\/{rel}","templated":true}]}}