{"id":415,"date":"2014-07-13T21:38:50","date_gmt":"2014-07-13T20:38:50","guid":{"rendered":"http:\/\/www.icmm.csic.es\/csc\/?page_id=415"},"modified":"2025-09-24T16:27:11","modified_gmt":"2025-09-24T16:27:11","slug":"workshops","status":"publish","type":"page","link":"https:\/\/wp.icmm.csic.es\/csc\/workshops\/","title":{"rendered":"Events"},"content":{"rendered":"<h2>Nanomedicine CSIC HUB<\/h2>\n<ul>\n<li><a href=\"https:\/\/webinar.cientifis.com\/c-foroConexionNanomedicina\/\">Workshop CIBER-BBN\/NANBIOSIS ICTS and NANOMEDICINE CSIC HUB<\/a>. 30\/06-01\/07\/2022.<\/li>\n<li>1st General Assembly of the <a href=\"https:\/\/conexion-nanomed.csic.es\/\">Nanomedicine CSIC HUB<\/a> chaired by Fernando Herranz and M. Puerto Morales. CSIC. 21\/03\/2022. <a href=\"https:\/\/conexion-nanomed.csic.es\/evento\/asamblea-nanomedicina-csic\/\">Link<\/a><\/li>\n<li>2nd General Assembly of the <a href=\"https:\/\/conexion-nanomed.csic.es\/\">Nanomedicine CSIC HUB<\/a> chaired by Fernando Herranz and M. Puerto Morales. CSIC. 27-28\/03\/2023. <a href=\"https:\/\/conexion-nanomed.csic.es\/evento\/ii-asamblea-general-nanomedcsic\/\">Link<\/a><\/li>\n<li>Workshop IMDEA-Conexi\u00f3n Nanomedina CSIC. Invited talk by M. Puerto Morales: \u00abDeveloping efficient processes toward safe magnetic nanoparticles for biomedicine\u00bb. 20-21\/05\/2024,&nbsp; Jard\u00edn Bot\u00e1nico, Madrid.<\/li>\n<\/ul>\n<h2><strong>Seminars<\/strong><\/h2>\n<ul>\n<li>Environmentally friendly synthesis process to produce biodegradable nanoparticles for health, environment and energy applications, Nanotechnology Laboratory at the IRICA (Instituto Regional de Investigaci\u00f3n Cient\u00edfica Aplicada, www.irica.uclm.es) Institute, UCLM, Ciudad Real, Spain, 27 Sep 2024.<\/li>\n<li>Invited Seminar by <a href=\"https:\/\/researchportal.uc3m.es\/display\/inv41933\">Dr. Jorge Ripoll<\/a> entitled: \u00abTricks to reduce the effect of scattering in optical biomedical imaging\u00bb. Universidad Carlos III de Madrid. 07\/06\/2022<\/li>\n<li>Invited Seminar by <a href=\"https:\/\/www.uni-bonn.de\/en\/research-and-teaching\/research-profile\/transdisciplinary-research-areas\/tra-3-life-and-health\/members-directory\/carmen-ruiz-de-almodovar\">Dr. Carmen Ruiz de Almod\u00f3var<\/a> entitled: \u00abNeuro-vascular communication in the central nervous system for biomedical advancements\u00bb. University of Bonn, Germany. 04\/03\/2024.<\/li>\n<li>Invited Seminar by M. Puerto Morales entitled: \u00abSelective Nanoheating using magnetic nanoparticles and external AC fields\u00bb, Eindhoven Univeristy of Technology, Departament of Applied Physics and Science, The Netherlands, 02\/04\/2024<\/li>\n<\/ul>\n<h2><strong>Summer schools<\/strong><\/h2>\n<ul>\n<li>IV Summer School Nanomed-CSIC: \u2018<a href=\"https:\/\/www.uimp.es\/agenda-link.html?id_actividad=65Y0&amp;anyaca=2025-26\">La medicina del futuro: nanomedicina<\/a>\u2019, UIMP\/CSIC, Santander (Cantabria) from June 23rd to 27th, 2025.<\/li>\n<li>Summer School of the Nanomedicine CSIC HUB: \u00ab<a href=\"https:\/\/conexion-nanomed.csic.es\/tercera-edicion-del-curso-de-verano-nanomed-csic-la-medicina-del-futuro-nanomedicina\/\">La Medicina del Futuro: Nanomedicina<\/a>\u00ab. UIMP\/CSIC. Organizer: Dr Ana V. Villar. 24-28\/06\/2024. <a href=\"https:\/\/conexion-nanomed.csic.es\/wp-content\/uploads\/2024\/05\/65RC-Programa.pdf\">Link<\/a><\/li>\n<li>Summer School Nanomed-CSIC: \u2018<a href=\"https:\/\/conexion-nanomed.csic.es\/segunda-edicion-del-curso-de-verano-nanomed-csic-la-medicina-del-futuro-nanomedicina\/\">La medicina del futuro: nanomedicina<\/a>\u2019, Santander (Cantabria) from June 26th to 30th, 2023<\/li>\n<li><a href=\"https:\/\/nanobioap.org\/2nd-nanobioap-school\/\">2nd NanoBioAp Summer School<\/a> devoted to \u00abNanomaterials for Bioapplications\u00bb, Llanes (Asturias), 8-12\/05\/2023<\/li>\n<li>Summer School: \u00ab<a href=\"https:\/\/www.uimp.es\/agenda-link.html?id_actividad=65EZ&amp;anyaca=2023-24\">Desaf\u00edos tecnol\u00f3gicos de la neurociencia y su dimensi\u00f3n \u00e9tica<\/a>\u00ab, Santander (Cantabria) 26-30\/06\/2023<\/li>\n<li><a href=\"https:\/\/www.csic.es\/es\/agenda-del-csic\/curso-de-verano-nanomed-csic-la-medicina-del-futuro-nanomedicina\">Summer School of the Nanomedicine CSIC HUB<\/a>: \u00abLa Medicina del Futuro: Nanomedicina\u00bb. UIMP\/CSIC. Organizer: Dr Ana V. Villar. 11-15\/07\/2022. <a href=\"http:\/\/www.uimp.es\/agenda-link.html?id_actividad=658g&amp;anyaca=2022-23\">Link<\/a><\/li>\n<\/ul>\n<h2><strong>Conferences<\/strong><\/h2>\n<ul>\n<li>SBAN &#8211; 8th Spanish Conferente on Biomedical Applications of Nanomaterials. ICMM-CSIC, Madrid. 18-19\/09\/2025. Chairs: M. Puerto Morales, Fernando Herranz, Luc\u00eda Guti\u00e9rrez and Gorka Salas.<\/li>\n<li>4<sup>th<\/sup> Workshop on Magnetic Nanoparticles and Hyperthermia. Invited talk by M. Puerto Morales: \u00abNanomaterials for Magnetic Hyperthermia\u00bb. USC meeting, 3-4 March 2025, Santiago de Compostela, Spain.&nbsp;<\/li>\n<li>SBAN &#8211; 7th Spanish Conferente on Biomedical Applications of Nanomaterials. ICMM-CSIC, Madrid. 19-20\/09\/2024. Chairs: M. Puerto Morales, Fernando Herranz, Luc\u00eda Guti\u00e9rrez and Gorka Salas.<\/li>\n<li><a href=\"https:\/\/cirmat24.es\/\">CIRMAT 2024<\/a>. Invited talk by M. Puerto Morales: \u00abSustainable nanomaterials for medical applications\u00bb. Tenerife, 17-18 Octubre 2024.<\/li>\n<li>First Joint European MRS Chapters Workshop, Invited talk by M. Puerto Morales: \u00abSelective nanoheating using magnetic nanoparticles and external AC fields\u00bb, Paris 19-22\/03\/2024<\/li>\n<li>14th International Conference on the Scientific and Clinical Applications of Magnetic Carriers. Barcelona, 17-21\/06\/2024. <a href=\"http:\/\/magneticmicrosphere.com\/meeting-fourteenth\">Website<\/a><\/li>\n<li>SBAN &#8211; 6th Spanish Conferente on Biomedical Applications of Nanomaterials. ICMM-CSIC, Madrid. 28-29\/09\/2023. Chairs: M. Puerto Morales, Fernando Herranz, Luc\u00eda Guti\u00e9rrez and Gorka Salas.<\/li>\n<li>SBAN &#8211; 5th Spanish Conference on Biomedical Applications of Nanomaterials. ICMM-CSIC, Madrid. 08-09\/09\/2022. Chairs: M. Puerto Morales, Fernando Herranz, Luc\u00eda Guti\u00e9rrez and Gorka Salas. ~100 participants.<\/li>\n<li><a href=\"https:\/\/nalsconferences.com\/\">NALS 2022<\/a> &#8211; 3rd Nanomaterials for Life Sciences Conference (Santander, Spain). 27-29\/04\/2022. Chairs: M\u00f3nica L\u00f3pez Fanarraga and Lorena Garc\u00eda Hevia.<\/li>\n<li>SBAN &#8211; 4th Spanish Conference on Biomedical Applications of Nanomaterials (VIRTUAL). 02-04\/06\/2021. Chairs: M. Puerto Morales, Fernando Herranz, Luc\u00eda Guti\u00e9rrez and Gorka Salas.<\/li>\n<li>SBAN &#8211; 3rd Spanish Conference on Biomedical Applications of Nanomaterials (VIRTUAL). 03\/09\/2020. Chairs: M. Puerto Morales, Fernando Herranz, Luc\u00eda Guti\u00e9rrez and Gorka Salas.<\/li>\n<li>SBAN &#8211; 2nd Spanish Conference on Biomedical Applications of Nanomaterials. ICMM-CSIC, Madrid. 06-07\/06\/2019. Chairs: M. Puerto Morales, Fernando Herranz, Luc\u00eda Guti\u00e9rrez and Gorka Salas.<\/li>\n<li>SBAN &#8211; 1st Spanish Conference on Biomedical Applications of Nanomaterials. ICMM-CSIC, Madrid. 07-08\/06\/2018. Chairs: M. Puerto Morales, Fernando Herranz, Luc\u00eda Guti\u00e9rrez and Gorka Salas. 100 participants.<\/li>\n<li>IC-PMS18 &#8211; International conference on the Polyol Mediated Synthesis (ICMM). 25-27\/06\/2018. Chair: M. Puerto Morales. 90 participants.<\/li>\n<\/ul>\n<p>&nbsp;<\/p>\n<h2><strong>Workshops<\/strong><\/h2>\n<p>&#8211; Workshop IMDEA-Conexi\u00f3n Nanomed CSIC, 20-21\/05\/ 2024, El Bot\u00e1nico, Madrid.<\/p>\n<p>&#8211; 2nd Workshop on Nanoparticles for biomedical applications (IMDEA). 26\/06\/2017. <a href=\"https:\/\/wp.icmm.csic.es\/csc\/wp-content\/uploads\/sites\/25\/2014\/07\/workshop_IMDEA-Jun26_poster-1.pdf\" rel=\"\">Program<\/a><\/p>\n<p>&#8211; Workshop on Chemistry and Molecular Imaging (ICMM\/CNIC). 21\/04\/2017. <a href=\"https:\/\/wp.icmm.csic.es\/csc\/wp-content\/uploads\/sites\/25\/2014\/07\/workshop_ICMM-CNIC_21_April_2017-1.doc\" rel=\"\">Program<\/a><\/p>\n<p>&#8211; Nanoparticles for Biomedical Applications (ICMM). 01\/06\/2016. <a href=\"https:\/\/wp.icmm.csic.es\/csc\/wp-content\/uploads\/sites\/25\/2014\/07\/workshop_ICMM_1Jun16.pdf\" rel=\"\">Program<\/a><\/p>\n<p>&#8211;&nbsp;Workshop on Nanomaterials and Molecular Imaging (CNIC). 15\/02\/2016. <a href=\"https:\/\/wp.icmm.csic.es\/csc\/wp-content\/uploads\/sites\/25\/2014\/07\/workshop_ICMM-CNIC_15_feb_2016-1.pdf\" rel=\"\">Program<\/a><\/p>\n<p>&#8211; Magnetic nanoparticles for biomedical applications. 11\/12\/2015.<a href=\"https:\/\/wp.icmm.csic.es\/csc\/wp-content\/uploads\/sites\/25\/2014\/07\/workshop_ICMMDic2015.pdf\" rel=\"\"> Program<\/a><\/p>\n<p>&#8211; Workshop on Magnetic Nanoparticles (ICMM\/Guerbet). 19\/11\/2014. <a href=\"https:\/\/wp.icmm.csic.es\/csc\/wp-content\/uploads\/sites\/25\/2014\/07\/workshop_ICMM-Guerbet_19_Nov_2014.doc\" rel=\"\">Program<\/a><\/p>\n<p>&#8211; Iron in Disease, Diagnosis and Treatments. 30\/06\/2014. <a href=\"https:\/\/wp.icmm.csic.es\/csc\/wp-content\/uploads\/sites\/25\/2014\/07\/workshop_ICMM30June.pdf\" rel=\"\">Program<\/a><\/p>\n<p>&#8211; Workshop on Chemistry and Molecular Imaging (ICMM\/CNIC). 20\/05\/2014. <a href=\"https:\/\/wp.icmm.csic.es\/csc\/wp-content\/uploads\/sites\/25\/2014\/07\/workshop_CNIC42014F.doc\" rel=\"\">Program<\/a><\/p>\n<p>&#8211; First joint CSIC-CNRS workshop \u201cNanomaterials for Health\u201d (CSIC\/CNRS). 18-19\/11\/2013. <a href=\"https:\/\/wp.icmm.csic.es\/csc\/wp-content\/uploads\/sites\/25\/2014\/07\/Program-CSIC-CNRS-workshop-2013.pdf\" rel=\"\">Program<\/a><\/p>\n<p>&#8211; Workshop on Chemistry and Molecular Imaging&nbsp;&nbsp;(ICMM\/CNIC). 12\/06\/2013. <a href=\"https:\/\/wp.icmm.csic.es\/csc\/wp-content\/uploads\/sites\/25\/2014\/07\/Workshop_CNIC3_June2013.doc\" rel=\"\">Program<\/a><\/p>\n<p>&#8211; Workshop on Chemistry and Molecular Imaging (ICMM\/CINC). 16\/05\/2012. <a href=\"https:\/\/wp.icmm.csic.es\/csc\/wp-content\/uploads\/sites\/25\/2014\/07\/Workshop_CNIC2_2012.doc\" rel=\"\">Program<\/a><\/p>\n<p>&#8211; Magnetic Nanoparticles and Patterned Structures (ICMM). 28\/3\/2012. <a href=\"https:\/\/wp.icmm.csic.es\/csc\/wp-content\/uploads\/sites\/25\/2014\/07\/Workshop_ICMM-28_3_2012.doc\" rel=\"\">Program<\/a><\/p>\n<p>&#8211; Workshop on Magnetic Platforms (ICMM\/CIBERES). 07\/07\/2011. <a href=\"https:\/\/wp.icmm.csic.es\/csc\/wp-content\/uploads\/sites\/25\/2014\/07\/Workshop_CNIC1_2011.doc\" rel=\"\">Program<\/a><\/p>\n<p>&nbsp;<\/p>\n<h2><strong>Outreach activities<\/strong><\/h2>\n<p>&#8211; Ciudad Ciencia, Cuellar (Segovia). CSIC. 23\/3\/2023<\/p>\n<p>&#8211; 11F International Day of Women and Girls in Science. Scape Road in Tres Cantos. 13\/02\/2023<\/p>\n<p>&#8211; 12th European Researchers&#8217; Night. CSIC, Calle Serrano. 30\/09\/2022<\/p>\n<p>&#8211; 11F International Day of Women and Girls in Science. Scape Road in Tres Cantos. 11\/02\/2022<\/p>\n<p>&#8211; European Researchers&#8217; Night. Atocha Train Station. 24\/10\/2021<\/p>\n","protected":false},"excerpt":{"rendered":"<p>Nanomedicine CSIC HUB Workshop CIBER-BBN\/NANBIOSIS ICTS and NANOMEDICINE CSIC HUB. 30\/06-01\/07\/2022. 1st General Assembly of the Nanomedicine CSIC HUB chaired by Fernando Herranz and M. Puerto Morales. CSIC. 21\/03\/2022. Link 2nd General Assembly of the Nanomedicine CSIC HUB chaired by Fernando Herranz and M. Puerto Morales. CSIC. 27-28\/03\/2023. Link Workshop IMDEA-Conexi\u00f3n Nanomedina CSIC. Invited talk&hellip; <br \/> <a class=\"button small blue\" href=\"https:\/\/wp.icmm.csic.es\/csc\/workshops\/\">Leer m\u00e1s<\/a><\/p>\n","protected":false},"author":48,"featured_media":0,"parent":0,"menu_order":6,"comment_status":"closed","ping_status":"closed","template":"","meta":{"ngg_post_thumbnail":0,"footnotes":""},"class_list":["post-415","page","type-page","status-publish","hentry"],"_links":{"self":[{"href":"https:\/\/wp.icmm.csic.es\/csc\/wp-json\/wp\/v2\/pages\/415","targetHints":{"allow":["GET"]}}],"collection":[{"href":"https:\/\/wp.icmm.csic.es\/csc\/wp-json\/wp\/v2\/pages"}],"about":[{"href":"https:\/\/wp.icmm.csic.es\/csc\/wp-json\/wp\/v2\/types\/page"}],"author":[{"embeddable":true,"href":"https:\/\/wp.icmm.csic.es\/csc\/wp-json\/wp\/v2\/users\/48"}],"replies":[{"embeddable":true,"href":"https:\/\/wp.icmm.csic.es\/csc\/wp-json\/wp\/v2\/comments?post=415"}],"version-history":[{"count":49,"href":"https:\/\/wp.icmm.csic.es\/csc\/wp-json\/wp\/v2\/pages\/415\/revisions"}],"predecessor-version":[{"id":1899,"href":"https:\/\/wp.icmm.csic.es\/csc\/wp-json\/wp\/v2\/pages\/415\/revisions\/1899"}],"wp:attachment":[{"href":"https:\/\/wp.icmm.csic.es\/csc\/wp-json\/wp\/v2\/media?parent=415"}],"curies":[{"name":"wp","href":"https:\/\/api.w.org\/{rel}","templated":true}]}}