{"id":59,"date":"2011-12-13T16:18:02","date_gmt":"2011-12-13T15:18:02","guid":{"rendered":"http:\/\/www.icmm.csic.es\/csc\/?page_id=59"},"modified":"2025-09-16T10:35:17","modified_gmt":"2025-09-16T10:35:17","slug":"patents","status":"publish","type":"page","link":"https:\/\/wp.icmm.csic.es\/csc\/patents\/","title":{"rendered":"Patents"},"content":{"rendered":"<h4 style=\"text-align: left\">Method to obtain metallic particles with microwaves&nbsp; &nbsp; &nbsp; &nbsp; &nbsp; &nbsp; &nbsp; &nbsp; &nbsp; &nbsp; &nbsp; &nbsp; &nbsp; &nbsp; &nbsp; &nbsp; &nbsp; &nbsp; &nbsp; &nbsp; &nbsp; &nbsp; &nbsp; &nbsp; &nbsp; &nbsp; &nbsp; &nbsp; &nbsp; &nbsp; &nbsp; &nbsp; &nbsp; &nbsp; &nbsp; &nbsp; &nbsp; &nbsp; &nbsp; &nbsp; &nbsp; &nbsp; &nbsp; &nbsp; &nbsp; &nbsp; &nbsp; &nbsp; &nbsp; &nbsp; &nbsp; &nbsp; &nbsp; &nbsp; &nbsp; &nbsp; &nbsp; &nbsp; &nbsp; &nbsp; &nbsp; &nbsp; &nbsp; &nbsp; &nbsp; &nbsp; &nbsp; &nbsp; &nbsp; &nbsp; &nbsp; &nbsp; &nbsp; &nbsp; &nbsp; &nbsp; &nbsp; &nbsp; &nbsp; &nbsp; &nbsp; &nbsp; &nbsp; &nbsp; Application number: EP25382547.5&nbsp; &nbsp; &nbsp; &nbsp; &nbsp; &nbsp; &nbsp; &nbsp; &nbsp; &nbsp; &nbsp; &nbsp; &nbsp; &nbsp; &nbsp; &nbsp; &nbsp; &nbsp; &nbsp; &nbsp; &nbsp; &nbsp; &nbsp; &nbsp; &nbsp; &nbsp; &nbsp; &nbsp; &nbsp; &nbsp; &nbsp; &nbsp; &nbsp; &nbsp; &nbsp; &nbsp; &nbsp; &nbsp; &nbsp; &nbsp; &nbsp; &nbsp; &nbsp; &nbsp; &nbsp; &nbsp; &nbsp; &nbsp; &nbsp; &nbsp; &nbsp; &nbsp; &nbsp; &nbsp; &nbsp; &nbsp; &nbsp; &nbsp; &nbsp; &nbsp; &nbsp; &nbsp; &nbsp; &nbsp; &nbsp; &nbsp; &nbsp; &nbsp; &nbsp; &nbsp; &nbsp; &nbsp; &nbsp; &nbsp; &nbsp; &nbsp; &nbsp; &nbsp; &nbsp; &nbsp; &nbsp; &nbsp; &nbsp; &nbsp; &nbsp; &nbsp; &nbsp; &nbsp; &nbsp; &nbsp; &nbsp; &nbsp; &nbsp; &nbsp; &nbsp; &nbsp; &nbsp; &nbsp; &nbsp; &nbsp; &nbsp; &nbsp; &nbsp; &nbsp; &nbsp; &nbsp; &nbsp; &nbsp; Date of application: 30\/05\/2025&nbsp; &nbsp; &nbsp; &nbsp; &nbsp; &nbsp; &nbsp; &nbsp; &nbsp; &nbsp; &nbsp; &nbsp; &nbsp; &nbsp; &nbsp; &nbsp; &nbsp; &nbsp; &nbsp; &nbsp; &nbsp; &nbsp; &nbsp; &nbsp; &nbsp; &nbsp; &nbsp; &nbsp; &nbsp; &nbsp; &nbsp; &nbsp; &nbsp; &nbsp; &nbsp; &nbsp; &nbsp; &nbsp; &nbsp; &nbsp; &nbsp; &nbsp; &nbsp; &nbsp; &nbsp; &nbsp; &nbsp; &nbsp; &nbsp; &nbsp; &nbsp; &nbsp; &nbsp; &nbsp; &nbsp; &nbsp; &nbsp; &nbsp; &nbsp; &nbsp; &nbsp; &nbsp; &nbsp; &nbsp; &nbsp; &nbsp; &nbsp; &nbsp; &nbsp; &nbsp; &nbsp; &nbsp; &nbsp; &nbsp; &nbsp; &nbsp; &nbsp; &nbsp; &nbsp; &nbsp; &nbsp; &nbsp; &nbsp; &nbsp; &nbsp; &nbsp; &nbsp; &nbsp; &nbsp; &nbsp; &nbsp; &nbsp; &nbsp; &nbsp; &nbsp; &nbsp; &nbsp; &nbsp; &nbsp; &nbsp; &nbsp; &nbsp; &nbsp; &nbsp; &nbsp; &nbsp; &nbsp; &nbsp; &nbsp; Application institution: CSIC&nbsp; &nbsp; &nbsp; &nbsp; &nbsp; &nbsp; &nbsp; &nbsp; &nbsp; &nbsp; &nbsp; &nbsp; &nbsp; &nbsp; &nbsp; &nbsp; &nbsp; &nbsp; &nbsp; &nbsp; &nbsp; &nbsp; &nbsp; &nbsp; &nbsp; &nbsp; &nbsp; &nbsp; &nbsp; &nbsp; &nbsp; &nbsp; &nbsp; &nbsp; &nbsp; &nbsp; &nbsp; &nbsp; &nbsp; &nbsp; &nbsp; &nbsp; &nbsp; &nbsp; &nbsp; &nbsp; &nbsp; &nbsp; &nbsp; &nbsp; &nbsp; &nbsp; &nbsp; &nbsp; &nbsp; &nbsp; &nbsp; &nbsp; &nbsp; &nbsp; &nbsp; &nbsp; &nbsp; &nbsp; &nbsp; &nbsp; &nbsp; &nbsp; &nbsp; &nbsp; &nbsp; &nbsp; &nbsp; &nbsp; &nbsp; &nbsp; &nbsp; &nbsp; &nbsp; &nbsp; &nbsp; &nbsp; &nbsp; &nbsp; &nbsp; &nbsp; &nbsp; &nbsp; &nbsp; &nbsp; &nbsp; &nbsp; &nbsp; &nbsp; &nbsp; &nbsp; &nbsp; &nbsp; &nbsp; &nbsp; &nbsp; &nbsp; &nbsp; &nbsp; &nbsp; &nbsp; &nbsp; &nbsp; &nbsp; &nbsp; &nbsp; &nbsp; &nbsp; &nbsp; &nbsp; &nbsp; &nbsp; &nbsp; &nbsp; Authors: Santana Otero, Antonio; Fern\u00e1ndez Afonso, Yilian; Salvador Fern\u00e1ndez, Mar\u00eda; Morales Herrero,&nbsp; M Puerto; Veintemillas Verdaguer, Sabino.&nbsp; &nbsp; &nbsp; &nbsp; &nbsp; &nbsp; &nbsp; &nbsp; &nbsp; &nbsp; &nbsp; &nbsp; &nbsp; &nbsp; &nbsp; &nbsp; &nbsp; &nbsp; &nbsp; &nbsp; &nbsp; &nbsp; &nbsp; &nbsp; &nbsp; &nbsp; &nbsp; &nbsp; &nbsp; &nbsp; &nbsp; &nbsp; &nbsp; &nbsp; &nbsp; &nbsp; &nbsp; &nbsp; &nbsp; &nbsp; &nbsp; &nbsp; &nbsp; &nbsp; &nbsp; &nbsp; &nbsp; &nbsp; &nbsp; &nbsp; &nbsp; &nbsp; &nbsp; &nbsp; &nbsp; &nbsp; &nbsp; &nbsp; &nbsp; &nbsp; &nbsp; &nbsp; &nbsp; &nbsp; &nbsp; &nbsp; &nbsp; &nbsp; &nbsp; &nbsp; &nbsp; &nbsp; &nbsp; &nbsp; &nbsp; &nbsp; &nbsp; &nbsp; &nbsp; &nbsp; &nbsp; &nbsp; &nbsp; &nbsp; &nbsp; &nbsp; &nbsp; &nbsp; &nbsp; &nbsp; &nbsp; &nbsp; &nbsp; &nbsp; &nbsp; &nbsp; &nbsp; &nbsp; &nbsp; &nbsp; &nbsp; &nbsp; &nbsp; &nbsp; &nbsp; &nbsp; &nbsp; &nbsp; &nbsp; &nbsp; &nbsp; &nbsp; &nbsp; &nbsp; &nbsp; &nbsp; &nbsp; &nbsp; &nbsp; &nbsp; &nbsp; &nbsp; &nbsp; &nbsp; &nbsp; &nbsp; &nbsp; &nbsp; &nbsp; &nbsp; &nbsp; &nbsp; &nbsp; &nbsp; &nbsp; &nbsp; &nbsp; &nbsp; &nbsp; The method uses continuous synthesis, facilitated by microwaves, to obtain large quantities of copper nanoparticles with improved properties: stability against oxidation, reduced size and high homogeneity in the shape and distribution of the particles. This enables large-scale production of nanoparticles, overcoming traditional challenges associated with copper oxidation and long synthesis times. Additionally, these nanoparticles are dispersible in polar solvents.<\/h4>\n<h4>&#8212;&#8212;&#8211;<\/h4>\n<h4>Hybrid composite for tuning local nanoactuation over enzyme activity, without tuning mnp anisotropy&nbsp; &nbsp; &nbsp; &nbsp; &nbsp; &nbsp; &nbsp; &nbsp; &nbsp; &nbsp; &nbsp; &nbsp; &nbsp; &nbsp; &nbsp; &nbsp; &nbsp; &nbsp; &nbsp; &nbsp; &nbsp; &nbsp; &nbsp; &nbsp; &nbsp; &nbsp; &nbsp; &nbsp; &nbsp; &nbsp; &nbsp; &nbsp; &nbsp; &nbsp; Application number: EP23 382 002.6.&nbsp; &nbsp; &nbsp; &nbsp; &nbsp; &nbsp; &nbsp; &nbsp; &nbsp; &nbsp; &nbsp; &nbsp; &nbsp; &nbsp; &nbsp; &nbsp; &nbsp; &nbsp; &nbsp; &nbsp; &nbsp; &nbsp; &nbsp; &nbsp; &nbsp; &nbsp; &nbsp; &nbsp; &nbsp; &nbsp; &nbsp; &nbsp; &nbsp; &nbsp; &nbsp; &nbsp; &nbsp; &nbsp; &nbsp; &nbsp; &nbsp; &nbsp; &nbsp; &nbsp; &nbsp; &nbsp; &nbsp; &nbsp; &nbsp; &nbsp; &nbsp; &nbsp; &nbsp; &nbsp; &nbsp; &nbsp; &nbsp; &nbsp; &nbsp; &nbsp; &nbsp; &nbsp; &nbsp; &nbsp; &nbsp; &nbsp; &nbsp; &nbsp; &nbsp; &nbsp; &nbsp; &nbsp; &nbsp; &nbsp; &nbsp; &nbsp; &nbsp; &nbsp; &nbsp; &nbsp; &nbsp; &nbsp; &nbsp; &nbsp; &nbsp; &nbsp; &nbsp; &nbsp; &nbsp; &nbsp; &nbsp; &nbsp; &nbsp; &nbsp; &nbsp; &nbsp; &nbsp; &nbsp; &nbsp; &nbsp; &nbsp; &nbsp; &nbsp; &nbsp; &nbsp; &nbsp; &nbsp; &nbsp; &nbsp; &nbsp; Date of application: 3\/1\/2023,&nbsp; &nbsp; &nbsp; &nbsp; &nbsp; &nbsp; &nbsp; &nbsp; &nbsp; &nbsp; &nbsp; &nbsp; &nbsp; &nbsp; &nbsp; &nbsp; &nbsp; &nbsp; &nbsp; &nbsp; &nbsp; &nbsp; &nbsp; &nbsp; &nbsp; &nbsp; &nbsp; &nbsp; &nbsp; &nbsp; &nbsp; &nbsp; &nbsp; &nbsp; &nbsp; &nbsp; &nbsp; &nbsp; &nbsp; &nbsp; &nbsp; &nbsp; &nbsp; &nbsp; &nbsp; &nbsp; &nbsp; &nbsp; &nbsp; &nbsp; &nbsp; &nbsp; &nbsp; &nbsp; &nbsp; &nbsp; &nbsp; &nbsp; &nbsp; &nbsp; &nbsp; &nbsp; &nbsp; &nbsp; &nbsp; &nbsp; &nbsp; &nbsp; &nbsp; &nbsp; &nbsp; &nbsp; &nbsp; &nbsp; &nbsp; &nbsp; &nbsp; &nbsp; &nbsp; &nbsp; &nbsp; &nbsp; &nbsp; &nbsp; &nbsp; &nbsp; &nbsp; &nbsp; &nbsp; &nbsp; &nbsp; &nbsp; &nbsp; &nbsp; &nbsp; &nbsp; &nbsp; &nbsp; &nbsp; &nbsp; &nbsp; &nbsp; &nbsp; &nbsp; &nbsp; &nbsp; &nbsp; &nbsp; &nbsp; &nbsp; &nbsp; &nbsp; &nbsp; &nbsp; &nbsp; &nbsp; &nbsp; &nbsp; &nbsp; Application institution: CSIC&nbsp; &nbsp; &nbsp; &nbsp; &nbsp; &nbsp; &nbsp; &nbsp; &nbsp; &nbsp; &nbsp; &nbsp; &nbsp; &nbsp; &nbsp; &nbsp; &nbsp; &nbsp; &nbsp; &nbsp; &nbsp; &nbsp; &nbsp; &nbsp; &nbsp; &nbsp; &nbsp; &nbsp; &nbsp; &nbsp; &nbsp; &nbsp; &nbsp; &nbsp; &nbsp; &nbsp; &nbsp; &nbsp; &nbsp; &nbsp; &nbsp; &nbsp; &nbsp; &nbsp; &nbsp; &nbsp; &nbsp; &nbsp; &nbsp; &nbsp; &nbsp; &nbsp; &nbsp; &nbsp; &nbsp; &nbsp; &nbsp; &nbsp; &nbsp; &nbsp; &nbsp; &nbsp; &nbsp; &nbsp; &nbsp; &nbsp; &nbsp; &nbsp; &nbsp; &nbsp; &nbsp; &nbsp; &nbsp; &nbsp; &nbsp; &nbsp; &nbsp; &nbsp; &nbsp; &nbsp; &nbsp; &nbsp; &nbsp; &nbsp; &nbsp; &nbsp; &nbsp; &nbsp; &nbsp; &nbsp; &nbsp; &nbsp; &nbsp; &nbsp; &nbsp; &nbsp; &nbsp; &nbsp; &nbsp; &nbsp; &nbsp; &nbsp; &nbsp; &nbsp; &nbsp; &nbsp; &nbsp; &nbsp; &nbsp; &nbsp; &nbsp; &nbsp; &nbsp; &nbsp; &nbsp; &nbsp; &nbsp; &nbsp; &nbsp; Authors: CEJUDO SANCHES, Ms. Janaina, TROBO MASEDA, Ms. Lara, ROCHA MART\u00cdN, Mr. Javier, GUIS\u00c1N SEIJAS, Mr. Jose Manuel, GARC\u00cdA OVEJERO, Mr. Jes\u00fas,&nbsp; MORALES HERRERO, Ms. Maria del Puerto,&nbsp; BUSSOLARI, Ms. Francesca, ARMENIA, Ms. Ilaria, MARTINEZ DE LA FUENTE, Mr. Jes\u00fas,&nbsp; GRAZ\u00da BONAV\u00cdA, Ms. Mar\u00eda Valeria, L\u00d3PEZ GALLEGO, Mr. Fern\u00e1ndo<\/h4>\n<h4>&#8212;&#8212;&#8211;<\/h4>\n<h4><strong>M\u00e9todo de cementado con nanopart\u00edculas de magnetita y aplicaci\u00f3n de un campo magn\u00e9tico<br \/>\nApplication number: PA00263-EP001 (ZBM Ref.: P5003EP00)<br \/>\nAuthors: Sabino Veintemillas Verdaguer, \u00c1lvaro Gallo C\u00f3rdova, Mar\u00eda del Puerto Morales Herrero,&nbsp;<\/strong><strong>Gonz\u00e1lez Fernandez, Mar\u00eda \u00c1ngeles, Hern\u00e1ndez San Martin, Andr\u00e9s Bezerra De Melo, Ricardo Cesar, Fraga Trillo, Luisa Mar\u00eda, Pe\u00f1a Diez, Jos\u00e9 Luis, Merino Garc\u00eda, Daniel, M\u00e1rquez Salas, Silvia, Mart\u00ednez Wichtel, Diana, V\u00e1zquez Garc\u00eda, Ana Bel\u00e9n&nbsp; &nbsp; &nbsp; &nbsp; &nbsp; &nbsp; &nbsp; &nbsp; &nbsp; &nbsp; &nbsp; &nbsp; &nbsp; &nbsp; &nbsp; &nbsp; &nbsp; &nbsp; &nbsp; &nbsp; &nbsp; &nbsp; &nbsp; &nbsp; &nbsp; &nbsp; &nbsp; &nbsp; &nbsp; &nbsp; &nbsp; &nbsp; &nbsp; &nbsp; &nbsp; &nbsp; &nbsp; &nbsp; &nbsp; &nbsp; &nbsp; &nbsp; &nbsp; &nbsp; &nbsp; &nbsp; &nbsp; &nbsp; &nbsp; &nbsp; &nbsp; &nbsp; &nbsp; &nbsp; &nbsp; &nbsp; &nbsp; &nbsp; &nbsp; &nbsp; &nbsp; &nbsp; &nbsp; &nbsp; &nbsp; &nbsp; &nbsp; &nbsp; &nbsp; &nbsp; &nbsp; &nbsp; &nbsp; &nbsp; &nbsp; &nbsp; &nbsp; &nbsp; <\/strong><strong>Date of application: Dic 2019. PCT\/EP2020\/084856, Junio 2021. Repsol S.A. Patent approved for USA, Brasil and Europe<\/strong><\/h4>\n<h4>&#8212;&#8212;&#8211;<\/h4>\n<h4><strong>Iron oxyhydroxide nanoparticles with antiviral activity against SARS and MERS coronavirus<br \/>\nApplication number: EP21382974.0<br \/>\nDate of application: October, 28th, 2021<br \/>\nApplication institution: CSIC<br \/>\nAuthors: Barber Casta\u00f1o D.F., Morales Herrero M.P., L\u00f3pez de Diego M., Mulens Arias V., Portilla Tundidor Y., David Bou N., Veintemillas Verdaguer S., Gallo Cordova A., Villamayor Coronado L., L\u00f3pez Garc\u00eda D.<\/strong><\/h4>\n<h4>&#8212;&#8212;&#8211;<\/h4>\n<h4>Iron oxide nanoparticles with antiviral activity against SARS and MERS coronavirus<br \/>\nApplication number: EP21382973.2<br \/>\nDate of application: October, 28th, 2021<br \/>\nApplication institution: CSIC<br \/>\nAuthors: Barber Casta\u00f1o D.F., Morales Herrero M.P., L\u00f3pez de Diego M., Mulens Arias V., Portilla Tundidor Y., David Bou N., Veintemillas Verdaguer S., Gallo Cordova A., Villamayor Coronado L., L\u00f3pez Garc\u00eda D.<\/h4>\n<h4>&#8212;&#8212;&#8211;<\/h4>\n<h4><strong>Nanoparticles for the control of one-spot multienzimatic reactions<\/strong><br \/>\nApplication number: EP21382585<br \/>\nDate of application: July, 1st, 2021<br \/>\nApplication institution: CSIC<br \/>\nSummary: The present invention relates to magnetic nanoparticles for the control of enzymatic reactions. Particularly, it refers to a process to carry out two or more simultaneous or sequential enzymatic reactions on the surface of magnetic nanoparticles in a one-pot system.<\/h4>\n<h4>&#8212;&#8212;&#8211;<br \/>\n<strong>Cement and method of hardening a slurry thereof<\/strong><br \/>\nApplication number: EP19383090 \/ P5003EP00<br \/>\nDate of application: December, 9th, 2019<br \/>\nSummary: Inventors have found that by applying an alternating magnetic field of specific characteristics to a cement slurry containing a relatively small amount of magnetic nanoparticles, such as magnetite nanoparticles, of a determined particle size and degree of crystallinity, the setting process of the cement can be controlled as required. Particularly, with a significantly low amount of magnetic nanoparticles, the required amount of heat is generated in a reduced period of time, such as 15 min, what makes that the cementing process is more cost-effective. Thus, such a cement composition and process are useful for several applications, particularly for well cementing.<\/h4>\n<h4>&#8212;&#8212;&#8211;<br \/>\n<strong>Electrolito nanoestructurado \u00fatil para desalinizaci\u00f3n por osmosis directa, procedimiento de obtenci\u00f3n del electrolito y usos del mismo<\/strong><br \/>\nApplication number: P201430721 (OEP number: ES1641.950)<br \/>\nDate of application: May, 19th, 2014<br \/>\nApplicant institution: CSIC<br \/>\nInventors: Sabino Veintemillas, M. Puerto Morales, Carlos J Serna, Cristina Marsans and Ver\u00f3nica L\u00f3pez<br \/>\nSummary: Filter materials for water desalinization processes and nanotechnology based on a new nanostructured electrolite composed of magnetic iron oxide nanoparticles<\/h4>\n<h4>&#8212;&#8212;&#8211;<br \/>\n<strong>Nanopart\u00edculas magn\u00e9ticas para su uso en una composici\u00f3n farmac\u00e9utica<\/strong><br \/>\nApplication number: P201030138<br \/>\nDate of application: February, 2nd, 2010<br \/>\nApplicant institution: CSIC<br \/>\nInventors: M. Puerto Morales, Alejandro G\u00f3mez, Carlos Serna, Sabino Veintemillas, Raquel Mej\u00edas and Domingo Barber<br \/>\nSummary: Cancer treatment through dimercaptosuccinic acid-coated magnetic iron oxide nanoparticles and cytokines<\/h4>\n<h4>&#8212;&#8212;&#8211;<br \/>\n<strong>Heterogeneous catalyst for preparing carboxylic acids and method for preparing carboxylic acids<\/strong><br \/>\nEuropean Patent: EP11165779.7<br \/>\nDate of application: May, 12nd, 2011<br \/>\nPatent Agent: FORRESTER and BOEHMERT<br \/>\nInventors: S. M. Al-Zahrani, H. Falcon, Pedro Tartaj, J. M. Campos-Martin, Jos\u00e9 Luis G. Fierro<br \/>\nLicence to King Saud University<\/h4>\n<h4>&#8212;&#8212;&#8212;&#8212;<br \/>\n<strong>Nanopart\u00edculas magn\u00e9ticas, m\u00e9todo de obtenci\u00f3n y su uso<\/strong><br \/>\nApplication number: P201131856<br \/>\nDate of application: November, 17th, 2011<br \/>\nVATC patent with reference 0639 (29-06-2011)<br \/>\nInventors: M. Puerto Morales, Carlos J. Serna, Sabino Veintemillas, Javier Palomares and Manuel Andres-Verges<br \/>\nSummary: Method for the obtention of magnetic nanoparticles between 5 and 30 nm with a magnetite core covered by bismute with applicability in diagnostic procedures (RMN and TAC) and cancer therapy (magnetic hyperthermia)<\/h4>\n","protected":false},"excerpt":{"rendered":"<p>Method to obtain metallic particles with microwaves&nbsp; &nbsp; &nbsp; &nbsp; &nbsp; &nbsp; &nbsp; &nbsp; &nbsp; &nbsp; &nbsp; &nbsp; &nbsp; &nbsp; &nbsp; &nbsp; &nbsp; &nbsp; &nbsp; &nbsp; &nbsp; &nbsp; &nbsp; &nbsp; &nbsp; &nbsp; &nbsp; &nbsp; &nbsp; &nbsp; &nbsp; &nbsp; &nbsp; &nbsp; &nbsp; &nbsp; &nbsp; &nbsp; &nbsp; &nbsp; &nbsp; &nbsp; &nbsp; &nbsp; &nbsp; &nbsp; &nbsp; &nbsp; &nbsp;&hellip; <br \/> <a class=\"button small blue\" href=\"https:\/\/wp.icmm.csic.es\/csc\/patents\/\">Leer m\u00e1s<\/a><\/p>\n","protected":false},"author":46,"featured_media":0,"parent":0,"menu_order":4,"comment_status":"closed","ping_status":"open","template":"","meta":{"ngg_post_thumbnail":0,"footnotes":""},"class_list":["post-59","page","type-page","status-publish","hentry"],"_links":{"self":[{"href":"https:\/\/wp.icmm.csic.es\/csc\/wp-json\/wp\/v2\/pages\/59","targetHints":{"allow":["GET"]}}],"collection":[{"href":"https:\/\/wp.icmm.csic.es\/csc\/wp-json\/wp\/v2\/pages"}],"about":[{"href":"https:\/\/wp.icmm.csic.es\/csc\/wp-json\/wp\/v2\/types\/page"}],"author":[{"embeddable":true,"href":"https:\/\/wp.icmm.csic.es\/csc\/wp-json\/wp\/v2\/users\/46"}],"replies":[{"embeddable":true,"href":"https:\/\/wp.icmm.csic.es\/csc\/wp-json\/wp\/v2\/comments?post=59"}],"version-history":[{"count":35,"href":"https:\/\/wp.icmm.csic.es\/csc\/wp-json\/wp\/v2\/pages\/59\/revisions"}],"predecessor-version":[{"id":1875,"href":"https:\/\/wp.icmm.csic.es\/csc\/wp-json\/wp\/v2\/pages\/59\/revisions\/1875"}],"wp:attachment":[{"href":"https:\/\/wp.icmm.csic.es\/csc\/wp-json\/wp\/v2\/media?parent=59"}],"curies":[{"name":"wp","href":"https:\/\/api.w.org\/{rel}","templated":true}]}}