{"id":13,"date":"2022-03-02T10:37:18","date_gmt":"2022-03-02T10:37:18","guid":{"rendered":"https:\/\/wp.icmm.csic.es\/curso-capas\/?page_id=13"},"modified":"2023-04-25T10:12:49","modified_gmt":"2023-04-25T10:12:49","slug":"bibliografia","status":"publish","type":"page","link":"https:\/\/wp.icmm.csic.es\/curso-capas\/bibliografia\/","title":{"rendered":"BIBLIOGRAFIA"},"content":{"rendered":"<ul>\n<li><a class=\"enlaceh3\" href=\"https:\/\/editorial.csic.es\/publicaciones\/libros\/13119\/0\/capas-delgadas-y-modificacion-superficial-de-mater.html\" target=\"new\" rel=\"noopener\">CAPAS DELGADAS Y MODIFICACI\u00d3N SUPERFICIAL DE MATERIALES<\/a><br \/>\nEd. por Jos\u00e9 M. Albella, CSIC, 2018.<\/li>\n<li><a class=\"enlaceh3\" href=\"https:\/\/editorial.csic.es\/publicaciones\/libros\/10949\/978-84-00-08166-9\/laminas-delgadas-y-recubrimientos-preparacion-prop.html\" target=\"new\" rel=\"noopener\">L\u00c1MINAS DELGADAS Y RECUBRIMIENTOS: Preparaci\u00f3n, Propiedades y Aplicaciones<\/a><br \/>\nEd. por Jos\u00e9 M. Albella, CSIC, 2003.<\/li>\n<li>DEPOSITION TECHNOLOGIES FOR FILMS AND COATINGS<br \/>\nEd. por R.F. Bunshah et al., Noyes Publ., 1982.<\/li>\n<li>THIN FILM PROCESSES II<br \/>\nEd. por J.L. Vossen y W. Kern, Academic Press, 1991.<\/li>\n<li>PHYSICS OF THIN FILMS, vols. 1-20<br \/>\nEd. por M.H. Francombe y J.L. Vossen, Academic Press, 1987.<\/li>\n<li>THIN FILMS BY CHEMICAL VAPOUR DEPOSITION<br \/>\nC.E. Morosanu, Elsevier, 1990.<\/li>\n<li>INTRODUCCION A LA CIENCIA DE MATERIALES<br \/>\nEd. por J.M. Albella et al., CSIC, 1993.<\/li>\n<li>FUNDAMENTALS OF PLASMA CHEMISTRY AND TECHNOLOGY<br \/>\nH.V. Boening, Technomic Publ., 1988.<\/li>\n<li>HANDBOOK OF THIN FILM DEPOSITION PROCESSES AND TECHNIQUES<br \/>\nEd. por K.K. Schuegraf. Noyes Publ. 1988.<\/li>\n<li>HANDBOOK OF ION BEAM PROCESSING THECNOLOGY<br \/>\nE. por J.J. Cuomo et al., Noyes Publ. 1989.<\/li>\n<li>FUNDAMENTALS OF INTERFACIAL ENGINEERING<br \/>\nR.J. Stokes y D.F. Evans. Wiley-CVH Inc. 1997.<\/li>\n<li>HANBOOK OF PHYSICAL VAPOR DEPOSITION (PVD) PROCESSING<br \/>\nD.M. Mattox, Noyes Publ. 1998.<\/li>\n<li>MATERIALS SCIENCE OF THIN FILMS, Deposition and structure<br \/>\nM. Ohring, Academic Press (2<sup>nd<\/sup>\u00a0Edition) 2002.<\/li>\n<li>CIENCIA E INGENIER\u00cdA DE LA SUPERFICIE DE LOS MATERIALES MET\u00c1LICOS<br \/>\nEd. por Alfonso J. V\u00e1zquez Vaamonde &#8211; Juan J. de Damborenea Gonz\u00e1lez, Ed. CSIC (2001)<\/li>\n<li>TECNOLOG\u00cdA DE SUPERFICIES EN MATERIALES<br \/>\nEd. por J.A. Pu\u00e9rtolas &#8211; R. R\u00edos &#8211; M. Castro &#8211; J.M. Casals, Editorial S\u00edntesis (2010)<\/li>\n<\/ul>\n<h6 align=\"right\">\u00daltima actualizaci\u00f3n: 25\/04\/2023 13:31:47<\/h6>\n","protected":false},"excerpt":{"rendered":"<p>CAPAS DELGADAS Y MODIFICACI\u00d3N SUPERFICIAL DE MATERIALES Ed. por Jos\u00e9 M. Albella, CSIC, 2018. L\u00c1MINAS DELGADAS Y RECUBRIMIENTOS: Preparaci\u00f3n, Propiedades y Aplicaciones Ed. por Jos\u00e9 M. Albella, CSIC, 2003. DEPOSITION TECHNOLOGIES FOR FILMS AND COATINGS Ed. por R.F. Bunshah et al., Noyes Publ., 1982. THIN FILM PROCESSES II Ed. por J.L. Vossen y W. Kern, [&hellip;]<\/p>\n","protected":false},"author":101,"featured_media":0,"parent":0,"menu_order":4,"comment_status":"closed","ping_status":"closed","template":"","meta":{"footnotes":""},"class_list":["post-13","page","type-page","status-publish","hentry"],"_links":{"self":[{"href":"https:\/\/wp.icmm.csic.es\/curso-capas\/wp-json\/wp\/v2\/pages\/13","targetHints":{"allow":["GET"]}}],"collection":[{"href":"https:\/\/wp.icmm.csic.es\/curso-capas\/wp-json\/wp\/v2\/pages"}],"about":[{"href":"https:\/\/wp.icmm.csic.es\/curso-capas\/wp-json\/wp\/v2\/types\/page"}],"author":[{"embeddable":true,"href":"https:\/\/wp.icmm.csic.es\/curso-capas\/wp-json\/wp\/v2\/users\/101"}],"replies":[{"embeddable":true,"href":"https:\/\/wp.icmm.csic.es\/curso-capas\/wp-json\/wp\/v2\/comments?post=13"}],"version-history":[{"count":5,"href":"https:\/\/wp.icmm.csic.es\/curso-capas\/wp-json\/wp\/v2\/pages\/13\/revisions"}],"predecessor-version":[{"id":209,"href":"https:\/\/wp.icmm.csic.es\/curso-capas\/wp-json\/wp\/v2\/pages\/13\/revisions\/209"}],"wp:attachment":[{"href":"https:\/\/wp.icmm.csic.es\/curso-capas\/wp-json\/wp\/v2\/media?parent=13"}],"curies":[{"name":"wp","href":"https:\/\/api.w.org\/{rel}","templated":true}]}}