{"id":41,"date":"2022-03-02T12:47:56","date_gmt":"2022-03-02T12:47:56","guid":{"rendered":"https:\/\/wp.icmm.csic.es\/curso-capas\/?page_id=41"},"modified":"2023-04-25T10:11:23","modified_gmt":"2023-04-25T10:11:23","slug":"presentacion","status":"publish","type":"page","link":"https:\/\/wp.icmm.csic.es\/curso-capas\/","title":{"rendered":"PRESENTACI\u00d3N"},"content":{"rendered":"<p style=\"text-align: justify;\"><img loading=\"lazy\" decoding=\"async\" class=\"wp-image-168 alignright\" src=\"https:\/\/wp.icmm.csic.es\/curso-capas\/wp-content\/uploads\/sites\/58\/2022\/03\/IMG_0981b-1-300x169.jpg\" alt=\"\" width=\"389\" height=\"219\" srcset=\"https:\/\/wp.icmm.csic.es\/curso-capas\/wp-content\/uploads\/sites\/58\/2022\/03\/IMG_0981b-1-300x169.jpg 300w, https:\/\/wp.icmm.csic.es\/curso-capas\/wp-content\/uploads\/sites\/58\/2022\/03\/IMG_0981b-1-1024x576.jpg 1024w, https:\/\/wp.icmm.csic.es\/curso-capas\/wp-content\/uploads\/sites\/58\/2022\/03\/IMG_0981b-1-768x432.jpg 768w, https:\/\/wp.icmm.csic.es\/curso-capas\/wp-content\/uploads\/sites\/58\/2022\/03\/IMG_0981b-1-1536x864.jpg 1536w, https:\/\/wp.icmm.csic.es\/curso-capas\/wp-content\/uploads\/sites\/58\/2022\/03\/IMG_0981b-1-2048x1152.jpg 2048w\" sizes=\"auto, (max-width: 389px) 100vw, 389px\" \/>El estudio de materiales en forma de <strong>L\u00e1mina Delgad<\/strong><strong>a <\/strong>es sin duda un tema de gran repercusi\u00f3n, tanto desde el punto de vista cient\u00edfico como tecnol\u00f3gico. Este campo alcanz\u00f3 su m\u00e1ximo desarrollo con la producci\u00f3n de (multi)capas en Microelectr\u00f3nica y se ha ido extendiendo posteriormente a otros importantes sectores tecnol\u00f3gicos como la Opto- y Nano-electr\u00f3nica (superredes), la protecci\u00f3n contra la corrosi\u00f3n en metales, recubrimientos duros y de baja fricci\u00f3n para aplicaciones mec\u00e1nicas, elementos decorativos y, finalmente, la preparaci\u00f3n de capas funcionales con propiedades \u00f3pticas, magn\u00e9ticas o superconductoras (c\u00e9lulas solares, registro magn\u00e9tico, etc.). Este amplio desarrollo ha ido acompa\u00f1ado de un crecimiento paralelo de modernas t\u00e9cnicas f\u00edsico-qu\u00edmicas de caracterizaci\u00f3n composicional, morfol\u00f3gica y estructural (espectroscop\u00edas de electrones, microscop\u00eda de fuerza y t\u00fanel, etc.).<\/p>\n<p style=\"text-align: justify;\">El curso de \u201c<strong>Preparaci\u00f3n, Caracterizaci\u00f3n y Aplicaciones de L\u00e1minas Delgadas<\/strong>\u201d aborda los aspectos fundamentales asociados a la tem\u00e1tica de las l\u00e1minas delgadas y est\u00e1 dirigido a graduados universitarios, ingenieros y t\u00e9cnicos de centros de investigaci\u00f3n y de la industria implicados en la preparaci\u00f3n de l\u00e1minas delgadas mediante t\u00e9cnicas de vac\u00edo, tratamientos de superficies, etc., as\u00ed como alumnos de m\u00e1steres universitarios en disciplinas afines.<\/p>\n<p><img loading=\"lazy\" decoding=\"async\" class=\"alignright wp-image-158\" style=\"text-align: justify;\" src=\"https:\/\/wp.icmm.csic.es\/curso-capas\/wp-content\/uploads\/sites\/58\/2022\/03\/TiAlNAg_03_STEM_DF_005-300x276.jpg\" alt=\"\" width=\"390\" height=\"359\" srcset=\"https:\/\/wp.icmm.csic.es\/curso-capas\/wp-content\/uploads\/sites\/58\/2022\/03\/TiAlNAg_03_STEM_DF_005-300x276.jpg 300w, https:\/\/wp.icmm.csic.es\/curso-capas\/wp-content\/uploads\/sites\/58\/2022\/03\/TiAlNAg_03_STEM_DF_005-768x707.jpg 768w, https:\/\/wp.icmm.csic.es\/curso-capas\/wp-content\/uploads\/sites\/58\/2022\/03\/TiAlNAg_03_STEM_DF_005.jpg 1024w\" sizes=\"auto, (max-width: 390px) 100vw, 390px\" \/><\/p>\n<p style=\"text-align: justify;\">A lo largo del curso se analizar\u00e1n los diferentes problemas relacionados con las t\u00e9cnicas de s\u00edntesis y caracterizaci\u00f3n, as\u00ed como en las propiedades y aplicaciones de las capas delgadas. El objetivo del curso es adquirir una formaci\u00f3n s\u00f3lida en todos estos aspectos, tanto b\u00e1sicos como aplicados, para completar\u00a0as\u00ed la formaci\u00f3n acad\u00e9mica de los alumnos. Dado el car\u00e1cter multidisciplinar de esta materia, es necesario disponer de un n\u00facleo de profesores que sean especialistas en los diferentes problemas. Para ello, se cuenta con investigadores y expertos del CSIC para cada una de los temas.<\/p>\n<h6 style=\"text-align: right;\">\u00daltima actualizaci\u00f3n: 25\/04\/2023 11:31:47<\/h6>\n","protected":false},"excerpt":{"rendered":"<p>El estudio de materiales en forma de L\u00e1mina Delgada es sin duda un tema de gran repercusi\u00f3n, tanto desde el punto de vista cient\u00edfico como tecnol\u00f3gico. Este campo alcanz\u00f3 su m\u00e1ximo desarrollo con la producci\u00f3n de (multi)capas en Microelectr\u00f3nica y se ha ido extendiendo posteriormente a otros importantes sectores tecnol\u00f3gicos como la Opto- y Nano-electr\u00f3nica [&hellip;]<\/p>\n","protected":false},"author":101,"featured_media":0,"parent":0,"menu_order":1,"comment_status":"closed","ping_status":"closed","template":"","meta":{"footnotes":""},"class_list":["post-41","page","type-page","status-publish","hentry"],"_links":{"self":[{"href":"https:\/\/wp.icmm.csic.es\/curso-capas\/wp-json\/wp\/v2\/pages\/41","targetHints":{"allow":["GET"]}}],"collection":[{"href":"https:\/\/wp.icmm.csic.es\/curso-capas\/wp-json\/wp\/v2\/pages"}],"about":[{"href":"https:\/\/wp.icmm.csic.es\/curso-capas\/wp-json\/wp\/v2\/types\/page"}],"author":[{"embeddable":true,"href":"https:\/\/wp.icmm.csic.es\/curso-capas\/wp-json\/wp\/v2\/users\/101"}],"replies":[{"embeddable":true,"href":"https:\/\/wp.icmm.csic.es\/curso-capas\/wp-json\/wp\/v2\/comments?post=41"}],"version-history":[{"count":20,"href":"https:\/\/wp.icmm.csic.es\/curso-capas\/wp-json\/wp\/v2\/pages\/41\/revisions"}],"predecessor-version":[{"id":206,"href":"https:\/\/wp.icmm.csic.es\/curso-capas\/wp-json\/wp\/v2\/pages\/41\/revisions\/206"}],"wp:attachment":[{"href":"https:\/\/wp.icmm.csic.es\/curso-capas\/wp-json\/wp\/v2\/media?parent=41"}],"curies":[{"name":"wp","href":"https:\/\/api.w.org\/{rel}","templated":true}]}}