{"id":77,"date":"2022-03-08T10:58:41","date_gmt":"2022-03-08T10:58:41","guid":{"rendered":"https:\/\/wp.icmm.csic.es\/curso-capas\/?page_id=77"},"modified":"2023-04-25T10:04:14","modified_gmt":"2023-04-25T10:04:14","slug":"contacto","status":"publish","type":"page","link":"https:\/\/wp.icmm.csic.es\/curso-capas\/contacto\/","title":{"rendered":"CONTACTO"},"content":{"rendered":"<p><strong>Coordinaci\u00f3n:<\/strong><\/p>\n<ul>\n<li><a href=\"https:\/\/www.icmm.csic.es\/es\/people\/persona.php?num=674\" target=\"_blank\" rel=\"noopener\">Ignacio Jim\u00e9nez Guerrero<\/a>, ICMM &#8211; CSIC<\/li>\n<li><a href=\"https:\/\/www.icmm.csic.es\/es\/people\/persona.php?num=1408\" target=\"_blank\" rel=\"noopener\">Ra\u00fal Gago Fern\u00e1ndez<\/a>, ICMM &#8211; CSIC<\/li>\n<\/ul>\n<p>&nbsp;<\/p>\n<p style=\"text-align: justify;\">Para consultas e informaci\u00f3n adicional sobre el curso se puede contactar a cualquiera de los coordinadores o escribir un email a la siguiente direcci\u00f3n:<\/p>\n<p><img loading=\"lazy\" decoding=\"async\" class=\"alignnone wp-image-84\" src=\"https:\/\/wp.icmm.csic.es\/curso-capas\/wp-content\/uploads\/sites\/58\/2022\/03\/correo-capas-1-300x31.png\" alt=\"\" width=\"200\" height=\"21\" srcset=\"https:\/\/wp.icmm.csic.es\/curso-capas\/wp-content\/uploads\/sites\/58\/2022\/03\/correo-capas-1-300x31.png 300w, https:\/\/wp.icmm.csic.es\/curso-capas\/wp-content\/uploads\/sites\/58\/2022\/03\/correo-capas-1.png 624w\" sizes=\"auto, (max-width: 200px) 100vw, 200px\" \/><\/p>\n<p>&nbsp;<\/p>\n<p><img loading=\"lazy\" decoding=\"async\" class=\"aligncenter wp-image-164 size-large\" src=\"https:\/\/wp.icmm.csic.es\/curso-capas\/wp-content\/uploads\/sites\/58\/2022\/03\/IMG_20180223_142320-1024x576.jpg\" alt=\"\" width=\"720\" height=\"405\" srcset=\"https:\/\/wp.icmm.csic.es\/curso-capas\/wp-content\/uploads\/sites\/58\/2022\/03\/IMG_20180223_142320-1024x576.jpg 1024w, https:\/\/wp.icmm.csic.es\/curso-capas\/wp-content\/uploads\/sites\/58\/2022\/03\/IMG_20180223_142320-300x169.jpg 300w, https:\/\/wp.icmm.csic.es\/curso-capas\/wp-content\/uploads\/sites\/58\/2022\/03\/IMG_20180223_142320-768x432.jpg 768w, https:\/\/wp.icmm.csic.es\/curso-capas\/wp-content\/uploads\/sites\/58\/2022\/03\/IMG_20180223_142320-1536x864.jpg 1536w, https:\/\/wp.icmm.csic.es\/curso-capas\/wp-content\/uploads\/sites\/58\/2022\/03\/IMG_20180223_142320-2048x1152.jpg 2048w\" sizes=\"auto, (max-width: 720px) 100vw, 720px\" \/><\/p>\n","protected":false},"excerpt":{"rendered":"<p>Coordinaci\u00f3n: Ignacio Jim\u00e9nez Guerrero, ICMM &#8211; CSIC Ra\u00fal Gago Fern\u00e1ndez, ICMM &#8211; CSIC &nbsp; Para consultas e informaci\u00f3n adicional sobre el curso se puede contactar a cualquiera de los coordinadores o escribir un email a la siguiente direcci\u00f3n: &nbsp;<\/p>\n","protected":false},"author":101,"featured_media":0,"parent":0,"menu_order":7,"comment_status":"closed","ping_status":"closed","template":"","meta":{"footnotes":""},"class_list":["post-77","page","type-page","status-publish","hentry"],"_links":{"self":[{"href":"https:\/\/wp.icmm.csic.es\/curso-capas\/wp-json\/wp\/v2\/pages\/77","targetHints":{"allow":["GET"]}}],"collection":[{"href":"https:\/\/wp.icmm.csic.es\/curso-capas\/wp-json\/wp\/v2\/pages"}],"about":[{"href":"https:\/\/wp.icmm.csic.es\/curso-capas\/wp-json\/wp\/v2\/types\/page"}],"author":[{"embeddable":true,"href":"https:\/\/wp.icmm.csic.es\/curso-capas\/wp-json\/wp\/v2\/users\/101"}],"replies":[{"embeddable":true,"href":"https:\/\/wp.icmm.csic.es\/curso-capas\/wp-json\/wp\/v2\/comments?post=77"}],"version-history":[{"count":12,"href":"https:\/\/wp.icmm.csic.es\/curso-capas\/wp-json\/wp\/v2\/pages\/77\/revisions"}],"predecessor-version":[{"id":202,"href":"https:\/\/wp.icmm.csic.es\/curso-capas\/wp-json\/wp\/v2\/pages\/77\/revisions\/202"}],"wp:attachment":[{"href":"https:\/\/wp.icmm.csic.es\/curso-capas\/wp-json\/wp\/v2\/media?parent=77"}],"curies":[{"name":"wp","href":"https:\/\/api.w.org\/{rel}","templated":true}]}}