{"id":8,"date":"2022-03-02T10:35:53","date_gmt":"2022-03-02T10:35:53","guid":{"rendered":"https:\/\/wp.icmm.csic.es\/curso-capas\/?page_id=8"},"modified":"2023-04-25T10:11:48","modified_gmt":"2023-04-25T10:11:48","slug":"organizacion-del-curso","status":"publish","type":"page","link":"https:\/\/wp.icmm.csic.es\/curso-capas\/organizacion-del-curso\/","title":{"rendered":"ORGANIZACI\u00d3N"},"content":{"rendered":"<p style=\"text-align: justify;\">El curso consta de <strong>20 temas<\/strong> con una duraci\u00f3n total de <strong>40 h te\u00f3ricas<\/strong>. Adem\u00e1s, se incluyen <strong>actividades pr\u00e1cticas<\/strong> mediante visitas guiadas a laboratorios dedicados a diferentes t\u00e9cnicas de preparaci\u00f3n y caracterizaci\u00f3n de materiales en capa delgada.<\/p>\n<p style=\"text-align: justify;\"><img loading=\"lazy\" decoding=\"async\" class=\"alignright wp-image-165\" src=\"https:\/\/wp.icmm.csic.es\/curso-capas\/wp-content\/uploads\/sites\/58\/2022\/03\/IMG_20180223_143853-217x300.jpg\" alt=\"\" width=\"350\" height=\"484\" srcset=\"https:\/\/wp.icmm.csic.es\/curso-capas\/wp-content\/uploads\/sites\/58\/2022\/03\/IMG_20180223_143853-217x300.jpg 217w, https:\/\/wp.icmm.csic.es\/curso-capas\/wp-content\/uploads\/sites\/58\/2022\/03\/IMG_20180223_143853-741x1024.jpg 741w, https:\/\/wp.icmm.csic.es\/curso-capas\/wp-content\/uploads\/sites\/58\/2022\/03\/IMG_20180223_143853-768x1061.jpg 768w, https:\/\/wp.icmm.csic.es\/curso-capas\/wp-content\/uploads\/sites\/58\/2022\/03\/IMG_20180223_143853-1112x1536.jpg 1112w, https:\/\/wp.icmm.csic.es\/curso-capas\/wp-content\/uploads\/sites\/58\/2022\/03\/IMG_20180223_143853-1483x2048.jpg 1483w, https:\/\/wp.icmm.csic.es\/curso-capas\/wp-content\/uploads\/sites\/58\/2022\/03\/IMG_20180223_143853-scaled.jpg 1853w\" sizes=\"auto, (max-width: 350px) 100vw, 350px\" \/>El\u00a0<a href=\"https:\/\/wp.icmm.csic.es\/curso-capas\/programa\/\">temario<\/a>\u00a0se divide en cuatro bloques dedicados a (1) <strong>generalidades y fundamentos<\/strong> de la tecnolog\u00eda de vac\u00edo, la f\u00edsica de plasmas y los mecanismos b\u00e1sicos de crecimiento; (2) las <strong>t\u00e9cnicas de preparaci\u00f3n<\/strong> de l\u00e1minas delgadas mediante t\u00e9cnicas de vac\u00edo y medios l\u00edquidos; (3) las <strong>t\u00e9cnicas de caracterizaci\u00f3n <\/strong>m\u00e1s relevantes para el an\u00e1lisis morfol\u00f3gico, composicional y estructural de los materiales en forma de l\u00e1mina delgada y, finalmente, (4) a diversas <strong>aplicaciones<\/strong> en sectores tecnol\u00f3gicos de m\u00e1xima actualidad.<\/p>\n<p style=\"text-align: justify;\">El curso tiene un <strong>car\u00e1cter presencial<\/strong> y se desarrollar\u00e1 durante <strong>dos semanas consecutivas<\/strong> (ver <a href=\"https:\/\/wp.icmm.csic.es\/curso-capas\/inscripcion\/\">Fechas e Inscripci\u00f3n<\/a>) en horario de tarde (15h30 \u2013 19h30). Las clases tendr\u00e1n lugar en el Instituto de Ciencia de Materiales de Madrid (ICMM), situado en el Campus de la Universidad Aut\u00f3noma de Madrid en Cantoblanco.<\/p>\n<p><strong>Profesorado:<\/strong><\/p>\n<ul>\n<li>Jos\u00e9 M\u00aa Albella Mart\u00edn, Ad-honorem, ICMM &#8211; CSIC<\/li>\n<li>Ignacio Jim\u00e9nez Guerrero, ICMM \u2013 CSIC<\/li>\n<li>Ra\u00fal Gago Fern\u00e1ndez, ICMM &#8211; CSIC<\/li>\n<li>Ignacio Garc\u00eda Diego, Centro Nacional de Invest. Metal\u00fargicas (CENIM) &#8211; CSIC<\/li>\n<li>Jorge M. Garc\u00eda Mart\u00ednez, Instituto de Micro y Nanotecnolog\u00eda (IMN) &#8211; CSIC<\/li>\n<li>Fernando Agull\u00f3 Rueda, ICMM &#8211; CSIC<\/li>\n<li>Jes\u00fas M\u00aa Gonz\u00e1lez Fern\u00e1ndez, ICMM &#8211; CSIC<\/li>\n<li>David Levy Cohen, ICMM &#8211; CSIC<\/li>\n<li>Isabel Montero Herrero, ICMM &#8211; CSIC<\/li>\n<li>Francisco Javier Palomares Sim\u00f3n, ICMM &#8211; CSIC<\/li>\n<li>Carlos S\u00e1nchez S\u00e1nchez, ICMM &#8211; CSIC<\/li>\n<\/ul>\n<p><strong>Acreditaci\u00f3n y Diplomas:<\/strong><\/p>\n<p style=\"text-align: justify;\"><img loading=\"lazy\" decoding=\"async\" class=\"alignright wp-image-159\" src=\"https:\/\/wp.icmm.csic.es\/curso-capas\/wp-content\/uploads\/sites\/58\/2022\/03\/CrO-10_15-15_T400-300x276.jpg\" alt=\"\" width=\"290\" height=\"267\" srcset=\"https:\/\/wp.icmm.csic.es\/curso-capas\/wp-content\/uploads\/sites\/58\/2022\/03\/CrO-10_15-15_T400-300x276.jpg 300w, https:\/\/wp.icmm.csic.es\/curso-capas\/wp-content\/uploads\/sites\/58\/2022\/03\/CrO-10_15-15_T400-768x707.jpg 768w, https:\/\/wp.icmm.csic.es\/curso-capas\/wp-content\/uploads\/sites\/58\/2022\/03\/CrO-10_15-15_T400.jpg 1024w\" sizes=\"auto, (max-width: 290px) 100vw, 290px\" \/>El curso est\u00e1 avalado por el <a href=\"https:\/\/www.csic.es\/es\/formacion-y-empleo\/formacion-de-personal-investigador\" target=\"_blank\" rel=\"noopener\">Departamento de Posgrado y Especializaci\u00f3n<\/a> del CSIC, el cual emitir\u00e1 un <strong>diploma acreditativo<\/strong> a aquellos alumnos que hayan superado satisfactoriamente los requisitos exigidos.<\/p>\n<p style=\"text-align: justify;\">Para obtener la calificaci\u00f3n de apto, se requiere un m\u00ednimo de <strong>asistencia presencial<\/strong> a las clases del 90%. Opcionalmente, los alumnos interesados en obtener el diploma y que no cumplan el requisito anterior, deber\u00e1n realizar un trabajo monogr\u00e1fico sobre alguno de los aspectos relacionados con los temas impartidos.<\/p>\n<p style=\"text-align: justify;\">Los alumnos de M\u00e1ster de diferentes especialidades o estudios universitarios pueden solicitar en sus respectivos departamentos la convalidaci\u00f3n del Curso por los cr\u00e9ditos correspondientes de libre configuraci\u00f3n.<\/p>\n<h6 style=\"text-align: right;\">\u00daltima actualizaci\u00f3n: 25\/03\/2023 11:31:47<\/h6>\n","protected":false},"excerpt":{"rendered":"<p>El curso consta de 20 temas con una duraci\u00f3n total de 40 h te\u00f3ricas. Adem\u00e1s, se incluyen actividades pr\u00e1cticas mediante visitas guiadas a laboratorios dedicados a diferentes t\u00e9cnicas de preparaci\u00f3n y caracterizaci\u00f3n de materiales en capa delgada. El\u00a0temario\u00a0se divide en cuatro bloques dedicados a (1) generalidades y fundamentos de la tecnolog\u00eda de vac\u00edo, la f\u00edsica [&hellip;]<\/p>\n","protected":false},"author":101,"featured_media":0,"parent":0,"menu_order":2,"comment_status":"closed","ping_status":"closed","template":"","meta":{"footnotes":""},"class_list":["post-8","page","type-page","status-publish","hentry"],"_links":{"self":[{"href":"https:\/\/wp.icmm.csic.es\/curso-capas\/wp-json\/wp\/v2\/pages\/8","targetHints":{"allow":["GET"]}}],"collection":[{"href":"https:\/\/wp.icmm.csic.es\/curso-capas\/wp-json\/wp\/v2\/pages"}],"about":[{"href":"https:\/\/wp.icmm.csic.es\/curso-capas\/wp-json\/wp\/v2\/types\/page"}],"author":[{"embeddable":true,"href":"https:\/\/wp.icmm.csic.es\/curso-capas\/wp-json\/wp\/v2\/users\/101"}],"replies":[{"embeddable":true,"href":"https:\/\/wp.icmm.csic.es\/curso-capas\/wp-json\/wp\/v2\/comments?post=8"}],"version-history":[{"count":15,"href":"https:\/\/wp.icmm.csic.es\/curso-capas\/wp-json\/wp\/v2\/pages\/8\/revisions"}],"predecessor-version":[{"id":207,"href":"https:\/\/wp.icmm.csic.es\/curso-capas\/wp-json\/wp\/v2\/pages\/8\/revisions\/207"}],"wp:attachment":[{"href":"https:\/\/wp.icmm.csic.es\/curso-capas\/wp-json\/wp\/v2\/media?parent=8"}],"curies":[{"name":"wp","href":"https:\/\/api.w.org\/{rel}","templated":true}]}}