{"id":28,"date":"2017-06-21T13:05:41","date_gmt":"2017-06-21T13:05:41","guid":{"rendered":"http:\/\/www.icmm.csic.es\/emergence\/?page_id=28"},"modified":"2025-08-31T18:53:50","modified_gmt":"2025-08-31T18:53:50","slug":"lecturers","status":"publish","type":"page","link":"https:\/\/wp.icmm.csic.es\/emergence\/lecturers\/","title":{"rendered":"Lecturers"},"content":{"rendered":"<h3><\/h3>\n<p><strong>The lectures are given by members of the\u00a0<a href=\"http:\/\/www.icmm.csic.es\">Instituto de Ciencia de Materiales de Madrid (ICMM-CSIC)<\/a> . <\/strong><\/p>\n<ul>\n<li><a href=\"https:\/\/wp.icmm.csic.es\/tqe\/ramon-aguado\"> Ram\u00f3n Aguado <\/a><\/li>\n<li><a href=\"https:\/\/wp.icmm.csic.es\/tqe\/leni-bascones\"> Leni Bascones<\/a><\/li>\n<li><a href=\"https:\/\/wp.icmm.csic.es\/tqe\/maria-jose-calderon\"> Mar\u00eda Jos\u00e9 Calder\u00f3n<\/a><\/li>\n<li><a href=\"https:\/\/wp.icmm.csic.es\/tqe\/people\/alberto-cortijo\/\"> Alberto Cortijo<\/a><\/li>\n<li><a href=\"https:\/\/wp.icmm.csic.es\/tqe\/people\/belen-valenzuela\/\">Bel\u00e9n Valenzuela<\/a><\/li>\n<\/ul>\n<h3>Coordinator<\/h3>\n<p><a href=\"https:\/\/wp.icmm.csic.es\/tqe\/people\/leni-bascones\">Leni Bascones<\/a><\/p>\n","protected":false},"excerpt":{"rendered":"<p>The lectures are given by members of the\u00a0Instituto de Ciencia de Materiales de Madrid (ICMM-CSIC) . Ram\u00f3n Aguado Leni Bascones Mar\u00eda Jos\u00e9 Calder\u00f3n Alberto Cortijo Bel\u00e9n Valenzuela Coordinator Leni Bascones<\/p>\n","protected":false},"author":1,"featured_media":0,"parent":0,"menu_order":0,"comment_status":"closed","ping_status":"closed","template":"","meta":{"footnotes":""},"class_list":["post-28","page","type-page","status-publish","hentry"],"_links":{"self":[{"href":"https:\/\/wp.icmm.csic.es\/emergence\/wp-json\/wp\/v2\/pages\/28","targetHints":{"allow":["GET"]}}],"collection":[{"href":"https:\/\/wp.icmm.csic.es\/emergence\/wp-json\/wp\/v2\/pages"}],"about":[{"href":"https:\/\/wp.icmm.csic.es\/emergence\/wp-json\/wp\/v2\/types\/page"}],"author":[{"embeddable":true,"href":"https:\/\/wp.icmm.csic.es\/emergence\/wp-json\/wp\/v2\/users\/1"}],"replies":[{"embeddable":true,"href":"https:\/\/wp.icmm.csic.es\/emergence\/wp-json\/wp\/v2\/comments?post=28"}],"version-history":[{"count":15,"href":"https:\/\/wp.icmm.csic.es\/emergence\/wp-json\/wp\/v2\/pages\/28\/revisions"}],"predecessor-version":[{"id":505,"href":"https:\/\/wp.icmm.csic.es\/emergence\/wp-json\/wp\/v2\/pages\/28\/revisions\/505"}],"wp:attachment":[{"href":"https:\/\/wp.icmm.csic.es\/emergence\/wp-json\/wp\/v2\/media?parent=28"}],"curies":[{"name":"wp","href":"https:\/\/api.w.org\/{rel}","templated":true}]}}