{"id":98,"date":"2017-06-21T15:16:41","date_gmt":"2017-06-21T15:16:41","guid":{"rendered":"http:\/\/www.icmm.csic.es\/emergence\/?page_id=98"},"modified":"2025-11-01T13:20:11","modified_gmt":"2025-11-01T13:20:11","slug":"slides-ed-2025","status":"publish","type":"page","link":"https:\/\/wp.icmm.csic.es\/emergence\/slides-ed-2025\/","title":{"rendered":"Slides Ed. 2025"},"content":{"rendered":"<h3>Electronic correlations (Leni Bascones)<\/h3>\n<h3><a href=\"https:\/\/wp.icmm.csic.es\/emergence\/wp-admin\/upload.php?item=527\">Introduction to electronic correlations and basic concepts<\/a><\/h3>\n<h3><a href=\"https:\/\/wp.icmm.csic.es\/emergence\/wp-content\/uploads\/sites\/24\/2025\/10\/emergence2025_fermiliquid_web.pdf\">Fermi liquid theory<\/a><\/h3>\n<h3><a href=\"https:\/\/wp.icmm.csic.es\/emergence\/wp-content\/uploads\/sites\/24\/2025\/10\/emergence2025_mott_web.pdf\">Mott physics<\/a><\/h3>\n<h3><a href=\"https:\/\/wp.icmm.csic.es\/emergence\/wp-content\/uploads\/sites\/24\/2025\/11\/Emerg-PT-2025.pdf\">Phase Transitions<\/a>.\u00a0 (Bel\u00e9n Valenzuela)<\/h3>\n<h3>Magnetism<\/h3>\n<ul>\n<li>\n<h2><a href=\"https:\/\/wp.icmm.csic.es\/emergence\/wp-content\/uploads\/sites\/24\/2025\/11\/Emergence-Magnetism2025-1.pdf\">Magnetism<\/a> \u00a0 <strong><span style=\"font-size: 16px\">(Mar\u00eda Jos\u00e9 Calder\u00f3n)<\/span><\/strong><\/h2>\n<\/li>\n<li>\n<h2><a href=\"https:\/\/wp.icmm.csic.es\/emergence\/wp-content\/uploads\/sites\/24\/2025\/10\/Altermagnets_compressed.pdf\">Altermagnetism<\/a> (Alberto Cortijo)<\/h2>\n<\/li>\n<\/ul>\n<h3><\/h3>\n<h3><a href=\"https:\/\/wp.icmm.csic.es\/emergence\/wp-content\/uploads\/sites\/24\/2025\/10\/Emergence-All-Superconductivity-2025_compressed.pdf\">Superconductivity<\/a> \u00a0(Mar\u00eda Jos\u00e9 Calder\u00f3n)<\/h3>\n<p>&nbsp;<\/p>\n<h3><span style=\"font-size: 20px;font-weight: bold\">The Kondo effect in metals and nanostructures (Ram\u00f3n Aguado).<\/span><\/h3>\n<ul>\n<li style=\"list-style-type: none\">\n<h4><a href=\"https:\/\/wp.icmm.csic.es\/emergence\/wp-content\/uploads\/sites\/24\/2025\/10\/postgrado-Kondo1_compressed.pdf\">The Kondo effect in metals and nanostructures I<\/a><\/h4>\n<\/li>\n<\/ul>\n<ul>\n<li style=\"list-style-type: none\">\n<h4><a href=\"https:\/\/wp.icmm.csic.es\/emergence\/wp-content\/uploads\/sites\/24\/2025\/10\/postgrado-Kondo2_compressed.pdf\">The Kondo effect in metals and nanostructures II<\/a><\/h4>\n<\/li>\n<\/ul>\n<ul>\n<li style=\"list-style-type: none\">\n<h4><a href=\"https:\/\/wp.icmm.csic.es\/emergence\/wp-content\/uploads\/sites\/24\/2025\/10\/postgrado-Kondo3_compressed.pdf\">The Kondo effect in metals and nanostructures III<\/a><\/h4>\n<\/li>\n<\/ul>\n<h4><span style=\"font-size: 20px;font-weight: bold\">Topological materials.\u00a0 (Alberto Cortijo)<\/span><\/h4>\n<ul>\n<li style=\"list-style-type: none\"><\/li>\n<\/ul>\n<h4>\u00a0 \u00a0 \u00a0 <a href=\"https:\/\/wp.icmm.csic.es\/emergence\/wp-content\/uploads\/sites\/24\/2025\/10\/Dirac1_compressed.pdf\">Dirac materials<\/a><\/h4>\n<ul>\n<li style=\"list-style-type: none\">\n<h4><a href=\"https:\/\/wp.icmm.csic.es\/emergence\/wp-content\/uploads\/sites\/24\/2025\/10\/Dirac2-2_compressed.pdf\">Topological Insulators<\/a><\/h4>\n<\/li>\n<li style=\"list-style-type: none\">\n<h4><a href=\"https:\/\/wp.icmm.csic.es\/emergence\/wp-content\/uploads\/sites\/24\/2025\/10\/Dirac3-2_compressed.pdf\">Topological Semimetals<\/a><\/h4>\n<\/li>\n<\/ul>\n<h4>Topological Superconductors and Majoranas (Ram\u00f3n Aguado)<\/h4>\n<h4>\u00a0 \u00a0 <a href=\"http:\/\/do-topological-superconductors-and-Majoranas_compressed-1.pdf\">Topological Superconductors\u00a0<\/a><\/h4>\n<h4><\/h4>\n<p>&nbsp;<\/p>\n","protected":false},"excerpt":{"rendered":"<p>Electronic correlations (Leni Bascones) Introduction to electronic correlations and basic concepts Fermi liquid theory Mott physics Phase Transitions.\u00a0 (Bel\u00e9n Valenzuela) Magnetism Magnetism \u00a0 (Mar\u00eda Jos\u00e9 Calder\u00f3n) Altermagnetism (Alberto Cortijo) Superconductivity \u00a0(Mar\u00eda Jos\u00e9 Calder\u00f3n) &nbsp; The Kondo effect in metals and nanostructures (Ram\u00f3n Aguado). The Kondo effect in metals and nanostructures I The Kondo effect in &hellip; <a href=\"https:\/\/wp.icmm.csic.es\/emergence\/slides-ed-2025\/\" class=\"more-link\">Continue reading <span class=\"screen-reader-text\">Slides Ed. 2025<\/span> <span class=\"meta-nav\">&rarr;<\/span><\/a><\/p>\n","protected":false},"author":1,"featured_media":0,"parent":0,"menu_order":0,"comment_status":"closed","ping_status":"closed","template":"","meta":{"footnotes":""},"class_list":["post-98","page","type-page","status-publish","hentry"],"_links":{"self":[{"href":"https:\/\/wp.icmm.csic.es\/emergence\/wp-json\/wp\/v2\/pages\/98","targetHints":{"allow":["GET"]}}],"collection":[{"href":"https:\/\/wp.icmm.csic.es\/emergence\/wp-json\/wp\/v2\/pages"}],"about":[{"href":"https:\/\/wp.icmm.csic.es\/emergence\/wp-json\/wp\/v2\/types\/page"}],"author":[{"embeddable":true,"href":"https:\/\/wp.icmm.csic.es\/emergence\/wp-json\/wp\/v2\/users\/1"}],"replies":[{"embeddable":true,"href":"https:\/\/wp.icmm.csic.es\/emergence\/wp-json\/wp\/v2\/comments?post=98"}],"version-history":[{"count":40,"href":"https:\/\/wp.icmm.csic.es\/emergence\/wp-json\/wp\/v2\/pages\/98\/revisions"}],"predecessor-version":[{"id":560,"href":"https:\/\/wp.icmm.csic.es\/emergence\/wp-json\/wp\/v2\/pages\/98\/revisions\/560"}],"wp:attachment":[{"href":"https:\/\/wp.icmm.csic.es\/emergence\/wp-json\/wp\/v2\/media?parent=98"}],"curies":[{"name":"wp","href":"https:\/\/api.w.org\/{rel}","templated":true}]}}