{"id":1282,"date":"2017-04-27T14:14:57","date_gmt":"2017-04-27T13:14:57","guid":{"rendered":"http:\/\/www.icmm.csic.es\/eosmad\/?page_id=1282"},"modified":"2019-04-30T09:22:03","modified_gmt":"2019-04-30T09:22:03","slug":"lineas-de-investigacion","status":"publish","type":"page","link":"https:\/\/wp.icmm.csic.es\/eosmad\/lineas-de-investigacion\/","title":{"rendered":"L\u00edneas de Investigaci\u00f3n"},"content":{"rendered":"<h4 style=\"text-align: left\"><span style=\"text-decoration: underline\"><a href=\"https:\/\/wp.icmm.csic.es\/eosmad\/research\/\">english<\/a><\/span><\/h4>\n<blockquote><p>&nbsp;<\/p>\n<p style=\"text-align: justify\"><span style=\"color: #000000\">La actividad investigadora del grupo de investigaci\u00f3n se centra en el estudio de <strong>materiales avanzados basados en \u00f3xidos electroactivos<\/strong> (piezoel\u00e9ctricos, ferroel\u00e9ctricos, multiferroicos, semiconductores y conductores i\u00f3nicos) con aplicaciones en <strong>dispositvos inteligentes empleados tanto en la electr\u00f3nica y microelectr\u00f3nica m\u00e1s convencionales<\/strong> (sensores, actuadores, recuperaci\u00f3n de energ\u00eda, almacenamiento de memoria)<strong>&nbsp; como en tecnolog\u00edas emergentes <\/strong>(macroelectr\u00f3nica, electr\u00f3nica flexible). El desarrollo de <strong>nuevas estrategias de s\u00edntesis y procesado de materiales<\/strong>, junto con el avance en el conocimiento de los mecanismos f\u00edsico-qu\u00edmicos que rigen las <strong>relaciones preparaci\u00f3n-microestructura-propiedades<\/strong>, nos permiten alcanzar nuestro objetivo principal: la elaboraci\u00f3n de materiales funcionales de alta calidad.&nbsp;<\/span><\/p>\n<p style=\"text-align: justify\"><span style=\"color: #000000\">En la actualidad nuestras tres l\u00edneas de investigaci\u00f3n principales son:<\/span><\/p>\n<\/blockquote>\n<div id=\"attachment_1681\" style=\"width: 213px\" class=\"wp-caption aligncenter\"><a href=\"https:\/\/wp.icmm.csic.es\/eosmad\/lineas-de-investigacion\/materiales-multiferroicos\/\" rel=\"noopener\"><img loading=\"lazy\" decoding=\"async\" aria-describedby=\"caption-attachment-1681\" class=\"wp-image-1681 \" src=\"https:\/\/wp.icmm.csic.es\/eosmad\/wp-content\/uploads\/sites\/31\/2017\/11\/multiferroic-materials-500X350-px-300x210.png\" alt=\"multiferroic materials 500X350 px\" width=\"203\" height=\"142\" srcset=\"https:\/\/wp.icmm.csic.es\/eosmad\/wp-content\/uploads\/sites\/31\/2017\/11\/multiferroic-materials-500X350-px-300x210.png 300w, https:\/\/wp.icmm.csic.es\/eosmad\/wp-content\/uploads\/sites\/31\/2017\/11\/multiferroic-materials-500X350-px.png 500w\" sizes=\"auto, (max-width: 203px) 100vw, 203px\" \/><\/a><p id=\"caption-attachment-1681\" class=\"wp-caption-text\">MATERIALES MULTIFERROICOS<\/p><\/div>\n<div id=\"attachment_1532\" style=\"width: 211px\" class=\"wp-caption aligncenter\"><a href=\"https:\/\/wp.icmm.csic.es\/eosmad\/lineas-de-investigacion\/laminas-delgadas-funcionales\/\" rel=\"noopener\"><img loading=\"lazy\" decoding=\"async\" aria-describedby=\"caption-attachment-1532\" class=\"wp-image-1532 \" src=\"https:\/\/wp.icmm.csic.es\/eosmad\/wp-content\/uploads\/sites\/31\/2017\/10\/functional-thin-films-500px-width-300x212.png\" alt=\"functional thin films 500px width\" width=\"201\" height=\"142\" srcset=\"https:\/\/wp.icmm.csic.es\/eosmad\/wp-content\/uploads\/sites\/31\/2017\/10\/functional-thin-films-500px-width-300x212.png 300w, https:\/\/wp.icmm.csic.es\/eosmad\/wp-content\/uploads\/sites\/31\/2017\/10\/functional-thin-films-500px-width.png 500w\" sizes=\"auto, (max-width: 201px) 100vw, 201px\" \/><\/a><p id=\"caption-attachment-1532\" class=\"wp-caption-text\">L\u00c1MINAS DELGADAS FUNCIONALES<\/p><\/div>\n<div id=\"attachment_1738\" style=\"width: 210px\" class=\"wp-caption aligncenter\"><a href=\"https:\/\/wp.icmm.csic.es\/eosmad\/lineas-de-investigacion\/ceramicas-piezoelectricas\/\"><img loading=\"lazy\" decoding=\"async\" aria-describedby=\"caption-attachment-1738\" class=\"wp-image-1738\" src=\"https:\/\/wp.icmm.csic.es\/eosmad\/wp-content\/uploads\/sites\/31\/2017\/11\/novel-piezoelectric-ceramic-technologies-500X350-px-300x210.png\" alt=\"\" width=\"200\" height=\"140\" srcset=\"https:\/\/wp.icmm.csic.es\/eosmad\/wp-content\/uploads\/sites\/31\/2017\/11\/novel-piezoelectric-ceramic-technologies-500X350-px-300x210.png 300w, https:\/\/wp.icmm.csic.es\/eosmad\/wp-content\/uploads\/sites\/31\/2017\/11\/novel-piezoelectric-ceramic-technologies-500X350-px.png 500w\" sizes=\"auto, (max-width: 200px) 100vw, 200px\" \/><\/a><p id=\"caption-attachment-1738\" class=\"wp-caption-text\">NUEVAS TECNOLOG\u00cdAS CER\u00c1MICAS PIEZOEL\u00c9CTRICAS<\/p><\/div>\n","protected":false},"excerpt":{"rendered":"<p>english &nbsp; La actividad investigadora del grupo de investigaci\u00f3n se centra en el estudio de materiales avanzados basados en \u00f3xidos electroactivos (piezoel\u00e9ctricos, ferroel\u00e9ctricos, multiferroicos, semiconductores&#8230;<\/p>\n","protected":false},"author":1,"featured_media":0,"parent":0,"menu_order":0,"comment_status":"closed","ping_status":"closed","template":"page-template-fullwidth.php","meta":{"ngg_post_thumbnail":0,"footnotes":""},"class_list":["post-1282","page","type-page","status-publish","hentry"],"_links":{"self":[{"href":"https:\/\/wp.icmm.csic.es\/eosmad\/wp-json\/wp\/v2\/pages\/1282","targetHints":{"allow":["GET"]}}],"collection":[{"href":"https:\/\/wp.icmm.csic.es\/eosmad\/wp-json\/wp\/v2\/pages"}],"about":[{"href":"https:\/\/wp.icmm.csic.es\/eosmad\/wp-json\/wp\/v2\/types\/page"}],"author":[{"embeddable":true,"href":"https:\/\/wp.icmm.csic.es\/eosmad\/wp-json\/wp\/v2\/users\/1"}],"replies":[{"embeddable":true,"href":"https:\/\/wp.icmm.csic.es\/eosmad\/wp-json\/wp\/v2\/comments?post=1282"}],"version-history":[{"count":14,"href":"https:\/\/wp.icmm.csic.es\/eosmad\/wp-json\/wp\/v2\/pages\/1282\/revisions"}],"predecessor-version":[{"id":2455,"href":"https:\/\/wp.icmm.csic.es\/eosmad\/wp-json\/wp\/v2\/pages\/1282\/revisions\/2455"}],"wp:attachment":[{"href":"https:\/\/wp.icmm.csic.es\/eosmad\/wp-json\/wp\/v2\/media?parent=1282"}],"curies":[{"name":"wp","href":"https:\/\/api.w.org\/{rel}","templated":true}]}}