{"id":1630,"date":"2017-11-24T12:19:21","date_gmt":"2017-11-24T11:19:21","guid":{"rendered":"http:\/\/www.icmm.csic.es\/eosmad\/?page_id=1630"},"modified":"2021-11-19T11:28:05","modified_gmt":"2021-11-19T11:28:05","slug":"work-with-us","status":"publish","type":"page","link":"https:\/\/wp.icmm.csic.es\/eosmad\/work-with-us\/","title":{"rendered":"work with us!"},"content":{"rendered":"<h4 style=\"text-align: right\"><span style=\"color: #0000ff\"><a href=\"https:\/\/wp.icmm.csic.es\/eosmad\/trabaja-con-nosotros\/\">espa\u00f1ol<\/a><\/span><\/h4>\n<p>&nbsp;<\/p>\n<p>If you are interested in joining us there are different options<\/p>\n<h3><strong>Postdoc positions<\/strong><\/h3>\n<p>Please contact any of us if you are interested in applying for:<\/p>\n<ul>\n<li><a href=\"https:\/\/ec.europa.eu\/research\/mariecurieactions\/about\/individual-fellowships_en\" target=\"_blank\" rel=\"noopener noreferrer\">Individual Fellowships. Marie Sk\u0142odowska-Curie Actions (European Comission)<\/a><\/li>\n<li>Juan de la Cierva contracts. Spanish State Research Agency<\/li>\n<\/ul>\n<h3><strong>Do your PhD thesis with us<\/strong><\/h3>\n<p>We have several topics for you to work. You can choose the one that fits best your formation and interests, contact the researcher in charge and apply for a grant, i.e, ayudas para la formaci\u00f3n de personal universitario (FPU)<\/p>\n<h3><strong>Do your MSc or BSc thesis with us<\/strong><\/h3>\n<p>We offer the supervision of MSc and BSc thesis. Please contact any of us if you are interested, and we will find a topic appropriate for your Master or Graduate studies.<\/p>\n<p>Currently we supervise thesis at:<\/p>\n<ul>\n<li>Grado en F\u00edsica. Universidad Aut\u00f3noma de Madrid (<a href=\"mailto:j.ricote@csic.es\" target=\"_blank\" rel=\"noopener noreferrer\">J. Ricote<\/a>)<\/li>\n<li>Grado en Qu\u00edmica\/Ingenier\u00eda Qu\u00edmica. Universidad Aut\u00f3noma de Madrid (<a href=\"mailto:ibretos@icmm.csic.es\" target=\"_blank\" rel=\"noopener noreferrer\">I. Bretos<\/a>)<\/li>\n<li>M\u00e1ster en energ\u00edas y combustibles para el futuro. Universidad Aut\u00f3noma de Madrid (<a href=\"mailto:malguero@icmm.csic.es\" target=\"_blank\" rel=\"noopener noreferrer\">M. Alguer\u00f3<\/a>)<\/li>\n<li>M\u00e1ster en F\u00edsica de la Materia Condensada y de los Sistemas Biol\u00f3gicos (especialidad Nanof\u00edsica).Universidad Aut\u00f3noma de Madrid (<a href=\"mailto:j.ricote@csic.es\" target=\"_blank\" rel=\"noopener noreferrer\">J. Ricote<\/a>)<\/li>\n<li>M\u00e1ster en Ingenier\u00eda Qu\u00edmica (<a href=\"mailto:ibretos@icmm.csic.es\" target=\"_blank\" rel=\"noopener noreferrer\">I. Bretos<\/a>)<\/li>\n<li>M\u00e1ster en nanof\u00edsica y materiales avanzados. Universidad Complutense de Madrid (<a href=\"mailto:acastro@icmm.csic.es\" target=\"_blank\" rel=\"noopener noreferrer\">A. Castro<\/a>)<\/li>\n<\/ul>\n<p>&nbsp;<\/p>\n<h3><strong>Introduction to research<\/strong><\/h3>\n<p>Decide if the research work is for you:<\/p>\n<p>-Do your grade training short stays (pr\u00e1cticas acad\u00e9micas externas) with us. Currently we have offers at:<\/p>\n<ul>\n<li>Grado en F\u00edsica. Universidad Aut\u00f3noma de Madrid (<a href=\"mailto:j.ricote@csic.es\" target=\"_blank\" rel=\"noopener noreferrer\">J. Ricote<\/a>)<\/li>\n<li>Grado en F\u00edsica. Universidad Complutense de Madrid (<a href=\"mailto:j.ricote@csic.es\" target=\"_blank\" rel=\"noopener noreferrer\">J. Ricote<\/a>)<\/li>\n<li>Grado en Ingenier\u00eda de Materiales. Universidad Complutense de Madrid (<a href=\"mailto:j.ricote@csic.es\" target=\"_blank\" rel=\"noopener noreferrer\">J. Ricote<\/a>)<\/li>\n<li>Grado en Qu\u00edmica. Universidad Aut\u00f3noma de Madrid (<a href=\"mailto:ibretos@icmm.csic.es\" target=\"_blank\" rel=\"noopener noreferrer\">I. Bretos<\/a>)<\/li>\n<\/ul>\n<p>-Apply for a CSIC scholarship to work with us (<a href=\"https:\/\/sede.csic.gob.es\/programa-jae\" target=\"_blank\" rel=\"noopener noreferrer\">CSIC programme JAE-Intro<\/a>)<\/p>\n","protected":false},"excerpt":{"rendered":"<p>espa\u00f1ol &nbsp; If you are interested in joining us there are different options Postdoc positions Please contact any of us if you are interested in&#8230;<\/p>\n","protected":false},"author":1,"featured_media":0,"parent":0,"menu_order":0,"comment_status":"closed","ping_status":"closed","template":"page-template-fullwidth.php","meta":{"ngg_post_thumbnail":0,"footnotes":""},"class_list":["post-1630","page","type-page","status-publish","hentry"],"_links":{"self":[{"href":"https:\/\/wp.icmm.csic.es\/eosmad\/wp-json\/wp\/v2\/pages\/1630","targetHints":{"allow":["GET"]}}],"collection":[{"href":"https:\/\/wp.icmm.csic.es\/eosmad\/wp-json\/wp\/v2\/pages"}],"about":[{"href":"https:\/\/wp.icmm.csic.es\/eosmad\/wp-json\/wp\/v2\/types\/page"}],"author":[{"embeddable":true,"href":"https:\/\/wp.icmm.csic.es\/eosmad\/wp-json\/wp\/v2\/users\/1"}],"replies":[{"embeddable":true,"href":"https:\/\/wp.icmm.csic.es\/eosmad\/wp-json\/wp\/v2\/comments?post=1630"}],"version-history":[{"count":11,"href":"https:\/\/wp.icmm.csic.es\/eosmad\/wp-json\/wp\/v2\/pages\/1630\/revisions"}],"predecessor-version":[{"id":3013,"href":"https:\/\/wp.icmm.csic.es\/eosmad\/wp-json\/wp\/v2\/pages\/1630\/revisions\/3013"}],"wp:attachment":[{"href":"https:\/\/wp.icmm.csic.es\/eosmad\/wp-json\/wp\/v2\/media?parent=1630"}],"curies":[{"name":"wp","href":"https:\/\/api.w.org\/{rel}","templated":true}]}}