{"id":1638,"date":"2017-11-24T12:35:52","date_gmt":"2017-11-24T11:35:52","guid":{"rendered":"http:\/\/www.icmm.csic.es\/eosmad\/?page_id=1638"},"modified":"2021-11-19T11:30:51","modified_gmt":"2021-11-19T11:30:51","slug":"trabaja-con-nosotros","status":"publish","type":"page","link":"https:\/\/wp.icmm.csic.es\/eosmad\/trabaja-con-nosotros\/","title":{"rendered":"trabaja con nosotros!"},"content":{"rendered":"<h4 style=\"text-align: right\"><span style=\"color: #0000ff\"><a href=\"https:\/\/wp.icmm.csic.es\/eosmad\/work-with-us\/\">english<\/a><\/span><\/h4>\n<p>&nbsp;<\/p>\n<p>Si te interesa trabajar con nosotros hay diferentes opciones<\/p>\n<h3><strong>Contratos postdoctorales<\/strong><\/h3>\n<p>Por favor contacta con cualquier miembro del equipo si quieres pedir uno de los siguientes contratos para trabajar en nuestro grupo<\/p>\n<ul>\n<li><a href=\"https:\/\/ec.europa.eu\/research\/mariecurieactions\/about\/individual-fellowships_en\" target=\"_blank\" rel=\"noopener noreferrer\">Individual Fellowships. Marie Sk\u0142odowska-Curie Actions (European Comission)<\/a><\/li>\n<li>Contratos Juan de la Cierva. Agencia Estatal de Investigaci\u00f3n.<\/li>\n<\/ul>\n<h3>&nbsp;<\/h3>\n<h3><strong>Haz tu tesis doctoral con nosotros<\/strong><\/h3>\n<p>Ofrecemos varios temas para que realices tu tesis doctoral. Elige el que se ajuste mejor a tu formaci\u00f3n y tus intereses, contacta con el investigador responsable y pide financiaci\u00f3n, por ejemplo, en el programa de ayudas para la formaci\u00f3n de personal universitario (FPU)<\/p>\n<h3>&nbsp;<\/h3>\n<h3><strong>Haz tu trabajo fin de M\u00e1ster o fin de Grado con nosotros<\/strong><\/h3>\n<p>Ofrecemos la direcci\u00f3n de trabajos fin de M\u00e1ster o fin de Grado a realizar en nuestros laboratorios. Por favor contacta con cualquiera de nosotros si est\u00e1s interesado y buscaremos contigo el tema m\u00e1s apropiado para tus estudios de M\u00e1ster o de Grado.<\/p>\n<p>En la actualidad dirigimos trabajos en los siguientes estudios:<\/p>\n<ul>\n<li>Grado en F\u00edsica. Universidad Aut\u00f3noma de Madrid (<a href=\"mailto:j.ricote@csic.es\" target=\"_blank\" rel=\"noopener noreferrer\">J. Ricote<\/a>)<\/li>\n<li>Grado en Qu\u00edmica\/Ingenier\u00eda Qu\u00edmica. Universidad Aut\u00f3noma de Madrid (<a href=\"mailto:ibretos@icmm.csic.es\" target=\"_blank\" rel=\"noopener noreferrer\">I. Bretos<\/a>)<\/li>\n<li>M\u00e1ster en energ\u00edas y combustibles para el futuro. Universidad Aut\u00f3noma de Madrid (<a href=\"mailto:malguero@icmm.csic.es\" target=\"_blank\" rel=\"noopener noreferrer\">M. Alguer\u00f3<\/a>)<\/li>\n<li>M\u00e1ster en F\u00edsica de la Materia Condensada y de los Sistemas Biol\u00f3gicos (especialidad Nanof\u00edsica).Universidad Aut\u00f3noma de Madrid (<a href=\"mailto:j.ricote@csic.es\" target=\"_blank\" rel=\"noopener noreferrer\">J. Ricote<\/a>)<\/li>\n<li>M\u00e1ster en Ingenier\u00eda Qu\u00edmica (<a href=\"mailto:ibretos@icmm.csic.es\" target=\"_blank\" rel=\"noopener noreferrer\">I. Bretos<\/a>)<\/li>\n<li>M\u00e1ster en nanof\u00edsica y materiales avanzados. Universidad Complutense de Madrid (<a href=\"mailto:acastro@icmm.csic.es\" target=\"_blank\" rel=\"noopener noreferrer\">A. Castro<\/a>)<\/li>\n<\/ul>\n<h3>&nbsp;<\/h3>\n<h3><strong>Introducci\u00f3n a la investigaci\u00f3n<\/strong><\/h3>\n<p>Decide primero si la investigaci\u00f3n es lo tuyo:<\/p>\n<p>-Has las pr\u00e1cticas acad\u00e9micas externas con nosotros. En la actualidad tenemos ofertas para:<\/p>\n<ul>\n<li>Grado en F\u00edsica. Universidad Aut\u00f3noma de Madrid (<a href=\"mailto:j.ricote@csic.es\" target=\"_blank\" rel=\"noopener noreferrer\">J. Ricote<\/a>)<\/li>\n<li>Grado en F\u00edsica. Universidad Complutense de Madrid (<a href=\"mailto:j.ricote@csic.es\" target=\"_blank\" rel=\"noopener noreferrer\">J. Ricote<\/a>)<\/li>\n<li>Grado en Ingenier\u00eda de Materiales. Universidad Complutense de Madrid (<a href=\"mailto:j.ricote@csic.es\" target=\"_blank\" rel=\"noopener noreferrer\">J. Ricote<\/a>)<\/li>\n<li>Grado en Qu\u00edmica. Universidad Aut\u00f3noma de Madrid (<a href=\"mailto:ibretos@icmm.csic.es\" target=\"_blank\" rel=\"noopener noreferrer\">I. Bretos<\/a>)<\/li>\n<\/ul>\n<p>-Solicita una estancia de 2 meses de introducci\u00f3n a la investigaci\u00f3n en nuestro grupo (<a href=\"https:\/\/sede.csic.gob.es\/programa-jae\" target=\"_blank\" rel=\"noopener noreferrer\">Programa JAE-Intro del CSIC<\/a>)<\/p>\n","protected":false},"excerpt":{"rendered":"<p>english &nbsp; Si te interesa trabajar con nosotros hay diferentes opciones Contratos postdoctorales Por favor contacta con cualquier miembro del equipo si quieres pedir uno&#8230;<\/p>\n","protected":false},"author":1,"featured_media":0,"parent":0,"menu_order":0,"comment_status":"closed","ping_status":"closed","template":"page-template-fullwidth.php","meta":{"ngg_post_thumbnail":0,"footnotes":""},"class_list":["post-1638","page","type-page","status-publish","hentry"],"_links":{"self":[{"href":"https:\/\/wp.icmm.csic.es\/eosmad\/wp-json\/wp\/v2\/pages\/1638","targetHints":{"allow":["GET"]}}],"collection":[{"href":"https:\/\/wp.icmm.csic.es\/eosmad\/wp-json\/wp\/v2\/pages"}],"about":[{"href":"https:\/\/wp.icmm.csic.es\/eosmad\/wp-json\/wp\/v2\/types\/page"}],"author":[{"embeddable":true,"href":"https:\/\/wp.icmm.csic.es\/eosmad\/wp-json\/wp\/v2\/users\/1"}],"replies":[{"embeddable":true,"href":"https:\/\/wp.icmm.csic.es\/eosmad\/wp-json\/wp\/v2\/comments?post=1638"}],"version-history":[{"count":12,"href":"https:\/\/wp.icmm.csic.es\/eosmad\/wp-json\/wp\/v2\/pages\/1638\/revisions"}],"predecessor-version":[{"id":3015,"href":"https:\/\/wp.icmm.csic.es\/eosmad\/wp-json\/wp\/v2\/pages\/1638\/revisions\/3015"}],"wp:attachment":[{"href":"https:\/\/wp.icmm.csic.es\/eosmad\/wp-json\/wp\/v2\/media?parent=1638"}],"curies":[{"name":"wp","href":"https:\/\/api.w.org\/{rel}","templated":true}]}}