{"id":21,"date":"2015-12-10T11:20:34","date_gmt":"2015-12-10T11:20:34","guid":{"rendered":"http:\/\/www.icmm.csic.es\/ecit2\/?page_id=21"},"modified":"2023-11-22T10:04:55","modified_gmt":"2023-11-22T10:04:55","slug":"gallery","status":"publish","type":"page","link":"https:\/\/wp.icmm.csic.es\/eosmad\/gallery\/","title":{"rendered":"Gallery"},"content":{"rendered":"<h3><img loading=\"lazy\" decoding=\"async\" class=\"size-full wp-image-3318 aligncenter\" src=\"https:\/\/wp.icmm.csic.es\/eosmad\/wp-content\/uploads\/sites\/31\/2023\/11\/ECEUXII-Glasgow-Lourdes-Miguel.jpg\" alt=\"\" width=\"1024\" height=\"722\" srcset=\"https:\/\/wp.icmm.csic.es\/eosmad\/wp-content\/uploads\/sites\/31\/2023\/11\/ECEUXII-Glasgow-Lourdes-Miguel.jpg 1024w, https:\/\/wp.icmm.csic.es\/eosmad\/wp-content\/uploads\/sites\/31\/2023\/11\/ECEUXII-Glasgow-Lourdes-Miguel-300x212.jpg 300w, https:\/\/wp.icmm.csic.es\/eosmad\/wp-content\/uploads\/sites\/31\/2023\/11\/ECEUXII-Glasgow-Lourdes-Miguel-768x542.jpg 768w\" sizes=\"auto, (max-width: 1024px) 100vw, 1024px\" \/><\/h3>\n<h3 style=\"text-align: center\">Electroceramics for End Users XII, Glasgow (UK), 5-8 November 2023<\/h3>\n<p>&nbsp;<\/p>\n<h3 style=\"text-align: center\"><img loading=\"lazy\" decoding=\"async\" class=\"aligncenter wp-image-3189 size-large\" src=\"https:\/\/wp.icmm.csic.es\/eosmad\/wp-content\/uploads\/sites\/31\/2023\/03\/HIGEM-2023-Taiwan-Ricardo-scaled.jpg\" alt=\"\" width=\"1024\" height=\"768\">International Conference on Hierarchical Green Energy Materials, Tainan (Taiwan), 10-11 January 2023<\/h3>\n<p>&nbsp;<\/p>\n<h3 style=\"text-align: center\"><img loading=\"lazy\" decoding=\"async\" class=\"aligncenter wp-image-3189 size-large\" src=\"https:\/\/wp.icmm.csic.es\/eosmad\/wp-content\/uploads\/sites\/31\/2023\/01\/Comida-Navidad-EOSMAD-Diciembre-2022-1024x768.jpg\" alt=\"\" width=\"1024\" height=\"768\" srcset=\"https:\/\/wp.icmm.csic.es\/eosmad\/wp-content\/uploads\/sites\/31\/2023\/01\/Comida-Navidad-EOSMAD-Diciembre-2022-1024x768.jpg 1024w, https:\/\/wp.icmm.csic.es\/eosmad\/wp-content\/uploads\/sites\/31\/2023\/01\/Comida-Navidad-EOSMAD-Diciembre-2022-300x225.jpg 300w, https:\/\/wp.icmm.csic.es\/eosmad\/wp-content\/uploads\/sites\/31\/2023\/01\/Comida-Navidad-EOSMAD-Diciembre-2022-768x576.jpg 768w, https:\/\/wp.icmm.csic.es\/eosmad\/wp-content\/uploads\/sites\/31\/2023\/01\/Comida-Navidad-EOSMAD-Diciembre-2022-1536x1152.jpg 1536w, https:\/\/wp.icmm.csic.es\/eosmad\/wp-content\/uploads\/sites\/31\/2023\/01\/Comida-Navidad-EOSMAD-Diciembre-2022.jpg 1600w\" sizes=\"auto, (max-width: 1024px) 100vw, 1024px\" \/>Madrid, 1 December 2022<\/h3>\n<p>&nbsp;<\/p>\nngg_shortcode_0_placeholder\n<h3 style=\"text-align: center\">XV Reuni\u00f3n Nacional de Electrocer\u00e1mica, Vitoria-Gasteiz, 7-9 July 2021<\/h3>\n<p>&nbsp;<\/p>\nngg_shortcode_1_placeholder\n<h3 style=\"text-align: center\">Congreso Nacional de la Sociedad Espa\u00f1ola de Cer\u00e1mica y Vidrio, Castell\u00f3n, 26-29 October 2020<\/h3>\n<p>&nbsp;<\/p>\nngg_shortcode_2_placeholder\n<h3 style=\"text-align: center\">Virtual CMD2020GEFES Conference, 31 August-4 September 2020<\/h3>\n<p>&nbsp;<\/p>\nngg_shortcode_3_placeholder\n<h3 style=\"text-align: center\">Virtual Electroceramics XVII Conference, 24-28 August 2020<\/h3>\n<p>&nbsp;<\/p>\n<h3><img loading=\"lazy\" decoding=\"async\" class=\"aligncenter wp-image-2682 size-large\" src=\"https:\/\/wp.icmm.csic.es\/eosmad\/wp-content\/uploads\/sites\/31\/2020\/03\/Cena-EOSMAD-25-Feb-2020-1-1024x768.jpg\" alt=\"\" width=\"1024\" height=\"768\" srcset=\"https:\/\/wp.icmm.csic.es\/eosmad\/wp-content\/uploads\/sites\/31\/2020\/03\/Cena-EOSMAD-25-Feb-2020-1-1024x768.jpg 1024w, https:\/\/wp.icmm.csic.es\/eosmad\/wp-content\/uploads\/sites\/31\/2020\/03\/Cena-EOSMAD-25-Feb-2020-1-300x225.jpg 300w, https:\/\/wp.icmm.csic.es\/eosmad\/wp-content\/uploads\/sites\/31\/2020\/03\/Cena-EOSMAD-25-Feb-2020-1-768x576.jpg 768w, https:\/\/wp.icmm.csic.es\/eosmad\/wp-content\/uploads\/sites\/31\/2020\/03\/Cena-EOSMAD-25-Feb-2020-1-1536x1152.jpg 1536w, https:\/\/wp.icmm.csic.es\/eosmad\/wp-content\/uploads\/sites\/31\/2020\/03\/Cena-EOSMAD-25-Feb-2020-1.jpg 1600w\" sizes=\"auto, (max-width: 1024px) 100vw, 1024px\" \/><img loading=\"lazy\" decoding=\"async\" class=\"aligncenter wp-image-2683 size-large\" src=\"https:\/\/wp.icmm.csic.es\/eosmad\/wp-content\/uploads\/sites\/31\/2020\/03\/Cena-EOSMAD-25-Feb-2020-3-1024x768.jpg\" alt=\"\" width=\"1024\" height=\"768\" srcset=\"https:\/\/wp.icmm.csic.es\/eosmad\/wp-content\/uploads\/sites\/31\/2020\/03\/Cena-EOSMAD-25-Feb-2020-3-1024x768.jpg 1024w, https:\/\/wp.icmm.csic.es\/eosmad\/wp-content\/uploads\/sites\/31\/2020\/03\/Cena-EOSMAD-25-Feb-2020-3-300x225.jpg 300w, https:\/\/wp.icmm.csic.es\/eosmad\/wp-content\/uploads\/sites\/31\/2020\/03\/Cena-EOSMAD-25-Feb-2020-3-768x576.jpg 768w, https:\/\/wp.icmm.csic.es\/eosmad\/wp-content\/uploads\/sites\/31\/2020\/03\/Cena-EOSMAD-25-Feb-2020-3-1536x1152.jpg 1536w, https:\/\/wp.icmm.csic.es\/eosmad\/wp-content\/uploads\/sites\/31\/2020\/03\/Cena-EOSMAD-25-Feb-2020-3.jpg 1600w\" sizes=\"auto, (max-width: 1024px) 100vw, 1024px\" \/><\/h3>\n<h3 style=\"text-align: center\">Madrid, 25 February 2020<\/h3>\n<p style=\"text-align: center\">&nbsp;<\/p>\nngg_shortcode_4_placeholder\n<h3 style=\"text-align: center\">European Researchers&#8217; Night, 27 September 2019<\/h3>\n<p>&nbsp;<\/p>\n<h3><img loading=\"lazy\" decoding=\"async\" class=\"aligncenter wp-image-2601 size-large\" src=\"https:\/\/wp.icmm.csic.es\/eosmad\/wp-content\/uploads\/sites\/31\/2019\/10\/Cena-Chinos-2019-1-1024x576.jpg\" alt=\"\" width=\"1024\" height=\"576\" srcset=\"https:\/\/wp.icmm.csic.es\/eosmad\/wp-content\/uploads\/sites\/31\/2019\/10\/Cena-Chinos-2019-1-1024x576.jpg 1024w, https:\/\/wp.icmm.csic.es\/eosmad\/wp-content\/uploads\/sites\/31\/2019\/10\/Cena-Chinos-2019-1-300x169.jpg 300w, https:\/\/wp.icmm.csic.es\/eosmad\/wp-content\/uploads\/sites\/31\/2019\/10\/Cena-Chinos-2019-1-768x432.jpg 768w, https:\/\/wp.icmm.csic.es\/eosmad\/wp-content\/uploads\/sites\/31\/2019\/10\/Cena-Chinos-2019-1.jpg 1600w\" sizes=\"auto, (max-width: 1024px) 100vw, 1024px\" \/><\/h3>\n<h3 style=\"text-align: center\">Madrid, 26 September 2019<\/h3>\n<p>&nbsp;<\/p>\n<h3><img loading=\"lazy\" decoding=\"async\" class=\"aligncenter wp-image-2549 size-medium_large\" src=\"https:\/\/wp.icmm.csic.es\/eosmad\/wp-content\/uploads\/sites\/31\/2019\/07\/IMG-20190714-WA0003-768x436.jpg\" alt=\"\" width=\"768\" height=\"436\" srcset=\"https:\/\/wp.icmm.csic.es\/eosmad\/wp-content\/uploads\/sites\/31\/2019\/07\/IMG-20190714-WA0003-768x436.jpg 768w, https:\/\/wp.icmm.csic.es\/eosmad\/wp-content\/uploads\/sites\/31\/2019\/07\/IMG-20190714-WA0003-300x170.jpg 300w, https:\/\/wp.icmm.csic.es\/eosmad\/wp-content\/uploads\/sites\/31\/2019\/07\/IMG-20190714-WA0003-1024x582.jpg 1024w, https:\/\/wp.icmm.csic.es\/eosmad\/wp-content\/uploads\/sites\/31\/2019\/07\/IMG-20190714-WA0003.jpg 1484w\" sizes=\"auto, (max-width: 768px) 100vw, 768px\" \/><img loading=\"lazy\" decoding=\"async\" class=\"aligncenter wp-image-2550 size-medium_large\" src=\"https:\/\/wp.icmm.csic.es\/eosmad\/wp-content\/uploads\/sites\/31\/2019\/07\/ISAF2019-Conference-1-768x390.jpg\" alt=\"\" width=\"768\" height=\"390\" srcset=\"https:\/\/wp.icmm.csic.es\/eosmad\/wp-content\/uploads\/sites\/31\/2019\/07\/ISAF2019-Conference-1-768x390.jpg 768w, https:\/\/wp.icmm.csic.es\/eosmad\/wp-content\/uploads\/sites\/31\/2019\/07\/ISAF2019-Conference-1-300x152.jpg 300w, https:\/\/wp.icmm.csic.es\/eosmad\/wp-content\/uploads\/sites\/31\/2019\/07\/ISAF2019-Conference-1-1024x520.jpg 1024w, https:\/\/wp.icmm.csic.es\/eosmad\/wp-content\/uploads\/sites\/31\/2019\/07\/ISAF2019-Conference-1-750x380.jpg 750w\" sizes=\"auto, (max-width: 768px) 100vw, 768px\" \/><\/h3>\n<h3 style=\"text-align: center\">F<sup>2<\/sup>c\u03c0<sup>2 <\/sup>Joint Conference at Lausanne, 14-19 July 2019<\/h3>\n<p>&nbsp;<\/p>\n<h3><img loading=\"lazy\" decoding=\"async\" class=\"aligncenter wp-image-2532 size-large\" src=\"https:\/\/wp.icmm.csic.es\/eosmad\/wp-content\/uploads\/sites\/31\/2019\/06\/Cena-despedida-Michel-13-6-2019-1024x768.jpg\" alt=\"\" width=\"1024\" height=\"768\" srcset=\"https:\/\/wp.icmm.csic.es\/eosmad\/wp-content\/uploads\/sites\/31\/2019\/06\/Cena-despedida-Michel-13-6-2019-1024x768.jpg 1024w, https:\/\/wp.icmm.csic.es\/eosmad\/wp-content\/uploads\/sites\/31\/2019\/06\/Cena-despedida-Michel-13-6-2019-300x225.jpg 300w, https:\/\/wp.icmm.csic.es\/eosmad\/wp-content\/uploads\/sites\/31\/2019\/06\/Cena-despedida-Michel-13-6-2019-768x576.jpg 768w, https:\/\/wp.icmm.csic.es\/eosmad\/wp-content\/uploads\/sites\/31\/2019\/06\/Cena-despedida-Michel-13-6-2019.jpg 1600w\" sizes=\"auto, (max-width: 1024px) 100vw, 1024px\" \/><\/h3>\n<h3 style=\"text-align: center\">Madrid, 13th June 2019<\/h3>\n<p>&nbsp;<\/p>\n<h3><img loading=\"lazy\" decoding=\"async\" class=\"aligncenter wp-image-2285 size-medium_large\" src=\"https:\/\/wp.icmm.csic.es\/eosmad\/wp-content\/uploads\/sites\/31\/2019\/02\/Paella-01-02-2019-768x533.jpg\" alt=\"\" width=\"768\" height=\"533\" srcset=\"https:\/\/wp.icmm.csic.es\/eosmad\/wp-content\/uploads\/sites\/31\/2019\/02\/Paella-01-02-2019-768x533.jpg 768w, https:\/\/wp.icmm.csic.es\/eosmad\/wp-content\/uploads\/sites\/31\/2019\/02\/Paella-01-02-2019-300x208.jpg 300w, https:\/\/wp.icmm.csic.es\/eosmad\/wp-content\/uploads\/sites\/31\/2019\/02\/Paella-01-02-2019-1024x711.jpg 1024w, https:\/\/wp.icmm.csic.es\/eosmad\/wp-content\/uploads\/sites\/31\/2019\/02\/Paella-01-02-2019.jpg 1275w\" sizes=\"auto, (max-width: 768px) 100vw, 768px\" \/><\/h3>\n<h3 style=\"text-align: center\">Madrid, 1st February 2019<\/h3>\n<p>&nbsp;<\/p>\n<h3><img loading=\"lazy\" decoding=\"async\" class=\"alignnone wp-image-2276 size-full\" src=\"https:\/\/wp.icmm.csic.es\/eosmad\/wp-content\/uploads\/sites\/31\/2019\/01\/Celebraci\u00f3n-plaza-Inma-29-01-2019.jpg\" alt=\"\" width=\"1600\" height=\"1200\" srcset=\"https:\/\/wp.icmm.csic.es\/eosmad\/wp-content\/uploads\/sites\/31\/2019\/01\/Celebraci\u00f3n-plaza-Inma-29-01-2019.jpg 1600w, https:\/\/wp.icmm.csic.es\/eosmad\/wp-content\/uploads\/sites\/31\/2019\/01\/Celebraci\u00f3n-plaza-Inma-29-01-2019-300x225.jpg 300w, https:\/\/wp.icmm.csic.es\/eosmad\/wp-content\/uploads\/sites\/31\/2019\/01\/Celebraci\u00f3n-plaza-Inma-29-01-2019-768x576.jpg 768w, https:\/\/wp.icmm.csic.es\/eosmad\/wp-content\/uploads\/sites\/31\/2019\/01\/Celebraci\u00f3n-plaza-Inma-29-01-2019-1024x768.jpg 1024w\" sizes=\"auto, (max-width: 1600px) 100vw, 1600px\" \/><\/h3>\n<h3 style=\"text-align: center\">Madrid, 29th January 2019<\/h3>\n<p>&nbsp;<\/p>\n<h3 style=\"text-align: center\"><img loading=\"lazy\" decoding=\"async\" class=\"aligncenter wp-image-2148 size-large\" src=\"https:\/\/wp.icmm.csic.es\/eosmad\/wp-content\/uploads\/sites\/31\/2018\/10\/IMG-20181018-WA0000-1024x768.jpg\" alt=\"\" width=\"1024\" height=\"768\" srcset=\"https:\/\/wp.icmm.csic.es\/eosmad\/wp-content\/uploads\/sites\/31\/2018\/10\/IMG-20181018-WA0000-1024x768.jpg 1024w, https:\/\/wp.icmm.csic.es\/eosmad\/wp-content\/uploads\/sites\/31\/2018\/10\/IMG-20181018-WA0000-300x225.jpg 300w, https:\/\/wp.icmm.csic.es\/eosmad\/wp-content\/uploads\/sites\/31\/2018\/10\/IMG-20181018-WA0000-768x576.jpg 768w, https:\/\/wp.icmm.csic.es\/eosmad\/wp-content\/uploads\/sites\/31\/2018\/10\/IMG-20181018-WA0000.jpg 1600w\" sizes=\"auto, (max-width: 1024px) 100vw, 1024px\" \/><\/h3>\n<h3 style=\"text-align: center\">Madrid, 18th October 2018<\/h3>\n<p>&nbsp;<\/p>\nngg_shortcode_5_placeholder\n<h3 style=\"text-align: center\">Gallery of photos. Electroceramics XVI Hasselt, July 2018<\/h3>\n<p>&nbsp;<\/p>\n<h3 style=\"text-align: center\"><a href=\"https:\/\/wp.icmm.csic.es\/eosmad\/wp-content\/uploads\/sites\/31\/2015\/12\/IMG-20180131-WA0003.jpg\"><img loading=\"lazy\" decoding=\"async\" class=\"aligncenter wp-image-1801 size-large\" src=\"https:\/\/wp.icmm.csic.es\/eosmad\/wp-content\/uploads\/sites\/31\/2015\/12\/IMG-20180131-WA0003-1024x768.jpg\" alt=\"IMG-20180131-WA0003\" width=\"1024\" height=\"768\" srcset=\"https:\/\/wp.icmm.csic.es\/eosmad\/wp-content\/uploads\/sites\/31\/2015\/12\/IMG-20180131-WA0003-1024x768.jpg 1024w, https:\/\/wp.icmm.csic.es\/eosmad\/wp-content\/uploads\/sites\/31\/2015\/12\/IMG-20180131-WA0003-300x225.jpg 300w, https:\/\/wp.icmm.csic.es\/eosmad\/wp-content\/uploads\/sites\/31\/2015\/12\/IMG-20180131-WA0003-768x576.jpg 768w, https:\/\/wp.icmm.csic.es\/eosmad\/wp-content\/uploads\/sites\/31\/2015\/12\/IMG-20180131-WA0003.jpg 1600w\" sizes=\"auto, (max-width: 1024px) 100vw, 1024px\" \/><\/a>Madrid, 31st January 2018<\/h3>\n<p>&nbsp;<\/p>\n<h3 style=\"text-align: center\"><a href=\"https:\/\/wp.icmm.csic.es\/eosmad\/wp-content\/uploads\/sites\/31\/2015\/12\/visita-Taiwan-2017.jpg\"><img loading=\"lazy\" decoding=\"async\" class=\"aligncenter wp-image-1588 size-full\" src=\"https:\/\/wp.icmm.csic.es\/eosmad\/wp-content\/uploads\/sites\/31\/2015\/12\/visita-Taiwan-2017.jpg\" alt=\"visita Taiwan 2017\" width=\"4032\" height=\"3024\" srcset=\"https:\/\/wp.icmm.csic.es\/eosmad\/wp-content\/uploads\/sites\/31\/2015\/12\/visita-Taiwan-2017.jpg 4032w, https:\/\/wp.icmm.csic.es\/eosmad\/wp-content\/uploads\/sites\/31\/2015\/12\/visita-Taiwan-2017-300x225.jpg 300w, https:\/\/wp.icmm.csic.es\/eosmad\/wp-content\/uploads\/sites\/31\/2015\/12\/visita-Taiwan-2017-768x576.jpg 768w, https:\/\/wp.icmm.csic.es\/eosmad\/wp-content\/uploads\/sites\/31\/2015\/12\/visita-Taiwan-2017-1024x768.jpg 1024w\" sizes=\"auto, (max-width: 4032px) 100vw, 4032px\" \/><\/a><\/h3>\n<h3 style=\"text-align: center\">National Cheng Kung University (Taiwan) 28 September- 5 October 2017<\/h3>\n<h3 style=\"text-align: center\">&nbsp;<\/h3>\n<h3 style=\"text-align: center\"><a href=\"https:\/\/wp.icmm.csic.es\/eosmad\/wp-content\/uploads\/sites\/31\/2015\/12\/IMG-20171020-WA0015.jpg\"><img loading=\"lazy\" decoding=\"async\" class=\"aligncenter wp-image-1555 size-large\" src=\"https:\/\/wp.icmm.csic.es\/eosmad\/wp-content\/uploads\/sites\/31\/2015\/12\/IMG-20171020-WA0015-1024x768.jpg\" alt=\"IMG-20171020-WA0015\" width=\"1024\" height=\"768\" srcset=\"https:\/\/wp.icmm.csic.es\/eosmad\/wp-content\/uploads\/sites\/31\/2015\/12\/IMG-20171020-WA0015-1024x768.jpg 1024w, https:\/\/wp.icmm.csic.es\/eosmad\/wp-content\/uploads\/sites\/31\/2015\/12\/IMG-20171020-WA0015-300x225.jpg 300w, https:\/\/wp.icmm.csic.es\/eosmad\/wp-content\/uploads\/sites\/31\/2015\/12\/IMG-20171020-WA0015-768x576.jpg 768w, https:\/\/wp.icmm.csic.es\/eosmad\/wp-content\/uploads\/sites\/31\/2015\/12\/IMG-20171020-WA0015.jpg 1600w\" sizes=\"auto, (max-width: 1024px) 100vw, 1024px\" \/><\/a>Madrid, 20th October 2017<\/h3>\n<h3 style=\"text-align: center\"><a href=\"https:\/\/wp.icmm.csic.es\/eosmad\/wp-content\/uploads\/sites\/31\/2015\/12\/EOSMAD-1-junio-2017.jpg\"><br \/>\n<img loading=\"lazy\" decoding=\"async\" class=\"aligncenter wp-image-1417 size-large\" src=\"https:\/\/wp.icmm.csic.es\/eosmad\/wp-content\/uploads\/sites\/31\/2015\/12\/EOSMAD-1-junio-2017-1024x576.jpg\" alt=\"EOSMAD-1 junio 2017\" width=\"1024\" height=\"576\" srcset=\"https:\/\/wp.icmm.csic.es\/eosmad\/wp-content\/uploads\/sites\/31\/2015\/12\/EOSMAD-1-junio-2017-1024x576.jpg 1024w, https:\/\/wp.icmm.csic.es\/eosmad\/wp-content\/uploads\/sites\/31\/2015\/12\/EOSMAD-1-junio-2017-300x169.jpg 300w, https:\/\/wp.icmm.csic.es\/eosmad\/wp-content\/uploads\/sites\/31\/2015\/12\/EOSMAD-1-junio-2017-768x432.jpg 768w\" sizes=\"auto, (max-width: 1024px) 100vw, 1024px\" \/><\/a>Madrid, 1st June 2017<\/h3>\n<h3 style=\"text-align: center\">&nbsp;<\/h3>\n<h3 style=\"text-align: center\"><a href=\"https:\/\/wp.icmm.csic.es\/eosmad\/wp-content\/uploads\/sites\/31\/2015\/12\/EOSMAD-11-marzo-2017.jpg\"><img loading=\"lazy\" decoding=\"async\" class=\"aligncenter wp-image-1252 size-large\" src=\"https:\/\/wp.icmm.csic.es\/eosmad\/wp-content\/uploads\/sites\/31\/2015\/12\/EOSMAD-11-marzo-2017-1024x576.jpg\" alt=\"EOSMAD 11 marzo 2017\" width=\"1024\" height=\"576\" srcset=\"https:\/\/wp.icmm.csic.es\/eosmad\/wp-content\/uploads\/sites\/31\/2015\/12\/EOSMAD-11-marzo-2017-1024x576.jpg 1024w, https:\/\/wp.icmm.csic.es\/eosmad\/wp-content\/uploads\/sites\/31\/2015\/12\/EOSMAD-11-marzo-2017-300x169.jpg 300w, https:\/\/wp.icmm.csic.es\/eosmad\/wp-content\/uploads\/sites\/31\/2015\/12\/EOSMAD-11-marzo-2017-768x432.jpg 768w, https:\/\/wp.icmm.csic.es\/eosmad\/wp-content\/uploads\/sites\/31\/2015\/12\/EOSMAD-11-marzo-2017.jpg 1328w\" sizes=\"auto, (max-width: 1024px) 100vw, 1024px\" \/><\/a>Madrid, 11th March 2017<\/h3>\n<p>&nbsp;<\/p>\n<h3><img loading=\"lazy\" decoding=\"async\" class=\"aligncenter wp-image-400 size-full\" src=\"https:\/\/wp.icmm.csic.es\/eosmad\/wp-content\/uploads\/sites\/31\/2016\/04\/full-width-940-px-group-picture.png\" alt=\"\" width=\"940\" height=\"627\" srcset=\"https:\/\/wp.icmm.csic.es\/eosmad\/wp-content\/uploads\/sites\/31\/2016\/04\/full-width-940-px-group-picture.png 940w, https:\/\/wp.icmm.csic.es\/eosmad\/wp-content\/uploads\/sites\/31\/2016\/04\/full-width-940-px-group-picture-300x200.png 300w, https:\/\/wp.icmm.csic.es\/eosmad\/wp-content\/uploads\/sites\/31\/2016\/04\/full-width-940-px-group-picture-768x512.png 768w\" sizes=\"auto, (max-width: 940px) 100vw, 940px\" \/><\/h3>\n<h3 style=\"text-align: center\">The Group in 2017<\/h3>\n<p>&nbsp;<\/p>\n<p style=\"text-align: center\">&nbsp;<\/p>\n<h3 style=\"text-align: center\"><a href=\"https:\/\/wp.icmm.csic.es\/eosmad\/wp-content\/uploads\/sites\/31\/2015\/12\/comida-chinos-26-10-2016.jpg\"><img loading=\"lazy\" decoding=\"async\" class=\"aligncenter wp-image-730 size-large\" src=\"https:\/\/wp.icmm.csic.es\/eosmad\/wp-content\/uploads\/sites\/31\/2015\/12\/comida-chinos-26-10-2016-1024x576.jpg\" alt=\"comida chinos 26-10-2016\" width=\"1024\" height=\"576\" srcset=\"https:\/\/wp.icmm.csic.es\/eosmad\/wp-content\/uploads\/sites\/31\/2015\/12\/comida-chinos-26-10-2016-1024x576.jpg 1024w, https:\/\/wp.icmm.csic.es\/eosmad\/wp-content\/uploads\/sites\/31\/2015\/12\/comida-chinos-26-10-2016-300x169.jpg 300w, https:\/\/wp.icmm.csic.es\/eosmad\/wp-content\/uploads\/sites\/31\/2015\/12\/comida-chinos-26-10-2016-768x432.jpg 768w, https:\/\/wp.icmm.csic.es\/eosmad\/wp-content\/uploads\/sites\/31\/2015\/12\/comida-chinos-26-10-2016.jpg 1328w\" sizes=\"auto, (max-width: 1024px) 100vw, 1024px\" \/><\/a>Madrid, 26th October 2016<\/h3>\n<p>&nbsp;<\/p>\n<p><a href=\"https:\/\/wp.icmm.csic.es\/eosmad\/wp-content\/uploads\/sites\/31\/2015\/12\/Foto-grupo-20-06-2016.jpg\"><img loading=\"lazy\" decoding=\"async\" class=\"aligncenter wp-image-463 size-large\" src=\"https:\/\/wp.icmm.csic.es\/eosmad\/wp-content\/uploads\/sites\/31\/2015\/12\/Foto-grupo-20-06-2016-1024x576.jpg\" alt=\"Foto grupo-20-06-2016\" width=\"1024\" height=\"576\" srcset=\"https:\/\/wp.icmm.csic.es\/eosmad\/wp-content\/uploads\/sites\/31\/2015\/12\/Foto-grupo-20-06-2016-1024x576.jpg 1024w, https:\/\/wp.icmm.csic.es\/eosmad\/wp-content\/uploads\/sites\/31\/2015\/12\/Foto-grupo-20-06-2016-300x169.jpg 300w, https:\/\/wp.icmm.csic.es\/eosmad\/wp-content\/uploads\/sites\/31\/2015\/12\/Foto-grupo-20-06-2016-768x432.jpg 768w\" sizes=\"auto, (max-width: 1024px) 100vw, 1024px\" \/><\/a><\/p>\n<h3 style=\"text-align: center\">Madrid, 20th June 2016<\/h3>\n<p>&nbsp;<\/p>\n<p><a href=\"https:\/\/wp.icmm.csic.es\/eosmad\/wp-content\/uploads\/sites\/31\/2016\/02\/cena-Navidad-trabajo_09-01-2015_1.jpg\"><img loading=\"lazy\" decoding=\"async\" class=\"wp-image-250 size-large aligncenter\" src=\"https:\/\/wp.icmm.csic.es\/eosmad\/wp-content\/uploads\/sites\/31\/2016\/02\/cena-Navidad-trabajo_09-01-2015_1-1024x576.jpg\" alt=\"cena Navidad trabajo_09-01-2015_1\" width=\"1024\" height=\"576\" srcset=\"https:\/\/wp.icmm.csic.es\/eosmad\/wp-content\/uploads\/sites\/31\/2016\/02\/cena-Navidad-trabajo_09-01-2015_1-1024x576.jpg 1024w, https:\/\/wp.icmm.csic.es\/eosmad\/wp-content\/uploads\/sites\/31\/2016\/02\/cena-Navidad-trabajo_09-01-2015_1-300x169.jpg 300w, https:\/\/wp.icmm.csic.es\/eosmad\/wp-content\/uploads\/sites\/31\/2016\/02\/cena-Navidad-trabajo_09-01-2015_1-768x432.jpg 768w\" sizes=\"auto, (max-width: 1024px) 100vw, 1024px\" \/><\/a><\/p>\n<h3 style=\"text-align: center\">Madrid, 22nd&nbsp;February 2013<\/h3>\n<p>&nbsp;<\/p>\n<p><a href=\"https:\/\/wp.icmm.csic.es\/eosmad\/wp-content\/uploads\/sites\/31\/2016\/02\/Group-Meeting-2001.jpg\"><img loading=\"lazy\" decoding=\"async\" class=\"wp-image-249 size-large aligncenter\" src=\"https:\/\/wp.icmm.csic.es\/eosmad\/wp-content\/uploads\/sites\/31\/2016\/02\/Group-Meeting-2001-1024x768.jpg\" alt=\"Group Meeting 2001\" width=\"1024\" height=\"768\" srcset=\"https:\/\/wp.icmm.csic.es\/eosmad\/wp-content\/uploads\/sites\/31\/2016\/02\/Group-Meeting-2001-1024x768.jpg 1024w, https:\/\/wp.icmm.csic.es\/eosmad\/wp-content\/uploads\/sites\/31\/2016\/02\/Group-Meeting-2001-300x225.jpg 300w, https:\/\/wp.icmm.csic.es\/eosmad\/wp-content\/uploads\/sites\/31\/2016\/02\/Group-Meeting-2001-768x576.jpg 768w\" sizes=\"auto, (max-width: 1024px) 100vw, 1024px\" \/><\/a><\/p>\n<h3 style=\"text-align: center\">&nbsp;Madrid, 6th June 2011<\/h3>\n","protected":false},"excerpt":{"rendered":"<p>Electroceramics for End Users XII, Glasgow (UK), 5-8 November 2023 &nbsp; International Conference on Hierarchical Green Energy Materials, Tainan (Taiwan), 10-11 January 2023 &nbsp; Madrid,&#8230;<\/p>\n","protected":false},"author":1,"featured_media":0,"parent":0,"menu_order":0,"comment_status":"closed","ping_status":"closed","template":"page-template-fullwidth.php","meta":{"ngg_post_thumbnail":0,"footnotes":""},"class_list":["post-21","page","type-page","status-publish","hentry"],"_links":{"self":[{"href":"https:\/\/wp.icmm.csic.es\/eosmad\/wp-json\/wp\/v2\/pages\/21","targetHints":{"allow":["GET"]}}],"collection":[{"href":"https:\/\/wp.icmm.csic.es\/eosmad\/wp-json\/wp\/v2\/pages"}],"about":[{"href":"https:\/\/wp.icmm.csic.es\/eosmad\/wp-json\/wp\/v2\/types\/page"}],"author":[{"embeddable":true,"href":"https:\/\/wp.icmm.csic.es\/eosmad\/wp-json\/wp\/v2\/users\/1"}],"replies":[{"embeddable":true,"href":"https:\/\/wp.icmm.csic.es\/eosmad\/wp-json\/wp\/v2\/comments?post=21"}],"version-history":[{"count":26,"href":"https:\/\/wp.icmm.csic.es\/eosmad\/wp-json\/wp\/v2\/pages\/21\/revisions"}],"predecessor-version":[{"id":3321,"href":"https:\/\/wp.icmm.csic.es\/eosmad\/wp-json\/wp\/v2\/pages\/21\/revisions\/3321"}],"wp:attachment":[{"href":"https:\/\/wp.icmm.csic.es\/eosmad\/wp-json\/wp\/v2\/media?parent=21"}],"curies":[{"name":"wp","href":"https:\/\/api.w.org\/{rel}","templated":true}]}}