{"id":383,"date":"2016-04-01T10:23:12","date_gmt":"2016-04-01T09:23:12","guid":{"rendered":"http:\/\/www.icmm.csic.es\/eosmad\/?page_id=383"},"modified":"2022-08-17T13:54:58","modified_gmt":"2022-08-17T13:54:58","slug":"selected-publications","status":"publish","type":"page","link":"https:\/\/wp.icmm.csic.es\/eosmad\/people\/present-members\/dr-inigo-bretos\/selected-publications\/","title":{"rendered":"selected publications"},"content":{"rendered":"<div style=\"float: left;width: 35%\"><img loading=\"lazy\" decoding=\"async\" class=\"wp-image-517 size-full aligncenter\" src=\"https:\/\/wp.icmm.csic.es\/eosmad\/wp-content\/uploads\/sites\/31\/2016\/07\/foto-I\u00f1igo-150X200px.png\" alt=\"\" width=\"150\" height=\"200\"><\/div>\n<h2 style=\"float: right;width: 65%\"><span style=\"color: #c0504d\"><strong>CSIC Researcher<\/strong><\/span><\/h2>\n<h4 style=\"float: right;width: 65%\"><span style=\"color: #000000\"><strong><a href=\"mailto:ibretos@icmm.csic.es\" target=\"_blank\" rel=\"noopener noreferrer\">ibretos@icmm.csic.es<\/a><\/strong><\/span><\/h4>\n<div style=\"float: right;width: 65%\"><strong>\u2022 Scientific production: <a href=\"http:\/\/www.researcherid.com\/rid\/A-7836-2013\" target=\"_blank\" rel=\"noopener noreferrer\"><img loading=\"lazy\" decoding=\"async\" class=\"irc_mi\" src=\"https:\/\/blogs.helsinki.fi\/thinkopen\/files\/2018\/06\/ORCID-icon-300x300.png\" alt=\"Resultado de imagen de research id\" width=\"29\" height=\"29\" data-iml=\"1551083055634\"><\/a>&nbsp;<a href=\"http:\/\/orcid.org\/0000-0002-4824-2039\" target=\"_blank\" rel=\"noopener noreferrer\"> <img loading=\"lazy\" decoding=\"async\" class=\"\" src=\"https:\/\/orcid.org\/sites\/all\/themes\/orcidResponsiveNoto\/img\/orcid-logo.png\" alt=\"ORCID logo\" width=\"98\" height=\"30\">&nbsp; <\/a><a href=\"https:\/\/scholar.google.com\/citations?user=CDcFBsoAAAAJ&amp;hl=en\" target=\"_blank\" rel=\"noopener noreferrer\"><img loading=\"lazy\" decoding=\"async\" class=\"transparent\" src=\"https:\/\/upload.wikimedia.org\/wikipedia\/commons\/a\/a9\/Google_Scholar_logo_2015.PNG\" alt=\"https:\/\/upload.wikimedia.org\/wikipedia\/commons\/a\/a9\/Google_Scholar_logo_2015.PNG\" width=\"69\" height=\"26\"><\/a><a href=\"https:\/\/scholar.google.com\/citations?user=70fVJSIAAAAJ&amp;hl=en\" target=\"_blank\" rel=\"noopener noreferrer\">&nbsp;&nbsp;<\/a> <a href=\"https:\/\/www.researchgate.net\/profile\/Inigo_Bretos\" target=\"_blank\" rel=\"noopener noreferrer\"><strong><img loading=\"lazy\" decoding=\"async\" class=\"transparent\" src=\"https:\/\/upload.wikimedia.org\/wikipedia\/commons\/a\/aa\/ResearchGate_Logo.png\" alt=\"https:\/\/upload.wikimedia.org\/wikipedia\/commons\/a\/aa\/ResearchGate_Logo.png\" width=\"105\" height=\"33\"><\/strong><\/a><\/strong><\/div>\n<div style=\"float: right;width: 65%\"><strong>\u2022 Member of &#8220;Scientific Culture and Outreach&#8221; and &#8220;<a href=\"https:\/\/www.icmm.csic.es\/es\/comision-igualdad\/index.php\" target=\"_blank\" rel=\"noopener noreferrer\">Equality<\/a>&#8221; Committees at ICMM-CSIC<\/strong><\/div>\n<div style=\"float: right;width: 65%\"><strong>\u2022 Coordinator of &#8220;<a href=\"https:\/\/www.icmm.csic.es\/es\/divulgacion\/toca-la-ciencia\/index.php\" target=\"_blank\" rel=\"noopener noreferrer\">Toca la Ciencia<\/a>&#8221; activity at ICMM-CSIC<\/strong><\/div>\n<div style=\"float: right;width: 65%\"><strong>\u2022 Coordinator of Guide Tour &#8220;<a href=\"http:\/\/www.icmm.csic.es\/outreach\/guided-tours.php\" target=\"_blank\" rel=\"noopener noreferrer\">Playing with Chemistry for Materials Design<\/a>&#8221;&nbsp;at ICMM-CSIC<\/strong><\/div>\n<div style=\"float: right;width: 65%\"><strong>\u2022 Organizer of &#8220;<a href=\"https:\/\/www.icmm.csic.es\/es\/eventos\/jornadas-jovenes-investigadores.php\" target=\"_blank\" rel=\"noopener noreferrer\">Young Scientist Meetings<\/a>&#8221; seminars at ICMM-CSIC<\/strong><\/div>\n<div style=\"float: right;width: 65%\"><strong>\u2022 Teacher&nbsp;of postgraduate course &#8220;<a href=\"http:\/\/www.icmm.csic.es\/fronteras\/\" target=\"_blank\" rel=\"noopener noreferrer\">Fronteras en Ciencia de Materiales<\/a>&#8221; at ICMM-CSIC<\/strong><\/div>\n<div style=\"float: right;width: 65%\"><strong>\u2022 See <a href=\"https:\/\/wp.icmm.csic.es\/eosmad\/dr-inigo-bretos\/selected-publications\/\">10 selected publications<\/a><\/strong><\/div>\n<div style=\"clear: both\">&nbsp;<\/div>\n<p>&nbsp;<\/p>\n<ol>\n<li>O. Barrios, R. Jim\u00e9nez, J. Ricote, P. Tartaj, M.L. Calzada, <u>I. Bretos<\/u>. <em>A sustainable self-induced solution seeding approach for multipurpose BiFeO3 active layers in flexible electronic devices.<\/em> <strong>Advanced Functional Materials<\/strong> 32, 2022, 2112944.<\/li>\n<li><u>I. Bretos<\/u>, R. Jim\u00e9nez, J. Ricote, M.L. Calzada. <em>Photoferroelectric thin films for flexible systems by a three-in-one solution-based approach.<\/em> <strong>Advanced Functional Materials<\/strong> 30, 2020, 2001897.<\/li>\n<li><u>I. Bretos<\/u>, R. Jim\u00e9nez, J. Ricote, M.L. Calzada. <em>Photochemistry in the low-temperature processing of metal oxide thin films by solution methods<\/em>. <strong>Chemistry: A European Journal<\/strong> 26, 2020, 9277-9291.<\/li>\n<li><u>I. Bretos<\/u>, R. Jim\u00e9nez, J. Ricote, M.L. Calzada. <em>Low-temperature crystallization of solution-derived metal oxide thin films assisted by chemical processes<\/em>. <strong>Chemical Society Reviews<\/strong> 47, 2018, 291-308.<\/li>\n<li><u>I. Bretos<\/u>, R. Jim\u00e9nez, D. P\u00e9rez-Mezcua, N. Salazar, J. Ricote, M.L. Calzada. <em>Low-temperature liquid precursors of crystalline metal oxides assisted by heterogeneous photocatalysis. <\/em><strong>Advanced Materials<\/strong> 27, 2015, 2608-2613.<\/li>\n<li><u>I. Bretos<\/u>, R. Jim\u00e9nez, A. Wu, A.I. Kingon, P.M. Vilarinho, M.L. Calzada. <em>Activated solutions enabling low-temperature processing of functional ferroelectric oxides for flexible electronics<\/em>. <strong>Advanced Materials<\/strong> 26, 2014, 1405-1409.<\/li>\n<li><u>I. Bretos<\/u>, T. Schneller, M. Falter, M. B\u00e4cker, E. Hollmann, R. Wordenweber, L. Molina-Luna, G. Van Tendenloo, O. Eibl. <em>Solution-derived YBa<sub>2<\/sub>Cu<sub>3<\/sub>O<sub>7-\u03b4<\/sub> (YBCO) superconducting films with BaZrO<sub>3<\/sub> (BZO) nanodots based on reverse micelle stabilized nanoparticles. <\/em><strong>Journal of Materials Chemistry C<\/strong> 3, 2015, 3971-3979.<\/li>\n<li><u>I. Bretos<\/u>, R. Jim\u00e9nez, J. Garc\u00eda-L\u00f3pez, L. Pardo, M.L. Calzada. <em>Photochemical solution deposition of lead-based ferroelectric thin films: Avoiding the PbO-excess addition at last<\/em>. <strong>Chemistry of Materials<\/strong> 20, 2008, 5731-5733.<\/li>\n<li><u>I. Bretos<\/u>, R. Jim\u00e9nez, M.L. Calzada, M.K. Van Bael, A. Hardy, D. Van Genechten, J. Mullens. <em>Entirely aqueous solution-gel route for the preparation of (Pb<sub>1-x<\/sub>Ca<sub>x<\/sub>)TiO<sub>3<\/sub> thin films<\/em>. <strong>Chemistry of Materials<\/strong> 18, 2006, 6448-6456.<\/li>\n<li>M.L. Calzada, <u>I. Bretos<\/u>, R. Jim\u00e9nez, H. Guillon, L. Pardo. <em>Low-temperature processing of ferroelectric thin films compatible with silicon integrated circuit technology<\/em>. <strong>Advanced Materials<\/strong> 16, 2004, 1620-1624.<\/li>\n<\/ol>\n<\/li>\n<\/ol>\n<\/li>\n<\/ol>\n<\/li>\n<\/ol>\n","protected":false},"excerpt":{"rendered":"<p>CSIC Researcher ibretos@icmm.csic.es \u2022 Scientific production: &nbsp; &nbsp; &nbsp;&nbsp; \u2022 Member of &#8220;Scientific Culture and Outreach&#8221; and &#8220;Equality&#8221; Committees at ICMM-CSIC \u2022 Coordinator of &#8220;Toca&#8230;<\/p>\n","protected":false},"author":1,"featured_media":0,"parent":73,"menu_order":0,"comment_status":"closed","ping_status":"closed","template":"page-template-fullwidth.php","meta":{"ngg_post_thumbnail":0,"footnotes":""},"class_list":["post-383","page","type-page","status-publish","hentry"],"_links":{"self":[{"href":"https:\/\/wp.icmm.csic.es\/eosmad\/wp-json\/wp\/v2\/pages\/383","targetHints":{"allow":["GET"]}}],"collection":[{"href":"https:\/\/wp.icmm.csic.es\/eosmad\/wp-json\/wp\/v2\/pages"}],"about":[{"href":"https:\/\/wp.icmm.csic.es\/eosmad\/wp-json\/wp\/v2\/types\/page"}],"author":[{"embeddable":true,"href":"https:\/\/wp.icmm.csic.es\/eosmad\/wp-json\/wp\/v2\/users\/1"}],"replies":[{"embeddable":true,"href":"https:\/\/wp.icmm.csic.es\/eosmad\/wp-json\/wp\/v2\/comments?post=383"}],"version-history":[{"count":17,"href":"https:\/\/wp.icmm.csic.es\/eosmad\/wp-json\/wp\/v2\/pages\/383\/revisions"}],"predecessor-version":[{"id":2773,"href":"https:\/\/wp.icmm.csic.es\/eosmad\/wp-json\/wp\/v2\/pages\/383\/revisions\/2773"}],"up":[{"embeddable":true,"href":"https:\/\/wp.icmm.csic.es\/eosmad\/wp-json\/wp\/v2\/pages\/73"}],"wp:attachment":[{"href":"https:\/\/wp.icmm.csic.es\/eosmad\/wp-json\/wp\/v2\/media?parent=383"}],"curies":[{"name":"wp","href":"https:\/\/api.w.org\/{rel}","templated":true}]}}