{"id":539,"date":"2016-07-14T08:33:34","date_gmt":"2016-07-14T07:33:34","guid":{"rendered":"http:\/\/www.icmm.csic.es\/eosmad\/?page_id=539"},"modified":"2018-07-17T13:57:03","modified_gmt":"2018-07-17T13:57:03","slug":"collaborations","status":"publish","type":"page","link":"https:\/\/wp.icmm.csic.es\/eosmad\/collaborations\/","title":{"rendered":"Collaborations"},"content":{"rendered":"<h3><strong><span style=\"color: #0da4d3\">International Collaborations<\/span><\/strong><\/h3>\n<hr>\n<div style=\"float: left;width: 20%\"><img loading=\"lazy\" decoding=\"async\" class=\"wp-image-589 size-full aligncenter\" src=\"https:\/\/wp.icmm.csic.es\/eosmad\/wp-content\/uploads\/sites\/31\/2016\/07\/collaborations-COST-60px-height.png\" alt=\"\" width=\"125\" height=\"60\"><\/div>\n<div style=\"float: right;width: 75%\"><strong>COST IC1208<\/strong><br \/>\nSupported by the EU Framework Programme Horizon 2020<br \/>\nIntegrating devices and materials: a challenge for new instrumentation in ICT (IDEM)<\/div>\n<div style=\"clear: both\">&nbsp;<\/div>\n<div style=\"float: left;width: 20%\"><img loading=\"lazy\" decoding=\"async\" class=\"wp-image-579 size-full aligncenter\" src=\"https:\/\/wp.icmm.csic.es\/eosmad\/wp-content\/uploads\/sites\/31\/2016\/07\/collaborations-U-Aveiro-60px-height.png\" alt=\"\" width=\"157\" height=\"60\"><\/div>\n<div style=\"float: right;width: 75%\"><strong>University of Aveiro <\/strong>(Portugal)<br \/>\nCenter for Research in Ceramics and Composite Materials, CICECO<br \/>\nDepartment of Materials and Ceramic Engineering &amp; Department of Physics<\/div>\n<div style=\"clear: both\">&nbsp;<\/div>\n<div style=\"float: left;width: 20%\"><img loading=\"lazy\" decoding=\"async\" class=\"wp-image-574 size-full aligncenter\" src=\"https:\/\/wp.icmm.csic.es\/eosmad\/wp-content\/uploads\/sites\/31\/2016\/07\/collaborations-U-Rennes-60px-height.png\" alt=\"\" width=\"179\" height=\"60\"><\/div>\n<div style=\"float: right;width: 75%\"><strong>University of&nbsp;Rennes 1&nbsp;<\/strong>(France)<br \/>\nInstitute of Chemical Sciences of Rennes<br \/>\nGroup of Solid State Chemistry and Materials<\/div>\n<div style=\"clear: both\">&nbsp;<\/div>\n<div style=\"float: left;width: 20%\"><img loading=\"lazy\" decoding=\"async\" class=\"wp-image-583 size-full aligncenter\" src=\"https:\/\/wp.icmm.csic.es\/eosmad\/wp-content\/uploads\/sites\/31\/2016\/07\/collaborations-U-Hasselt-60px-height.png\" alt=\"\" width=\"192\" height=\"60\"><\/div>\n<div style=\"float: right;width: 75%\"><strong>University of&nbsp;Hasselt <\/strong>(Belgium)<br \/>\nInstitute for Materials Research<br \/>\nInorganic and Physical Chemistry<\/div>\n<div style=\"clear: both\">&nbsp;<\/div>\n<div style=\"float: left;width: 20%\"><img loading=\"lazy\" decoding=\"async\" class=\"wp-image-571 size-full aligncenter\" src=\"https:\/\/wp.icmm.csic.es\/eosmad\/wp-content\/uploads\/sites\/31\/2016\/07\/collaborations-ECOLE-60px-height.png\" alt=\"\" width=\"76\" height=\"60\"><\/div>\n<div style=\"float: right;width: 75%\"><strong>\u00c9cole Centrale Paris <\/strong>(France)<br \/>\nLaboratory of Structures, Properties and Modeling of Solids<br \/>\nGroup of Advanced Ferroics<\/div>\n<div style=\"clear: both\">&nbsp;<\/div>\n<div style=\"float: left;width: 20%\"><img loading=\"lazy\" decoding=\"async\" class=\"wp-image-582 size-full aligncenter\" src=\"https:\/\/wp.icmm.csic.es\/eosmad\/wp-content\/uploads\/sites\/31\/2016\/07\/collaborations-ENSICAEN-60px-height.png\" alt=\"\" width=\"106\" height=\"60\"><\/div>\n<div style=\"float: right;width: 75%\"><b>\u00c9cole Nationale Sup\u00e9rieure d&#8217;Ing\u00e9nieurs de Caen <\/b>(France)<br \/>\nLaboratory of Crystallography&nbsp;&amp; Materials Science<br \/>\nGroup of Functional and Structural Materials<\/div>\n<div style=\"clear: both\">&nbsp;<\/div>\n<div style=\"float: left;width: 20%\"><img loading=\"lazy\" decoding=\"async\" class=\"wp-image-573 size-full aligncenter\" src=\"https:\/\/wp.icmm.csic.es\/eosmad\/wp-content\/uploads\/sites\/31\/2016\/07\/collaborations-U-SCarlos-60px-height.png\" alt=\"\" width=\"78\" height=\"60\"><\/div>\n<div style=\"float: right;width: 75%\"><strong>Federal University of S\u00e3o Carlos&nbsp;<\/strong>(Brazil)<br \/>\nCenter of Exact Sciences and Technology<br \/>\nDepartment of Physics<\/div>\n<div style=\"clear: both\">&nbsp;<\/div>\n<div style=\"float: left;width: 20%\"><img loading=\"lazy\" decoding=\"async\" class=\"wp-image-573 size-full aligncenter\" src=\"https:\/\/wp.icmm.csic.es\/eosmad\/wp-content\/uploads\/sites\/31\/2018\/04\/collaborations-Tyndall-60px-height.png\" alt=\"\" width=\"154\" height=\"60\"><\/div>\n<div style=\"float: right;width: 75%\"><strong>Tyndall National Institute&nbsp;<\/strong>(Ireland)<br \/>\nMNS (Materials and Devices)<br \/>\nAdvanced Materials and Surfaces<\/div>\n<div style=\"clear: both\">&nbsp;<\/div>\n<div style=\"float: left;width: 20%\"><img loading=\"lazy\" decoding=\"async\" class=\"wp-image-573 size-full aligncenter\" src=\"https:\/\/wp.icmm.csic.es\/eosmad\/wp-content\/uploads\/sites\/31\/2018\/04\/collaborations-U-Twente-60px-height.png\" alt=\"\" width=\"118\" height=\"60\"><\/div>\n<div style=\"float: right;width: 75%\"><strong>University of Twente&nbsp;<\/strong>(The Netherlands)<br \/>\nFaculty of Science and Technology<br \/>\nInorganic Materials Science Group<\/div>\n<div style=\"clear: both\">&nbsp;<\/div>\n<div style=\"float: left;width: 20%\"><img loading=\"lazy\" decoding=\"async\" class=\"wp-image-573 size-full aligncenter\" src=\"https:\/\/wp.icmm.csic.es\/eosmad\/wp-content\/uploads\/sites\/31\/2018\/04\/collaborations-Sheffield-150px-width.png\" alt=\"\" width=\"118\" height=\"60\"><\/div>\n<div style=\"float: right;width: 75%\"><strong>Sheffield Hallam University&nbsp;<\/strong>(United Kingdom)<br \/>\nMaterials and Engineering Research Institute<\/div>\n<div style=\"clear: both\">&nbsp;<\/div>\n<div style=\"float: left;width: 20%\"><img loading=\"lazy\" decoding=\"async\" class=\"wp-image-609 size-full aligncenter\" src=\"https:\/\/wp.icmm.csic.es\/eosmad\/wp-content\/uploads\/sites\/31\/2016\/07\/collaborations-CIMAV-60px-height.png\" alt=\"\" width=\"106\" height=\"60\"><\/div>\n<div style=\"float: right;width: 75%\"><strong>Centro de Investigaci\u00f3n en Materiales Avanzados <\/strong>(Mexico)<br \/>\nDepartment of Materials Physics<\/div>\n<div style=\"float: right;width: 75%\">Group of Crystallography<\/div>\n<div style=\"clear: both\">&nbsp;<\/div>\n<div style=\"float: left;width: 20%\"><img loading=\"lazy\" decoding=\"async\" class=\"wp-image-572 size-full aligncenter\" src=\"https:\/\/wp.icmm.csic.es\/eosmad\/wp-content\/uploads\/sites\/31\/2016\/07\/collaborations-U-Minho-60px-height.png\" alt=\"\" width=\"98\" height=\"60\"><\/div>\n<div style=\"float: right;width: 75%\"><strong>University of&nbsp;Minho <\/strong>(Portugal)<br \/>\nCenter&nbsp;of Physics<br \/>\nElectroactive Smart Materials<\/div>\n<div style=\"clear: both\">&nbsp;<\/div>\n<div style=\"float: left;width: 20%\"><img loading=\"lazy\" decoding=\"async\" class=\"wp-image-603 size-full aligncenter\" src=\"https:\/\/wp.icmm.csic.es\/eosmad\/wp-content\/uploads\/sites\/31\/2016\/07\/collaborations-NCKU-60px-height.png\" alt=\"\" width=\"60\" height=\"60\"><\/div>\n<div style=\"float: right;width: 75%\"><strong>National Cheng Kung University <\/strong>(Taiwan)<br \/>\nCollege of Engineering<br \/>\nDepartment of Materials Science and&nbsp;Engineering<\/div>\n<div style=\"clear: both\">&nbsp;<\/div>\n<div style=\"float: left;width: 20%\"><img loading=\"lazy\" decoding=\"async\" class=\"wp-image-604 size-full aligncenter\" src=\"https:\/\/wp.icmm.csic.es\/eosmad\/wp-content\/uploads\/sites\/31\/2016\/07\/collaborations-U-SPaulo-60px-height.png\" alt=\"\" width=\"101\" height=\"60\"><\/div>\n<div style=\"float: right;width: 75%\"><b>University of S\u00e3o Paulo <\/b>(Brazil)<br \/>\nS\u00e3o Carlos Institute of Physics<br \/>\nDepartment of Physics and Materials&nbsp;Science<\/div>\n<div style=\"clear: both\">&nbsp;<\/div>\n<div style=\"float: left;width: 20%\"><img loading=\"lazy\" decoding=\"async\" class=\"wp-image-2046 aligncenter\" src=\"https:\/\/wp.icmm.csic.es\/eosmad\/wp-content\/uploads\/sites\/31\/2018\/07\/collaborations-U-Vilnius-60px-height-271x300.png\" alt=\"\" width=\"54\" height=\"60\" srcset=\"https:\/\/wp.icmm.csic.es\/eosmad\/wp-content\/uploads\/sites\/31\/2018\/07\/collaborations-U-Vilnius-60px-height-271x300.png 271w, https:\/\/wp.icmm.csic.es\/eosmad\/wp-content\/uploads\/sites\/31\/2018\/07\/collaborations-U-Vilnius-60px-height-768x849.png 768w, https:\/\/wp.icmm.csic.es\/eosmad\/wp-content\/uploads\/sites\/31\/2018\/07\/collaborations-U-Vilnius-60px-height-926x1024.png 926w\" sizes=\"auto, (max-width: 54px) 100vw, 54px\" \/><\/div>\n<div style=\"float: right;width: 75%\"><b>Vilnius University <\/b>(Lithuania)<br \/>\nFaculty of Physics<br \/>\nDepartment of Radiophysics<\/div>\n<div style=\"clear: both\">&nbsp;<\/div>\n<p>&nbsp;<\/p>\n<h3><strong><span style=\"color: #0da4d3\">National Collaborations<\/span><\/strong><\/h3>\n<hr>\n<div style=\"float: left;width: 20%\"><img loading=\"lazy\" decoding=\"async\" class=\"wp-image-578 size-full aligncenter\" src=\"https:\/\/wp.icmm.csic.es\/eosmad\/wp-content\/uploads\/sites\/31\/2016\/07\/collaborations-U-Navarra-60px-height.png\" alt=\"\" width=\"157\" height=\"60\"><\/div>\n<div style=\"float: right;width: 75%\"><strong>Universidad de Navarra<\/strong><br \/>\nFacultad de Ciencias y Farmacia<br \/>\nDepartamento de Qu\u00edmica<\/div>\n<div style=\"clear: both\">&nbsp;<\/div>\n<div style=\"float: left;width: 20%\"><img loading=\"lazy\" decoding=\"async\" class=\"wp-image-569 size-full aligncenter\" src=\"https:\/\/wp.icmm.csic.es\/eosmad\/wp-content\/uploads\/sites\/31\/2016\/07\/collaborations-ICV-60px-height.png\" alt=\"\" width=\"207\" height=\"60\"><\/div>\n<div style=\"float: right;width: 75%\"><strong>Instituto de Cer\u00e1mica y Vidrio<\/strong><br \/>\nDepartamento de Cer\u00e1mica<br \/>\nGrupo Procesamiento-Microestructura-Propiedades<\/div>\n<div style=\"clear: both\">&nbsp;<\/div>\n<div style=\"float: left;width: 20%\"><img loading=\"lazy\" decoding=\"async\" class=\"wp-image-569 size-full aligncenter\" src=\"https:\/\/wp.icmm.csic.es\/eosmad\/wp-content\/uploads\/sites\/31\/2018\/04\/collaborations-ICN2-60px-height.png\" alt=\"\" width=\"80\" height=\"80\"><\/div>\n<div style=\"float: right;width: 75%\"><strong>Institut Catal\u00e0 de Nanoci\u00e8ncia i Nanotecnologia<\/strong><br \/>\nNanostructured Materials<br \/>\nfor Photovoltaic Energy Group<\/div>\n<div style=\"clear: both\">&nbsp;<\/div>\n<div style=\"float: left;width: 20%\"><img loading=\"lazy\" decoding=\"async\" class=\"wp-image-595 size-full aligncenter\" src=\"https:\/\/wp.icmm.csic.es\/eosmad\/wp-content\/uploads\/sites\/31\/2016\/07\/collaborations-OXOLUTIA-60px-height1.png\" alt=\"\" width=\"192\" height=\"58\"><\/div>\n<div style=\"float: right;width: 75%\"><strong>OXOLUTIA S.L.<\/strong><br \/>\nParc de Recerca<br \/>\nUniversitat Aut\u00f2noma de Barcelona<\/div>\n<div style=\"clear: both\">&nbsp;<\/div>\n<div style=\"float: left;width: 20%\"><img loading=\"lazy\" decoding=\"async\" class=\"wp-image-568 size-full aligncenter\" src=\"https:\/\/wp.icmm.csic.es\/eosmad\/wp-content\/uploads\/sites\/31\/2016\/07\/collaborations-SERVICIENCIA-60px-height.png\" alt=\"\" width=\"147\" height=\"60\"><\/div>\n<div style=\"float: right;width: 75%\"><strong>SERVICIENCIA&nbsp;S.L.<\/strong><br \/>\nYuncos<br \/>\nToledo<\/div>\n<div style=\"clear: both\">&nbsp;<\/div>\n<div style=\"float: left;width: 20%\"><img loading=\"lazy\" decoding=\"async\" class=\"wp-image-576 size-full aligncenter\" src=\"https:\/\/wp.icmm.csic.es\/eosmad\/wp-content\/uploads\/sites\/31\/2016\/07\/collaborations-U-Malaga-60px-height.png\" alt=\"\" width=\"191\" height=\"70\"><\/div>\n<div style=\"float: right;width: 75%\"><strong>Universidad de M\u00e1laga<\/strong><br \/>\nFacultad de Ciencias<br \/>\nDepartamento de Qu\u00edmica Inorg\u00e1nica, Cristalograf\u00eda y Mineralog\u00eda<\/div>\n<div style=\"clear: both\">&nbsp;<\/div>\n<div style=\"float: left;width: 20%\"><img loading=\"lazy\" decoding=\"async\" class=\"wp-image-575 size-full aligncenter\" src=\"https:\/\/wp.icmm.csic.es\/eosmad\/wp-content\/uploads\/sites\/31\/2016\/07\/collaborations-U-Jaume-I-60px-height.png\" alt=\"\" width=\"60\" height=\"60\"><\/div>\n<div style=\"float: right;width: 75%\"><strong>Universitat Jaume I<\/strong><br \/>\nEscuela Superior de Tecnolog\u00eda y Ciencias Experimentales<br \/>\nDepartamento de Qu\u00edmica Inorg\u00e1nica&nbsp;y Org\u00e1nica<\/div>\n<div style=\"clear: both\">&nbsp;<\/div>\n","protected":false},"excerpt":{"rendered":"<p>International Collaborations COST IC1208 Supported by the EU Framework Programme Horizon 2020 Integrating devices and materials: a challenge for new instrumentation in ICT (IDEM) &nbsp;&#8230;<\/p>\n","protected":false},"author":1,"featured_media":0,"parent":0,"menu_order":0,"comment_status":"closed","ping_status":"closed","template":"page-template-fullwidth.php","meta":{"ngg_post_thumbnail":0,"footnotes":""},"class_list":["post-539","page","type-page","status-publish","hentry"],"_links":{"self":[{"href":"https:\/\/wp.icmm.csic.es\/eosmad\/wp-json\/wp\/v2\/pages\/539","targetHints":{"allow":["GET"]}}],"collection":[{"href":"https:\/\/wp.icmm.csic.es\/eosmad\/wp-json\/wp\/v2\/pages"}],"about":[{"href":"https:\/\/wp.icmm.csic.es\/eosmad\/wp-json\/wp\/v2\/types\/page"}],"author":[{"embeddable":true,"href":"https:\/\/wp.icmm.csic.es\/eosmad\/wp-json\/wp\/v2\/users\/1"}],"replies":[{"embeddable":true,"href":"https:\/\/wp.icmm.csic.es\/eosmad\/wp-json\/wp\/v2\/comments?post=539"}],"version-history":[{"count":5,"href":"https:\/\/wp.icmm.csic.es\/eosmad\/wp-json\/wp\/v2\/pages\/539\/revisions"}],"predecessor-version":[{"id":2836,"href":"https:\/\/wp.icmm.csic.es\/eosmad\/wp-json\/wp\/v2\/pages\/539\/revisions\/2836"}],"wp:attachment":[{"href":"https:\/\/wp.icmm.csic.es\/eosmad\/wp-json\/wp\/v2\/media?parent=539"}],"curies":[{"name":"wp","href":"https:\/\/api.w.org\/{rel}","templated":true}]}}