{"id":829,"date":"2016-12-05T13:10:41","date_gmt":"2016-12-05T12:10:41","guid":{"rendered":"http:\/\/www.icmm.csic.es\/eosmad\/?page_id=829"},"modified":"2023-11-23T11:56:42","modified_gmt":"2023-11-23T11:56:42","slug":"last-5-years-2","status":"publish","type":"page","link":"https:\/\/wp.icmm.csic.es\/eosmad\/publications\/last-5-years-2\/","title":{"rendered":"last 5 years"},"content":{"rendered":"<h2><strong>2023<\/strong><\/h2>\n<hr>\n<p><a href=\"https:\/\/pubs.rsc.org\/en\/content\/articlelanding\/2023\/tc\/d2tc05447g\" target=\"_blank\" rel=\"noopener\"><strong>In situ photogenerated hydroxyl radicals in the reaction atmosphere for the accelerated crystallization of solution-processed functional metal oxide thin films<\/strong><\/a><br \/>\nA. G\u00f3mez-L\u00f3pez, Y.A. Rivas, S. Lopez-Fajardo, R. Jim\u00e9nez, J. Ricote, C. Pecharrom\u00e1n, I. Montero, I. Bretos, M.L. Calzada<br \/>\n<span style=\"color: #993300\"><strong>Journal of Material Chemistry C&nbsp;<\/strong><\/span>11, 2619-2629<\/p>\n<p><a href=\"https:\/\/onlinelibrary.wiley.com\/doi\/full\/10.1002\/aelm.202300556\" target=\"_blank\" rel=\"noopener\"><b>Insights into the Early Size Effects of Lead-Free Piezoelectric Ba0.85Ca0.15Zr0.1Ti0.9O3<\/b><\/a><br \/>\nH. Amor\u00edn, M. Venet, J.E. Garc\u00eda, D.A. Ochoa, P. Ramos, J. L\u00f3pez-S\u00e1nchez, J. Rubio-Zuazo, A. Castro, M. Alguer\u00f3<br \/>\n<span style=\"color: #993300\"><strong>Advanced Electronic Materials <\/strong><\/span><span dir=\"ltr\">2300556<\/span> (2023)<\/p>\n<p><a href=\"https:\/\/www.sciencedirect.com\/science\/article\/pii\/S0925838823013440\" target=\"_blank\" rel=\"noopener\"><strong>Magnetoelectric properties of CoFe2O4\/BNT-BT0.08 biphasic nanocomposites, with 0-3 connectivity, prepared by sol-gel method<\/strong><\/a><br \/>\nM. Cernea, R. Radu, H. Amor\u00edn, B.S. Vasile, V.A Surdu, R. Trusca, R. Gavrila, C. Galassi<br \/>\n<span style=\"color: #993300\"><strong>Journal of Alloys and Compounds&nbsp;<\/strong><\/span>952, 170041 (2023)<\/p>\n<p><a href=\"https:\/\/www.sciencedirect.com\/science\/article\/pii\/S0955221923002315\" target=\"_blank\" rel=\"noopener\"><strong>Low-temperature solution processing route for potassium sodium niobate (KNN) thin films<\/strong><\/a><br \/>\nR. Pinho, I. Bretos, R. Jim\u00e9nez, M.L. Calzada, M.J. Hortig\u00fcela, G. Otero-Irurueta, M. Ivanov, A. Tkach, M.E. Costa, P.M. Vilarinho<br \/>\n<span style=\"color: #993300\"><strong>Journal of the European Ceramic Society&nbsp;<\/strong><\/span>43, 4740-4747 (2023)<\/p>\n<p><a href=\"https:\/\/www.sciencedirect.com\/science\/article\/pii\/S0955221923006209\" target=\"_blank\" rel=\"noopener\"><strong>Fine-grained high-performance Ba0.85Ca0.15 Zr0.1Ti0.9O3 piezoceramics obtained by current-controlled flash sintering of nanopowders<\/strong><\/a><br \/>\nS. L\u00f3pez-Blanco, D.A. Ochoa, H. Amor\u00edn, A. Castro, M. Alguer\u00f3, J.E. Garc\u00eda<br \/>\n<span style=\"color: #993300\"><strong>Journal of the European Ceramic Society<\/strong><\/span> 43, 7440-7445 (2023)<\/p>\n<p><a href=\"https:\/\/pubmed.ncbi.nlm.nih.gov\/37049298\/\" target=\"_blank\" rel=\"noopener\"><strong>Advanced Cellulose-Nanocarbon Composite Films for High-Performance Triboelectric and Piezoelectric Nanogenerators<\/strong><\/a><br \/>\nJ. Gonz\u00e1lez, A. Ghaffarinejad, M. Ivanov, P. Ferreira, P.M. Vilarinho, A. Borr\u00e1s, H. Amor\u00edn, B. Wicklein<br \/>\n<span style=\"color: #993300\"><strong>Nanomaterials<\/strong><\/span> 13, 1206 (2023)&nbsp;<\/p>\n<p><a href=\"https:\/\/link.springer.com\/article\/10.1007\/s10971-023-06065-2\" target=\"_blank\" rel=\"noopener\"><strong>Low-temperature sol-gel methods for the integration of crystalline metal oxide thin films in flexible electronics<\/strong><\/a><br \/>\nI. Bretos, R. Jim\u00e9nez, J. Ricote, A.Y. Rivas, M. Ech\u00e1niz-Cintora, R. Sirera, M.L. Calzada<br \/>\n<span style=\"color: #993300\"><strong>Journal of Sol-Gel Science and Technology&nbsp;<\/strong><\/span>107, 269-277 (2023)<\/p>\n<p><a href=\"https:\/\/pubs.aip.org\/aip\/ape\/article\/1\/3\/036108\/2922844\/Bulk-like-ferroelectricity-and-magnetoelectric?searchresult=1\" target=\"_blank\" rel=\"noopener\"><strong>Bulk-like ferroelectricity and magnetoelectric response of low-temperature solution-processed BiFeO3\u2013PbTiO3 films on Ni for metallic MEM<\/strong><\/a><br \/>\nM. Alguer\u00f3, L. Zia, R. Jim\u00e9nez, H. Amor\u00edn, I. Bretos, A. Barreto, G. Hassnain Jaffari, E. Rodr\u00edguez-Castell\u00f3n, P. Ramos, M.L. Calzada<br \/>\n<span style=\"color: #993300\"><strong>APL Energy<\/strong><\/span> 1, 036108 (2023)<\/p>\n<h2><strong>2022<\/strong><\/h2>\n<hr>\n<p><a href=\"https:\/\/doi.org\/10.1002\/adfm.202112944\" target=\"_blank\" rel=\"noopener noreferrer\"><strong>A Sustainable Self-Induced Solution Seeding Approach for Multipurpose BiFeO3 Active Layers in Flexible Electronic Devices<\/strong><\/a><br \/>\nO. Barrios, R. Jim\u00e9nez, J. Ricote, P. Tartaj, M.L. Calzada, I. Bretos<br \/>\n<span style=\"color: #993300\"><strong>Advanced Functional Materials&nbsp;<\/strong><\/span><span dir=\"ltr\">2112944<\/span> (2022)<\/p>\n<p><a href=\"https:\/\/www.sciencedirect.com\/science\/article\/pii\/S0955221922003429?via%3Dihub\" target=\"_blank\" rel=\"noopener noreferrer\"><strong>Lead-free Ba0.85Ca0.15Zr0.1Ti0.9O3 ferroelectric ceramics with refined microstructure and high strain under electric field by mechanosynthesis<\/strong><\/a><br \/>\nH. Amor\u00edn, M. Venet, E. Chinarro, P. Ramos, M. Alguer\u00f3, A. Castro<br \/>\n<span style=\"color: #993300\"><strong>Journal of the European Ceramic Society<\/strong><\/span> 42, 4907-4916 (2022)<\/p>\n<p><a href=\"https:\/\/doi.org\/10.1016\/j.jeurceramsoc.2022.04.041\" target=\"_blank\" rel=\"noopener noreferrer\"><strong>Microstructure-property relationships in composites of 8YSZ ceramics and in situ graphitized nanocellulose<\/strong><\/a><br \/>\nP. Hudelja, R. Schmidt, H.Amor\u00edn, S. Drev, A. Ivekovi\u0107, A. Abram, A. Kocjan, B. Wicklein<br \/>\n<span style=\"color: #993300\"><strong>Journal of the European Ceramic Society<\/strong><\/span> 42, 4594-4606 (2022)<\/p>\n<p><a href=\"https:\/\/doi.org\/10.3390\/nano12071232\" target=\"_blank\" rel=\"noopener noreferrer\"><strong><span dir=\"ltr\" role=\"presentation\">Direct Epitaxial Growth of Polar Hf<\/span><span dir=\"ltr\" role=\"presentation\">0.5<\/span><span dir=\"ltr\" role=\"presentation\">Zr<\/span><span dir=\"ltr\" role=\"presentation\">0.5<\/span><span dir=\"ltr\" role=\"presentation\">O<\/span><span dir=\"ltr\" role=\"presentation\">2<\/span> <span dir=\"ltr\" role=\"presentation\">Films <\/span><span dir=\"ltr\" role=\"presentation\">on Corundum<\/span><\/strong><\/a><br \/>\nE. Barriuso, P. Koutsogiannis, D. Serrate, J. Herrero-Mart\u00edn, R. Jim\u00e9nez, C. Mag\u00e9n, M. Alguer\u00f3, P.A. Algarabel, J.A. Pardo<br \/>\n<span style=\"color: #993300\"><strong>Nanomaterials <\/strong><\/span>12, 1232 (2022)<\/p>\n<p><a href=\"https:\/\/doi.org\/10.1111\/jace.18158\" target=\"_blank\" rel=\"noopener noreferrer\"><strong>Solution Processing of Morphotropic Phase Boundary BiFeO3-PbTiO3 Thin Films with Reduced Conductivity for High Room Temperature Switchable Polarization<\/strong><\/a><br \/>\nL. Zia, G. Hassnain Jaffari, R. Jim\u00e9nez, I. Bretos, H. Amor\u00edn, M. Alguer\u00f3, E. Rodr\u00edguez-Castell\u00f3n, M.L. Calzada<br \/>\n<span style=\"color: #993300\"><strong>Journal of the American Ceramic Society<\/strong><\/span> 105, 888-900 (2022)<\/p>\n<p><a href=\"https:\/\/aip.scitation.org\/doi\/10.1063\/5.0097079\" target=\"_blank\" rel=\"noopener noreferrer\"><strong>Coexisting magnetic orders and concomitant Morin-like transition and relaxor behavior<br \/>\nin multiferroic Aurivillius Bi4Ti32xNbxFexO12 compounds<\/strong><\/a><br \/>\nM. Alguer\u00f3, Rafael P. del Real, H. Amor\u00edn, A. Castro<br \/>\n<span style=\"color: #993300\"><strong>Applied Physics Letters<\/strong><\/span> 121, 122904 (2022)<\/p>\n<h2><strong>2021<\/strong><\/h2>\n<hr>\n<p><a href=\"https:\/\/doi.org\/10.1021\/acssuschemeng.1c05380\" target=\"_blank\" rel=\"noopener noreferrer\"><strong>Solvent-Free Design of Biobased Non-isocyanate Polyurethaneswith Ferroelectric Properties<\/strong><\/a><br \/>\nV. Sessini, C.N. Thai, H. Amor\u00edn, R. Jim\u00e9nez, C. Samuel, S. Caillol, J. Cornil, S. Hoyas, S. Barrau, P. Dubois, P. Lecle\u0300re, J.-M. Raquez<br \/>\n<span style=\"color: #993300\"><strong>ACS Sustainable Chemistry and Engineering <\/strong><\/span>9, 14946\u221214958 (2021)<\/p>\n<p><a href=\"https:\/\/doi.org\/10.1063\/5.0035551\" target=\"_blank\" rel=\"noopener noreferrer\"><strong>Role of magnetic ordering in the phase coexistence at the structural instability of the multiferroic BiFeO3\u2013PbTiO3<\/strong><\/a><br \/>\nC.M. Fernandez-Posada, A. Castro, R.P. del Real, M. Alguer\u00f3, H. Amor\u00edn<br \/>\n<span style=\"color: #993300\"><strong>Applied Physics Letters <\/strong><\/span>118, 052901 (2021)<\/p>\n<p><a href=\"https:\/\/doi.org\/10.1016\/j.jeurceramsoc.2020.12.042\" target=\"_blank\" rel=\"noopener noreferrer\"><strong>Stress-mediated solution deposition method to stabilize ferroelectric BiFe1-xCrxO3 perovskite thin films with narrow bandgaps<\/strong><\/a><br \/>\nR. Jim\u00e9nez, J. Ricote, I. Bretos, R.J. Jim\u00e9nez Riobo\u00f3, F. Mompe\u00e1n, A. Ruiz, H. Xie, M. Lira-Cant\u00fa, M.L. Calzada<br \/>\n<span style=\"color: #993300\"><strong>Journal of the European Ceramic Society <\/strong><\/span>41, 3404\u20133415 (2021)<\/p>\n<p><a href=\"https:\/\/doi.org\/10.1016\/j.ceramint.2021.03.029\" target=\"_blank\" rel=\"noopener noreferrer\"><strong>Enhanced magnetoelectric response of cofired ceramic layered composites by adjusting the grain boundary conductivity of the magnetostrictive component<\/strong><\/a><br \/>\nM. Venet, W. Santa-Rosa, H. Amor\u00edn, P. Ramos, M. Alguer\u00f3<br \/>\n<span style=\"color: #993300\"><strong>Ceramics International <\/strong><\/span>47, 17186-17191 (2021)<\/p>\n<p><a href=\"http:\/\/dx.doi.org\/10.1039\/D1DT02220B\" target=\"_blank\" rel=\"noopener noreferrer\"><strong>Multiferroic Aurivillius Bi4Ti2-xMnxFe0.5Nb0.5Ob12 (n=3) compounds with tailored magnetic interactions<\/strong><\/a><br \/>\nM. Alguero, J. Sanz-Mateo, R. P\u00e9rez del Real, J. Ricote, C. Fern\u00e1ndez-Posada, A. Castro<br \/>\n<span style=\"color: #993300\"><strong>Dalton Transactions <\/strong><\/span>50, 17062-17074 (2021)<\/p>\n<p><a href=\"https:\/\/pubs.acs.org\/doi\/10.1021\/acsapm.0c00351\" target=\"_blank\" rel=\"noopener noreferrer\"><strong><span dir=\"ltr\" role=\"presentation\">Beta Phase Crystallization and Ferro- and Piezoelectric <\/span><span dir=\"ltr\" role=\"presentation\">Performances of Melt-Processed Poly(vinylidene di<\/span><span dir=\"ltr\" role=\"presentation\">fl<\/span><span dir=\"ltr\" role=\"presentation\">uoride) Blends <\/span><span dir=\"ltr\" role=\"presentation\">with Poly(methyl methacrylate) Copolymers Containing Ionizable<\/span> <span dir=\"ltr\" role=\"presentation\">Moieties<\/span><\/strong><\/a><br \/>\nA<span dir=\"ltr\" role=\"presentation\">. De Neef, C.<\/span><span dir=\"ltr\" role=\"presentation\"> Samuel,<\/span> <span dir=\"ltr\" role=\"presentation\">H. Amor<\/span><span dir=\"ltr\" role=\"presentation\">\u00ed<\/span><span dir=\"ltr\" role=\"presentation\">n, G. Stoclet, R. Jim\u00e9<\/span><span dir=\"ltr\" role=\"presentation\">nez, P. Dubois, <\/span><span dir=\"ltr\" role=\"presentation\">J.<\/span><span dir=\"ltr\" role=\"presentation\"> Soulestin, J.-M. Raquez<\/span><br \/>\n<span style=\"color: #993300\"><strong>ACS Applied Polymer Materials <\/strong><\/span>2, 3766\u22123780 (2021)<\/p>\n<p><a href=\"https:\/\/doi.org\/10.1016\/j.mseb.2021.115055\" target=\"_blank\" rel=\"noopener noreferrer\"><strong><span lang=\"EN-US\">Magnetic properties across the YMnO<sub>3<\/sub>-BiFeO<sub>3<\/sub> system designed for phase-change magnetoelectric response<\/span><\/strong><\/a><br \/>\nM. Alguer\u00f3, J.A. Quintana-Cilleruelo, O. Pe\u00f1a, A. Castro<br \/>\n<span style=\"color: #993300\"><strong><span lang=\"EN-US\">Materials Science and Engineering B<\/span> <\/strong><\/span>266, 115055 (2021)<\/p>\n<h2><strong>2020<\/strong><\/h2>\n<hr>\n<p><a href=\"https:\/\/onlinelibrary.wiley.com\/doi\/full\/10.1002\/adfm.202001897\" target=\"_blank\" rel=\"noopener noreferrer\"><strong>Photoferroelectric Thin Films for Flexible Systems by a Three\u2010in\u2010One Solution\u2010Based Approach<\/strong><\/a><br \/>\nI. Bretos, R. Jim\u00e9nez, J. Ricote, R. Sirera, M.L. Calzada<br \/>\n<span style=\"color: #993300\"><strong>Advanced Functional Materials<\/strong><\/span> 2001897 (2020)<\/p>\n<p><a href=\"https:\/\/pubs.rsc.org\/en\/journals\/journalissues\/tc#!recentarticles\" target=\"_blank\" rel=\"noopener noreferrer\"><strong>Nanostructure stabilization by low-temperature dopant pinning in multiferroic BiFeO3-based thin films produced by aqueous chemical solution deposition<\/strong><\/a><br \/>\nC. Gumiel, T. Jardiel, D.G. Calatayud, T. Vranken, M.K. Van Bael, A. Hardy, M.L. Calzada, R. Jim\u00e9nez, M. Garc\u00eda-Hern\u00e1ndez, F.J. Mompe\u00e1n, A.C. Caballero, M. Peiteado<br \/>\n<span style=\"color: #993300\"><strong>Journal of Materials Chemistry C<\/strong><\/span> 8, 4234 (2020)<\/p>\n<p><a href=\"https:\/\/pubs.rsc.org\/en\/content\/articlelanding\/2020\/tc\/d0tc03210g#!divAbstract\" target=\"_blank\" rel=\"noopener noreferrer\"><strong>Novel Aurivillius Bi4Ti3-2xNbxFexO12 phases with increasing magnetic-cation fraction until percolation: a novel approach for room temperature multiferroism<\/strong><\/a><br \/>\nM. Alguer\u00f3, M. P\u00e9rez-Cerd\u00e1n, R.P. del Real, J. Ricote, A. Castro<br \/>\n<span style=\"color: #993300\"><strong>Journal of Materials Chemistry C<\/strong><\/span> 8, 12457 (2020)<\/p>\n<p><a href=\"https:\/\/chemistry-europe.onlinelibrary.wiley.com\/doi\/abs\/10.1002\/chem.202000448\" target=\"_blank\" rel=\"noopener noreferrer\"><strong>Low-temperature solution crystallization of nanostructured oxides and thin films<\/strong><\/a><br \/>\nI. Bretos, S. Diodati, R. Jim\u00e9nez, F. Tajoli, J. Ricote, G. Bragaggia, M. Franca, M.L. Calzada, S. Gross<br \/>\n<span style=\"color: #993300\"><strong>Chemistry A European Journal<\/strong><\/span> 26, 9157 \u20139179 (2020)<\/p>\n<p><a href=\"https:\/\/chemistry-europe.onlinelibrary.wiley.com\/doi\/abs\/10.1002\/chem.202000244\" target=\"_blank\" rel=\"noopener noreferrer\"><strong>Photochemistry in the low-temperature processing of metal oxide thin films by solution methods<\/strong><\/a><br \/>\nI. Bretos, R. Jim\u00e9nez, J. Ricote, M.L. Calzada<br \/>\n<span style=\"color: #993300\"><strong>Chemistry A European Journal<\/strong><\/span> 26, 9277 \u20139291 (2020)<\/p>\n<p><a href=\"https:\/\/doi.org\/10.3390\/nano10040672\" target=\"_blank\" rel=\"noopener noreferrer\"><strong>Lead-Free BNT\u2013BT0.08\/CoFe2O4 Core\u2013Shell Nanostructures with Potential Multifunctional Applications<\/strong><\/a><br \/>\nM. Cernea, R. Radu, H. Amor\u00edn, S.G. Greculeasa, B.S. Vasile, V.A. Surdu, P. Ganea, R. Trusca, M. Hattab, C. Galassi<br \/>\n<span style=\"color: #993300\"><strong>Nanomaterials<\/strong><\/span> 10, 672 (2020)<\/p>\n<p><a href=\"https:\/\/doi.org\/10.1111\/jace.17211\" target=\"_blank\" rel=\"noopener noreferrer\"><strong>Ceramic processing and multiferroic properties of the perovskite YMnO3-BiFeO3 binary system<\/strong><\/a><br \/>\nJ.A. Quintana-Cilleruelo, A. Castro, H. Amor\u00edn, V.K. Veerapandiyan, M. Deluca, O. Pe\u00f1a, M. Alguer\u00f3<br \/>\n<span style=\"color: #993300\"><strong>Journal of&nbsp; the American Ceramic Society<\/strong><\/span>&nbsp;103, 4846-4858 (2020)<\/p>\n<p><a href=\"https:\/\/ieeexplore.ieee.org\/document\/9094729\" target=\"_blank\" rel=\"noopener noreferrer\"><strong>Low-temperature solution approaches for the potential integration of ferroelectric oxide films in flexible electronics<\/strong><\/a><br \/>\nI. Bretos, R. Jim\u00e9nez, J. Ricote, M.L. Calzada<br \/>\n<span style=\"color: #993300\"><strong>IEEE Transactions on Ultrasonics, Ferroelectrics, and Frequency Control<\/strong><\/span> 67, 1967 (2020)<\/p>\n<p><a href=\"https:\/\/www.mdpi.com\/1996-1944\/13\/3\/731\" target=\"_blank\" rel=\"noopener noreferrer\"><strong>Selection and Optimization of a K0.5Na0.5NbO3-Based Material for Environmentally-Friendly Magnetoelectric Composites<\/strong><\/a><br \/>\nM. Venet, W. Santa-Rosa, P.S. da Silva, Jr., J.-C. M\u2019Peko, P. Ramos, H. Amor\u00edn, M. Alguer\u00f3<br \/>\n<span style=\"color: #993300\"><strong>Materials<\/strong><\/span> 13, 731 (2020)<\/p>\n<p><a href=\"https:\/\/www.mdpi.com\/1996-1944\/13\/11\/2592\" target=\"_blank\" rel=\"noopener noreferrer\"><strong>A Glance at Processing-Microstructure-Property Relationships for Magnetoelectric Particulate PZT-CFO Composites<\/strong><\/a><br \/>\nP. Galizia, C. Baldisserri, E. Mercadelli, C. Capiani, C. Galassi, M. Alguer\u00f3<br \/>\n<span style=\"color: #993300\"><strong>Materials<\/strong><\/span> 13, 2592 (2020)<\/p>\n<p><a href=\"https:\/\/pubs.acs.org\/doi\/10.1021\/acsapm.0c00351\" target=\"_blank\" rel=\"noopener noreferrer\"><strong>Beta Phase Crystallization and Ferro\/Piezoelectric Performances of Melt-Processed PVDF Blends with PMMA Copolymers Containing Ionizable Moieties<\/strong><\/a><br \/>\nA. De Neef, C. Samuel, H. Amor\u00edn, G. Stoclet, R. Jim\u00e9nez, P. Dubois, J. Soulestin, J.-M. Raquez<br \/>\n<span style=\"color: #993300\"><strong>ACS Applied Polymer Materials<\/strong><\/span> <span class=\"cit-volume\">2<\/span><span class=\"cit-issue\">, 9<\/span><span class=\"cit-pageRange\">, 3766\u20133780<\/span> (2020)<\/p>\n<h2><strong>2019<\/strong><\/h2>\n<hr>\n<p><a href=\"https:\/\/pubs.acs.org\/doi\/10.1021\/acs.jpcc.9b02645\" target=\"_blank\" rel=\"noopener noreferrer\"><strong>Delicate Balance Among Three Ferroic Polymorphic Phases in BiFeO<sub>3<\/sub>-BiMnO<sub>3<\/sub>-PbTiO<\/strong><sub><strong>3<\/strong><\/sub><\/a><br \/>\nFern\u00e1ndez-Posada, CM; Castro, A; Pena, O; Alguer\u00f3, M; Amor\u00edn H<br \/>\n<span style=\"color: #993300\"><strong>Journal of Physical Chemistry C<\/strong><\/span> 123, 13063-13073 (2019)<\/p>\n<p><strong><a href=\"https:\/\/doi.org\/10.1016\/j.jeurceramsoc.2019.02.026\" target=\"_blank\" rel=\"noopener noreferrer\">Controlling colloidal processing of (K,Na)NbO<sub>3<\/sub>-based materials in aqueous medium<\/a><\/strong><br \/>\nVenet, M; Santa-Rosa, W; M\u2019Peko, J-C; Amor\u00edn, H; Alguer\u00f3, M; Moreno, R<br \/>\n<span style=\"color: #993300\"><strong>Journal of the European Ceramic Society<\/strong><\/span> 39, 3456-3461 (2019)<\/p>\n<p><strong><a href=\"https:\/\/doi.org\/10.1016\/j.jeurceramsoc.2018.10.009\" target=\"_blank\" rel=\"noopener noreferrer\">Environmentally-friendly magnetoelectric ceramic multilayer composites by water-based tape casting<\/a><\/strong><br \/>\nSanta-Rosa, W; Venet, M; Peko, JCM; Moreno, R; Amor\u00edn, H; Alguer\u00f3, M<br \/>\n<span style=\"color: #993300\"><strong>Journal of the European Ceramic Society<\/strong><\/span> 39, 1065-1072 (2019)<\/p>\n<p><a href=\"https:\/\/doi.org\/10.1016\/j.jallcom.2018.12.273\" target=\"_blank\" rel=\"noopener noreferrer\"><strong>Magnetoelectric dual-particulate composites with wasp-waisted magnetic response for broadband energy harvesting<\/strong><\/a><br \/>\nGalizia, P; Alguer\u00f3, M; Bernier, N; Gambacorti, N; Aza, E; Lappas, A; Venet, M; Galassi, C<br \/>\n<span style=\"color: #993300\"><strong>Journal of Alloys and Compounds<\/strong><\/span> 783, 237-245 (2019)<\/p>\n<p><strong><a href=\"https:\/\/doi.org\/10.1111\/jace.16451\" target=\"_blank\" rel=\"noopener noreferrer\">Ergodicity of fine\u2010grained canonical relaxor ferroelectric (Bi<sub>0.5<\/sub>Na<sub>0.5<\/sub>)<sub>1\u2010x<\/sub>Ba<sub>x<\/sub>TiO<sub>3<\/sub> films<\/a><\/strong><br \/>\nSalazar, N; P\u00e9rez\u2010Mezcua, D; Calzada, ML; Gil, A; Ricote, J<br \/>\n<span style=\"color: #993300\"><strong>Journal of the American Ceramic Society<\/strong><\/span> 102, 5941\u20135951 (2019)<\/p>\n<p><a href=\"https:\/\/doi.org\/10.3390\/ma12091515\" target=\"_blank\" rel=\"noopener noreferrer\"><strong>Mechanosynthesis of the Whole Y<sub>1\u2212x<\/sub>Bi<sub>x<\/sub>Mn<sub>1\u2212x<\/sub>Fe<sub>x<\/sub>O<sub>3<\/sub> Perovskite System: Structural Characterization and Study of Phase Transitions<\/strong><\/a><br \/>\nQuintana-Cilleruelo, JA; Veerapandiyan, VK; Deluca, M; Alguer\u00f3, M; Castro A<br \/>\n<span style=\"color: #993300\"><strong>Materials<\/strong><\/span> 12, 1515 (2019)<\/p>\n<p><strong><a href=\"https:\/\/doi.org\/10.1063\/1.5063320\" target=\"_blank\" rel=\"noopener noreferrer\">Enhanced piezomagnetic coefficient of cobalt ferrite ceramics by Ga and Mn doping for magnetoelectric applications<\/a><\/strong><br \/>\nSanta-Rosa, W; da Silva Jr, PS, M\u2019Peko, JC; Amor\u00edn, H; Alguer\u00f3, M; Venet, M<br \/>\n<span style=\"color: #993300\"><strong>Journal of Applied Physics<\/strong><\/span> 125, 075107 (2019)<\/p>\n","protected":false},"excerpt":{"rendered":"<p>2023 In situ photogenerated hydroxyl radicals in the reaction atmosphere for the accelerated crystallization of solution-processed functional metal oxide thin films A. G\u00f3mez-L\u00f3pez, Y.A. Rivas,&#8230;<\/p>\n","protected":false},"author":1,"featured_media":0,"parent":2416,"menu_order":0,"comment_status":"closed","ping_status":"closed","template":"page-template-fullwidth.php","meta":{"ngg_post_thumbnail":0,"footnotes":""},"class_list":["post-829","page","type-page","status-publish","hentry"],"_links":{"self":[{"href":"https:\/\/wp.icmm.csic.es\/eosmad\/wp-json\/wp\/v2\/pages\/829","targetHints":{"allow":["GET"]}}],"collection":[{"href":"https:\/\/wp.icmm.csic.es\/eosmad\/wp-json\/wp\/v2\/pages"}],"about":[{"href":"https:\/\/wp.icmm.csic.es\/eosmad\/wp-json\/wp\/v2\/types\/page"}],"author":[{"embeddable":true,"href":"https:\/\/wp.icmm.csic.es\/eosmad\/wp-json\/wp\/v2\/users\/1"}],"replies":[{"embeddable":true,"href":"https:\/\/wp.icmm.csic.es\/eosmad\/wp-json\/wp\/v2\/comments?post=829"}],"version-history":[{"count":74,"href":"https:\/\/wp.icmm.csic.es\/eosmad\/wp-json\/wp\/v2\/pages\/829\/revisions"}],"predecessor-version":[{"id":3327,"href":"https:\/\/wp.icmm.csic.es\/eosmad\/wp-json\/wp\/v2\/pages\/829\/revisions\/3327"}],"up":[{"embeddable":true,"href":"https:\/\/wp.icmm.csic.es\/eosmad\/wp-json\/wp\/v2\/pages\/2416"}],"wp:attachment":[{"href":"https:\/\/wp.icmm.csic.es\/eosmad\/wp-json\/wp\/v2\/media?parent=829"}],"curies":[{"name":"wp","href":"https:\/\/api.w.org\/{rel}","templated":true}]}}