{"id":848,"date":"2016-12-05T17:53:38","date_gmt":"2016-12-05T16:53:38","guid":{"rendered":"http:\/\/www.icmm.csic.es\/eosmad\/?page_id=848"},"modified":"2025-10-30T08:06:36","modified_gmt":"2025-10-30T08:06:36","slug":"present-members","status":"publish","type":"page","link":"https:\/\/wp.icmm.csic.es\/eosmad\/people\/present-members\/","title":{"rendered":"present members"},"content":{"rendered":"<h4 style=\"float: left;width: 25%;text-align: center\"><a href=\"https:\/\/wp.icmm.csic.es\/eosmad\/people\/prof-alicia-castro\/\"><img loading=\"lazy\" decoding=\"async\" class=\"aligncenter wp-image-736 size-full\" src=\"https:\/\/wp.icmm.csic.es\/eosmad\/wp-content\/uploads\/sites\/31\/2016\/10\/foto-Alicia-150X200px.png\" alt=\"\" width=\"150\" height=\"200\"><\/a><span style=\"color: #c0504d\"><strong><a href=\"https:\/\/wp.icmm.csic.es\/eosmad\/people\/prof-alicia-castro\/\">Alicia Castro<\/a><\/strong><\/span><br \/>\n<strong>CSIC Professor<\/strong><\/h4>\n<h4 style=\"float: left;width: 25%;text-align: center\"><a href=\"https:\/\/wp.icmm.csic.es\/eosmad\/present-members\/prof-m-lourdes-calzada\/\"><img loading=\"lazy\" decoding=\"async\" class=\"aligncenter wp-image-674 size-full\" src=\"https:\/\/wp.icmm.csic.es\/eosmad\/wp-content\/uploads\/sites\/31\/2016\/09\/foto-Lourdes-150X200px.png\" alt=\"\" width=\"150\" height=\"200\"><\/a><strong><span style=\"color: #c0504d\"><a href=\"https:\/\/wp.icmm.csic.es\/eosmad\/prof-m-lourdes-calzada\/\">M\u00aa Lourdes Calzada<\/a><\/span><\/strong><br \/>\n<strong>CSIC Professor<\/strong><\/h4>\n<h4 style=\"float: left;width: 25%;text-align: center\"><img loading=\"lazy\" decoding=\"async\" class=\"wp-image-2725 aligncenter\" src=\"https:\/\/wp.icmm.csic.es\/eosmad\/wp-content\/uploads\/sites\/31\/2020\/06\/Foto-Miguel-Alguer\u00f3-2020-4_3-225x300.jpg\" alt=\"\" width=\"150\" height=\"200\" srcset=\"https:\/\/wp.icmm.csic.es\/eosmad\/wp-content\/uploads\/sites\/31\/2020\/06\/Foto-Miguel-Alguer\u00f3-2020-4_3-225x300.jpg 225w, https:\/\/wp.icmm.csic.es\/eosmad\/wp-content\/uploads\/sites\/31\/2020\/06\/Foto-Miguel-Alguer\u00f3-2020-4_3-768x1024.jpg 768w, https:\/\/wp.icmm.csic.es\/eosmad\/wp-content\/uploads\/sites\/31\/2020\/06\/Foto-Miguel-Alguer\u00f3-2020-4_3.jpg 971w\" sizes=\"auto, (max-width: 150px) 100vw, 150px\" \/> <strong><span style=\"color: #c0504d\"><a href=\"https:\/\/wp.icmm.csic.es\/eosmad\/dr-miguel-alguero\/\">Miguel Alguer\u00f3<\/a><\/span><\/strong><br \/>\n<strong>CSIC Senior Researcher<\/strong><\/h4>\n<h4 style=\"float: left;width: 25%;text-align: center\"><a href=\"https:\/\/wp.icmm.csic.es\/eosmad\/people\/dr-ricardo-jimenez\/\"><img loading=\"lazy\" decoding=\"async\" class=\"aligncenter wp-image-668 size-full\" src=\"https:\/\/wp.icmm.csic.es\/eosmad\/wp-content\/uploads\/sites\/31\/2016\/09\/foto-Ricardo-150X200px.png\" alt=\"\" width=\"150\" height=\"200\"><\/a><strong><span style=\"color: #c0504d\"><a href=\"https:\/\/wp.icmm.csic.es\/eosmad\/dr-ricardo-jimenez\/\">Ricardo Jim\u00e9nez<\/a><\/span><\/strong><br \/>\n<strong>CSIC Senior Researcher<\/strong><\/h4>\n<h4 style=\"float: left;width: 25%;text-align: center\"><img loading=\"lazy\" decoding=\"async\" class=\"wp-image-2666 aligncenter\" src=\"https:\/\/wp.icmm.csic.es\/eosmad\/wp-content\/uploads\/sites\/31\/2020\/02\/Foto-2019-2b-225x300.jpg\" alt=\"\" width=\"150\" height=\"200\" srcset=\"https:\/\/wp.icmm.csic.es\/eosmad\/wp-content\/uploads\/sites\/31\/2020\/02\/Foto-2019-2b-225x300.jpg 225w, https:\/\/wp.icmm.csic.es\/eosmad\/wp-content\/uploads\/sites\/31\/2020\/02\/Foto-2019-2b-768x1024.jpg 768w, https:\/\/wp.icmm.csic.es\/eosmad\/wp-content\/uploads\/sites\/31\/2020\/02\/Foto-2019-2b-1152x1536.jpg 1152w, https:\/\/wp.icmm.csic.es\/eosmad\/wp-content\/uploads\/sites\/31\/2020\/02\/Foto-2019-2b-1535x2048.jpg 1535w, https:\/\/wp.icmm.csic.es\/eosmad\/wp-content\/uploads\/sites\/31\/2020\/02\/Foto-2019-2b-scaled.jpg 1919w\" sizes=\"auto, (max-width: 150px) 100vw, 150px\" \/><span style=\"color: #c0504d\"><strong><a href=\"https:\/\/wp.icmm.csic.es\/eosmad\/dr-jesus-ricote\/\">Jes\u00fas Ricote<\/a><\/strong><\/span><br \/>\n<strong>CSIC Senior Researcher<\/strong><\/h4>\n<h4 style=\"float: left;width: 25%;text-align: center\"><a href=\"https:\/\/wp.icmm.csic.es\/eosmad\/people\/dr-harvey-amorin\/\"><img loading=\"lazy\" decoding=\"async\" class=\"aligncenter wp-image-665 size-full\" src=\"https:\/\/wp.icmm.csic.es\/eosmad\/wp-content\/uploads\/sites\/31\/2016\/09\/foto-Harvey-150X200px.png\" alt=\"\" width=\"150\" height=\"200\"><\/a><span style=\"color: #c0504d\"><strong><a href=\"https:\/\/wp.icmm.csic.es\/eosmad\/dr-harvey-amorin\/\">Harvey Amor\u00edn<\/a><\/strong><\/span><br \/>\n<strong>CSIC Tenured Scientist<\/strong><\/h4>\n<h4 style=\"float: left;width: 25%;text-align: center\"><a href=\"https:\/\/wp.icmm.csic.es\/eosmad\/people\/dr-inigo-bretos\/\"><img loading=\"lazy\" decoding=\"async\" class=\"size-full wp-image-517 aligncenter\" src=\"https:\/\/wp.icmm.csic.es\/eosmad\/wp-content\/uploads\/sites\/31\/2016\/07\/foto-I\u00f1igo-150X200px.png\" alt=\"foto I\u00f1igo - 150X200px\" width=\"150\" height=\"200\"><\/a><span style=\"color: #c0504d\"><strong><a href=\"https:\/\/wp.icmm.csic.es\/eosmad\/dr-inigo-bretos\/\">\u00cd\u00f1igo Bretos<\/a><\/strong><\/span><br \/>\n<strong>CSIC Tenured Scientist<\/strong><\/h4>\n<h4 style=\"float: left;width: 25%;text-align: center\"><img loading=\"lazy\" decoding=\"async\" class=\"aligncenter wp-image-3197\" src=\"https:\/\/wp.icmm.csic.es\/eosmad\/wp-content\/uploads\/sites\/31\/2023\/03\/foto-Cristina-150X200px.png\" alt=\"\" width=\"150\" height=\"200\"><span style=\"color: #c0504d\"><strong><a href=\"https:\/\/wp.icmm.csic.es\/eosmad\/?page_id=3199&amp;preview=true\" target=\"_blank\" rel=\"noopener\">Cristina Pascual<\/a><\/strong><\/span><br \/>\n<strong>Ram\u00f3n y Cajal Fellow<\/strong><\/h4>\n<h4 style=\"float: left;width: 25%;text-align: center\"><a href=\"https:\/\/wp.icmm.csic.es\/eosmad\/people\/dr-pablo-ramos\/\"><img loading=\"lazy\" decoding=\"async\" class=\"aligncenter wp-image-748\" src=\"https:\/\/wp.icmm.csic.es\/eosmad\/wp-content\/uploads\/sites\/31\/2016\/11\/foto-Pablo-150X200px.png\" alt=\"\" width=\"150\" height=\"200\"><\/a><strong><a href=\"https:\/\/wp.icmm.csic.es\/eosmad\/dr-pablo-ramos\/\">Pablo Ramos<\/a><\/strong><br \/>\n<strong>Visiting Researcher<\/strong><\/h4>\n<h4 style=\"float: left;width: 25%;text-align: center\"><img loading=\"lazy\" decoding=\"async\" class=\"aligncenter wp-image-3137\" src=\"https:\/\/wp.icmm.csic.es\/eosmad\/wp-content\/uploads\/sites\/31\/2023\/03\/foto-Valentina-150X200px.png\" alt=\"\" width=\"150\" height=\"200\"><strong><a href=\"https:\/\/www.uah.es\/es\/estudios\/profesor\/Valentina-Sessini\/\">Valentina Sessini<\/a><\/strong><br \/>\n<strong>Visiting Researcher<\/strong><\/h4>\n<h4 style=\"float: left;width: 25%;text-align: center\"><img loading=\"lazy\" decoding=\"async\" class=\"aligncenter wp-image-669 size-full\" src=\"https:\/\/wp.icmm.csic.es\/eosmad\/wp-content\/uploads\/sites\/31\/2023\/03\/foto-Adriana-150X200px.png\" alt=\"\" width=\"150\" height=\"200\"><span style=\"color: #c0504d\"><strong>Adriana Barreto<\/strong><\/span><br \/>\n<strong>PhD Student<\/strong><\/h4>\n<h4 style=\"float: left;width: 25%;text-align: center\"><img loading=\"lazy\" decoding=\"async\" class=\"aligncenter wp-image-669 size-full\" src=\"https:\/\/wp.icmm.csic.es\/eosmad\/wp-content\/uploads\/sites\/31\/2024\/04\/foto-Asier-150X200px.jpg\" alt=\"\" width=\"150\" height=\"200\"><span style=\"color: #c0504d\"><strong>Asier Medel<\/strong><\/span><br \/>\n<strong>PhD Student<\/strong><\/h4>\n<h4 style=\"float: left;width: 25%;text-align: center\"><img loading=\"lazy\" decoding=\"async\" class=\"aligncenter wp-image-669 size-full\" src=\"https:\/\/wp.icmm.csic.es\/eosmad\/wp-content\/uploads\/sites\/31\/2023\/12\/foto-Maria-150X200px.png\" alt=\"\" width=\"150\" height=\"200\"><span style=\"color: #c0504d\"><strong>Mar\u00eda Echaniz<\/strong><\/span><br \/>\n<strong>PhD Student<\/strong><\/h4>\n<h4 style=\"float: left;width: 25%;text-align: center\"><img loading=\"lazy\" decoding=\"async\" class=\"aligncenter wp-image-669 size-full\" src=\"https:\/\/wp.icmm.csic.es\/eosmad\/wp-content\/uploads\/sites\/31\/2024\/01\/foto-Julia-150X200px.png\" alt=\"\" width=\"150\" height=\"200\"><span style=\"color: #c0504d\"><strong>Julia Hern\u00e1ndez<\/strong><\/span><br \/>\n<strong>PhD Student<\/strong><\/h4>\n<h4 style=\"float: left;width: 25%;text-align: center\"><img loading=\"lazy\" decoding=\"async\" class=\"aligncenter wp-image-669 size-full\" src=\"https:\/\/wp.icmm.csic.es\/eosmad\/wp-content\/uploads\/sites\/31\/2024\/05\/foto-Vanessa-150X200px.png\" alt=\"\" width=\"150\" height=\"200\"><span style=\"color: #c0504d\"><strong>Vanessa S\u00e1nchez<\/strong><\/span><br \/>\n<strong>PhD Student<\/strong><\/h4>\n<h4 style=\"float: left;width: 25%;text-align: center\"><img loading=\"lazy\" decoding=\"async\" class=\"aligncenter wp-image-2742\" src=\"https:\/\/wp.icmm.csic.es\/eosmad\/wp-content\/uploads\/sites\/31\/2020\/07\/Foto-Andrea-Rivas-2-225x300.jpg\" alt=\"\" width=\"150\" height=\"200\" srcset=\"https:\/\/wp.icmm.csic.es\/eosmad\/wp-content\/uploads\/sites\/31\/2020\/07\/Foto-Andrea-Rivas-2-225x300.jpg 225w, https:\/\/wp.icmm.csic.es\/eosmad\/wp-content\/uploads\/sites\/31\/2020\/07\/Foto-Andrea-Rivas-2-768x1024.jpg 768w, https:\/\/wp.icmm.csic.es\/eosmad\/wp-content\/uploads\/sites\/31\/2020\/07\/Foto-Andrea-Rivas-2-1152x1536.jpg 1152w, https:\/\/wp.icmm.csic.es\/eosmad\/wp-content\/uploads\/sites\/31\/2020\/07\/Foto-Andrea-Rivas-2-1536x2048.jpg 1536w, https:\/\/wp.icmm.csic.es\/eosmad\/wp-content\/uploads\/sites\/31\/2020\/07\/Foto-Andrea-Rivas-2.jpg 1816w\" sizes=\"auto, (max-width: 150px) 100vw, 150px\" \/><span style=\"color: #c0504d\"><strong>Andrea Rivas<\/strong><\/span><br \/>\n<strong>Research Assistant<\/strong><\/h4>\n<h4 style=\"float: left;width: 25%;text-align: center\"><img loading=\"lazy\" decoding=\"async\" class=\"aligncenter wp-image-751 size-full\" src=\"https:\/\/wp.icmm.csic.es\/eosmad\/wp-content\/uploads\/sites\/31\/2016\/11\/foto-Inma-150X200px.png\" alt=\"\" width=\"150\" height=\"200\"><span style=\"color: #c0504d\"><strong>Inmaculada Mart\u00ednez<\/strong><\/span><br \/>\n<strong>Technician<\/strong><\/h4>\n","protected":false},"excerpt":{"rendered":"<p>Alicia Castro CSIC Professor M\u00aa Lourdes Calzada CSIC Professor Miguel Alguer\u00f3 CSIC Senior Researcher Ricardo Jim\u00e9nez CSIC Senior Researcher Jes\u00fas Ricote CSIC Senior Researcher Harvey&#8230;<\/p>\n","protected":false},"author":1,"featured_media":0,"parent":2418,"menu_order":0,"comment_status":"closed","ping_status":"closed","template":"page-template-fullwidth.php","meta":{"ngg_post_thumbnail":0,"footnotes":""},"class_list":["post-848","page","type-page","status-publish","hentry"],"_links":{"self":[{"href":"https:\/\/wp.icmm.csic.es\/eosmad\/wp-json\/wp\/v2\/pages\/848","targetHints":{"allow":["GET"]}}],"collection":[{"href":"https:\/\/wp.icmm.csic.es\/eosmad\/wp-json\/wp\/v2\/pages"}],"about":[{"href":"https:\/\/wp.icmm.csic.es\/eosmad\/wp-json\/wp\/v2\/types\/page"}],"author":[{"embeddable":true,"href":"https:\/\/wp.icmm.csic.es\/eosmad\/wp-json\/wp\/v2\/users\/1"}],"replies":[{"embeddable":true,"href":"https:\/\/wp.icmm.csic.es\/eosmad\/wp-json\/wp\/v2\/comments?post=848"}],"version-history":[{"count":133,"href":"https:\/\/wp.icmm.csic.es\/eosmad\/wp-json\/wp\/v2\/pages\/848\/revisions"}],"predecessor-version":[{"id":3382,"href":"https:\/\/wp.icmm.csic.es\/eosmad\/wp-json\/wp\/v2\/pages\/848\/revisions\/3382"}],"up":[{"embeddable":true,"href":"https:\/\/wp.icmm.csic.es\/eosmad\/wp-json\/wp\/v2\/pages\/2418"}],"wp:attachment":[{"href":"https:\/\/wp.icmm.csic.es\/eosmad\/wp-json\/wp\/v2\/media?parent=848"}],"curies":[{"name":"wp","href":"https:\/\/api.w.org\/{rel}","templated":true}]}}