{"id":870,"date":"2016-12-07T12:01:28","date_gmt":"2016-12-07T11:01:28","guid":{"rendered":"http:\/\/www.icmm.csic.es\/eosmad\/?page_id=870"},"modified":"2024-06-22T18:49:39","modified_gmt":"2024-06-22T18:49:39","slug":"dr-jesus-ricote","status":"publish","type":"page","link":"https:\/\/wp.icmm.csic.es\/eosmad\/people\/present-members\/dr-jesus-ricote\/","title":{"rendered":"Dr. Jes\u00fas Ricote"},"content":{"rendered":"<h1><img loading=\"lazy\" decoding=\"async\" class=\"wp-image-2666 size-medium alignleft\" src=\"https:\/\/wp.icmm.csic.es\/eosmad\/wp-content\/uploads\/sites\/31\/2020\/02\/Foto-2019-2b-225x300.jpg\" alt=\"\" width=\"225\" height=\"300\" srcset=\"https:\/\/wp.icmm.csic.es\/eosmad\/wp-content\/uploads\/sites\/31\/2020\/02\/Foto-2019-2b-225x300.jpg 225w, https:\/\/wp.icmm.csic.es\/eosmad\/wp-content\/uploads\/sites\/31\/2020\/02\/Foto-2019-2b-768x1024.jpg 768w, https:\/\/wp.icmm.csic.es\/eosmad\/wp-content\/uploads\/sites\/31\/2020\/02\/Foto-2019-2b-1152x1536.jpg 1152w, https:\/\/wp.icmm.csic.es\/eosmad\/wp-content\/uploads\/sites\/31\/2020\/02\/Foto-2019-2b-1535x2048.jpg 1535w, https:\/\/wp.icmm.csic.es\/eosmad\/wp-content\/uploads\/sites\/31\/2020\/02\/Foto-2019-2b-scaled.jpg 1919w\" sizes=\"auto, (max-width: 225px) 100vw, 225px\" \/><\/h1>\n<h2>&nbsp;<\/h2>\n<h2><span style=\"color: #800000\"><strong>CSIC&nbsp;Tenured Scientist<\/strong><\/span><\/h2>\n<h3><span style=\"color: #000000\"><strong><a href=\"mailto:j.ricote@csic.es\" target=\"_blank\" rel=\"noopener noreferrer\">j.ricote@csic.es<\/a><\/strong><\/span><\/h3>\n<h6><a href=\"https:\/\/twitter.com\/jricote_science\" target=\"_blank\" rel=\"noopener\"><img loading=\"lazy\" decoding=\"async\" class=\"alignleft wp-image-3252\" src=\"https:\/\/wp.icmm.csic.es\/eosmad\/wp-content\/uploads\/sites\/31\/2023\/08\/twitter.png\" alt=\"\" width=\"40\" height=\"40\" srcset=\"https:\/\/wp.icmm.csic.es\/eosmad\/wp-content\/uploads\/sites\/31\/2023\/08\/twitter.png 225w, https:\/\/wp.icmm.csic.es\/eosmad\/wp-content\/uploads\/sites\/31\/2023\/08\/twitter-150x150.png 150w\" sizes=\"auto, (max-width: 40px) 100vw, 40px\" \/><\/a> <a href=\"https:\/\/www.linkedin.com\/in\/jes%C3%BAs-ricote-4253a1b\/\" target=\"_blank\" rel=\"noopener\"><img loading=\"lazy\" decoding=\"async\" class=\"alignleft wp-image-3254\" src=\"https:\/\/wp.icmm.csic.es\/eosmad\/wp-content\/uploads\/sites\/31\/2023\/08\/linkedin-1.png\" alt=\"\" width=\"40\" height=\"40\" srcset=\"https:\/\/wp.icmm.csic.es\/eosmad\/wp-content\/uploads\/sites\/31\/2023\/08\/linkedin-1.png 225w, https:\/\/wp.icmm.csic.es\/eosmad\/wp-content\/uploads\/sites\/31\/2023\/08\/linkedin-1-150x150.png 150w\" sizes=\"auto, (max-width: 40px) 100vw, 40px\" \/><\/a><strong><a href=\"https:\/\/www.researchgate.net\/profile\/J-Ricote\" target=\"_blank\" rel=\"noopener\"><img loading=\"lazy\" decoding=\"async\" class=\"transparent alignleft\" src=\"https:\/\/upload.wikimedia.org\/wikipedia\/commons\/a\/aa\/ResearchGate_Logo.png\" alt=\"https:\/\/upload.wikimedia.org\/wikipedia\/commons\/a\/aa\/ResearchGate_Logo.png\" width=\"128\" height=\"40\"><\/a><\/strong><\/h6>\n<p>&nbsp;<\/p>\n<p>&nbsp;<\/p>\n<h6><a href=\"https:\/\/orcid.org\/0000-0002-2907-2505\" target=\"_blank\" rel=\"noopener\"><img loading=\"lazy\" decoding=\"async\" class=\"alignleft wp-image-2979\" src=\"https:\/\/wp.icmm.csic.es\/eosmad\/wp-content\/uploads\/sites\/31\/2021\/08\/orcid-logo.png\" alt=\"\" width=\"114\" height=\"35\"><\/a><\/h6>\n<h6 data-wp-editing=\"1\"><a href=\"https:\/\/www.scopus.com\/authid\/detail.uri?authorId=7003794432\" target=\"_blank\" rel=\"noopener\"><img loading=\"lazy\" decoding=\"async\" class=\"alignleft wp-image-3292\" src=\"https:\/\/wp.icmm.csic.es\/eosmad\/wp-content\/uploads\/sites\/31\/2023\/08\/Scopus-logo-300x169.png\" alt=\"\" width=\"89\" height=\"50\" srcset=\"https:\/\/wp.icmm.csic.es\/eosmad\/wp-content\/uploads\/sites\/31\/2023\/08\/Scopus-logo-300x169.png 300w, https:\/\/wp.icmm.csic.es\/eosmad\/wp-content\/uploads\/sites\/31\/2023\/08\/Scopus-logo-470x260.png 470w, https:\/\/wp.icmm.csic.es\/eosmad\/wp-content\/uploads\/sites\/31\/2023\/08\/Scopus-logo.png 622w\" sizes=\"auto, (max-width: 89px) 100vw, 89px\" \/><\/a> <a href=\"https:\/\/scholar.google.es\/citations?user=70fVJSIAAAAJ&amp;hl=en\" target=\"_blank\" rel=\"noopener\"><img loading=\"lazy\" decoding=\"async\" class=\"transparent alignleft\" src=\"https:\/\/upload.wikimedia.org\/wikipedia\/commons\/a\/a9\/Google_Scholar_logo_2015.PNG\" alt=\"\" width=\"90\" height=\"34\"><\/a><\/h6>\n<p>&nbsp;<\/p>\n<p>&nbsp;<\/p>\n<p>&nbsp;<\/p>\n<h3><strong>\u2022 Current research projects:<\/strong><\/h3>\n<h4><strong> <a href=\"https:\/\/wp.icmm.csic.es\/eosmad\/funding-2\/\" target=\"_blank\" rel=\"noopener noreferrer\">PID2019-104732RB-I00<\/a> (Spanish National Research Agency)<\/strong><\/h4>\n<h3><strong>\u2022 Deputy Director of Materials Science Institute of Madrid<\/strong><\/h3>\n<h3><strong>\u2022 Director of CSIC Postgraduate course: <a href=\"http:\/\/www.icmm.csic.es\/fronteras\/\" target=\"_blank\" rel=\"noopener noreferrer\">Fronteras en Ciencia de Materiales<\/a><\/strong><\/h3>\n<h3><strong>\u2022 <\/strong><strong>Member of the Management Committee of the Spanish Advanced Materials and Nanomaterials Technological Platform:<\/strong><\/h3>\n<h3><strong> &nbsp; &nbsp; <a href=\"http:\/\/materplat.org\/en\/\" target=\"_blank\" rel=\"noopener\"><img loading=\"lazy\" decoding=\"async\" class=\"wp-image-3255 alignleft\" src=\"https:\/\/wp.icmm.csic.es\/eosmad\/wp-content\/uploads\/sites\/31\/2023\/08\/Materplat_logo-300x151.png\" alt=\"\" width=\"80\" height=\"40\" srcset=\"https:\/\/wp.icmm.csic.es\/eosmad\/wp-content\/uploads\/sites\/31\/2023\/08\/Materplat_logo-300x151.png 300w, https:\/\/wp.icmm.csic.es\/eosmad\/wp-content\/uploads\/sites\/31\/2023\/08\/Materplat_logo-1024x517.png 1024w, https:\/\/wp.icmm.csic.es\/eosmad\/wp-content\/uploads\/sites\/31\/2023\/08\/Materplat_logo-768x388.png 768w, https:\/\/wp.icmm.csic.es\/eosmad\/wp-content\/uploads\/sites\/31\/2023\/08\/Materplat_logo-750x380.png 750w, https:\/\/wp.icmm.csic.es\/eosmad\/wp-content\/uploads\/sites\/31\/2023\/08\/Materplat_logo.png 1401w\" sizes=\"auto, (max-width: 80px) 100vw, 80px\" \/><\/a><\/strong><\/h3>\n<h3><strong>&nbsp; <\/strong><\/h3>\n<h3><strong>\u2022 <\/strong><strong>Member and Financial Chair of the Ferroelectrics Technical Standing Committee of the <a href=\"https:\/\/ieee-collabratec.ieee.org\/app\/p\/JesusRicote?slv=true\" target=\"_blank\" rel=\"noopener noreferrer\">IEEE-UFCC Society<\/a><\/strong><\/h3>\n<h3><strong>\u2022 Member of the <a href=\"https:\/\/sociemat.es\/\" target=\"_blank\" rel=\"noopener\">SOCIEMAT<\/a>, <a href=\"https:\/\/rsef.es\/\" target=\"_blank\" rel=\"noopener noreferrer\">Real Sociedad Espa\u00f1ola de F\u00edsica<\/a><\/strong><\/h3>\n<p>&nbsp;<\/p>\n<h3><strong>Education<\/strong><\/h3>\n<hr>\n<ul>\n<li>\n<h4>1990 Degree in Physics (Universidad Complutense de Madrid)<\/h4>\n<\/li>\n<li>\n<h4>1994 PhD in Physics (Universidad Complutense de Madrid )<\/h4>\n<\/li>\n<\/ul>\n<h3><strong>Research Experience<\/strong><\/h3>\n<hr>\n<ul>\n<li>\n<h4>1995 Postdoctoral Stay. <a href=\"http:\/\/www.cemes.fr\/\">Centre d\u2019Elaboration et des \u00c9tudes Estructurales de Materiaux<\/a>. CNRS. Toulouse. FRANCE<\/h4>\n<\/li>\n<li>\n<h4>1996-98 Research Officer. <a href=\"http:\/\/www.cranfield.ac.uk\/\">Cranfield University<\/a>. UNITED KINGDOM<\/h4>\n<\/li>\n<li>\n<h4>1998-99 Postdoctoral Fellow. <a href=\"http:\/\/www.univ-lemans.fr\/\">Universit\u00e9 du Maine-Le Mans<\/a>. FRANCE<\/h4>\n<\/li>\n<li>\n<h4>1999-03 Research Fellow. Instituto de Ciencia de Materiales de Madrid. CSIC<\/h4>\n<\/li>\n<li>\n<h4>2001-02 Part-time lecturer. <a href=\"http:\/\/www.uc3m.es\/\">Universidad Carlos III de Madrid.<\/a><\/h4>\n<\/li>\n<li>\n<h4>2003-07 Advanced Fellowship (Ram\u00f3n y Cajal programme) Instituto de Ciencia de Materiales de Madrid. CSIC<\/h4>\n<\/li>\n<li>\n<h4>from 2007 Tenured Scientist (Consejo Superior de Investigaciones Cient\u00edficas)<\/h4>\n<\/li>\n<\/ul>\n<h3><strong>Management Responsabilities<\/strong><\/h3>\n<hr>\n<ul>\n<li>\n<h4>2009-2012 Deputy Director Instituto de Ciencia de Materiales de Madrid<\/h4>\n<\/li>\n<li>\n<h4>March-July 2012 Scientific Advisor. CSIC Vicepresidency for International Affairs<\/h4>\n<\/li>\n<li>\n<h4>July 2012-August 2014 CSIC deputy Vice President for Internationalization<\/h4>\n<\/li>\n<li>\n<h4>2022- Deputy Director Instituto de Ciencia de Materiales de Madrid<\/h4>\n<\/li>\n<\/ul>\n<h3><strong>Research Interests<\/strong><\/h3>\n<hr>\n<h4><strong>Study of local functional properties<\/strong><\/h4>\n<h5>Scanning Force Microscopy of piezoelectric materials (Piezoresponse Force Microscopy)<\/h5>\n<h5>Local piezoelectric properties in polycrystalline materials<\/h5>\n<h5>Local magnetoelectricity at interfaces<\/h5>\n<h4><strong>Functional thin films<\/strong><\/h4>\n<h5>Low temperature deposition of crystalline oxide thin films on flexible substrates for flexible electronics<\/h5>\n<h5>Multilayer composite thin films for piezoelectric applications<\/h5>\n<h5>Ultrathin ferroelectric thin films for applications in nanoelectromechanical systems<\/h5>\n<h4><strong>Microstructural studies<\/strong><\/h4>\n<h5>Quantitative texture analysis of ferroelectric thin films and oriented ceramics<\/h5>\n<h5>Application of advanced methods of analysis of X-ray diffraction data. Combined method<\/h5>\n<h5>Quantitative microscopy of bulk ceramics and thin films<\/h5>\n<h5>Ferroelectric domain configurations<\/h5>\n<h5>Microstructure-properties relationships<\/h5>\n<h3><strong>Scientific Publications<\/strong><\/h3>\n<hr>\n<ul>\n<li>\n<h4>Co-author of more than 100 papers in scientific journals and 5 chapters of books<\/h4>\n<\/li>\n<li>\n<h4>Associate Editor&nbsp;(2006-2010) <a href=\"https:\/\/www.hindawi.com\/journals\/tsm\/\" target=\"_blank\" rel=\"noopener noreferrer\">Textures, Stress and Microstructure<\/a><\/h4>\n<\/li>\n<li>\n<h4>Co-editor of the book: \u201c<a href=\"http:\/\/www.springer.com\/materials\/special+types\/book\/978-90-481-2874-7\" target=\"_blank\" rel=\"noopener noreferrer\">Multifunctional Polycrystalline Ferroelectric Materials<\/a>\u201d (2011) Springer series in Materials Science vol. 140. Ed. L. Pardo, J. Ricote. (ISBN: 978-90-481-2874-7)<\/h4>\n<\/li>\n<li>\n<h4>Invited editor:&nbsp;\u201cOptical and X-ray metrology for advanced device materials characterization\u201d, Thin Solid Films, 450 [1] (2004) Editors: D. Chateigner, M. Modreanu, M.E. Murtagh, J. Ricote, J. Schreiber (Elsevier)<\/h4>\n<\/li>\n<\/ul>\n<h3><strong>Supervision of PhD Thesis<\/strong><\/h3>\n<hr>\n<ul>\n<li>\n<h4>2015. Armando Janier Perez Rivero <a href=\"http:\/\/hdl.handle.net\/10261\/125762\" target=\"_blank\" rel=\"noopener noreferrer\">\u201cLead free ferroic multilayer composite films based on (Bi0.5Na0.5TiO3-BaTiO3 and BiFeO3\u201d. <\/a>Universidad Aut\u00f3noma de Madrid. Co-supervisor: Ricardo Jim\u00e9nez<\/h4>\n<\/li>\n<li>\n<h4>2013.&nbsp;Haitham El Hosiny <a title=\"Tesis Roberto Fern\u00e1ndez\" href=\"http:\/\/hdl.handle.net\/10261\/24681\">\u201cPiezoelectric multilayer composite thin films based on Pb(Mg<sub>1\/3<\/sub>Nb<sub>2\/3<\/sub>)O<sub>3<\/sub>\u2013PbTiO<sub>3<\/sub>: Preparation and Characterization\u201d<\/a>. Universidad Aut\u00f3noma de Madrid. Co-supervisor: Ricardo Jim\u00e9nez<\/h4>\n<\/li>\n<li>\n<h4>2010. Roberto Fern\u00e1ndez Garc\u00eda <a title=\"Thesis Haitham El Hosiny\" href=\"https:\/\/digital.csic.es\/handle\/10261\/24681\" target=\"_blank\" rel=\"noopener noreferrer\">\u201cPreparaci\u00f3n y propiedades de l\u00e1minas ultradelgadas policristalinas ferroel\u00e9ctricas de PbTiO<sub>3<\/sub>\u201d <\/a>. Universidad: Aut\u00f3noma&nbsp; de Madrid<\/h4>\n<\/li>\n<\/ul>\n","protected":false},"excerpt":{"rendered":"<p>&nbsp; CSIC&nbsp;Tenured Scientist j.ricote@csic.es &nbsp; &nbsp; &nbsp; &nbsp; &nbsp; \u2022 Current research projects: PID2019-104732RB-I00 (Spanish National Research Agency) \u2022 Deputy Director of Materials Science Institute&#8230;<\/p>\n","protected":false},"author":1,"featured_media":0,"parent":848,"menu_order":0,"comment_status":"closed","ping_status":"closed","template":"page-template-fullwidth.php","meta":{"ngg_post_thumbnail":0,"footnotes":""},"class_list":["post-870","page","type-page","status-publish","hentry"],"_links":{"self":[{"href":"https:\/\/wp.icmm.csic.es\/eosmad\/wp-json\/wp\/v2\/pages\/870","targetHints":{"allow":["GET"]}}],"collection":[{"href":"https:\/\/wp.icmm.csic.es\/eosmad\/wp-json\/wp\/v2\/pages"}],"about":[{"href":"https:\/\/wp.icmm.csic.es\/eosmad\/wp-json\/wp\/v2\/types\/page"}],"author":[{"embeddable":true,"href":"https:\/\/wp.icmm.csic.es\/eosmad\/wp-json\/wp\/v2\/users\/1"}],"replies":[{"embeddable":true,"href":"https:\/\/wp.icmm.csic.es\/eosmad\/wp-json\/wp\/v2\/comments?post=870"}],"version-history":[{"count":120,"href":"https:\/\/wp.icmm.csic.es\/eosmad\/wp-json\/wp\/v2\/pages\/870\/revisions"}],"predecessor-version":[{"id":3376,"href":"https:\/\/wp.icmm.csic.es\/eosmad\/wp-json\/wp\/v2\/pages\/870\/revisions\/3376"}],"up":[{"embeddable":true,"href":"https:\/\/wp.icmm.csic.es\/eosmad\/wp-json\/wp\/v2\/pages\/848"}],"wp:attachment":[{"href":"https:\/\/wp.icmm.csic.es\/eosmad\/wp-json\/wp\/v2\/media?parent=870"}],"curies":[{"name":"wp","href":"https:\/\/api.w.org\/{rel}","templated":true}]}}