{"id":909,"date":"2016-12-07T15:48:37","date_gmt":"2016-12-07T14:48:37","guid":{"rendered":"http:\/\/www.icmm.csic.es\/eosmad\/?page_id=909"},"modified":"2019-03-13T14:22:19","modified_gmt":"2019-03-13T14:22:19","slug":"selected-publications","status":"publish","type":"page","link":"https:\/\/wp.icmm.csic.es\/eosmad\/people\/present-members\/dr-harvey-amorin\/selected-publications\/","title":{"rendered":"selected publications"},"content":{"rendered":"<div style=\"float: left;width: 35%\"><img loading=\"lazy\" decoding=\"async\" class=\"aligncenter wp-image-665 size-full\" src=\"https:\/\/wp.icmm.csic.es\/eosmad\/wp-content\/uploads\/sites\/31\/2016\/09\/foto-Harvey-150X200px.png\" alt=\"\" width=\"150\" height=\"200\"><\/div>\n<h2 style=\"float: right;width: 65%\"><span style=\"color: #c0504d\"><strong>CSIC Tenured Scientist<\/strong><\/span><\/h2>\n<h4 style=\"float: right;width: 65%\"><strong><a href=\"mailto:hamorin@icmm.csic.es\" target=\"_blank\" rel=\"noopener noreferrer\">hamorin@icmm.csic.es<\/a><\/strong><\/h4>\n<div style=\"float: right;width: 65%\">\n<div><strong>\u2022 Current research projects: <a href=\"https:\/\/wp.icmm.csic.es\/eosmad\/funding-2\/\" target=\"_blank\" rel=\"noopener noreferrer\">MAT2017-88788-R<\/a> (Spanish National Research Agency)<\/strong><\/div>\n<div><strong>\u2022 Scientific production: <a href=\"http:\/\/www.researcherid.com\/rid\/D-8424-2011\" target=\"_blank\" rel=\"noopener noreferrer\"><img loading=\"lazy\" decoding=\"async\" class=\"irc_mi\" src=\"https:\/\/blogs.helsinki.fi\/thinkopen\/files\/2018\/06\/ORCID-icon-300x300.png\" alt=\"Resultado de imagen de research id\" data-iml=\"1551083055634\" width=\"29\" height=\"29\"><\/a>&nbsp;<a href=\"http:\/\/orcid.org\/0000-0001-9915-1631\" target=\"_blank\" rel=\"noopener noreferrer\"> <img loading=\"lazy\" decoding=\"async\" class=\"\" src=\"https:\/\/orcid.org\/sites\/all\/themes\/orcidResponsiveNoto\/img\/orcid-logo.png\" alt=\"ORCID logo\" width=\"98\" height=\"30\"> <\/a><a href=\"https:\/\/scholar.google.com\/citations?user=VOUIIAYAAAAJ&amp;hl=fr\" target=\"_blank\" rel=\"noopener noreferrer\"><img loading=\"lazy\" decoding=\"async\" class=\"transparent\" src=\"https:\/\/upload.wikimedia.org\/wikipedia\/commons\/a\/a9\/Google_Scholar_logo_2015.PNG\" alt=\"https:\/\/upload.wikimedia.org\/wikipedia\/commons\/a\/a9\/Google_Scholar_logo_2015.PNG\" width=\"69\" height=\"26\"><\/a><a href=\"https:\/\/scholar.google.com\/citations?user=70fVJSIAAAAJ&amp;hl=en\" target=\"_blank\" rel=\"noopener noreferrer\">&nbsp;&nbsp;<\/a> <a href=\"https:\/\/www.researchgate.net\/profile\/Harvey_Amorin\" target=\"_blank\" rel=\"noopener noreferrer\"><img loading=\"lazy\" decoding=\"async\" class=\"transparent\" src=\"https:\/\/upload.wikimedia.org\/wikipedia\/commons\/a\/aa\/ResearchGate_Logo.png\" alt=\"https:\/\/upload.wikimedia.org\/wikipedia\/commons\/a\/aa\/ResearchGate_Logo.png\" width=\"105\" height=\"33\">&nbsp; <\/a><a href=\"https:\/\/www.linkedin.com\/in\/harvey-amor%C3%ADn-10293688\/?ppe=1\" target=\"_blank\" rel=\"noopener noreferrer\"><img loading=\"lazy\" decoding=\"async\" class=\"transparent\" src=\"https:\/\/upload.wikimedia.org\/wikipedia\/commons\/thumb\/0\/01\/LinkedIn_Logo.svg\/291px-LinkedIn_Logo.svg.png\" alt=\"https:\/\/upload.wikimedia.org\/wikipedia\/commons\/thumb\/0\/01\/LinkedIn_Logo.svg\/291px-LinkedIn_Logo.svg.png\" width=\"92\" height=\"25\"><\/a><\/strong><\/div>\n<\/div>\n<div style=\"clear: both\">&nbsp;<\/div>\n<ol>\n<li>C.M. Fern\u00e1ndez-Posada, A. Castro, J. M. Kiat, F. Porcher, O. Pe\u00f1a, M. Alguer\u00f3 &amp; <u>H. Amor\u00edn<\/u>. <em>A novel perovskite oxide chemically designed to show multiferroic phase boundary with room-temperature magnetoelectricity<\/em>. <strong>Nature Communications<\/strong> 7, 12772 (2016).<\/li>\n<li><u>H. Amor\u00edn<\/u>, M. Alguer\u00f3, R. del Campo, E. Vila, P. Ramos, M. Doll\u00e9, Y. Romaguera-Barcelay, J. P\u00e9rez de la Cruz &amp; A. Castro. <em>High-sensitivity piezoelectric perovskites for magnetoelectric composites<\/em>. <strong>Science and Technology of Advanced Materials<\/strong> 16, 016001 (2015).<\/li>\n<li>C.M. Fern\u00e1ndez-Posada, <u>H. Amor\u00edn<\/u>, C. Correas, O. Pe\u00f1a, M. Alguer\u00f3 &amp; A. Castro. <em>Mechanosynthesis and multiferroic properties of the BiFeO<sub>3<\/sub>-BiMnO<sub>3<\/sub>-PbTiO<sub>3<\/sub> ternary system along its morphotropic phase boundary<\/em>. <strong>Journal of Materials Chemistry C<\/strong> 3, 2255-2265 (2015).<\/li>\n<li><u>H. Amor\u00edn<\/u>, R. Jim\u00e9nez, M. Deluca, J. Ricote, T. Hungr\u00eda, A. Castro &amp; M. Alguer\u00f3. <em>Nanostructuring effects in piezoelectric BiScO<sub>3<\/sub>-PbTiO<sub>3<\/sub> ceramics<\/em>. <strong>Journal of the American Ceramic Society<\/strong> 97, 2802-2809 (2014).<\/li>\n<li>M. Alguer\u00f3, J. Ricote, M. Torres, <u>H. Amor\u00edn<\/u>, A. Alberca, O. Iglesias-Freire, N. Nemes, S. Holgado, M. Cervera, J. Piqueras, A. Asenjo &amp; M. Garc\u00eda-Hern\u00e1ndez. <em>Thin film multiferroic nanocomposites by ion implantation<\/em>. <strong>ACS Applied Materials &amp; Interfaces<\/strong> 6, 1909-1915 (2014).<\/li>\n<li><u style=\"line-height: 1.5\">H. Amor\u00edn<\/u><span style=\"line-height: 1.5\">, H. Ursic, P. Ramos, J. Holc, R. Moreno, D. Chateigner, J. Ricote &amp; M. Alguer\u00f3. <\/span><em style=\"line-height: 1.5\">Pb(Mg<sub>1\/3<\/sub>Nb<sub>2\/3<\/sub>)O<sub>3<\/sub>-PbTiO<sub>3<\/sub> textured ceramics with high piezoelectric response by a novel templated grain growth approach<\/em><span style=\"line-height: 1.5\">. <\/span><strong style=\"line-height: 1.5\">Journal of the American Ceramic Society<\/strong><span style=\"line-height: 1.5\"> 97, 420-426 (2014).<\/span><\/li>\n<li><u style=\"line-height: 1.5\">H. Amor\u00edn<\/u><span style=\"line-height: 1.5\">, C. Correas, P. Ramos, T. Hungr\u00eda, A. Castro &amp; M. Alguer\u00f3. <\/span><em style=\"line-height: 1.5\">Very high remnant polarization and phase-change electromechanical response of BiFeO<sub>3<\/sub>-PbTiO<sub>3<\/sub> at the multiferroic morphotropic phase boundary<\/em><span style=\"line-height: 1.5\">. <\/span><strong style=\"line-height: 1.5\">Applied Physics Letters<\/strong><span style=\"line-height: 1.5\"> 101, 172908 (2012).<\/span><\/li>\n<li><u style=\"line-height: 1.5\">H. Amor\u00edn<\/u><span style=\"line-height: 1.5\">, R. Jim\u00e9nez, J. Ricote, T. Hungr\u00eda, A. Castro &amp; M. Alguer\u00f3. <\/span><em style=\"line-height: 1.5\">Apparent vanishing of ferroelectricity in nanostructured BiScO<sub>3<\/sub>-PbTiO<sub>3<\/sub><\/em><span style=\"line-height: 1.5\">. <\/span><strong style=\"line-height: 1.5\">Journal of Physics D: Applied Physics<\/strong><span style=\"line-height: 1.5\"> 43, 285401 (2010).<\/span><\/li>\n<li>R. Jim\u00e9nez, <u>H. Amor\u00edn<\/u>, J. Ricote, J. Carreaud, J. M. Kiat, B. Dkhil, J. Holc, M. Kosec &amp; M. Alguer\u00f3. Effect of grain size on the transition between ferroelectric and relaxor states in 0.8Pb(Mg<sub>1\/3<\/sub>Nb<sub>2\/3<\/sub>)O<sub>3<\/sub>-0.2PbTiO<sub>3<\/sub> ceramics. <strong>Physical Review B<\/strong> 78, 094103 (2008).<\/li>\n<li>M. Alguer\u00f3, T. Hungr\u00eda, <u>H. Amor\u00edn<\/u>, J. Ricote, J. Galy &amp; A. Castro. <em>Relaxor behavior, polarization buildup, and switching in nanostructured 0.92PbZn<sub>1\/3<\/sub>Nb<sub>2\/3<\/sub>O<sub>3<\/sub>-0.08PbTiO<sub>3<\/sub> ceramics<\/em>. <strong>Small<\/strong> 3, 1906-1911 (2007).<\/li>\n<\/ol>\n","protected":false},"excerpt":{"rendered":"<p>CSIC Tenured Scientist hamorin@icmm.csic.es \u2022 Current research projects: MAT2017-88788-R (Spanish National Research Agency) \u2022 Scientific production: &nbsp; &nbsp;&nbsp; &nbsp; &nbsp; C.M. Fern\u00e1ndez-Posada, A. Castro, J&#8230;.<\/p>\n","protected":false},"author":1,"featured_media":0,"parent":893,"menu_order":0,"comment_status":"closed","ping_status":"closed","template":"page-template-fullwidth.php","meta":{"ngg_post_thumbnail":0,"footnotes":""},"class_list":["post-909","page","type-page","status-publish","hentry"],"_links":{"self":[{"href":"https:\/\/wp.icmm.csic.es\/eosmad\/wp-json\/wp\/v2\/pages\/909","targetHints":{"allow":["GET"]}}],"collection":[{"href":"https:\/\/wp.icmm.csic.es\/eosmad\/wp-json\/wp\/v2\/pages"}],"about":[{"href":"https:\/\/wp.icmm.csic.es\/eosmad\/wp-json\/wp\/v2\/types\/page"}],"author":[{"embeddable":true,"href":"https:\/\/wp.icmm.csic.es\/eosmad\/wp-json\/wp\/v2\/users\/1"}],"replies":[{"embeddable":true,"href":"https:\/\/wp.icmm.csic.es\/eosmad\/wp-json\/wp\/v2\/comments?post=909"}],"version-history":[{"count":4,"href":"https:\/\/wp.icmm.csic.es\/eosmad\/wp-json\/wp\/v2\/pages\/909\/revisions"}],"predecessor-version":[{"id":2489,"href":"https:\/\/wp.icmm.csic.es\/eosmad\/wp-json\/wp\/v2\/pages\/909\/revisions\/2489"}],"up":[{"embeddable":true,"href":"https:\/\/wp.icmm.csic.es\/eosmad\/wp-json\/wp\/v2\/pages\/893"}],"wp:attachment":[{"href":"https:\/\/wp.icmm.csic.es\/eosmad\/wp-json\/wp\/v2\/media?parent=909"}],"curies":[{"name":"wp","href":"https:\/\/api.w.org\/{rel}","templated":true}]}}