{"id":933,"date":"2016-12-09T10:57:12","date_gmt":"2016-12-09T09:57:12","guid":{"rendered":"http:\/\/www.icmm.csic.es\/eosmad\/?page_id=933"},"modified":"2020-06-23T10:42:09","modified_gmt":"2020-06-23T10:42:09","slug":"dr-miguel-alguero","status":"publish","type":"page","link":"https:\/\/wp.icmm.csic.es\/eosmad\/people\/present-members\/dr-miguel-alguero\/","title":{"rendered":"Dr. Miguel Alguer\u00f3"},"content":{"rendered":"<div style=\"float: left;width: 35%\"><img loading=\"lazy\" decoding=\"async\" class=\"alignnone size-medium wp-image-2725\" src=\"https:\/\/wp.icmm.csic.es\/eosmad\/wp-content\/uploads\/sites\/31\/2020\/06\/Foto-Miguel-Alguer\u00f3-2020-4_3-225x300.jpg\" alt=\"\" width=\"225\" height=\"300\" srcset=\"https:\/\/wp.icmm.csic.es\/eosmad\/wp-content\/uploads\/sites\/31\/2020\/06\/Foto-Miguel-Alguer\u00f3-2020-4_3-225x300.jpg 225w, https:\/\/wp.icmm.csic.es\/eosmad\/wp-content\/uploads\/sites\/31\/2020\/06\/Foto-Miguel-Alguer\u00f3-2020-4_3-768x1024.jpg 768w, https:\/\/wp.icmm.csic.es\/eosmad\/wp-content\/uploads\/sites\/31\/2020\/06\/Foto-Miguel-Alguer\u00f3-2020-4_3.jpg 971w\" sizes=\"auto, (max-width: 225px) 100vw, 225px\" \/><\/div>\n<h2 style=\"float: right;width: 65%\"><span style=\"color: #c0504d\"><strong>CSIC Senior&nbsp;Researcher<\/strong><\/span><\/h2>\n<h4 style=\"float: right;width: 65%\"><span style=\"color: #000000\"><strong><a href=\"mailto:malguero@icmm.csic.es\" target=\"_blank\" rel=\"noopener noreferrer\">malguero@icmm.csic.es<\/a><\/strong><\/span><\/h4>\n<div style=\"float: right;width: 65%\"><strong>\u2022 Current research projects: <a href=\"https:\/\/wp.icmm.csic.es\/eosmad\/funding-2\/\" target=\"_blank\" rel=\"noopener noreferrer\">MAT2017-88788-R<\/a> (Spanish National Research Agency)<\/strong><\/div>\n<div style=\"float: right;width: 65%\"><strong>\u2022 Scientific production: <a href=\"http:\/\/www.researcherid.com\/rid\/K-4222-2012\" target=\"_blank\" rel=\"noopener noreferrer\"><img loading=\"lazy\" decoding=\"async\" class=\"irc_mi\" src=\"https:\/\/blogs.helsinki.fi\/thinkopen\/files\/2018\/06\/ORCID-icon-300x300.png\" alt=\"Resultado de imagen de research id\" data-iml=\"1551083055634\" width=\"29\" height=\"29\"><\/a>&nbsp;<a href=\"http:\/\/orcid.org\/0000-0001-9396-9459\" target=\"_blank\" rel=\"noopener noreferrer\">&nbsp; <img loading=\"lazy\" decoding=\"async\" class=\"\" src=\"https:\/\/orcid.org\/sites\/all\/themes\/orcidResponsiveNoto\/img\/orcid-logo.png\" alt=\"ORCID logo\" width=\"95\" height=\"29\">&nbsp; <\/a><a href=\"https:\/\/scholar.google.com\/citations?user=zJEzPakAAAAJ&amp;hl=en\" target=\"_blank\" rel=\"noopener noreferrer\"><img loading=\"lazy\" decoding=\"async\" class=\"transparent\" src=\"https:\/\/upload.wikimedia.org\/wikipedia\/commons\/a\/a9\/Google_Scholar_logo_2015.PNG\" alt=\"https:\/\/upload.wikimedia.org\/wikipedia\/commons\/a\/a9\/Google_Scholar_logo_2015.PNG\" width=\"69\" height=\"26\"><\/a><\/strong><\/div>\n<div style=\"float: right;width: 65%\"><strong>\u2022 See <a href=\"https:\/\/wp.icmm.csic.es\/eosmad\/people\/present-members\/dr-miguel-alguero\/selected-publications\/\">10 selected publications<\/a><span class=\"border-size\"><span class=\"destacar\">&nbsp;<\/span><\/span><\/strong><\/div>\n<div style=\"clear: both\">&nbsp;<\/div>\n<p>&nbsp;<\/p>\n<blockquote><p><span style=\"color: #000000\">Dr. Miguel Alguer\u00f3, born in Zaragoza (Spain, 1969), BSc in Physics (Universidad Aut\u00f3noma de Madrid, Spain, 1992), MSc in Physics of Materials (Universidad Aut\u00f3noma de Madrid, 1995), PhD in Physics of Materials (Universidad Aut\u00f3noma de Madrid, 1998).<\/span><\/p><\/blockquote>\n<h3><strong>Professional Experience<\/strong><\/h3>\n<hr>\n<ul>\n<li><em>Senior Researcher<\/em> at Instituto de Ciencia de Materiales de Madrid (ICMM), of Consejo Superior de Investigaciones Cient\u00edficas (CSIC, Spain), since March 2010.<\/li>\n<li><em>Tenured Scientist <\/em>at ICMM, CSIC, from July 2006 to February 2010.<\/li>\n<li><em>Ram\u00f3n y Cajal Researcher<\/em> at ICMM, CSIC, from January 2001 to June 2006.<\/li>\n<li><em>Marie Curie Postdoctoral Fellow<\/em> at Materials Department in Queen Mary University of London (QMUL, United Kingdom), from September 1998 to August 2000.<\/li>\n<\/ul>\n<h3><strong>Projects<\/strong><\/h3>\n<hr>\n<p><em>Leader Researcher<\/em> of the on-going research project MAT2017-88788-R of the Programa Estatal de Investigaci\u00f3n, Desarrollo e Innovaci\u00f3n Orientada a los Retos de la Sociedad (Spark Plasma Sintering as a as a suitable technique for obtaining layered magnetoelectric materials: multiferroic single phases and composites structured at different scales). Leader Researcher of &nbsp;other 5 projects with thematics related to ferroelectrics and multiferroics, completed during the last ten years : MAT2014-58816-R of the Programa Estatal de Investigaci\u00f3n, Desarrollo e Innovaci\u00f3n Orientada a los Retos de la Sociedad (Lead-free single-phase multiferroics for sustainable magnetoelectric technologies), MAT2010-18543 of the Programa de Investigaci\u00f3n Fundamental, Subprograma de Proyectos de Investigaci\u00f3n Fundamental no Orientada (Novel multiferroic materials for ceramic technologies and their structuring at different scales: single phase and composites), MAT2009-07551-E, also of the Programa de Investigaci\u00f3n Fundamental, Subprograma de Acciones Complementarias para los Proyectos de Investigaci\u00f3n Fundamental no Orientada, Modalidad F- EXPLORA (A novel concept for obtaining magnetoelectric films, functional at room temperature for information technologies), MAT2008-02003\/NAN and MAT2005-01304.<\/p>\n<h3><strong>Recognitions, Management &amp; Responsibilities<\/strong><\/h3>\n<hr>\n<ul>\n<li><em>Visiting Reseacher <\/em>at Departamento de F\u00edsica, of Universidade Federal de S\u00e3o Carlos in Brazil, within the Ci\u00eancia sem Fronteiras Programme, Linha de Atra\u00e7\u00e3o de Cientistas para o Brasil, from March 2014 to February 2017.<\/li>\n<li>Strong implication in the <em>European Progamme<\/em> <em>COST <\/em>(Cooperation in the field of scientific and technical research), with direct involvement in 5 Actions, 2 of them in the last five years: IC1208 (Integrating devices and materials: a challenge for new instrumentation in ICT, active), and MP0904 (Single phase and multiphase ferroics and multiferroics with restricted geometries). <em>Spanish representative<\/em> in the Management Committee of the latter Action, and <em>Member of the Core Group<\/em> of this Committee as coordinator of Working Group 1 on Novel Ferroic Nanostructures.<\/li>\n<li><em>Participant<\/em> in 33 projects, Networks and Collaborative Actions of Spanish and the European Commission Programmes.<\/li>\n<li><em>103 scientific articles<\/em> in journals indexed in the Journal Citation Report (JCR) and included within the Q1 (85) and Q2 of their areas.&nbsp;<\/li>\n<li><em>Co-editor<\/em> of the book \u201cNanoscale Ferroelectrics and Multiferroics: Key Processing and Characterization Issues, and Nanoscale Effects\u201d, edited by John Wiley @ Sons (2016): ISBN: 978-1-118-93575-0.<\/li>\n<li>Member of the <em>Editorial board<\/em> of Journal of Advanced Dielectrics.<\/li>\n<li><em>Co-organizer <\/em>of the symposia \u201cFerroelectrics and Multiferroics for Energy Applications\u201d within &nbsp;Materials Challenges in Alternative &amp; Renewable Energy 2016 (MCARE 2016), and \u201cMultiferroic single-phase and composite materials for novel magnetoelectric technologies\u201d within EUROMAT 2013.<\/li>\n<li>200 <em>communications<\/em> in scientific congresses, symposia and workshops; 22 invited and 72 oral.<\/li>\n<\/ul>\n<h3><strong>Research Interests<\/strong><\/h3>\n<hr>\n<p>Multiferroic and ferroelectric materials for information technologies, covering all single-phase and composites, ceramics and thin films, processing and properties; by mechanosynthesis, sol-gel, templated grain growth, spark plasma sintering, of electrical, mechanical, electromechanical and magnetoelectric properties, nanostructuring and size effects in the nanoscale.<\/p>\n","protected":false},"excerpt":{"rendered":"<p>CSIC Senior&nbsp;Researcher malguero@icmm.csic.es \u2022 Current research projects: MAT2017-88788-R (Spanish National Research Agency) \u2022 Scientific production: &nbsp;&nbsp; &nbsp; \u2022 See 10 selected publications&nbsp; &nbsp; &nbsp; Dr&#8230;.<\/p>\n","protected":false},"author":1,"featured_media":0,"parent":848,"menu_order":0,"comment_status":"closed","ping_status":"closed","template":"page-template-fullwidth.php","meta":{"ngg_post_thumbnail":0,"footnotes":""},"class_list":["post-933","page","type-page","status-publish","hentry"],"_links":{"self":[{"href":"https:\/\/wp.icmm.csic.es\/eosmad\/wp-json\/wp\/v2\/pages\/933","targetHints":{"allow":["GET"]}}],"collection":[{"href":"https:\/\/wp.icmm.csic.es\/eosmad\/wp-json\/wp\/v2\/pages"}],"about":[{"href":"https:\/\/wp.icmm.csic.es\/eosmad\/wp-json\/wp\/v2\/types\/page"}],"author":[{"embeddable":true,"href":"https:\/\/wp.icmm.csic.es\/eosmad\/wp-json\/wp\/v2\/users\/1"}],"replies":[{"embeddable":true,"href":"https:\/\/wp.icmm.csic.es\/eosmad\/wp-json\/wp\/v2\/comments?post=933"}],"version-history":[{"count":11,"href":"https:\/\/wp.icmm.csic.es\/eosmad\/wp-json\/wp\/v2\/pages\/933\/revisions"}],"predecessor-version":[{"id":2729,"href":"https:\/\/wp.icmm.csic.es\/eosmad\/wp-json\/wp\/v2\/pages\/933\/revisions\/2729"}],"up":[{"embeddable":true,"href":"https:\/\/wp.icmm.csic.es\/eosmad\/wp-json\/wp\/v2\/pages\/848"}],"wp:attachment":[{"href":"https:\/\/wp.icmm.csic.es\/eosmad\/wp-json\/wp\/v2\/media?parent=933"}],"curies":[{"name":"wp","href":"https:\/\/api.w.org\/{rel}","templated":true}]}}