{"id":958,"date":"2016-12-12T15:07:16","date_gmt":"2016-12-12T14:07:16","guid":{"rendered":"http:\/\/www.icmm.csic.es\/eosmad\/?page_id=958"},"modified":"2019-03-13T14:19:53","modified_gmt":"2019-03-13T14:19:53","slug":"selected-publications","status":"publish","type":"page","link":"https:\/\/wp.icmm.csic.es\/eosmad\/people\/present-members\/prof-alicia-castro\/selected-publications\/","title":{"rendered":"selected publications"},"content":{"rendered":"<div style=\"float: left;width: 35%\"><img loading=\"lazy\" decoding=\"async\" class=\"aligncenter wp-image-736 size-full\" src=\"https:\/\/wp.icmm.csic.es\/eosmad\/wp-content\/uploads\/sites\/31\/2016\/10\/foto-Alicia-150X200px.png\" alt=\"\" width=\"150\" height=\"200\"><\/div>\n<h2 style=\"float: right;width: 65%\"><span style=\"color: #c0504d\"><strong>CSIC Professor<\/strong><\/span><\/h2>\n<h4><strong><a href=\"mailto:acastro@icmm.csic.es\" target=\"_blank\" rel=\"noopener noreferrer\">acastro@icmm.csic.es<\/a><\/strong><\/h4>\n<div style=\"float: right;width: 65%\">\n<div><strong>\u2022 Current research projects: <a href=\"https:\/\/wp.icmm.csic.es\/eosmad\/funding-2\/\" target=\"_blank\" rel=\"noopener noreferrer\">MAT2017-88788-R<\/a> (Spanish National Research Agency)<\/strong><\/div>\n<div><strong>\u2022 Scientific production: <a href=\"http:\/\/www.researcherid.com\/rid\/B-2236-2010\" target=\"_blank\" rel=\"noopener noreferrer\"><img loading=\"lazy\" decoding=\"async\" class=\"irc_mi\" src=\"https:\/\/blogs.helsinki.fi\/thinkopen\/files\/2018\/06\/ORCID-icon-300x300.png\" alt=\"Resultado de imagen de research id\" data-iml=\"1551083055634\" width=\"29\" height=\"29\"><\/a><\/strong><\/div>\n<\/div>\n<div>&nbsp;<\/div>\n<h2>&nbsp;<\/h2>\n<h4>&nbsp;<\/h4>\n<div><strong>\u2022 Current research projects: <a href=\"https:\/\/wp.icmm.csic.es\/eosmad\/funding-2\/\" target=\"_blank\" rel=\"noopener noreferrer\">MAT2017-88788-R<\/a> (Spanish National Research Agency)<\/strong><\/div>\n<div>&nbsp;<\/div>\n<div><strong>\u2022 See <a href=\"https:\/\/wp.icmm.csic.es\/eosmad\/prof-alicia-castro\/selected-publications\/\">10 selected publications<\/a><span class=\"border-size\"><span class=\"destacar\">&nbsp;<\/span><\/span><\/strong><\/div>\n<ol>\n<li>T. Hungr\u00eda, M. Alguer\u00f3, A.B. Hungr\u00eda,<strong> A. Castro<\/strong>. \u201cDense Fine Grained Ba1-xSrxTiO3 Ceramics Prepared by the Combination of Mechanosynthesized Nanopowders and Spark Plasma Sintering\u201d, <em>Chem. Mater. <\/em><em>17 (2005) 6205.<\/em><\/li>\n<li>T. Hungr\u00eda, M. Alguer\u00f3, <strong>A. Castro<\/strong>. \u201cSynthesis of Nanosized (1-x)NaNbO3-xSrTiO3 Solid Solution by Mechanochemical Activation, Processing of Ceramics, and Phase Transitions.\u201d, <em>Chem. Mater. <\/em>18 (2006) 5370.<\/li>\n<li>T. Hungr\u00eda, M. Alguer\u00f3, <strong>A. Castro<\/strong>. \u201cGrain Growth Control in NaNbO3-SrTiO3 Ceramics by Mechanosynthesis and Spark Plasma Sintering\u201d, <em>J. Am. <\/em><em>Ceram. Soc.<\/em> 90 (2007) 2122.<\/li>\n<li>M. Alguer\u00f3, T. Hungr\u00eda, H. Amor\u00edn, J. Ricote, J. Galy,&nbsp; <strong>A. Castro<\/strong>. \u201cRelaxor Behavior, Polarization Buildup, and Switching in Nanostructured&nbsp; 0.92PbZn1\/3Nb2\/3O3 \u20130.08PbTiO3 Ceramics\u201d, <em>Small 3 (2007) 1906.<\/em><\/li>\n<li>M. Alguer\u00f3, J. Ricote, T. Hungr\u00eda, <strong>A. Castro<\/strong>. \u201cHigh-Sensitivity Piezoelectric, Low-Tolerance-Factor Perovskites by Mechanosynthesis\u201d, <em>Chem. Mater. 19<\/em><em>(2007) <\/em>4982<em>.<\/em><\/li>\n<li>T. Hungr\u00eda, H. Amor\u00edn, J. Galy,&nbsp; J. Ricote, M. Alguer\u00f3, <strong>A. Castro<\/strong>. \u201cNanostructured Ceramics of 0.92PbZn1\/3Nb2\/3O3\u20130.08PbTiO3 Processed by SPS of Nanocrystalline Powders Obtained by Mechanosynthesis\u201d, <em>Nanotechnol. <\/em><em>19 (2008)<\/em><em> 155609.<\/em><\/li>\n<li>M. Alguer\u00f3, H. Amor\u00edn, T. Hungr\u00eda, J. Galy, <strong>A. Castro<\/strong>. \u201cMacroscopic Ferroelectricity and Piezoelectricity in Nanostructured BiScO3-PbTiO3 Ceramics\u201d, <em>Appl. Phys. Lett.<\/em> 94 (2009) 012902.<\/li>\n<li>A. Moure, <strong>A. Castro<\/strong>, J. Tartaj, C. Moure. \u201cSingle Phase Ceramics with La1-xSrxGa1-yMgyO3-d Composition from Precursors Obtained by Mechanosynthesis\u201d, <em>J. Power Sources<\/em> 188 (2009) 489.<\/li>\n<li>J. Galy, J. Hern\u00e1ndez-Velasco, A.R. Landa-C\u00e1novas, E. Vila, <strong>A. Castro<\/strong>. \u201cAb Initio Structure Determination and Rietveld Refinement of Bi10Mo3O24 the Member n=3 of the Bi2n+4MonO6(n+1) Series\u201d, <em>J. Solid State Chem.<\/em> 182 (2009) 1177.<\/li>\n<li>T. Hungr\u00eda, J. Galy, <strong>A. Castro<\/strong>. \u201cSpark Plasma Sintering Technique Applied to the Processing of Piezo-Ferroelectric Ceramic Materials\u201d, <em>Adv. Eng. Mat.<\/em> 11 (2009) 615.<\/li>\n<\/ol>\n","protected":false},"excerpt":{"rendered":"<p>CSIC Professor acastro@icmm.csic.es \u2022 Current research projects: MAT2017-88788-R (Spanish National Research Agency) \u2022 Scientific production: &nbsp; &nbsp; &nbsp; \u2022 Current research projects: MAT2017-88788-R (Spanish National&#8230;<\/p>\n","protected":false},"author":1,"featured_media":0,"parent":950,"menu_order":0,"comment_status":"closed","ping_status":"closed","template":"page-template-fullwidth.php","meta":{"ngg_post_thumbnail":0,"footnotes":""},"class_list":["post-958","page","type-page","status-publish","hentry"],"_links":{"self":[{"href":"https:\/\/wp.icmm.csic.es\/eosmad\/wp-json\/wp\/v2\/pages\/958","targetHints":{"allow":["GET"]}}],"collection":[{"href":"https:\/\/wp.icmm.csic.es\/eosmad\/wp-json\/wp\/v2\/pages"}],"about":[{"href":"https:\/\/wp.icmm.csic.es\/eosmad\/wp-json\/wp\/v2\/types\/page"}],"author":[{"embeddable":true,"href":"https:\/\/wp.icmm.csic.es\/eosmad\/wp-json\/wp\/v2\/users\/1"}],"replies":[{"embeddable":true,"href":"https:\/\/wp.icmm.csic.es\/eosmad\/wp-json\/wp\/v2\/comments?post=958"}],"version-history":[{"count":3,"href":"https:\/\/wp.icmm.csic.es\/eosmad\/wp-json\/wp\/v2\/pages\/958\/revisions"}],"predecessor-version":[{"id":2342,"href":"https:\/\/wp.icmm.csic.es\/eosmad\/wp-json\/wp\/v2\/pages\/958\/revisions\/2342"}],"up":[{"embeddable":true,"href":"https:\/\/wp.icmm.csic.es\/eosmad\/wp-json\/wp\/v2\/pages\/950"}],"wp:attachment":[{"href":"https:\/\/wp.icmm.csic.es\/eosmad\/wp-json\/wp\/v2\/media?parent=958"}],"curies":[{"name":"wp","href":"https:\/\/api.w.org\/{rel}","templated":true}]}}