{"id":107,"date":"2009-01-20T12:08:07","date_gmt":"2009-01-20T10:08:07","guid":{"rendered":"http:\/\/www.icmm.csic.es\/grupos\/?page_id=107"},"modified":"2026-02-02T17:31:08","modified_gmt":"2026-02-02T17:31:08","slug":"theses","status":"publish","type":"page","link":"https:\/\/wp.icmm.csic.es\/esisna\/theses\/","title":{"rendered":"Theses"},"content":{"rendered":"<ul>\n<li>Jos\u00e9 Mar\u00eda G\u00f3mez Fern\u00e1ndez, <a href=\"https:\/\/digital.csic.es\/handle\/10261\/416718\"><span style=\"color: #0000ff\">\u00abS\u00edntesis en superficie de materiales de baja dimensionalidad basados en precursores fotoactivos de BOPHY con potencial para fotoelectroqu\u00edmica<\/a>\u00ab<\/span><\/a>, Universidad Aut\u00f3noma de Madrid (Octubre 2025).<\/li>\n<li>Guillermo Tajuelo Castilla, <a href=\"https:\/\/digital.csic.es\/handle\/10261\/394291\"><span style=\"color: #0000ff\">\u00abSimulacion en el laboratorio de la fotoqu\u00edmica en estado s\u00f3lido en el medio interestelar\u00bb<\/span><\/a>, Universidad Aut\u00f3noma de Madrid (Abril 2025).<\/li>\n<li>Federico Villalobos Romero, <a href=\"https:\/\/digibug.ugr.es\/handle\/10481\/97736\"><span style=\"color: #0000ff\">\u00abIn-solution and on-surface synthesis and characterization of curved graphenic nanostructures\u00bb<\/span><\/a>, Universidad de Granada (Octubre 2024).<\/li>\n<li>Daniel Arribas Mercado, <a href=\"https:\/\/digital.csic.es\/handle\/10261\/372459\"><span style=\"color: #0000ff\">\u00abSurface-catalysed dehydrogenation and aromatisation reactions of hydrocarbons\u00bb<\/span><\/a>, Universidad Aut\u00f3noma de Madrid (Octubre 2024).<\/li>\n<li>Nerea Ruiz del Arbol Lasagabaster, <a href=\"https:\/\/digital.csic.es\/handle\/10261\/222651\"><span style=\"color: #0000ff\">\u00abReactividad qu\u00edmica del para-aminofenol en superficies met\u00e1licas. Nuevos mecanismos de s\u00edntesis sobre superficies\u00bb<\/span><\/a>, Universidad Aut\u00f3noma de Madrid (Octubre 2020).<\/li>\n<li>Jon Azpeitia Urkia, <span style=\"color: #0000ff\"><a style=\"color: #0000ff\" href=\"https:\/\/digital.csic.es\/handle\/10261\/167620\">\u00abCharacterization and decoupling of high-quality graphene grown by fullerene decomposition on Cu foils\u00bb<\/a><\/span>, Universidad Aut\u00f3noma de Madrid (Junio 2018).<\/li>\n<li>Rebeca A. Bueno,<span style=\"color: #0000ff\"><a style=\"color: #0000ff\" href=\"https:\/\/digital.csic.es\/handle\/10261\/162931\"> \u00abFuncionalizaci\u00f3n covalente y selectiva de grafeno en ultra alto vac\u00edo\u00bb<\/a><\/span>, Universidad Aut\u00f3noma de Madrid (Marzo 2018).<\/li>\n<li>Irene Hern\u00e1ndez Rodr\u00edguez, <a href=\"https:\/\/digital.csic.es\/handle\/10261\/182630\"><span style=\"color: #0000ff\">\u00abGraphene synthesis on a surface by molecular beam epitaxy using a carbon-solid source\u00bb<\/span><\/a>, Universidad Aut\u00f3noma de Madrid (Septiembre 2017).<\/li>\n<li>Pablo Merino, <span style=\"color: #0000ff\"><a style=\"color: #0000ff\" href=\"https:\/\/repositorio.uam.es\/handle\/10486\/660274\">\u00abStructural Characterization of Epitaxial Graphene\u00bb<\/a><\/span>, Universidad Aut\u00f3noma de Madrid (Noviembre 2013).<\/li>\n<li>Anna Lisa Pinardi, <span style=\"color: #0000ff\"><a style=\"color: #0000ff\" href=\"https:\/\/digital.pre.csic.es\/handle\/10261\/78596\">\u00abTailoring on-surface chemistry of (hetero)-aromatics on transition metals\u00bb<\/a><\/span>, Universidad Aut\u00f3noma de Madrid (Junio 2013).<\/li>\n<li>Carlos S\u00e1nchez S\u00e1nchez,<span style=\"color: #0000ff\"><a style=\"color: #0000ff\" href=\"https:\/\/digital.csic.es\/handle\/10261\/35555\"> \u00abStructure and Electronic Properties of Different Adsorbates on the rutile TiO2 (110) surfaces\u00bb<\/a><\/span>, Universidad Aut\u00f3noma de Madrid (2011).<\/li>\n<li>Luc\u00eda Alvarez Gonz\u00e1lez,<a href=\"https:\/\/digital.csic.es\/handle\/10261\/36197\"> \u00ab<span style=\"color: #0000ff\">Estructuras metal-org\u00e1nicas de varias dimensiones por combinaci\u00f3n de Fe y PTCDA caracterizadas por STM y XPS\u00bb<\/span><\/a>, Universidad Aut\u00f3noma de Madrid (2010).<\/li>\n<li>Gonzalo Guillermo Otero,<span style=\"color: #0000ff\"><a style=\"color: #0000ff\" href=\"https:\/\/digital.csic.es\/handle\/10261\/36194\"> \u00abCiclodeshidrogenaci\u00f3n catalizada por superficies: Fullerenos a partir de precursores arom\u00e1ticos\u00bb<\/a><\/span>, Universidad Aut\u00f3noma de Madrid (2010).<\/li>\n<\/ul>\n","protected":false},"excerpt":{"rendered":"<p>Jos\u00e9 Mar\u00eda G\u00f3mez Fern\u00e1ndez, \u00abS\u00edntesis en superficie de materiales de baja dimensionalidad basados en precursores fotoactivos de BOPHY con potencial para fotoelectroqu\u00edmica\u00ab, Universidad Aut\u00f3noma de Madrid (Octubre 2025). Guillermo Tajuelo Castilla, \u00abSimulacion en el laboratorio de la fotoqu\u00edmica en estado s\u00f3lido en el medio interestelar\u00bb, Universidad Aut\u00f3noma de Madrid (Abril\u2026<\/p>\n<p> <a class=\"continue-reading-link\" href=\"https:\/\/wp.icmm.csic.es\/esisna\/theses\/\"><span>Continue reading<\/span><i class=\"crycon-right-dir\"><\/i><\/a> <\/p>\n","protected":false},"author":1,"featured_media":0,"parent":0,"menu_order":1,"comment_status":"closed","ping_status":"closed","template":"","meta":{"ngg_post_thumbnail":0,"footnotes":""},"class_list":["post-107","page","type-page","status-publish","hentry"],"_links":{"self":[{"href":"https:\/\/wp.icmm.csic.es\/esisna\/wp-json\/wp\/v2\/pages\/107","targetHints":{"allow":["GET"]}}],"collection":[{"href":"https:\/\/wp.icmm.csic.es\/esisna\/wp-json\/wp\/v2\/pages"}],"about":[{"href":"https:\/\/wp.icmm.csic.es\/esisna\/wp-json\/wp\/v2\/types\/page"}],"author":[{"embeddable":true,"href":"https:\/\/wp.icmm.csic.es\/esisna\/wp-json\/wp\/v2\/users\/1"}],"replies":[{"embeddable":true,"href":"https:\/\/wp.icmm.csic.es\/esisna\/wp-json\/wp\/v2\/comments?post=107"}],"version-history":[{"count":48,"href":"https:\/\/wp.icmm.csic.es\/esisna\/wp-json\/wp\/v2\/pages\/107\/revisions"}],"predecessor-version":[{"id":5117,"href":"https:\/\/wp.icmm.csic.es\/esisna\/wp-json\/wp\/v2\/pages\/107\/revisions\/5117"}],"wp:attachment":[{"href":"https:\/\/wp.icmm.csic.es\/esisna\/wp-json\/wp\/v2\/media?parent=107"}],"curies":[{"name":"wp","href":"https:\/\/api.w.org\/{rel}","templated":true}]}}