{"id":1229,"date":"2010-11-24T11:55:15","date_gmt":"2010-11-24T09:55:15","guid":{"rendered":"http:\/\/www.icmm.csic.es\/grupos\/?page_id=1229"},"modified":"2010-11-24T11:55:15","modified_gmt":"2010-11-24T09:55:15","slug":"understanding-atomic-resolved-stm-images-on-tio2110-1x1-surface-by-dft-calculations","status":"publish","type":"page","link":"https:\/\/wp.icmm.csic.es\/esisna\/understanding-atomic-resolved-stm-images-on-tio2110-1x1-surface-by-dft-calculations\/","title":{"rendered":"Understanding atomic-resolved STM images on  TiO2(110)-(1&#215;1) surface by DFT calculations"},"content":{"rendered":"<p class=\"MsoNormal\" style=\"text-align: center;line-height: 150%\" align=\"center\"><strong><span style=\"font-size: 14pt;line-height: 150%\">Understanding atomic-resolved STM images on <\/span><\/strong><\/p>\n<p class=\"MsoNormal\" style=\"text-align: center;line-height: 150%\" align=\"center\"><strong><span style=\"font-size: 14pt;line-height: 150%\">TiO<\/span><\/strong><strong><sub><span style=\"font-size: 14pt;line-height: 150%\">2<\/span><\/sub><\/strong><span style=\"font-size: 14pt;line-height: 150%\">(<\/span><strong><span style=\"font-size: 14pt;line-height: 150%\">110<\/span><\/strong><span style=\"font-size: 14pt;line-height: 150%\">)<\/span><strong><span style=\"font-size: 14pt;line-height: 150%\">&#8211;<\/span><\/strong><span style=\"font-size: 14pt;line-height: 150%\">(<\/span><strong><span style=\"font-size: 14pt;line-height: 150%\">1&#215;1<\/span><\/strong><span style=\"font-size: 14pt;line-height: 150%\">)<\/span><span style=\"font-size: 14pt;line-height: 150%\"> <\/span><strong><span style=\"font-size: 14pt;line-height: 150%\">surface by DFT calculations<\/span><\/strong><\/p>\n<p class=\"MsoNormal\" style=\"text-align: center;line-height: 150%\" align=\"center\"><strong><span style=\"font-size: 14pt;line-height: 150%\"> <\/span><\/strong><\/p>\n<p class=\"MsoNormal\" style=\"text-align: center;line-height: 150%\" align=\"center\"><span style=\"font-size: 10pt;line-height: 150%\">C. S\u00e1nchez-S\u00e1nchez, C. Gonz\u00e1lez, P. Jelinek, J. M\u00e9ndez, P. L. de Andr\u00e9s, <\/span><\/p>\n<p class=\"MsoNormal\" style=\"text-align: center;line-height: 150%\" align=\"center\"><span style=\"font-size: 10pt;line-height: 150%\">J. A. Mart\u00edn-Gago and M. F. L\u00f3pez<\/span><\/p>\n<p class=\"MsoNormal\" style=\"text-align: center;line-height: 150%\" align=\"center\"><span style=\"font-size: 10pt;line-height: 150%\"> <\/span><\/p>\n<p class=\"MsoNormal\" style=\"text-align: center;line-height: 150%\" align=\"center\"><a href=\"http:\/\/iopscience.iop.org\/0957-4484\/21\/40\/405702\"><span style=\"font-size: 10pt;line-height: 150%;color: blue\">Nanotechnology, 21 (2010) 405702 <\/span><\/a><\/p>\n<p class=\"MsoNormal\" style=\"text-align: center;line-height: 150%\" align=\"center\"><span style=\"font-size: 10pt;line-height: 150%;color: blue\"> <\/span><\/p>\n<p class=\"MsoNormal\"><span lang=\"EN-GB\"> <\/span><\/p>\n<p class=\"MsoNormal\" style=\"line-height: 150%\"><span lang=\"EN-GB\">Considered as a model in surface science studies of transition metal oxides, the (110) face of TiO<sub>2<\/sub> has been widely investigated. As a powerful tool for surface studies, scanning tunnelling microscopy (STM) has been used to extract information on the phenomena and reactions taking place at this surface. However, different types of atomic-resolved STM images have been reported in the literature for the clean surface of TiO<sub>2<\/sub>(110)-(1&#215;1). In this study, combining experimental work with theoretical simulations, it is exhibited the influence of the tip condition when imaging this surface by STM. As an example the following figure shows four different STM images obtained for the same surface, the (1&#215;1) termination of TiO<sub>2<\/sub>(110).<\/span><\/p>\n<p class=\"MsoNormal\" style=\"line-height: 150%\">\n<p class=\"MsoNormal\" style=\"line-height: 150%;text-align: center\"><a href=\"https:\/\/wp.icmm.csic.es\/esisna\/wp-content\/uploads\/sites\/26\/2010\/11\/tio2-3.png\"><img loading=\"lazy\" decoding=\"async\" class=\"alignnone size-medium wp-image-1230\" title=\"tio2-3\" src=\"https:\/\/wp.icmm.csic.es\/esisna\/wp-content\/uploads\/sites\/26\/2010\/11\/tio2-3.png\" alt=\"\" width=\"300\" height=\"246\" srcset=\"https:\/\/wp.icmm.csic.es\/esisna\/wp-content\/uploads\/sites\/26\/2010\/11\/tio2-3.png 522w, https:\/\/wp.icmm.csic.es\/esisna\/wp-content\/uploads\/sites\/26\/2010\/11\/tio2-3-300x247.png 300w\" sizes=\"auto, (max-width: 300px) 100vw, 300px\" \/><\/a><\/p>\n","protected":false},"excerpt":{"rendered":"<p>Understanding atomic-resolved STM images on TiO2(110)&#8211;(1&#215;1) surface by DFT calculations C. S\u00e1nchez-S\u00e1nchez, C. Gonz\u00e1lez, P. Jelinek, J. M\u00e9ndez, P. L. de Andr\u00e9s, J. A. Mart\u00edn-Gago and M. F. L\u00f3pez Nanotechnology, 21 (2010) 405702 Considered as a model in surface science studies of transition metal oxides, the (110) face of TiO2\u2026<\/p>\n<p> <a class=\"continue-reading-link\" href=\"https:\/\/wp.icmm.csic.es\/esisna\/understanding-atomic-resolved-stm-images-on-tio2110-1x1-surface-by-dft-calculations\/\"><span>Continue reading<\/span><i class=\"crycon-right-dir\"><\/i><\/a> <\/p>\n","protected":false},"author":1,"featured_media":0,"parent":0,"menu_order":0,"comment_status":"closed","ping_status":"closed","template":"","meta":{"ngg_post_thumbnail":0,"footnotes":""},"class_list":["post-1229","page","type-page","status-publish","hentry"],"_links":{"self":[{"href":"https:\/\/wp.icmm.csic.es\/esisna\/wp-json\/wp\/v2\/pages\/1229","targetHints":{"allow":["GET"]}}],"collection":[{"href":"https:\/\/wp.icmm.csic.es\/esisna\/wp-json\/wp\/v2\/pages"}],"about":[{"href":"https:\/\/wp.icmm.csic.es\/esisna\/wp-json\/wp\/v2\/types\/page"}],"author":[{"embeddable":true,"href":"https:\/\/wp.icmm.csic.es\/esisna\/wp-json\/wp\/v2\/users\/1"}],"replies":[{"embeddable":true,"href":"https:\/\/wp.icmm.csic.es\/esisna\/wp-json\/wp\/v2\/comments?post=1229"}],"version-history":[{"count":0,"href":"https:\/\/wp.icmm.csic.es\/esisna\/wp-json\/wp\/v2\/pages\/1229\/revisions"}],"wp:attachment":[{"href":"https:\/\/wp.icmm.csic.es\/esisna\/wp-json\/wp\/v2\/media?parent=1229"}],"curies":[{"name":"wp","href":"https:\/\/api.w.org\/{rel}","templated":true}]}}