{"id":1991,"date":"2013-12-16T11:11:42","date_gmt":"2013-12-16T09:11:42","guid":{"rendered":"http:\/\/www.icmm.csic.es\/esisna\/?page_id=1991"},"modified":"2013-12-16T11:11:42","modified_gmt":"2013-12-16T09:11:42","slug":"1991-2","status":"publish","type":"page","link":"https:\/\/wp.icmm.csic.es\/esisna\/1991-2\/","title":{"rendered":"Chemistry and dehydrogenation of C60H30 molecules on TiO2(110) surfaces"},"content":{"rendered":"<p>We evidence temperature-assisted (cyclo)dehydrogenation reactions of large polycyclic aromatic hydrocarbons (PAHs) for the paradigmatic case of C<sub>60<\/sub>H<sub>30<\/sub>, and the subsequent bottom-up formation of assembled nanostructures, such as nanodomes, on a dielectric substrate like the TiO<sub>2<\/sub>(110) surface. To this aim we have deposited, under ultra-high vacuum environment, submonolayer coverage of C<sub>60<\/sub>H<sub>30<\/sub>, and we have studied, by a combination of experimental techniques (STM, XPS and NEXAFS) and theoretical methods, the different chemical on-surface interaction stages induced by the increasing temperature. We show that, at room temperature, adsorbed molecules exhibit a weak interaction and freely diffuse on the surface. Nevertheless, a slight annealing induces a transition from this starting (meta)stable configuration towards strongly chemisorbed molecules, in which the perylene aromatics interact with the surface deforming the molecular structure and, as a consequence, surface diffusion is quenched. Higher annealing temperatures lead to partial dehydrogenation, in which the molecule loses some of the peripheral hydrogen atoms and the LUMO level spreads out, manifesting a net total energy gain. Further annealing, up to around 750K, ends ups into complete dehydrogenation. At these temperatures the fully dehydrogenated molecules link between them in a bottom-up coupling, forming nanodomes or fullerene-like monodisperse species. This work opens the door to the use of on-surface chemistry to generate new bottom-up tailored structures directly on high-K dielectric surfaces.<\/p>\n<p><a href=\"https:\/\/wp.icmm.csic.es\/esisna\/wp-content\/uploads\/sites\/26\/2013\/12\/c60h30-web.png\"><img loading=\"lazy\" decoding=\"async\" class=\"aligncenter  wp-image-1992\" title=\"c60h30-web\" src=\"https:\/\/wp.icmm.csic.es\/esisna\/wp-content\/uploads\/sites\/26\/2013\/12\/c60h30-web.png\" alt=\"\" width=\"498\" height=\"319\" srcset=\"https:\/\/wp.icmm.csic.es\/esisna\/wp-content\/uploads\/sites\/26\/2013\/12\/c60h30-web.png 608w, https:\/\/wp.icmm.csic.es\/esisna\/wp-content\/uploads\/sites\/26\/2013\/12\/c60h30-web-300x192.png 300w\" sizes=\"auto, (max-width: 498px) 100vw, 498px\" \/><\/a><\/p>\n<p>&nbsp;<\/p>\n<p>Full text in this link: <a href=\"http:\/\/pubs.rsc.org\/en\/content\/articlelanding\/2013\/nr\/c3nr03706a#!divAbstract\"><strong>Chemistry and Temperature-assisted Dehydrogenation of C<sub>60<\/sub>H<sub>30<\/sub> Molecules on Ti0<sub>2<\/sub>(110) surfaces, <\/strong><\/a>C. S\u00e1nchez-S\u00e1nchez, J. I. Mart\u00ednez, V. Lanzilotto, G. Biddau, B. G\u00f3mez-Lor, R. P\u00e9rez, L. Floreano, M. F. L\u00f3pez y J. A. Mart\u00edn-Gago;<strong><\/strong> Nanoscale, <strong>5<\/strong> (2013) 11058.<\/p>\n<p>&nbsp;<\/p>\n<p>&nbsp;<\/p>\n<p>&nbsp;<\/p>\n","protected":false},"excerpt":{"rendered":"<p>We evidence temperature-assisted (cyclo)dehydrogenation reactions of large polycyclic aromatic hydrocarbons (PAHs) for the paradigmatic case of C60H30, and the subsequent bottom-up formation of assembled nanostructures, such as nanodomes, on a dielectric substrate like the TiO2(110) surface. To this aim we have deposited, under ultra-high vacuum environment, submonolayer coverage of C60H30,\u2026<\/p>\n<p> <a class=\"continue-reading-link\" href=\"https:\/\/wp.icmm.csic.es\/esisna\/1991-2\/\"><span>Continue reading<\/span><i class=\"crycon-right-dir\"><\/i><\/a> <\/p>\n","protected":false},"author":50,"featured_media":0,"parent":0,"menu_order":0,"comment_status":"closed","ping_status":"closed","template":"","meta":{"ngg_post_thumbnail":0,"footnotes":""},"class_list":["post-1991","page","type-page","status-publish","hentry"],"_links":{"self":[{"href":"https:\/\/wp.icmm.csic.es\/esisna\/wp-json\/wp\/v2\/pages\/1991","targetHints":{"allow":["GET"]}}],"collection":[{"href":"https:\/\/wp.icmm.csic.es\/esisna\/wp-json\/wp\/v2\/pages"}],"about":[{"href":"https:\/\/wp.icmm.csic.es\/esisna\/wp-json\/wp\/v2\/types\/page"}],"author":[{"embeddable":true,"href":"https:\/\/wp.icmm.csic.es\/esisna\/wp-json\/wp\/v2\/users\/50"}],"replies":[{"embeddable":true,"href":"https:\/\/wp.icmm.csic.es\/esisna\/wp-json\/wp\/v2\/comments?post=1991"}],"version-history":[{"count":0,"href":"https:\/\/wp.icmm.csic.es\/esisna\/wp-json\/wp\/v2\/pages\/1991\/revisions"}],"wp:attachment":[{"href":"https:\/\/wp.icmm.csic.es\/esisna\/wp-json\/wp\/v2\/media?parent=1991"}],"curies":[{"name":"wp","href":"https:\/\/api.w.org\/{rel}","templated":true}]}}