{"id":2987,"date":"2018-07-30T16:51:30","date_gmt":"2018-07-30T16:51:30","guid":{"rendered":"https:\/\/wp.icmm.csic.es\/esisna\/?page_id=2987"},"modified":"2025-08-21T15:39:04","modified_gmt":"2025-08-21T15:39:04","slug":"outreach_jim","status":"publish","type":"page","link":"https:\/\/wp.icmm.csic.es\/esisna\/outreach_jim\/","title":{"rendered":"Outreach &#8211; Jos\u00e9 Ignacio Mart\u00ednez"},"content":{"rendered":"<hr \/>\n<table border=\"0\" cellspacing=\"0\" cellpadding=\"0\">\n<tbody>\n<tr>\n<td bgcolor=\"#000000\" width=\"2\"><\/td>\n<td width=\"5\"><\/td>\n<td width=\"*\"><\/td>\n<\/tr>\n<\/tbody>\n<\/table>\n<p><a href=\"https:\/\/wp.icmm.csic.es\/esisna\/jose-ignacio-martinez\/\"><img loading=\"lazy\" decoding=\"async\" class=\"wp-image-2872\" src=\"https:\/\/wp.icmm.csic.es\/esisna\/wp-content\/uploads\/sites\/26\/2018\/07\/a-5.png\" alt=\"\" width=\"130\" height=\"42\" srcset=\"https:\/\/wp.icmm.csic.es\/esisna\/wp-content\/uploads\/sites\/26\/2018\/07\/a-5.png 243w, https:\/\/wp.icmm.csic.es\/esisna\/wp-content\/uploads\/sites\/26\/2018\/07\/a-5-150x49.png 150w\" sizes=\"auto, (max-width: 130px) 100vw, 130px\" \/><\/a><a href=\"http:\/\/www.icmm.csic.es\/esisna\/?page_id=1880\"><img loading=\"lazy\" decoding=\"async\" id=\"badge_badgeCont765051\" class=\"\" src=\"https:\/\/wp.icmm.csic.es\/esisna\/wp-content\/uploads\/sites\/26\/2018\/07\/a-1.png\" alt=\"\" width=\"130\" height=\"42\" \/><\/a><a href=\"https:\/\/wp.icmm.csic.es\/esisna\/cv_jim\/\"><img class=\" wp-image-2868\" \/><img loading=\"lazy\" decoding=\"async\" class=\"size-full wp-image-2869\" src=\"https:\/\/wp.icmm.csic.es\/esisna\/wp-content\/uploads\/sites\/26\/2018\/07\/a-2.png\" alt=\"\" width=\"130\" height=\"42\" srcset=\"https:\/\/wp.icmm.csic.es\/esisna\/wp-content\/uploads\/sites\/26\/2018\/07\/a-2.png 243w, https:\/\/wp.icmm.csic.es\/esisna\/wp-content\/uploads\/sites\/26\/2018\/07\/a-2-150x49.png 150w\" sizes=\"auto, (max-width: 130px) 100vw, 130px\" \/><\/a><a href=\"https:\/\/wp.icmm.csic.es\/esisna\/outreach_jim\/\"><img loading=\"lazy\" decoding=\"async\" class=\"size-full wp-image-2870\" src=\"https:\/\/wp.icmm.csic.es\/esisna\/wp-content\/uploads\/sites\/26\/2018\/07\/a-3.png\" alt=\"\" width=\"130\" height=\"42\" srcset=\"https:\/\/wp.icmm.csic.es\/esisna\/wp-content\/uploads\/sites\/26\/2018\/07\/a-3.png 243w, https:\/\/wp.icmm.csic.es\/esisna\/wp-content\/uploads\/sites\/26\/2018\/07\/a-3-150x49.png 150w\" sizes=\"auto, (max-width: 130px) 100vw, 130px\" \/><\/a><a href=\"https:\/\/wp.icmm.csic.es\/esisna\/people-jose-ignacio-martinez\/\"><img loading=\"lazy\" decoding=\"async\" class=\"size-full wp-image-2871\" src=\"https:\/\/wp.icmm.csic.es\/esisna\/wp-content\/uploads\/sites\/26\/2018\/07\/a-4.png\" alt=\"\" width=\"130\" height=\"42\" srcset=\"https:\/\/wp.icmm.csic.es\/esisna\/wp-content\/uploads\/sites\/26\/2018\/07\/a-4.png 243w, https:\/\/wp.icmm.csic.es\/esisna\/wp-content\/uploads\/sites\/26\/2018\/07\/a-4-150x49.png 150w\" sizes=\"auto, (max-width: 130px) 100vw, 130px\" \/><\/a><a href=\"https:\/\/wp.icmm.csic.es\/esisna\/art-science\/\"><img loading=\"lazy\" decoding=\"async\" class=\"size-full wp-image-2873\" src=\"https:\/\/wp.icmm.csic.es\/esisna\/wp-content\/uploads\/sites\/26\/2018\/07\/a-6.png\" alt=\"\" width=\"130\" height=\"42\" srcset=\"https:\/\/wp.icmm.csic.es\/esisna\/wp-content\/uploads\/sites\/26\/2018\/07\/a-6.png 243w, https:\/\/wp.icmm.csic.es\/esisna\/wp-content\/uploads\/sites\/26\/2018\/07\/a-6-150x49.png 150w\" sizes=\"auto, (max-width: 130px) 100vw, 130px\" \/><\/a><\/p>\n<table border=\"0\" cellspacing=\"0\" cellpadding=\"0\">\n<tbody>\n<tr>\n<td bgcolor=\"#000000\" width=\"2\"><\/td>\n<td width=\"5\"><\/td>\n<td width=\"*\"><\/td>\n<\/tr>\n<\/tbody>\n<\/table>\n<hr \/>\n<h3><\/h3>\n<h3><strong>Some representative \u00aboutreach\u00bb and science dissemination activities&#8230;<\/strong><\/h3>\n<p>&nbsp;<\/p>\n<ul>\n<li>\n<h5><em>\u201cCiencia, descubrimientos, inventos. De lo m\u00e1s grande a lo m\u00e1s peque\u00f1o.\u201d<\/em> (Seminar). IES \u00abMargarita Salas\u00bb Majadahonda, Madrid.<\/h5>\n<\/li>\n<li>\n<h5><em style=\"font-family: inherit;font-size: 0.9815em\">\u201cConoce, experimenta y descubre la superconductividad.\u201d<\/em><span style=\"color: #444444;font-family: inherit;font-size: 0.9815em\"> Oriented to 6<\/span><sup style=\"font-family: inherit\">th<\/sup><span style=\"color: #444444;font-family: inherit;font-size: 0.9815em\"> degree school students of \u201cCEIP La Latina de Madrid\u201d. (Science Week 2017)<\/span><\/h5>\n<\/li>\n<li>\n<h5><em style=\"font-family: inherit;font-size: 0.9815em\">\u201cConoce, experimenta y descubre la superconductividad.\u201d<\/em><span style=\"color: #444444;font-family: inherit;font-size: 0.9815em\"> Oriented to 2<\/span><sup style=\"font-family: inherit\">th<\/sup><span style=\"color: #444444;font-family: inherit;font-size: 0.9815em\"> degree school students of \u201cCEIP La Latina de Madrid\u201d. (Science Week 2018)<\/span><\/h5>\n<\/li>\n<li>\n<h5><em style=\"font-family: inherit;font-size: 0.9815em\">\u201cGrafeno. De la batidora al sensor ultrasensible.\u201d<\/em><span style=\"color: #444444;font-family: inherit;font-size: 0.9815em\"> (Scientific Weekend). Parque Cient\u00edfico de Alcobendas, Madrid.<\/span><\/h5>\n<\/li>\n<li>\n<h5><em style=\"font-family: inherit;font-size: 0.9815em\">Organizer of the session \u201cNANOCOSMOS. De lo m\u00e1s grande a lo m\u00e1s peque\u00f1o: Creando una estrella en el laboratorio.\u201d<\/em><span style=\"color: #444444;font-family: inherit;font-size: 0.9815em\"> (7<\/span><sup style=\"font-family: inherit\">th<\/sup><span style=\"color: #444444;font-family: inherit;font-size: 0.9815em\"> Researchers European Night). ICMM, Madrid.<\/span><\/h5>\n<\/li>\n<li>\n<h5><em style=\"font-family: inherit;font-size: 0.9815em\">\u00abNuevos Materiales: Avanzando Hacia la Tecnolog\u00eda del Futuro.<\/em><em style=\"font-family: inherit;font-size: 0.9815em\">\u201d<\/em><span style=\"color: #444444;font-family: inherit;font-size: 0.9815em\"> (Science Week).\u00a0<\/span><span style=\"color: #444444;font-family: inherit;font-size: 0.9815em\">ICMM, Madrid.<\/span><\/h5>\n<\/li>\n<li>\n<h5><em style=\"font-family: inherit;font-size: 0.9815em\">\u00abWhen Hydrogen Attacks Graphene: From Its Rupture Towards the Formation of Hydrocarbons and Hydrocarbyls.\u00bb<\/em><span style=\"color: #444444;font-family: inherit;font-size: 0.9815em\">\u00a0(Seminar in \u201cII Young Researchers Meeting CSIC\u201d).\u00a0<\/span><span style=\"color: #444444;font-family: inherit;font-size: 0.9815em\">ICMM, Madrid.<\/span><\/h5>\n<\/li>\n<li>\n<h5>Seminar entitled <em>\u00abTrends in Inorganic Nanostructures\u00bb<\/em>. XIII Jornada de J\u00f3venes Cient\u00edficos. Organized by \u00abInstituto Universitario de Ciencia de Materiales Nicol\u00e1s Cabrera\u00bb. \u00abLa Cristalera\u00bb Miraflores de la Sierra, Madrid.<\/h5>\n<\/li>\n<li>\n<h5>Collaborator and assistant guide (\u00abThe Marvelous World of the Surfaces\u00bb) within the \u00abvisits program\u00bb of the ICMM-CSIC for first\/second-degree school and high-capacities students, and general non-scientist public.<\/h5>\n<\/li>\n<li>\n<h5>Publication of outreach articles in the Spanish Journal of Physics (RSEF).<\/h5>\n<\/li>\n<\/ul>\n","protected":false},"excerpt":{"rendered":"<p>Some representative \u00aboutreach\u00bb and science dissemination activities&#8230; &nbsp; \u201cCiencia, descubrimientos, inventos. De lo m\u00e1s grande a lo m\u00e1s peque\u00f1o.\u201d (Seminar). IES \u00abMargarita Salas\u00bb Majadahonda, Madrid. \u201cConoce, experimenta y descubre la superconductividad.\u201d Oriented to 6th degree school students of \u201cCEIP La Latina de Madrid\u201d. (Science Week 2017) \u201cConoce, experimenta y descubre\u2026<\/p>\n<p> <a class=\"continue-reading-link\" href=\"https:\/\/wp.icmm.csic.es\/esisna\/outreach_jim\/\"><span>Continue reading<\/span><i class=\"crycon-right-dir\"><\/i><\/a> <\/p>\n","protected":false},"author":50,"featured_media":0,"parent":0,"menu_order":0,"comment_status":"closed","ping_status":"closed","template":"","meta":{"ngg_post_thumbnail":0,"footnotes":""},"class_list":["post-2987","page","type-page","status-publish","hentry"],"_links":{"self":[{"href":"https:\/\/wp.icmm.csic.es\/esisna\/wp-json\/wp\/v2\/pages\/2987","targetHints":{"allow":["GET"]}}],"collection":[{"href":"https:\/\/wp.icmm.csic.es\/esisna\/wp-json\/wp\/v2\/pages"}],"about":[{"href":"https:\/\/wp.icmm.csic.es\/esisna\/wp-json\/wp\/v2\/types\/page"}],"author":[{"embeddable":true,"href":"https:\/\/wp.icmm.csic.es\/esisna\/wp-json\/wp\/v2\/users\/50"}],"replies":[{"embeddable":true,"href":"https:\/\/wp.icmm.csic.es\/esisna\/wp-json\/wp\/v2\/comments?post=2987"}],"version-history":[{"count":33,"href":"https:\/\/wp.icmm.csic.es\/esisna\/wp-json\/wp\/v2\/pages\/2987\/revisions"}],"predecessor-version":[{"id":5034,"href":"https:\/\/wp.icmm.csic.es\/esisna\/wp-json\/wp\/v2\/pages\/2987\/revisions\/5034"}],"wp:attachment":[{"href":"https:\/\/wp.icmm.csic.es\/esisna\/wp-json\/wp\/v2\/media?parent=2987"}],"curies":[{"name":"wp","href":"https:\/\/api.w.org\/{rel}","templated":true}]}}