{"id":3031,"date":"2018-07-31T09:57:36","date_gmt":"2018-07-31T09:57:36","guid":{"rendered":"https:\/\/wp.icmm.csic.es\/esisna\/?page_id=3031"},"modified":"2018-08-13T07:51:15","modified_gmt":"2018-08-13T07:51:15","slug":"people-jose-ignacio-martinez","status":"publish","type":"page","link":"https:\/\/wp.icmm.csic.es\/esisna\/people-jose-ignacio-martinez\/","title":{"rendered":"People &#8211; Jos\u00e9 Ignacio Mart\u00ednez"},"content":{"rendered":"<hr \/>\n<table border=\"0\" cellspacing=\"0\" cellpadding=\"0\">\n<tbody>\n<tr>\n<td bgcolor=\"#000000\" width=\"2\"><\/td>\n<td width=\"5\"><\/td>\n<td width=\"*\"><\/td>\n<\/tr>\n<\/tbody>\n<\/table>\n<p><a href=\"https:\/\/wp.icmm.csic.es\/esisna\/jose-ignacio-martinez\/\"><img loading=\"lazy\" decoding=\"async\" class=\"wp-image-2872\" src=\"https:\/\/wp.icmm.csic.es\/esisna\/wp-content\/uploads\/sites\/26\/2018\/07\/a-5.png\" alt=\"\" width=\"130\" height=\"42\" srcset=\"https:\/\/wp.icmm.csic.es\/esisna\/wp-content\/uploads\/sites\/26\/2018\/07\/a-5.png 243w, https:\/\/wp.icmm.csic.es\/esisna\/wp-content\/uploads\/sites\/26\/2018\/07\/a-5-150x49.png 150w\" sizes=\"auto, (max-width: 130px) 100vw, 130px\" \/><\/a><a href=\"http:\/\/www.icmm.csic.es\/esisna\/?page_id=1880\"><img loading=\"lazy\" decoding=\"async\" id=\"badge_badgeCont765051\" class=\"\" src=\"https:\/\/wp.icmm.csic.es\/esisna\/wp-content\/uploads\/sites\/26\/2018\/07\/a-1.png\" alt=\"\" width=\"130\" height=\"42\" \/><\/a><a href=\"https:\/\/wp.icmm.csic.es\/esisna\/cv_jim\/\"><img class=\" wp-image-2868\" \/><img loading=\"lazy\" decoding=\"async\" class=\"size-full wp-image-2869\" src=\"https:\/\/wp.icmm.csic.es\/esisna\/wp-content\/uploads\/sites\/26\/2018\/07\/a-2.png\" alt=\"\" width=\"130\" height=\"42\" srcset=\"https:\/\/wp.icmm.csic.es\/esisna\/wp-content\/uploads\/sites\/26\/2018\/07\/a-2.png 243w, https:\/\/wp.icmm.csic.es\/esisna\/wp-content\/uploads\/sites\/26\/2018\/07\/a-2-150x49.png 150w\" sizes=\"auto, (max-width: 130px) 100vw, 130px\" \/><\/a><a href=\"https:\/\/wp.icmm.csic.es\/esisna\/outreach_jim\/\"><img loading=\"lazy\" decoding=\"async\" class=\"size-full wp-image-2870\" src=\"https:\/\/wp.icmm.csic.es\/esisna\/wp-content\/uploads\/sites\/26\/2018\/07\/a-3.png\" alt=\"\" width=\"130\" height=\"42\" srcset=\"https:\/\/wp.icmm.csic.es\/esisna\/wp-content\/uploads\/sites\/26\/2018\/07\/a-3.png 243w, https:\/\/wp.icmm.csic.es\/esisna\/wp-content\/uploads\/sites\/26\/2018\/07\/a-3-150x49.png 150w\" sizes=\"auto, (max-width: 130px) 100vw, 130px\" \/><\/a><a href=\"https:\/\/wp.icmm.csic.es\/esisna\/people-jose-ignacio-martinez\/\"><img loading=\"lazy\" decoding=\"async\" class=\"size-full wp-image-2871\" src=\"https:\/\/wp.icmm.csic.es\/esisna\/wp-content\/uploads\/sites\/26\/2018\/07\/a-4.png\" alt=\"\" width=\"130\" height=\"42\" srcset=\"https:\/\/wp.icmm.csic.es\/esisna\/wp-content\/uploads\/sites\/26\/2018\/07\/a-4.png 243w, https:\/\/wp.icmm.csic.es\/esisna\/wp-content\/uploads\/sites\/26\/2018\/07\/a-4-150x49.png 150w\" sizes=\"auto, (max-width: 130px) 100vw, 130px\" \/><\/a><a href=\"https:\/\/wp.icmm.csic.es\/esisna\/art-science\/\"><img loading=\"lazy\" decoding=\"async\" class=\"size-full wp-image-2873\" src=\"https:\/\/wp.icmm.csic.es\/esisna\/wp-content\/uploads\/sites\/26\/2018\/07\/a-6.png\" alt=\"\" width=\"130\" height=\"42\" srcset=\"https:\/\/wp.icmm.csic.es\/esisna\/wp-content\/uploads\/sites\/26\/2018\/07\/a-6.png 243w, https:\/\/wp.icmm.csic.es\/esisna\/wp-content\/uploads\/sites\/26\/2018\/07\/a-6-150x49.png 150w\" sizes=\"auto, (max-width: 130px) 100vw, 130px\" \/><\/a><\/p>\n<table border=\"0\" cellspacing=\"0\" cellpadding=\"0\">\n<tbody>\n<tr>\n<td bgcolor=\"#000000\" width=\"2\"><\/td>\n<td width=\"5\"><\/td>\n<td width=\"*\"><\/td>\n<\/tr>\n<\/tbody>\n<\/table>\n<h3><strong>Some of the people I have the privilege to work with&#8230;<\/strong><\/h3>\n<hr \/>\n<p><img loading=\"lazy\" decoding=\"async\" class=\"alignnone wp-image-3042\" src=\"https:\/\/wp.icmm.csic.es\/esisna\/wp-content\/uploads\/sites\/26\/2018\/07\/JAAlonso.jpg\" alt=\"\" width=\"135\" height=\"188\" srcset=\"https:\/\/wp.icmm.csic.es\/esisna\/wp-content\/uploads\/sites\/26\/2018\/07\/JAAlonso.jpg 132w, https:\/\/wp.icmm.csic.es\/esisna\/wp-content\/uploads\/sites\/26\/2018\/07\/JAAlonso-108x150.jpg 108w\" sizes=\"auto, (max-width: 135px) 100vw, 135px\" \/>\u00a0 \u00a0 \u00a0<img loading=\"lazy\" decoding=\"async\" class=\"alignnone wp-image-3043\" src=\"https:\/\/wp.icmm.csic.es\/esisna\/wp-content\/uploads\/sites\/26\/2018\/07\/Maria_Lopez43.jpg\" alt=\"\" width=\"187\" height=\"187\" \/>\u00a0 \u00a0 \u00a0<img loading=\"lazy\" decoding=\"async\" class=\"alignnone wp-image-3044\" src=\"https:\/\/wp.icmm.csic.es\/esisna\/wp-content\/uploads\/sites\/26\/2018\/07\/Alberto_Castro.jpg\" alt=\"\" width=\"186\" height=\"185\" \/>\u00a0 \u00a0 \u00a0<img loading=\"lazy\" decoding=\"async\" class=\"alignnone wp-image-3045\" src=\"https:\/\/wp.icmm.csic.es\/esisna\/wp-content\/uploads\/sites\/26\/2018\/07\/Rubio.jpeg\" alt=\"\" width=\"279\" height=\"184\" srcset=\"https:\/\/wp.icmm.csic.es\/esisna\/wp-content\/uploads\/sites\/26\/2018\/07\/Rubio.jpeg 276w, https:\/\/wp.icmm.csic.es\/esisna\/wp-content\/uploads\/sites\/26\/2018\/07\/Rubio-150x99.jpeg 150w\" sizes=\"auto, (max-width: 279px) 100vw, 279px\" \/><\/p>\n<p style=\"text-align: center\"><strong>Julio A. Alonso<\/strong> | M\u00aa Jos\u00e9 L\u00f3pez | <strong>Alberto Castro<\/strong> | \u00c1ngel Rubio<\/p>\n<p><img loading=\"lazy\" decoding=\"async\" class=\"alignnone wp-image-3046\" src=\"https:\/\/wp.icmm.csic.es\/esisna\/wp-content\/uploads\/sites\/26\/2018\/07\/Gross.jpeg\" alt=\"\" width=\"174\" height=\"172\" \/>\u00a0 \u00a0 \u00a0<img loading=\"lazy\" decoding=\"async\" class=\"alignnone wp-image-3047\" src=\"https:\/\/wp.icmm.csic.es\/esisna\/wp-content\/uploads\/sites\/26\/2018\/07\/Poblet.jpeg\" alt=\"\" width=\"172\" height=\"172\" srcset=\"https:\/\/wp.icmm.csic.es\/esisna\/wp-content\/uploads\/sites\/26\/2018\/07\/Poblet.jpeg 225w, https:\/\/wp.icmm.csic.es\/esisna\/wp-content\/uploads\/sites\/26\/2018\/07\/Poblet-150x150.jpeg 150w\" sizes=\"auto, (max-width: 172px) 100vw, 172px\" \/>\u00a0 \u00a0 \u00a0<img loading=\"lazy\" decoding=\"async\" class=\"alignnone wp-image-3048\" src=\"https:\/\/wp.icmm.csic.es\/esisna\/wp-content\/uploads\/sites\/26\/2018\/07\/Norskov.jpg\" alt=\"\" width=\"172\" height=\"172\" srcset=\"https:\/\/wp.icmm.csic.es\/esisna\/wp-content\/uploads\/sites\/26\/2018\/07\/Norskov.jpg 186w, https:\/\/wp.icmm.csic.es\/esisna\/wp-content\/uploads\/sites\/26\/2018\/07\/Norskov-150x150.jpg 150w\" sizes=\"auto, (max-width: 172px) 100vw, 172px\" \/>\u00a0 \u00a0 \u00a0<img loading=\"lazy\" decoding=\"async\" class=\"alignnone wp-image-3049\" src=\"https:\/\/wp.icmm.csic.es\/esisna\/wp-content\/uploads\/sites\/26\/2018\/07\/Jan_rossmeisl.jpg\" alt=\"\" width=\"128\" height=\"170\" srcset=\"https:\/\/wp.icmm.csic.es\/esisna\/wp-content\/uploads\/sites\/26\/2018\/07\/Jan_rossmeisl.jpg 194w, https:\/\/wp.icmm.csic.es\/esisna\/wp-content\/uploads\/sites\/26\/2018\/07\/Jan_rossmeisl-112x150.jpg 112w\" sizes=\"auto, (max-width: 128px) 100vw, 128px\" \/>\u00a0 \u00a0 \u00a0<img loading=\"lazy\" decoding=\"async\" class=\"alignnone wp-image-3050\" src=\"https:\/\/wp.icmm.csic.es\/esisna\/wp-content\/uploads\/sites\/26\/2018\/07\/Karsten_Jacobsen.jpeg\" alt=\"\" width=\"128\" height=\"170\" srcset=\"https:\/\/wp.icmm.csic.es\/esisna\/wp-content\/uploads\/sites\/26\/2018\/07\/Karsten_Jacobsen.jpeg 195w, https:\/\/wp.icmm.csic.es\/esisna\/wp-content\/uploads\/sites\/26\/2018\/07\/Karsten_Jacobsen-113x150.jpeg 113w\" sizes=\"auto, (max-width: 128px) 100vw, 128px\" \/><\/p>\n<p style=\"text-align: center\"><strong>Eberhard K. U. (Hardy) Gross<\/strong> | Josep M\u00aa Poblet | <strong>Jens K. N\u00f8rskov<\/strong> | Jan Rossmeisl | <strong>Karsten Jacobsen<\/strong><\/p>\n<p><img loading=\"lazy\" decoding=\"async\" class=\"alignnone wp-image-3051\" src=\"https:\/\/wp.icmm.csic.es\/esisna\/wp-content\/uploads\/sites\/26\/2018\/07\/Kristian.jpeg\" alt=\"\" width=\"131\" height=\"173\" srcset=\"https:\/\/wp.icmm.csic.es\/esisna\/wp-content\/uploads\/sites\/26\/2018\/07\/Kristian.jpeg 195w, https:\/\/wp.icmm.csic.es\/esisna\/wp-content\/uploads\/sites\/26\/2018\/07\/Kristian-113x150.jpeg 113w\" sizes=\"auto, (max-width: 131px) 100vw, 131px\" \/>\u00a0\u00a0\u00a0 \u00a0\u00a0<img loading=\"lazy\" decoding=\"async\" class=\"alignnone wp-image-3052\" src=\"https:\/\/wp.icmm.csic.es\/esisna\/wp-content\/uploads\/sites\/26\/2018\/07\/Federico.jpeg\" alt=\"\" width=\"140\" height=\"176\" srcset=\"https:\/\/wp.icmm.csic.es\/esisna\/wp-content\/uploads\/sites\/26\/2018\/07\/Federico.jpeg 200w, https:\/\/wp.icmm.csic.es\/esisna\/wp-content\/uploads\/sites\/26\/2018\/07\/Federico-120x150.jpeg 120w\" sizes=\"auto, (max-width: 140px) 100vw, 140px\" \/>\u00a0 \u00a0 \u00a0<img loading=\"lazy\" decoding=\"async\" class=\"alignnone wp-image-3053\" src=\"https:\/\/wp.icmm.csic.es\/esisna\/wp-content\/uploads\/sites\/26\/2018\/07\/Flores.jpeg\" alt=\"\" width=\"179\" height=\"175\" srcset=\"https:\/\/wp.icmm.csic.es\/esisna\/wp-content\/uploads\/sites\/26\/2018\/07\/Flores.jpeg 225w, https:\/\/wp.icmm.csic.es\/esisna\/wp-content\/uploads\/sites\/26\/2018\/07\/Flores-150x147.jpeg 150w\" sizes=\"auto, (max-width: 179px) 100vw, 179px\" \/>\u00a0 \u00a0 \u00a0\u00a0<img loading=\"lazy\" decoding=\"async\" class=\"alignnone wp-image-3054\" src=\"https:\/\/wp.icmm.csic.es\/esisna\/wp-content\/uploads\/sites\/26\/2018\/07\/Ortega.jpeg\" alt=\"\" width=\"140\" height=\"174\" srcset=\"https:\/\/wp.icmm.csic.es\/esisna\/wp-content\/uploads\/sites\/26\/2018\/07\/Ortega.jpeg 201w, https:\/\/wp.icmm.csic.es\/esisna\/wp-content\/uploads\/sites\/26\/2018\/07\/Ortega-121x150.jpeg 121w\" sizes=\"auto, (max-width: 140px) 100vw, 140px\" \/>\u00a0 \u00a0 \u00a0<img loading=\"lazy\" decoding=\"async\" class=\"alignnone wp-image-3055\" src=\"https:\/\/wp.icmm.csic.es\/esisna\/wp-content\/uploads\/sites\/26\/2018\/07\/Ruben.jpeg\" alt=\"\" width=\"177\" height=\"174\" srcset=\"https:\/\/wp.icmm.csic.es\/esisna\/wp-content\/uploads\/sites\/26\/2018\/07\/Ruben.jpeg 225w, https:\/\/wp.icmm.csic.es\/esisna\/wp-content\/uploads\/sites\/26\/2018\/07\/Ruben-150x147.jpeg 150w\" sizes=\"auto, (max-width: 177px) 100vw, 177px\" \/><\/p>\n<p style=\"text-align: center\">Kristian S. Thygesen | <strong>Federico Calle-Vallejo<\/strong> | Fernando Flores | <strong>Jos\u00e9 Ortega<\/strong> | Ruben P\u00e9rez<\/p>\n<p><img loading=\"lazy\" decoding=\"async\" class=\"alignnone wp-image-3058\" src=\"https:\/\/wp.icmm.csic.es\/esisna\/wp-content\/uploads\/sites\/26\/2018\/07\/Octavio_Roncero.jpg\" alt=\"\" width=\"150\" height=\"150\" \/>\u00a0 \u00a0<img loading=\"lazy\" decoding=\"async\" class=\"alignnone wp-image-3057\" src=\"https:\/\/wp.icmm.csic.es\/esisna\/wp-content\/uploads\/sites\/26\/2018\/07\/Cesar.jpeg\" alt=\"\" width=\"155\" height=\"150\" \/>\u00a0 \u00a0<img loading=\"lazy\" decoding=\"async\" class=\"alignnone wp-image-3059\" src=\"https:\/\/wp.icmm.csic.es\/esisna\/wp-content\/uploads\/sites\/26\/2018\/07\/Pedro_De_Andres2.jpg\" alt=\"\" width=\"149\" height=\"151\" \/>\u00a0 \u00a0 \u00a0<img loading=\"lazy\" decoding=\"async\" class=\"alignnone wp-image-3060\" src=\"https:\/\/wp.icmm.csic.es\/esisna\/wp-content\/uploads\/sites\/26\/2018\/07\/download.jpg\" alt=\"\" width=\"185\" height=\"148\" srcset=\"https:\/\/wp.icmm.csic.es\/esisna\/wp-content\/uploads\/sites\/26\/2018\/07\/download.jpg 251w, https:\/\/wp.icmm.csic.es\/esisna\/wp-content\/uploads\/sites\/26\/2018\/07\/download-150x120.jpg 150w\" sizes=\"auto, (max-width: 185px) 100vw, 185px\" \/>\u00a0 \u00a0 \u00a0\u00a0<img loading=\"lazy\" decoding=\"async\" class=\"alignnone wp-image-3061\" src=\"https:\/\/wp.icmm.csic.es\/esisna\/wp-content\/uploads\/sites\/26\/2018\/07\/Paqui.jpeg\" alt=\"\" width=\"148\" height=\"148\" srcset=\"https:\/\/wp.icmm.csic.es\/esisna\/wp-content\/uploads\/sites\/26\/2018\/07\/Paqui.jpeg 225w, https:\/\/wp.icmm.csic.es\/esisna\/wp-content\/uploads\/sites\/26\/2018\/07\/Paqui-150x150.jpeg 150w\" sizes=\"auto, (max-width: 148px) 100vw, 148px\" \/><\/p>\n<p style=\"text-align: center\"><strong>Octavio Roncero<\/strong> | C\u00e9sar Gonz\u00e1lez | <strong>Pedro L. de Andr\u00e9s<\/strong> | Jos\u00e9 A. Mart\u00edn-Gago | <strong>M\u00aa Francisca L\u00f3pez<\/strong><\/p>\n<p><img loading=\"lazy\" decoding=\"async\" class=\"alignnone wp-image-3062\" src=\"https:\/\/wp.icmm.csic.es\/esisna\/wp-content\/uploads\/sites\/26\/2018\/07\/JM.jpeg\" alt=\"\" width=\"137\" height=\"170\" srcset=\"https:\/\/wp.icmm.csic.es\/esisna\/wp-content\/uploads\/sites\/26\/2018\/07\/JM.jpeg 189w, https:\/\/wp.icmm.csic.es\/esisna\/wp-content\/uploads\/sites\/26\/2018\/07\/JM-120x150.jpeg 120w\" sizes=\"auto, (max-width: 137px) 100vw, 137px\" \/>\u00a0 \u00a0 \u00a0<img loading=\"lazy\" decoding=\"async\" class=\"alignnone wp-image-3063\" src=\"https:\/\/wp.icmm.csic.es\/esisna\/wp-content\/uploads\/sites\/26\/2018\/07\/Bartinski.jpeg\" alt=\"\" width=\"126\" height=\"171\" srcset=\"https:\/\/wp.icmm.csic.es\/esisna\/wp-content\/uploads\/sites\/26\/2018\/07\/Bartinski.jpeg 192w, https:\/\/wp.icmm.csic.es\/esisna\/wp-content\/uploads\/sites\/26\/2018\/07\/Bartinski-110x150.jpeg 110w\" sizes=\"auto, (max-width: 126px) 100vw, 126px\" \/>\u00a0 \u00a0 \u00a0<img loading=\"lazy\" decoding=\"async\" class=\"alignnone wp-image-3064\" src=\"https:\/\/wp.icmm.csic.es\/esisna\/wp-content\/uploads\/sites\/26\/2018\/07\/Rangan.jpeg\" alt=\"\" width=\"227\" height=\"170\" srcset=\"https:\/\/wp.icmm.csic.es\/esisna\/wp-content\/uploads\/sites\/26\/2018\/07\/Rangan.jpeg 233w, https:\/\/wp.icmm.csic.es\/esisna\/wp-content\/uploads\/sites\/26\/2018\/07\/Rangan-150x113.jpeg 150w\" sizes=\"auto, (max-width: 227px) 100vw, 227px\" \/>\u00a0 \u00a0 \u00a0<img loading=\"lazy\" decoding=\"async\" class=\"alignnone wp-image-3065\" src=\"https:\/\/wp.icmm.csic.es\/esisna\/wp-content\/uploads\/sites\/26\/2018\/07\/Clifford_Krowne-300x300.jpg\" alt=\"\" width=\"169\" height=\"169\" srcset=\"https:\/\/wp.icmm.csic.es\/esisna\/wp-content\/uploads\/sites\/26\/2018\/07\/Clifford_Krowne-300x300.jpg 300w, https:\/\/wp.icmm.csic.es\/esisna\/wp-content\/uploads\/sites\/26\/2018\/07\/Clifford_Krowne-150x150.jpg 150w, https:\/\/wp.icmm.csic.es\/esisna\/wp-content\/uploads\/sites\/26\/2018\/07\/Clifford_Krowne.jpg 512w\" sizes=\"auto, (max-width: 169px) 100vw, 169px\" \/>\u00a0 \u00a0 \u00a0<img loading=\"lazy\" decoding=\"async\" class=\"alignnone wp-image-3066\" src=\"https:\/\/wp.icmm.csic.es\/esisna\/wp-content\/uploads\/sites\/26\/2018\/07\/Lastra.jpeg\" alt=\"\" width=\"111\" height=\"168\" srcset=\"https:\/\/wp.icmm.csic.es\/esisna\/wp-content\/uploads\/sites\/26\/2018\/07\/Lastra.jpeg 183w, https:\/\/wp.icmm.csic.es\/esisna\/wp-content\/uploads\/sites\/26\/2018\/07\/Lastra-100x150.jpeg 100w\" sizes=\"auto, (max-width: 111px) 100vw, 111px\" \/><\/p>\n<p style=\"text-align: center\">Javier M\u00e9ndez | <strong>Robert A. Bartynski<\/strong> | Sylvie Rangan | <strong>Clifford M. Krowne<\/strong> | Juan M\u00aa Garc\u00eda-Lastra<\/p>\n<p><img loading=\"lazy\" decoding=\"async\" class=\"alignnone wp-image-3067\" src=\"https:\/\/wp.icmm.csic.es\/esisna\/wp-content\/uploads\/sites\/26\/2018\/07\/J_Michael_Gottfried.jpg\" alt=\"\" width=\"167\" height=\"167\" \/>\u00a0 \u00a0 \u00a0<img loading=\"lazy\" decoding=\"async\" class=\"alignnone wp-image-3068\" src=\"https:\/\/wp.icmm.csic.es\/esisna\/wp-content\/uploads\/sites\/26\/2018\/07\/Soukassian.jpeg\" alt=\"\" width=\"110\" height=\"166\" srcset=\"https:\/\/wp.icmm.csic.es\/esisna\/wp-content\/uploads\/sites\/26\/2018\/07\/Soukassian.jpeg 183w, https:\/\/wp.icmm.csic.es\/esisna\/wp-content\/uploads\/sites\/26\/2018\/07\/Soukassian-100x150.jpeg 100w\" sizes=\"auto, (max-width: 110px) 100vw, 110px\" \/>\u00a0 \u00a0 \u00a0<img loading=\"lazy\" decoding=\"async\" class=\"alignnone wp-image-3069\" src=\"https:\/\/wp.icmm.csic.es\/esisna\/wp-content\/uploads\/sites\/26\/2018\/07\/yanick.jpeg\" alt=\"\" width=\"198\" height=\"166\" srcset=\"https:\/\/wp.icmm.csic.es\/esisna\/wp-content\/uploads\/sites\/26\/2018\/07\/yanick.jpeg 246w, https:\/\/wp.icmm.csic.es\/esisna\/wp-content\/uploads\/sites\/26\/2018\/07\/yanick-150x125.jpeg 150w\" sizes=\"auto, (max-width: 198px) 100vw, 198px\" \/>\u00a0 \u00a0 \u00a0\u00a0<img loading=\"lazy\" decoding=\"async\" class=\"alignnone wp-image-3070\" src=\"https:\/\/wp.icmm.csic.es\/esisna\/wp-content\/uploads\/sites\/26\/2018\/07\/scheffler_ma-226x300.jpg\" alt=\"\" width=\"124\" height=\"165\" srcset=\"https:\/\/wp.icmm.csic.es\/esisna\/wp-content\/uploads\/sites\/26\/2018\/07\/scheffler_ma-226x300.jpg 226w, https:\/\/wp.icmm.csic.es\/esisna\/wp-content\/uploads\/sites\/26\/2018\/07\/scheffler_ma-113x150.jpg 113w, https:\/\/wp.icmm.csic.es\/esisna\/wp-content\/uploads\/sites\/26\/2018\/07\/scheffler_ma.jpg 500w\" sizes=\"auto, (max-width: 124px) 100vw, 124px\" \/>\u00a0 \u00a0 \u00a0\u00a0<img loading=\"lazy\" decoding=\"async\" class=\"alignnone wp-image-3071\" src=\"https:\/\/wp.icmm.csic.es\/esisna\/wp-content\/uploads\/sites\/26\/2018\/07\/Mar.jpeg\" alt=\"\" width=\"163\" height=\"163\" srcset=\"https:\/\/wp.icmm.csic.es\/esisna\/wp-content\/uploads\/sites\/26\/2018\/07\/Mar.jpeg 225w, https:\/\/wp.icmm.csic.es\/esisna\/wp-content\/uploads\/sites\/26\/2018\/07\/Mar-150x150.jpeg 150w\" sizes=\"auto, (max-width: 163px) 100vw, 163px\" \/><\/p>\n<p style=\"text-align: center\"><strong>Michael Gottfried<\/strong> | Patrick Soukassian | <strong>Yannick Dappe<\/strong> | Matthias Scheffler | <strong>Mar Garc\u00eda-Hern\u00e1ndez<\/strong><\/p>\n<p><img loading=\"lazy\" decoding=\"async\" class=\"alignnone wp-image-3072\" src=\"https:\/\/wp.icmm.csic.es\/esisna\/wp-content\/uploads\/sites\/26\/2018\/07\/Coraux.jpeg\" alt=\"\" width=\"167\" height=\"194\" srcset=\"https:\/\/wp.icmm.csic.es\/esisna\/wp-content\/uploads\/sites\/26\/2018\/07\/Coraux.jpeg 208w, https:\/\/wp.icmm.csic.es\/esisna\/wp-content\/uploads\/sites\/26\/2018\/07\/Coraux-129x150.jpeg 129w\" sizes=\"auto, (max-width: 167px) 100vw, 167px\" \/>\u00a0 \u00a0 \u00a0<img loading=\"lazy\" decoding=\"async\" class=\"alignnone wp-image-3073\" src=\"https:\/\/wp.icmm.csic.es\/esisna\/wp-content\/uploads\/sites\/26\/2018\/07\/Alla.jpeg\" alt=\"\" width=\"140\" height=\"194\" srcset=\"https:\/\/wp.icmm.csic.es\/esisna\/wp-content\/uploads\/sites\/26\/2018\/07\/Alla.jpeg 170w, https:\/\/wp.icmm.csic.es\/esisna\/wp-content\/uploads\/sites\/26\/2018\/07\/Alla-109x150.jpeg 109w\" sizes=\"auto, (max-width: 140px) 100vw, 140px\" \/>\u00a0 \u00a0 \u00a0<img loading=\"lazy\" decoding=\"async\" class=\"alignnone wp-image-3074\" src=\"https:\/\/wp.icmm.csic.es\/esisna\/wp-content\/uploads\/sites\/26\/2018\/07\/Cernicharo.jpeg\" alt=\"\" width=\"173\" height=\"192\" srcset=\"https:\/\/wp.icmm.csic.es\/esisna\/wp-content\/uploads\/sites\/26\/2018\/07\/Cernicharo.jpeg 213w, https:\/\/wp.icmm.csic.es\/esisna\/wp-content\/uploads\/sites\/26\/2018\/07\/Cernicharo-135x150.jpeg 135w\" sizes=\"auto, (max-width: 173px) 100vw, 173px\" \/>\u00a0 \u00a0 \u00a0<img loading=\"lazy\" decoding=\"async\" class=\"alignnone wp-image-3075\" src=\"https:\/\/wp.icmm.csic.es\/esisna\/wp-content\/uploads\/sites\/26\/2018\/07\/download-1.jpg\" alt=\"\" width=\"148\" height=\"192\" \/>\u00a0 \u00a0 \u00a0<img loading=\"lazy\" decoding=\"async\" class=\"alignnone wp-image-3077\" src=\"https:\/\/wp.icmm.csic.es\/esisna\/wp-content\/uploads\/sites\/26\/2018\/07\/Ocal-1.jpeg\" alt=\"\" width=\"145\" height=\"193\" srcset=\"https:\/\/wp.icmm.csic.es\/esisna\/wp-content\/uploads\/sites\/26\/2018\/07\/Ocal-1.jpeg 195w, https:\/\/wp.icmm.csic.es\/esisna\/wp-content\/uploads\/sites\/26\/2018\/07\/Ocal-1-113x150.jpeg 113w\" sizes=\"auto, (max-width: 145px) 100vw, 145px\" \/><\/p>\n<p style=\"text-align: center\">Johann Coraux | <strong>Alla Zak<\/strong> | Jos\u00e9 Cernicharo | <strong>F\u00e9lix Zamora<\/strong> | Carmen Ocal<\/p>\n<p><img loading=\"lazy\" decoding=\"async\" class=\"alignnone wp-image-3078\" src=\"https:\/\/wp.icmm.csic.es\/esisna\/wp-content\/uploads\/sites\/26\/2018\/07\/download-1-1.jpg\" alt=\"\" width=\"142\" height=\"188\" \/>\u00a0 \u00a0 \u00a0<img loading=\"lazy\" decoding=\"async\" class=\"alignnone wp-image-3079\" src=\"https:\/\/wp.icmm.csic.es\/esisna\/wp-content\/uploads\/sites\/26\/2018\/07\/download-2.jpg\" alt=\"\" width=\"137\" height=\"188\" srcset=\"https:\/\/wp.icmm.csic.es\/esisna\/wp-content\/uploads\/sites\/26\/2018\/07\/download-2.jpg 191w, https:\/\/wp.icmm.csic.es\/esisna\/wp-content\/uploads\/sites\/26\/2018\/07\/download-2-109x150.jpg 109w\" sizes=\"auto, (max-width: 137px) 100vw, 137px\" \/>\u00a0 \u00a0 \u00a0\u00a0<img loading=\"lazy\" decoding=\"async\" class=\"alignnone wp-image-3081\" src=\"https:\/\/wp.icmm.csic.es\/esisna\/wp-content\/uploads\/sites\/26\/2018\/07\/download-4.jpg\" alt=\"\" width=\"136\" height=\"190\" \/>\u00a0 \u00a0 \u00a0\u00a0<img loading=\"lazy\" decoding=\"async\" class=\"alignnone wp-image-3080\" src=\"https:\/\/wp.icmm.csic.es\/esisna\/wp-content\/uploads\/sites\/26\/2018\/07\/download-3.jpg\" alt=\"\" width=\"135\" height=\"188\" \/>\u00a0 \u00a0 \u00a0\u00a0<img loading=\"lazy\" decoding=\"async\" class=\"alignnone wp-image-3084\" src=\"https:\/\/wp.icmm.csic.es\/esisna\/wp-content\/uploads\/sites\/26\/2018\/07\/Sin-ti\u0301tulo-5-300x262.png\" alt=\"\" width=\"212\" height=\"187\" \/><\/p>\n<p style=\"text-align: center\"><strong>Salom\u00e9 Delgado<\/strong> | Julio G\u00f3mez-Herrero | <strong>Chema G\u00f3mez-Rodr\u00edguez<\/strong> | M\u00aa Pilar Amo-Ochoa | <strong>Pavel Jel\u00ednek<\/strong><\/p>\n<p><img loading=\"lazy\" decoding=\"async\" class=\"alignnone wp-image-3113\" src=\"https:\/\/wp.icmm.csic.es\/esisna\/wp-content\/uploads\/sites\/26\/2018\/07\/images-1.jpg\" alt=\"\" width=\"211\" height=\"211\" \/>\u00a0 \u00a0\u00a0<img loading=\"lazy\" decoding=\"async\" class=\"alignnone wp-image-3114\" src=\"https:\/\/wp.icmm.csic.es\/esisna\/wp-content\/uploads\/sites\/26\/2018\/07\/Luis_Vazquez5.jpg\" alt=\"\" width=\"213\" height=\"213\" \/>\u00a0 \u00a0\u00a0<img loading=\"lazy\" decoding=\"async\" class=\"alignnone wp-image-3115\" src=\"https:\/\/wp.icmm.csic.es\/esisna\/wp-content\/uploads\/sites\/26\/2018\/07\/download-6.jpg\" alt=\"\" width=\"214\" height=\"214\" srcset=\"https:\/\/wp.icmm.csic.es\/esisna\/wp-content\/uploads\/sites\/26\/2018\/07\/download-6.jpg 225w, https:\/\/wp.icmm.csic.es\/esisna\/wp-content\/uploads\/sites\/26\/2018\/07\/download-6-150x150.jpg 150w\" sizes=\"auto, (max-width: 214px) 100vw, 214px\" \/>\u00a0 \u00a0\u00a0<img loading=\"lazy\" decoding=\"async\" class=\"alignnone wp-image-3116\" src=\"https:\/\/wp.icmm.csic.es\/esisna\/wp-content\/uploads\/sites\/26\/2018\/07\/Sin-ti\u0301tulo-6-245x300.png\" alt=\"\" width=\"176\" height=\"215\" srcset=\"https:\/\/wp.icmm.csic.es\/esisna\/wp-content\/uploads\/sites\/26\/2018\/07\/Sin-ti\u0301tulo-6-245x300.png 245w, https:\/\/wp.icmm.csic.es\/esisna\/wp-content\/uploads\/sites\/26\/2018\/07\/Sin-ti\u0301tulo-6-122x150.png 122w, https:\/\/wp.icmm.csic.es\/esisna\/wp-content\/uploads\/sites\/26\/2018\/07\/Sin-ti\u0301tulo-6.png 329w\" sizes=\"auto, (max-width: 176px) 100vw, 176px\" \/><\/p>\n<p style=\"text-align: center\">Luca Floreano\u00a0| <strong>Luis V\u00e1zquez<\/strong> | Federico Mompe\u00e1n\u00a0| <strong>Martin Svec<\/strong><\/p>\n<p><img loading=\"lazy\" decoding=\"async\" class=\"alignnone wp-image-3119\" src=\"https:\/\/wp.icmm.csic.es\/esisna\/wp-content\/uploads\/sites\/26\/2018\/07\/d600x315-300x157.jpg\" alt=\"\" width=\"359\" height=\"188\" srcset=\"https:\/\/wp.icmm.csic.es\/esisna\/wp-content\/uploads\/sites\/26\/2018\/07\/d600x315-300x157.jpg 300w, https:\/\/wp.icmm.csic.es\/esisna\/wp-content\/uploads\/sites\/26\/2018\/07\/d600x315-150x79.jpg 150w, https:\/\/wp.icmm.csic.es\/esisna\/wp-content\/uploads\/sites\/26\/2018\/07\/d600x315.jpg 600w\" sizes=\"auto, (max-width: 359px) 100vw, 359px\" \/>\u00a0 \u00a0 \u00a0<img loading=\"lazy\" decoding=\"async\" class=\"alignnone wp-image-3120\" src=\"https:\/\/wp.icmm.csic.es\/esisna\/wp-content\/uploads\/sites\/26\/2018\/07\/download-7.jpg\" alt=\"\" width=\"186\" height=\"185\" srcset=\"https:\/\/wp.icmm.csic.es\/esisna\/wp-content\/uploads\/sites\/26\/2018\/07\/download-7.jpg 225w, https:\/\/wp.icmm.csic.es\/esisna\/wp-content\/uploads\/sites\/26\/2018\/07\/download-7-150x150.jpg 150w\" sizes=\"auto, (max-width: 186px) 100vw, 186px\" \/>\u00a0 \u00a0 \u00a0<img loading=\"lazy\" decoding=\"async\" class=\"alignnone wp-image-3121\" src=\"https:\/\/wp.icmm.csic.es\/esisna\/wp-content\/uploads\/sites\/26\/2018\/07\/Sautet_1-185x300-185x300.jpg\" alt=\"\" width=\"114\" height=\"184\" srcset=\"https:\/\/wp.icmm.csic.es\/esisna\/wp-content\/uploads\/sites\/26\/2018\/07\/Sautet_1-185x300.jpg 185w, https:\/\/wp.icmm.csic.es\/esisna\/wp-content\/uploads\/sites\/26\/2018\/07\/Sautet_1-185x300-93x150.jpg 93w\" sizes=\"auto, (max-width: 114px) 100vw, 114px\" \/>\u00a0 \u00a0\u00a0<img loading=\"lazy\" decoding=\"async\" class=\"alignnone wp-image-3122\" src=\"https:\/\/wp.icmm.csic.es\/esisna\/wp-content\/uploads\/sites\/26\/2018\/07\/portrait_mini.jpg\" alt=\"\" width=\"144\" height=\"184\" srcset=\"https:\/\/wp.icmm.csic.es\/esisna\/wp-content\/uploads\/sites\/26\/2018\/07\/portrait_mini.jpg 157w, https:\/\/wp.icmm.csic.es\/esisna\/wp-content\/uploads\/sites\/26\/2018\/07\/portrait_mini-118x150.jpg 118w\" sizes=\"auto, (max-width: 144px) 100vw, 144px\" \/><\/p>\n<p style=\"text-align: center\">Mark T. M. Koper\u00a0| <strong>Gary Ellis<\/strong> | Philippe Sautet\u00a0| <strong>David Loffreda<\/strong><\/p>\n","protected":false},"excerpt":{"rendered":"<p>Some of the people I have the privilege to work with&#8230; \u00a0 \u00a0 \u00a0\u00a0 \u00a0 \u00a0\u00a0 \u00a0 \u00a0 Julio A. Alonso | M\u00aa Jos\u00e9 L\u00f3pez | Alberto Castro | \u00c1ngel Rubio \u00a0 \u00a0 \u00a0\u00a0 \u00a0 \u00a0\u00a0 \u00a0 \u00a0\u00a0 \u00a0 \u00a0 Eberhard K. U. (Hardy) Gross | Josep M\u00aa Poblet |\u2026<\/p>\n<p> <a class=\"continue-reading-link\" href=\"https:\/\/wp.icmm.csic.es\/esisna\/people-jose-ignacio-martinez\/\"><span>Continue reading<\/span><i class=\"crycon-right-dir\"><\/i><\/a> <\/p>\n","protected":false},"author":50,"featured_media":0,"parent":0,"menu_order":0,"comment_status":"closed","ping_status":"closed","template":"","meta":{"ngg_post_thumbnail":0,"footnotes":""},"class_list":["post-3031","page","type-page","status-publish","hentry"],"_links":{"self":[{"href":"https:\/\/wp.icmm.csic.es\/esisna\/wp-json\/wp\/v2\/pages\/3031","targetHints":{"allow":["GET"]}}],"collection":[{"href":"https:\/\/wp.icmm.csic.es\/esisna\/wp-json\/wp\/v2\/pages"}],"about":[{"href":"https:\/\/wp.icmm.csic.es\/esisna\/wp-json\/wp\/v2\/types\/page"}],"author":[{"embeddable":true,"href":"https:\/\/wp.icmm.csic.es\/esisna\/wp-json\/wp\/v2\/users\/50"}],"replies":[{"embeddable":true,"href":"https:\/\/wp.icmm.csic.es\/esisna\/wp-json\/wp\/v2\/comments?post=3031"}],"version-history":[{"count":23,"href":"https:\/\/wp.icmm.csic.es\/esisna\/wp-json\/wp\/v2\/pages\/3031\/revisions"}],"predecessor-version":[{"id":3187,"href":"https:\/\/wp.icmm.csic.es\/esisna\/wp-json\/wp\/v2\/pages\/3031\/revisions\/3187"}],"wp:attachment":[{"href":"https:\/\/wp.icmm.csic.es\/esisna\/wp-json\/wp\/v2\/media?parent=3031"}],"curies":[{"name":"wp","href":"https:\/\/api.w.org\/{rel}","templated":true}]}}