{"id":312,"date":"2009-02-04T19:40:19","date_gmt":"2009-02-04T17:40:19","guid":{"rendered":"http:\/\/www.icmm.csic.es\/grupos\/?page_id=312"},"modified":"2009-02-04T19:40:19","modified_gmt":"2009-02-04T17:40:19","slug":"javier-mendez","status":"publish","type":"page","link":"https:\/\/wp.icmm.csic.es\/esisna\/people\/javier-mendez\/","title":{"rendered":"Javier M\u00e9ndez P\u00e9rez-Camarero"},"content":{"rendered":"<div id=\"attachment_646\" style=\"width: 303px\" class=\"wp-caption aligncenter\"><a href=\"https:\/\/wp.icmm.csic.es\/esisna\/wp-content\/uploads\/sites\/26\/2009\/02\/dsc_0744-p.jpg\" rel=\"attachment wp-att-646\"><img loading=\"lazy\" decoding=\"async\" aria-describedby=\"caption-attachment-646\" class=\" wp-image-646\" src=\"https:\/\/wp.icmm.csic.es\/esisna\/wp-content\/uploads\/sites\/26\/2009\/02\/dsc_0744-p.jpg\" alt=\"Dr. Javier M\u00e9ndez\" width=\"293\" height=\"316\" srcset=\"https:\/\/wp.icmm.csic.es\/esisna\/wp-content\/uploads\/sites\/26\/2009\/02\/dsc_0744-p.jpg 393w, https:\/\/wp.icmm.csic.es\/esisna\/wp-content\/uploads\/sites\/26\/2009\/02\/dsc_0744-p-278x300.jpg 278w\" sizes=\"auto, (max-width: 293px) 100vw, 293px\" \/><\/a><p id=\"caption-attachment-646\" class=\"wp-caption-text\">Dr. Javier M\u00e9ndez<\/p><\/div>\n<p style=\"text-align: center\" align=\"center\"><strong>jmendez en icmm.csic.es<\/strong><\/p>\n<p style=\"text-align: center\" align=\"center\"><strong>tel. +34-91 334 8983<\/strong><\/p>\n<ul>\n<li style=\"text-align: left\"><span style=\"font-size: x-small;font-family: Verdana,Arial,Helvetica,sans-serif\">Dr. Javier M\u00c9NDEZ P\u00c9REZ-CAMARERO Licenciado in Physics at Universidad Aut\u00f3noma de Madrid. <\/span><\/li>\n<li style=\"text-align: left\"><span style=\"font-size: x-small;font-family: Verdana,Arial,Helvetica,sans-serif\">Doctor in Physics with maximum qualification at Universidad Aut\u00f3noma de Madrid: \u00abModification and Studies of gold Surfaces Au(110), Au(111) by Scanning Tunnelling Microscopy in Ultra-High Vacuum\u00bb 1996, director: Prof. Arturo M. Bar\u00f3. <\/span><\/li>\n<li style=\"text-align: left\"><span style=\"font-size: x-small;font-family: Verdana,Arial,Helvetica,sans-serif\">Doctorate Prize 1998. <\/span><\/li>\n<li style=\"text-align: left\"><span style=\"font-size: x-small;font-family: Verdana,Arial,Helvetica,sans-serif\">Postdoc at Humboldt Universit\u00e4t Berlin 1997-1998 \u00abScanning Tunnelling Microscopy and Spectroscopy of nanostructured Alumina surfaces and posterior growth of metallic cluster\u00bb, supervisor: Prof. Horst Niehus. <\/span><\/li>\n<li style=\"text-align: left\"><span style=\"font-size: x-small;font-family: Verdana,Arial,Helvetica,sans-serif\">Postdoc at the Fritz-Haber Institut Berlin, from Max Planck Society 1998-2000 \u00abHigh-speed Scanning Tunnelling Microscope (video-STM) used for catalytic reaction studies on Palladium\u00bb, supervisor: Prof. Joost Winterlin y Prof. Gerhard Ertl. <\/span><\/li>\n<li style=\"text-align: left\"><span style=\"font-size: x-small;font-family: Verdana,Arial,Helvetica,sans-serif\">Postdoc at the Physics Institute of the Wales University Aberystwyth, 2001 \u00abGrowth and Properties of PTCDA organic molecules on GaAs(001)\u00bb collaboration with Dr. Andrew Evans. <\/span><\/li>\n<\/ul>\n<p style=\"text-align: left\"><strong><span style=\"font-size: x-small;font-family: Verdana\">Scientific Interest:<\/span><\/strong><\/p>\n<ul style=\"text-align: left\">\n<li style=\"text-align: left\"><span style=\"font-size: x-small;font-family: Verdana\"><strong>Scanning Probe Microscopies:<\/strong>\u00a0 STM and AFM on surfaces (metals, oxides, organic molecules), STS\u00a0spectroscopy<\/span><\/li>\n<li style=\"text-align: left\"><span style=\"font-size: x-small;font-family: Verdana\"><strong>Nanoscience &amp; Nanotechnology:<\/strong> surface modifications at the nanoscale, nanostructuring<\/span><\/li>\n<\/ul>\n","protected":false},"excerpt":{"rendered":"<p>jmendez en icmm.csic.es tel. +34-91 334 8983 Dr. Javier M\u00c9NDEZ P\u00c9REZ-CAMARERO Licenciado in Physics at Universidad Aut\u00f3noma de Madrid. Doctor in Physics with maximum qualification at Universidad Aut\u00f3noma de Madrid: \u00abModification and Studies of gold Surfaces Au(110), Au(111) by Scanning Tunnelling Microscopy in Ultra-High Vacuum\u00bb 1996, director: Prof. Arturo M.\u2026<\/p>\n<p> <a class=\"continue-reading-link\" href=\"https:\/\/wp.icmm.csic.es\/esisna\/people\/javier-mendez\/\"><span>Continue reading<\/span><i class=\"crycon-right-dir\"><\/i><\/a> <\/p>\n","protected":false},"author":1,"featured_media":0,"parent":7,"menu_order":3,"comment_status":"closed","ping_status":"closed","template":"","meta":{"ngg_post_thumbnail":0,"footnotes":""},"class_list":["post-312","page","type-page","status-publish","hentry"],"_links":{"self":[{"href":"https:\/\/wp.icmm.csic.es\/esisna\/wp-json\/wp\/v2\/pages\/312","targetHints":{"allow":["GET"]}}],"collection":[{"href":"https:\/\/wp.icmm.csic.es\/esisna\/wp-json\/wp\/v2\/pages"}],"about":[{"href":"https:\/\/wp.icmm.csic.es\/esisna\/wp-json\/wp\/v2\/types\/page"}],"author":[{"embeddable":true,"href":"https:\/\/wp.icmm.csic.es\/esisna\/wp-json\/wp\/v2\/users\/1"}],"replies":[{"embeddable":true,"href":"https:\/\/wp.icmm.csic.es\/esisna\/wp-json\/wp\/v2\/comments?post=312"}],"version-history":[{"count":0,"href":"https:\/\/wp.icmm.csic.es\/esisna\/wp-json\/wp\/v2\/pages\/312\/revisions"}],"up":[{"embeddable":true,"href":"https:\/\/wp.icmm.csic.es\/esisna\/wp-json\/wp\/v2\/pages\/7"}],"wp:attachment":[{"href":"https:\/\/wp.icmm.csic.es\/esisna\/wp-json\/wp\/v2\/media?parent=312"}],"curies":[{"name":"wp","href":"https:\/\/api.w.org\/{rel}","templated":true}]}}