{"id":318,"date":"2009-01-28T17:54:52","date_gmt":"2009-01-28T15:54:52","guid":{"rendered":"http:\/\/www.icmm.csic.es\/grupos\/?page_id=318"},"modified":"2025-08-21T12:33:59","modified_gmt":"2025-08-21T12:33:59","slug":"jose-angel-martin-gago","status":"publish","type":"page","link":"https:\/\/wp.icmm.csic.es\/esisna\/people\/jose-angel-martin-gago\/","title":{"rendered":"Jos\u00e9 \u00c1ngel Mart\u00edn Gago"},"content":{"rendered":"<p><img loading=\"lazy\" decoding=\"async\" class=\"alignleft size-medium wp-image-4908\" src=\"https:\/\/wp.icmm.csic.es\/esisna\/wp-content\/uploads\/sites\/26\/2025\/08\/Gago-298x300.png\" alt=\"\" width=\"298\" height=\"300\" srcset=\"https:\/\/wp.icmm.csic.es\/esisna\/wp-content\/uploads\/sites\/26\/2025\/08\/Gago-298x300.png 298w, https:\/\/wp.icmm.csic.es\/esisna\/wp-content\/uploads\/sites\/26\/2025\/08\/Gago-150x150.png 150w, https:\/\/wp.icmm.csic.es\/esisna\/wp-content\/uploads\/sites\/26\/2025\/08\/Gago.png 389w\" sizes=\"auto, (max-width: 298px) 100vw, 298px\" \/><\/p>\n<h5 style=\"text-align: left\"><span style=\"color: #000000\"><strong>Prof. Jos\u00e9 \u00c1ngel Mart\u00edn-Gago<\/strong><\/span><\/h5>\n<p style=\"text-align: left\"><strong>Instituto de Ciencia de Materiales de Madrid (ICMM-CSIC)<\/strong><\/p>\n<h6 style=\"text-align: left\"><em>C\/Sor Juana In\u00e9s de la Cruz 3, 28049 Cantoblanco, Madrid, Spain<\/em><br \/>\nTel. (+34) 91 334 9087<\/h6>\n<h6 style=\"text-align: left\"><strong>e-mail: <span style=\"color: #0000ff\"><a style=\"color: #0000ff\" href=\"mailto:gago@icmm.csic.es\">gago.at.icmm.csic.es<\/a><\/span><br \/>\n<\/strong><\/h6>\n<p><strong>Updated: 20.08.2025 | \u00a9 Jos\u00e9 A. Mart\u00edn-Gago<\/strong><\/p>\n<p><a href=\"https:\/\/scholar.google.es\/citations?user=j64ibn8AAAAJ&amp;hl=es\"><img loading=\"lazy\" decoding=\"async\" id=\"badge_badgeCont765051\" class=\"alignnone\" src=\"https:\/\/wp.icmm.csic.es\/esisna\/wp-content\/uploads\/sites\/26\/2018\/07\/google_scholar_logo.png\" alt=\"\" width=\"124\" height=\"57\" \/><\/a> \u00a0 <a href=\"https:\/\/orcid.org\/0000-0003-2663-491X\"><img loading=\"lazy\" decoding=\"async\" class=\"alignnone wp-image-4894\" src=\"https:\/\/wp.icmm.csic.es\/esisna\/wp-content\/uploads\/sites\/26\/2025\/08\/download-300x102.png\" alt=\"\" width=\"154\" height=\"52\" srcset=\"https:\/\/wp.icmm.csic.es\/esisna\/wp-content\/uploads\/sites\/26\/2025\/08\/download-300x102.png 300w, https:\/\/wp.icmm.csic.es\/esisna\/wp-content\/uploads\/sites\/26\/2025\/08\/download-150x51.png 150w, https:\/\/wp.icmm.csic.es\/esisna\/wp-content\/uploads\/sites\/26\/2025\/08\/download.png 385w\" sizes=\"auto, (max-width: 154px) 100vw, 154px\" \/><\/a><\/p>\n<p>&nbsp;<\/p>\n<p><strong>Director of the Institute of Material Science of Madrid <a href=\"https:\/\/www.icmm.csic.es\/\">ICMM-CSIC<\/a><\/strong> since 2022. <strong>Research professor at ICMM-CSIC<\/strong> since 2012. Founder of the <strong>research group <a href=\"https:\/\/wp.icmm.csic.es\/esisna\/\">ESISNA<\/a><\/strong> \u00abInterdisciplinary Studies Based on Nanoscopic Systems\u00bb since 2005. Visiting professor at the Czech Academy of Sciences, 7 months in Prague (2020-21), and at the University of Toulouse (1 month at Paul-Sabatier-CNRS) &#8211; 2022. Associate researcher at the <a href=\"https:\/\/cab.inta-csic.es\/\">Astrobiology Center <\/a>(2003-2015). President of <a href=\"https:\/\/aseva.es\/\">ASEVA<\/a> (Spanish Vacuum Society) from 2016-2022.<\/p>\n<p>Principal investigator of the <strong><a href=\"https:\/\/somma.es\/\">SEVERO OCHOA <\/a><\/strong>excellence project at ICMM (2024). Principal investigator of the <strong>ERC Synnergy Project<\/strong> <a href=\"https:\/\/nanocosmos.iff.csic.es\/\">NANOCOSMOS<\/a> (2015-2021)<\/p>\n<p>His field of research includes <i>interdisciplinary<\/i> <i>studies<\/i> <i>based<\/i> <i>on<\/i> <i>vacuum<\/i> <i>technology<\/i><i> and <\/i><i>nanotechnology<\/i> for complex and socially relevant issues, such as astrochemistry, the origin of life, catalysis, chemical synthesis on surfaces, or ultrasensitive biosensors.<\/p>\n<ul>\n<li><a href=\"https:\/\/wp.icmm.csic.es\/esisna\/ja_resumen-de-meritos-en-espanol\/\"><span style=\"color: #0000ff\"><strong>Resumen de M\u00e9ritos (en espa\u00f1ol)<\/strong><\/span><\/a><\/li>\n<li><span style=\"color: #0000ff\"><strong><a style=\"color: #0000ff\" href=\"https:\/\/wp.icmm.csic.es\/esisna\/JA_selected-publications-and-research-areas\/\">Selected publications and research areas<\/a><\/strong><\/span><\/li>\n<li><span style=\"color: #0000ff\"><strong><a style=\"color: #0000ff\" href=\"https:\/\/wp.icmm.csic.es\/esisna\/ja_supervised-phd-theses\/\">Supervised PhD Theses<\/a><\/strong><\/span><\/li>\n<li><span style=\"color: #0000ff\"><strong><a style=\"color: #0000ff\" href=\"https:\/\/martingago.com\/\">Outreach<\/a><\/strong><\/span><\/li>\n<li><span style=\"color: #0000ff\"><strong>CV (en espa\u00f1ol)<\/strong><\/span><\/li>\n<\/ul>\n","protected":false},"excerpt":{"rendered":"<p>Prof. Jos\u00e9 \u00c1ngel Mart\u00edn-Gago Instituto de Ciencia de Materiales de Madrid (ICMM-CSIC) C\/Sor Juana In\u00e9s de la Cruz 3, 28049 Cantoblanco, Madrid, Spain Tel. (+34) 91 334 9087 e-mail: gago.at.icmm.csic.es Updated: 20.08.2025 | \u00a9 Jos\u00e9 A. Mart\u00edn-Gago \u00a0 &nbsp; Director of the Institute of Material Science of Madrid ICMM-CSIC since\u2026<\/p>\n<p> <a class=\"continue-reading-link\" href=\"https:\/\/wp.icmm.csic.es\/esisna\/people\/jose-angel-martin-gago\/\"><span>Continue reading<\/span><i class=\"crycon-right-dir\"><\/i><\/a> <\/p>\n","protected":false},"author":1,"featured_media":0,"parent":7,"menu_order":1,"comment_status":"closed","ping_status":"closed","template":"","meta":{"ngg_post_thumbnail":0,"footnotes":""},"class_list":["post-318","page","type-page","status-publish","hentry"],"_links":{"self":[{"href":"https:\/\/wp.icmm.csic.es\/esisna\/wp-json\/wp\/v2\/pages\/318","targetHints":{"allow":["GET"]}}],"collection":[{"href":"https:\/\/wp.icmm.csic.es\/esisna\/wp-json\/wp\/v2\/pages"}],"about":[{"href":"https:\/\/wp.icmm.csic.es\/esisna\/wp-json\/wp\/v2\/types\/page"}],"author":[{"embeddable":true,"href":"https:\/\/wp.icmm.csic.es\/esisna\/wp-json\/wp\/v2\/users\/1"}],"replies":[{"embeddable":true,"href":"https:\/\/wp.icmm.csic.es\/esisna\/wp-json\/wp\/v2\/comments?post=318"}],"version-history":[{"count":39,"href":"https:\/\/wp.icmm.csic.es\/esisna\/wp-json\/wp\/v2\/pages\/318\/revisions"}],"predecessor-version":[{"id":5011,"href":"https:\/\/wp.icmm.csic.es\/esisna\/wp-json\/wp\/v2\/pages\/318\/revisions\/5011"}],"up":[{"embeddable":true,"href":"https:\/\/wp.icmm.csic.es\/esisna\/wp-json\/wp\/v2\/pages\/7"}],"wp:attachment":[{"href":"https:\/\/wp.icmm.csic.es\/esisna\/wp-json\/wp\/v2\/media?parent=318"}],"curies":[{"name":"wp","href":"https:\/\/api.w.org\/{rel}","templated":true}]}}