{"id":353,"date":"2009-02-02T14:06:39","date_gmt":"2009-02-02T12:06:39","guid":{"rendered":"http:\/\/www.icmm.csic.es\/grupos\/?page_id=353"},"modified":"2023-06-14T14:17:39","modified_gmt":"2023-06-14T14:17:39","slug":"contact","status":"publish","type":"page","link":"https:\/\/wp.icmm.csic.es\/esisna\/contact\/","title":{"rendered":"Contact us"},"content":{"rendered":"<p><span style=\"font-family: 'Source Sans Pro'\">Paqui L\u00f3pez Fag\u00fandez<\/span><\/p>\n<p>e-mail: <a href=\"mailto:mflopez@icmm.csic.es\">mflopez@icmm.csic.es<\/a><br \/>\nTel. (34) 913349081<\/p>\n<p><span class=\"texto\">Instituto de Ciencia de Materiales de Madrid, CSIC<\/span><span class=\"texto\"><br \/>\nSor Juana In\u00e9s de la Cruz 3<br \/>\n28049 Madrid, Spain.&nbsp;<\/span><\/p>\n<p>&nbsp;<\/p>\n<p>&nbsp;<\/p>\n","protected":false},"excerpt":{"rendered":"<p>Paqui L\u00f3pez Fag\u00fandez e-mail: mflopez@icmm.csic.es Tel. (34) 913349081 Instituto de Ciencia de Materiales de Madrid, CSIC Sor Juana In\u00e9s de la Cruz 3 28049 Madrid, Spain.&nbsp; &nbsp; &nbsp;<\/p>\n<p> <a class=\"continue-reading-link\" href=\"https:\/\/wp.icmm.csic.es\/esisna\/contact\/\"><span>Continue reading<\/span><i class=\"crycon-right-dir\"><\/i><\/a> <\/p>\n","protected":false},"author":1,"featured_media":0,"parent":0,"menu_order":7,"comment_status":"closed","ping_status":"closed","template":"","meta":{"ngg_post_thumbnail":0,"footnotes":""},"class_list":["post-353","page","type-page","status-publish","hentry"],"_links":{"self":[{"href":"https:\/\/wp.icmm.csic.es\/esisna\/wp-json\/wp\/v2\/pages\/353","targetHints":{"allow":["GET"]}}],"collection":[{"href":"https:\/\/wp.icmm.csic.es\/esisna\/wp-json\/wp\/v2\/pages"}],"about":[{"href":"https:\/\/wp.icmm.csic.es\/esisna\/wp-json\/wp\/v2\/types\/page"}],"author":[{"embeddable":true,"href":"https:\/\/wp.icmm.csic.es\/esisna\/wp-json\/wp\/v2\/users\/1"}],"replies":[{"embeddable":true,"href":"https:\/\/wp.icmm.csic.es\/esisna\/wp-json\/wp\/v2\/comments?post=353"}],"version-history":[{"count":5,"href":"https:\/\/wp.icmm.csic.es\/esisna\/wp-json\/wp\/v2\/pages\/353\/revisions"}],"predecessor-version":[{"id":4328,"href":"https:\/\/wp.icmm.csic.es\/esisna\/wp-json\/wp\/v2\/pages\/353\/revisions\/4328"}],"wp:attachment":[{"href":"https:\/\/wp.icmm.csic.es\/esisna\/wp-json\/wp\/v2\/media?parent=353"}],"curies":[{"name":"wp","href":"https:\/\/api.w.org\/{rel}","templated":true}]}}