{"id":3637,"date":"2020-04-29T12:29:12","date_gmt":"2020-04-29T12:29:12","guid":{"rendered":"https:\/\/wp.icmm.csic.es\/esisna\/?page_id=3637"},"modified":"2020-09-23T10:25:11","modified_gmt":"2020-09-23T10:25:11","slug":"algunos-articulos-de-divulgacion-cientifica","status":"publish","type":"page","link":"https:\/\/wp.icmm.csic.es\/esisna\/algunos-articulos-de-divulgacion-cientifica\/","title":{"rendered":"Algunos art\u00edculos de divulgaci\u00f3n cient\u00edfica"},"content":{"rendered":"<p>&nbsp;<\/p>\n<h3><span style=\"color: #993300\"><strong>Firmados <\/strong><\/span><\/h3>\n<p>&nbsp;<\/p>\n<ul>\n<li>Art\u00edculo: <strong>OPEN-MIND- BBVA<\/strong>. Diciembre 2019<\/li>\n<\/ul>\n<p style=\"padding-left: 80px\">\u201c<span style=\"color: #3366ff\"><a style=\"color: #3366ff\" href=\"https:\/\/www.bbvaopenmind.com\/ciencia\/fisica\/un-viaje-a-la-ultima-frontera-i-las-atmosferas-de-las-estrellas\/\">Un viaje a la \u00faltima frontera (I): Las atm\u00f3sferas de las estrellas<\/a><\/span>\u201d<\/p>\n<ul>\n<li>Art\u00edculo<strong>: <\/strong><strong>Revista club RENFE.<\/strong> Octubre 2018<\/li>\n<\/ul>\n<p style=\"padding-left: 80px\">\u201c<a href=\"https:\/\/www.renfe.com\/viajeros\/info\/revista.html\"><span style=\"color: #3366ff\">Las posibilidades parecen ilimitadas<\/span><\/a>\u201d (nanociencia y nanotecnolog\u00eda). N\u00famero 33. P\u00e1gina 45<\/p>\n<ul>\n<li>Art\u00edculo diario<strong> \u201cEL MUNDO\u201d <\/strong>versi\u00f3n digital. Junio 2014<\/li>\n<\/ul>\n<p style=\"padding-left: 80px\">\u201c<span style=\"color: #3366ff\"><a style=\"color: #3366ff\" href=\"http:\/\/www.elmundo.es\/ciencia\/2014\/06\/09\/53903db5e2704e9c318b4580.html\">Los extremos se tocan: cuando el mundo nano encuentra el cosmos<\/a><\/span> \u201d<\/p>\n<ul>\n<li>Art\u00edculo diario<strong> \u201cEL MUNDO\u201d <\/strong>versi\u00f3n digital. Enero 2014<\/li>\n<\/ul>\n<p style=\"padding-left: 80px\">\u201c<span style=\"color: #3366ff\"><a style=\"color: #3366ff\" href=\"http:\/\/www.elmundo.es\/ciencia\/2014\/01\/03\/52c6e9c5ca47417b3d8b4579.html\">Grafeno: De la mina de un l\u00e1piz a las grandes multinacionales<\/a>\u201d<\/span><\/p>\n<ul>\n<li>Art\u00edculo diario<strong> \u201cEL MUNDO\u201d <\/strong>versi\u00f3n digital. Julio 2013<\/li>\n<\/ul>\n<p style=\"padding-left: 80px\">\u201c<span style=\"color: #3366ff\"><a style=\"color: #3366ff\" href=\"http:\/\/www.elmundo.es\/elmundo\/2013\/05\/27\/nanotecnologia\/1369659640.html\">La grandeza de lo peque\u00f1o<\/a><\/span>\u201d<\/p>\n<ul>\n<li><strong>Xornal de Galicia<\/strong>: Suplemento Dominical. 17 enero 2010<\/li>\n<\/ul>\n<p style=\"padding-left: 80px\">\u00ab<span style=\"color: #3366ff\"><a style=\"color: #3366ff\" href=\"https:\/\/wp.icmm.csic.es\/esisna\/wp-content\/uploads\/sites\/26\/2010\/03\/contexto170110_res.pdf\">El chocolate del Loro<\/a><\/span>\u00bb<\/p>\n<ul>\n<li><strong>Revista Espa\u00f1ola de f\u00edsica<\/strong>, vol. 24, n.3.&nbsp;&nbsp; 2009<\/li>\n<\/ul>\n<p style=\"padding-left: 80px\"><a href=\"https:\/\/wp.icmm.csic.es\/esisna\/wp-content\/uploads\/sites\/26\/2010\/10\/tecnoldevacio.pdf\"><span style=\"color: #3366ff\">\u201cLa tecnologi\u0301a de vaci\u0301o en la simulacio\u0301n espacial<\/span>\u201d<\/a>,&nbsp; &nbsp;J. M. Sobrado y J. A. Mart\u00edn-Gago<\/p>\n<p><strong>&nbsp;<\/strong><\/p>\n<h3><span style=\"color: #993300\"><strong>Rese\u00f1as importantes<\/strong><\/span><\/h3>\n<p>&nbsp;<\/p>\n<ul>\n<li><strong>\u00abEL PA\u00cdS SEMANAL\u00bb. <\/strong>Marzo, 2017<\/li>\n<\/ul>\n<p style=\"padding-left: 80px\"><a href=\"https:\/\/elpais.com\/elpais\/2017\/03\/12\/eps\/1489273525_148927.html\"><span style=\"color: #3366ff\">Polvo de estrellas &#8216;<\/span><em><span style=\"color: #3366ff\">made in Spain<\/span>&#8216;<\/em><\/a>.&nbsp; Columna de Rosa Montero<\/p>\n<ul>\n<li><strong> \u201cEL MUNDO\u201d. <\/strong>6-enero-2017. Versi\u00f3n digital e impresa<\/li>\n<\/ul>\n<p style=\"padding-left: 80px\">\u201c<span style=\"color: #3366ff\"><a style=\"color: #3366ff\" href=\"https:\/\/www.elmundo.es\/ciencia\/2017\/01\/06\/586e8045e5fdea704d8b459d.html\">La m\u00e1quina espa\u00f1ola que fabrica polvo de estrellas<\/a><\/span>\u201d por Teresa Guerrero<\/p>\n<ul>\n<li><strong>\u201cEL PA\u00cdS\u201d <\/strong>versi\u00f3n digital de Ciencia en Espa\u00f1ol. 2016<\/li>\n<\/ul>\n<p style=\"padding-left: 80px\">\u201c<span style=\"color: #3366ff\"><a style=\"color: #3366ff\" href=\"https:\/\/elpais.com\/elpais\/2015\/11\/27\/ciencia\/1448648477_367200.html\">Una m\u00e1quina para descuartizar las estrellas del<\/a> universo<\/span>\u201d por Manuel Ansede<\/p>\n<ul>\n<li><strong>\u00abEl MUNDO\u00bb<\/strong>.&nbsp; Suplemento digital de ciencia. 26 marzo 2014<\/li>\n<\/ul>\n<p style=\"padding-left: 80px\">&nbsp;<a href=\"http:\/\/www.elmundo.es\/ciencia\/2014\/03\/26\/5331e9efe2704ebe0e8b4584.html\">\u00ab<span style=\"color: #3366ff\">La m\u00e1quina que simula Marte en Madrid<\/span>\u00bb<\/a> por Teresa Guerrero.<\/p>\n<ul>\n<li><strong>\u201cEL PA\u00cdS\u201d<\/strong>. Edici\u00f3n impresa. 9 julio-2020:<\/li>\n<\/ul>\n<p style=\"padding-left: 80px\"><a href=\"https:\/\/wp.icmm.csic.es\/esisna\/wp-content\/uploads\/sites\/26\/2020\/09\/Screenshot_20200709_093710_com.elpais.elpais.jpg\"><span style=\"color: #0000ff\"><span style=\"color: #3366ff\">\u00abEn busca del polvo c\u00f3smico\u00bb<\/span><\/span><\/a><\/p>\n","protected":false},"excerpt":{"rendered":"<p>&nbsp; Firmados &nbsp; Art\u00edculo: OPEN-MIND- BBVA. Diciembre 2019 \u201cUn viaje a la \u00faltima frontera (I): Las atm\u00f3sferas de las estrellas\u201d Art\u00edculo: Revista club RENFE. Octubre 2018 \u201cLas posibilidades parecen ilimitadas\u201d (nanociencia y nanotecnolog\u00eda). N\u00famero 33. P\u00e1gina 45 Art\u00edculo diario \u201cEL MUNDO\u201d versi\u00f3n digital. Junio 2014 \u201cLos extremos se tocan: cuando\u2026<\/p>\n<p> <a class=\"continue-reading-link\" href=\"https:\/\/wp.icmm.csic.es\/esisna\/algunos-articulos-de-divulgacion-cientifica\/\"><span>Continue reading<\/span><i class=\"crycon-right-dir\"><\/i><\/a> <\/p>\n","protected":false},"author":50,"featured_media":0,"parent":0,"menu_order":0,"comment_status":"closed","ping_status":"closed","template":"","meta":{"ngg_post_thumbnail":0,"footnotes":""},"class_list":["post-3637","page","type-page","status-publish","hentry"],"_links":{"self":[{"href":"https:\/\/wp.icmm.csic.es\/esisna\/wp-json\/wp\/v2\/pages\/3637","targetHints":{"allow":["GET"]}}],"collection":[{"href":"https:\/\/wp.icmm.csic.es\/esisna\/wp-json\/wp\/v2\/pages"}],"about":[{"href":"https:\/\/wp.icmm.csic.es\/esisna\/wp-json\/wp\/v2\/types\/page"}],"author":[{"embeddable":true,"href":"https:\/\/wp.icmm.csic.es\/esisna\/wp-json\/wp\/v2\/users\/50"}],"replies":[{"embeddable":true,"href":"https:\/\/wp.icmm.csic.es\/esisna\/wp-json\/wp\/v2\/comments?post=3637"}],"version-history":[{"count":16,"href":"https:\/\/wp.icmm.csic.es\/esisna\/wp-json\/wp\/v2\/pages\/3637\/revisions"}],"predecessor-version":[{"id":3843,"href":"https:\/\/wp.icmm.csic.es\/esisna\/wp-json\/wp\/v2\/pages\/3637\/revisions\/3843"}],"wp:attachment":[{"href":"https:\/\/wp.icmm.csic.es\/esisna\/wp-json\/wp\/v2\/media?parent=3637"}],"curies":[{"name":"wp","href":"https:\/\/api.w.org\/{rel}","templated":true}]}}