{"id":417,"date":"2009-02-04T12:03:12","date_gmt":"2009-02-04T10:03:12","guid":{"rendered":"http:\/\/www.icmm.csic.es\/grupos\/?page_id=417"},"modified":"2009-02-04T12:03:12","modified_gmt":"2009-02-04T10:03:12","slug":"lucia-3","status":"publish","type":"page","link":"https:\/\/wp.icmm.csic.es\/esisna\/lucia-3\/","title":{"rendered":"Luc\u00eda \u00c1lvarez Gonz\u00e1lez"},"content":{"rendered":"<p style=\"text-align: center\"><a href=\"https:\/\/wp.icmm.csic.es\/esisna\/wp-content\/uploads\/sites\/26\/2010\/09\/lucia.png\" rel=\"attachment wp-att-1115\"><img loading=\"lazy\" decoding=\"async\" class=\"aligncenter size-full wp-image-1115\" src=\"https:\/\/wp.icmm.csic.es\/esisna\/wp-content\/uploads\/sites\/26\/2010\/09\/lucia.png\" alt=\"lucia\" width=\"273\" height=\"205\" \/><\/a><\/p>\n<p class=\"MsoNormal\" style=\"text-align: justify\"><span lang=\"EN-GB\">Hi,<\/span><\/p>\n<p class=\"MsoNormal\" style=\"text-align: justify\"><span lang=\"EN-GB\">I am from Oviedo, in the north of Spain, where got a degree in Chemistry at the Universidad de Oviedo. After one year as Erasmus student in Germany, where I worked with ceramics and polymers, I came to Madrid, where I am now finishing my PhD, at the Instituto de Ciencia de Materiales de Madrid, working with Dr. Javier M\u00e9ndez. <\/span><\/p>\n<p class=\"MsoNormal\" style=\"text-align: justify\"><span lang=\"EN-GB\">The main aim of my Thesis is about STM and metal-organic nanostructures of PTCDA molecules and iron atoms on a gold (111) substrate, but I have also worked in XPS, AFM, contact angle measurements, mechanical stimulated chemical desoption, <\/span><span lang=\"EN-US\">and other techniques.<\/span><span lang=\"EN-GB\">\u2026<\/span><\/p>\n<p class=\"MsoNormal\" style=\"text-align: justify\"><span lang=\"EN-GB\">Next year I would like to do a postdoctoral work anywhere in the world.<\/span><\/p>\n<p class=\"MsoNormal\"><span lang=\"EN-GB\">Publications: <\/span><\/p>\n<p class=\"MsoNormal\" style=\"text-align: justify\"><span lang=\"EN-GB\">&#8211; Metal-organic extended 2D structures: Fe-PTCDA on Au(111). <\/span><span lang=\"ES\"><a title=\"Search for all articles by this author\" href=\"http:\/\/www.scopus.com\/search\/submit\/author.url?author=%c3%81lvarez%2c+L.&amp;origin=resultslist&amp;authorId=36184417300&amp;src=s\"><span style=\"text-decoration: none\">\u00c1lvarez, L.<\/span><\/a>, <a title=\"Search for all articles by this author\" href=\"http:\/\/www.scopus.com\/search\/submit\/author.url?author=Pel%c3%a1ez%2c+S.&amp;origin=resultslist&amp;authorId=8854959100&amp;src=s\"><span style=\"text-decoration: none\">Pel\u00e1ez, S.<\/span><\/a>, <a title=\"Search for all articles by this author\" href=\"http:\/\/www.scopus.com\/search\/submit\/author.url?author=Caillard%2c+R.&amp;origin=resultslist&amp;authorId=24576504100&amp;src=s\"><span style=\"text-decoration: none\">Caillard, R.<\/span><\/a>, <a title=\"Search for all articles by this author\" href=\"http:\/\/www.scopus.com\/search\/submit\/author.url?author=Serena%2c+P.A.&amp;origin=resultslist&amp;authorId=7004384299&amp;src=s\"><span style=\"text-decoration: none\">Serena, P.A.<\/span><\/a>, <a title=\"Search for all articles by this author\" href=\"http:\/\/www.scopus.com\/search\/submit\/author.url?author=Mart%c3%adn-Gago%2c+J.A.&amp;origin=resultslist&amp;authorId=35311429700&amp;src=s\"><span style=\"text-decoration: none\">Mart\u00edn-Gago, J.A.<\/span><\/a>, <a title=\"Search for all articles by this author\" href=\"http:\/\/www.scopus.com\/search\/submit\/author.url?author=M%c3%a9ndez%2c+J.&amp;origin=resultslist&amp;authorId=36163324200&amp;src=s\"><span style=\"text-decoration: none\">M\u00e9ndez, J.<\/span><\/a> <em><a href=\"http:\/\/www.scopus.com\/source\/sourceInfo.url?sourceId=110040&amp;origin=resultslist\"><span lang=\"EN-GB\">Nanotechnology<\/span><\/a><\/em><\/span><span lang=\"EN-GB\"> 21 (30), art. no. 305703 (2010)<\/span><\/p>\n<p class=\"MsoNormal\" style=\"text-align: justify\"><span lang=\"EN-GB\">&#8211; <span class=\"txtboldonly\">Study of the morphology of NiO nanostructures grown on highly ordered pyrolytic graphite, by the Tougaard method and atomic force microscopy: A comparative study. <\/span><\/span><span lang=\"ES\"><a title=\"Search for all articles by this author\" href=\"http:\/\/www.scopus.com\/search\/submit\/author.url?author=Preda%2c+I.&amp;origin=resultslist&amp;authorId=15052481400&amp;src=s\"><span style=\"text-decoration: none\">Preda, I.<\/span><\/a>, <a title=\"Search for all articles by this author\" href=\"http:\/\/www.scopus.com\/search\/submit\/author.url?author=Soriano%2c+L.&amp;origin=resultslist&amp;authorId=7006143027&amp;src=s\"><span style=\"text-decoration: none\">Soriano, L.<\/span><\/a>, <a title=\"Search for all articles by this author\" href=\"http:\/\/www.scopus.com\/search\/submit\/author.url?author=Alvarez%2c+L.&amp;origin=resultslist&amp;authorId=18633846100&amp;src=s\"><span style=\"text-decoration: none\">Alvarez, L.<\/span><\/a>, <a title=\"Search for all articles by this author\" href=\"http:\/\/www.scopus.com\/search\/submit\/author.url?author=M%c3%a9ndez%2c+J.&amp;origin=resultslist&amp;authorId=26027132800&amp;src=s\"><span style=\"text-decoration: none\">M\u00e9ndez, J.<\/span><\/a>, <a title=\"Search for all articles by this author\" href=\"http:\/\/www.scopus.com\/search\/submit\/author.url?author=Yubero%2c+F.&amp;origin=resultslist&amp;authorId=7003656926&amp;src=s\"><span style=\"text-decoration: none\">Yubero, F.<\/span><\/a>, <a title=\"Search for all articles by this author\" href=\"http:\/\/www.scopus.com\/search\/submit\/author.url?author=Guti%c3%a9rrez%2c+A.&amp;origin=resultslist&amp;authorId=9337030300&amp;src=s\"><span style=\"text-decoration: none\">Guti\u00e9rrez, A.<\/span><\/a>, <a title=\"Search for all articles by this author\" href=\"http:\/\/www.scopus.com\/search\/submit\/author.url?author=Sanz%2c+J.M.&amp;origin=resultslist&amp;authorId=36121084600&amp;src=s\"><span style=\"text-decoration: none\">Sanz, J.M.<\/span><\/a><em><a href=\"http:\/\/www.scopus.com\/source\/sourceInfo.url?sourceId=24511&amp;origin=resultslist\"><span lang=\"EN-GB\" style=\"text-decoration: none\">Surface and Interface Analysis<\/span><\/a><\/em><\/span><span lang=\"EN-GB\"> 42 (6-7), pp. 869-873 (2010)<\/span><\/p>\n<p class=\"MsoNormal\" style=\"text-align: justify\"><span lang=\"EN-GB\">&#8211; <span class=\"txtboldonly\">Application of diamond-like carbon coatings to elastomers frictional surfaces. <\/span><\/span><span lang=\"ES\"><a title=\"Search for all articles by this author\" href=\"http:\/\/www.scopus.com\/search\/submit\/author.url?author=Mart%c3%adnez%2c+L.&amp;origin=resultslist&amp;authorId=18634970300&amp;src=s\"><span style=\"text-decoration: none\">Mart\u00ednez, L.<\/span><\/a>, <a title=\"Search for all articles by this author\" href=\"http:\/\/www.scopus.com\/search\/submit\/author.url?author=Nevshupa%2c+R.&amp;origin=resultslist&amp;authorId=6603763754&amp;src=s\"><span style=\"text-decoration: none\">Nevshupa, R.<\/span><\/a>, <a title=\"Search for all articles by this author\" href=\"http:\/\/www.scopus.com\/search\/submit\/author.url?author=%c3%81lvarez%2c+L.&amp;origin=resultslist&amp;authorId=18633846100&amp;src=s\"><span style=\"text-decoration: none\">\u00c1lvarez, L.<\/span><\/a>, <a title=\"Search for all articles by this author\" href=\"http:\/\/www.scopus.com\/search\/submit\/author.url?author=Huttel%2c+Y.&amp;origin=resultslist&amp;authorId=6701786063&amp;src=s\"><span style=\"text-decoration: none\">Huttel, Y.<\/span><\/a>, <a title=\"Search for all articles by this author\" href=\"http:\/\/www.scopus.com\/search\/submit\/author.url?author=M%c3%a9ndez%2c+J.&amp;origin=resultslist&amp;authorId=26027132800&amp;src=s\"><span style=\"text-decoration: none\">M\u00e9ndez, J.<\/span><\/a>, <a title=\"Search for all articles by this author\" href=\"http:\/\/www.scopus.com\/search\/submit\/author.url?author=Rom%c3%a1n%2c+E.&amp;origin=resultslist&amp;authorId=35850576400&amp;src=s\"><span style=\"text-decoration: none\">Rom\u00e1n, E.<\/span><\/a>, <a title=\"Search for all articles by this author\" href=\"http:\/\/www.scopus.com\/search\/submit\/author.url?author=Mozas%2c+E.&amp;origin=resultslist&amp;authorId=24598266500&amp;src=s\"><span style=\"text-decoration: none\">Mozas, E.<\/span><\/a>, (&#8230;), <a title=\"Search for all articles by this author\" href=\"http:\/\/www.scopus.com\/search\/submit\/author.url?author=Faverjon%2c+F.&amp;origin=resultslist&amp;authorId=6505965872&amp;src=s\"><span style=\"text-decoration: none\">Faverjon, F.<\/span><\/a> <em><a href=\"http:\/\/www.scopus.com\/source\/sourceInfo.url?sourceId=22116&amp;origin=resultslist\"><span lang=\"EN-GB\" style=\"text-decoration: none\">Tribology International<\/span><\/a><\/em><\/span><span lang=\"EN-GB\"> 42 (4), pp. 584-590 (2009)<\/span><\/p>\n<p class=\"MsoNormal\" style=\"text-align: justify\"><span lang=\"EN-GB\">&#8211; <span class=\"txtboldonly\">Interface effects in the Ni 2p x-ray photoelectron spectra of NiO thin films grown on oxide substrates. <\/span><\/span><span lang=\"ES\"><a title=\"Search for all articles by this author\" href=\"http:\/\/www.scopus.com\/search\/submit\/author.url?author=Preda%2c+I.&amp;origin=resultslist&amp;authorId=15052481400&amp;src=s\"><span style=\"text-decoration: none\">Preda, I.<\/span><\/a>, <a title=\"Search for all articles by this author\" href=\"http:\/\/www.scopus.com\/search\/submit\/author.url?author=Guti%c3%a9rrez%2c+A.&amp;origin=resultslist&amp;authorId=7202028591&amp;src=s\"><span style=\"text-decoration: none\">Guti\u00e9rrez, A.<\/span><\/a>, <a title=\"Search for all articles by this author\" href=\"http:\/\/www.scopus.com\/search\/submit\/author.url?author=Abbate%2c+M.&amp;origin=resultslist&amp;authorId=7006485714&amp;src=s\"><span style=\"text-decoration: none\">Abbate, M.<\/span><\/a>, <a title=\"Search for all articles by this author\" href=\"http:\/\/www.scopus.com\/search\/submit\/author.url?author=Yubero%2c+F.&amp;origin=resultslist&amp;authorId=7003656926&amp;src=s\"><span style=\"text-decoration: none\">Yubero, F.<\/span><\/a>, <a title=\"Search for all articles by this author\" href=\"http:\/\/www.scopus.com\/search\/submit\/author.url?author=M%c3%a9ndez%2c+J.&amp;origin=resultslist&amp;authorId=7201782962&amp;src=s\"><span style=\"text-decoration: none\">M\u00e9ndez, J.<\/span><\/a>, <a title=\"Search for all articles by this author\" href=\"http:\/\/www.scopus.com\/search\/submit\/author.url?author=Alvarez%2c+L.&amp;origin=resultslist&amp;authorId=18633846100&amp;src=s\"><span style=\"text-decoration: none\">Alvarez, L.<\/span><\/a>, <a title=\"Search for all articles by this author\" href=\"http:\/\/www.scopus.com\/search\/submit\/author.url?author=Soriano%2c+L.&amp;origin=resultslist&amp;authorId=7006143027&amp;src=s\"><span style=\"text-decoration: none\">Soriano, L.<\/span><\/a> <em><a href=\"http:\/\/www.scopus.com\/source\/sourceInfo.url?sourceId=11000153773&amp;origin=resultslist\"><span lang=\"EN-GB\" style=\"text-decoration: none\">Physical Review B &#8211; Condensed Matter and Materials Physics<\/span><\/a><\/em><\/span><span lang=\"EN-GB\"> 77 (7), art. no. 075411 (2008)<\/span><\/p>\n<p class=\"MsoNormal\" style=\"text-align: justify\"><span class=\"txtboldonly\"><span lang=\"EN-GB\">&#8211; Surface analysis of NBR and HNBR elastomers modified with different plasma treatments. <\/span><\/span><span lang=\"ES\"><a title=\"Search for all articles by this author\" href=\"http:\/\/www.scopus.com\/search\/submit\/author.url?author=Mart%c3%adnez%2c+L.&amp;origin=resultslist&amp;authorId=18634970300&amp;src=s\"><span style=\"text-decoration: none\">Mart\u00ednez, L.<\/span><\/a>, <a title=\"Search for all articles by this author\" href=\"http:\/\/www.scopus.com\/search\/submit\/author.url?author=%c3%81lvarez%2c+L.&amp;origin=resultslist&amp;authorId=18633846100&amp;src=s\"><span style=\"text-decoration: none\">\u00c1lvarez, L.<\/span><\/a>, <a title=\"Search for all articles by this author\" href=\"http:\/\/www.scopus.com\/search\/submit\/author.url?author=Huttel%2c+Y.&amp;origin=resultslist&amp;authorId=6701786063&amp;src=s\"><span style=\"text-decoration: none\">Huttel, Y.<\/span><\/a>, <a title=\"Search for all articles by this author\" href=\"http:\/\/www.scopus.com\/search\/submit\/author.url?author=M%c3%a9ndez%2c+J.&amp;origin=resultslist&amp;authorId=7201782962&amp;src=s\"><span style=\"text-decoration: none\">M\u00e9ndez, J.<\/span><\/a>, <a title=\"Search for all articles by this author\" href=\"http:\/\/www.scopus.com\/search\/submit\/author.url?author=Rom%c3%a1n%2c+E.&amp;origin=resultslist&amp;authorId=35857649700&amp;src=s\"><span style=\"text-decoration: none\">Rom\u00e1n, E.<\/span><\/a>, <a title=\"Search for all articles by this author\" href=\"http:\/\/www.scopus.com\/search\/submit\/author.url?author=Vanhulsel%2c+A.&amp;origin=resultslist&amp;authorId=6602424384&amp;src=s\"><span style=\"text-decoration: none\">Vanhulsel, A.<\/span><\/a>, <a title=\"Search for all articles by this author\" href=\"http:\/\/www.scopus.com\/search\/submit\/author.url?author=Verheyde%2c+B.&amp;origin=resultslist&amp;authorId=6507752065&amp;src=s\"><span style=\"text-decoration: none\">Verheyde, B.<\/span><\/a>, <a title=\"Search for all articles by this author\" href=\"http:\/\/www.scopus.com\/search\/submit\/author.url?author=Jacobs%2c+R.&amp;origin=resultslist&amp;authorId=8922697700&amp;src=s\"><span style=\"text-decoration: none\">Jacobs, R.<\/span><\/a> <em><a href=\"http:\/\/www.scopus.com\/source\/sourceInfo.url?sourceId=12489&amp;origin=resultslist\"><span style=\"text-decoration: none\">Vacuum<\/span><\/a><\/em> 81 (11-12), pp. 1489-1492 (2008)<\/span><\/p>\n<p class=\"MsoNormal\" style=\"text-align: justify\"><em><span style=\"text-decoration: underline\"><span lang=\"ES\">Buscavidas &#8216;cum laude&#8217;<\/span><\/span><span lang=\"ES\">.<\/span><\/em><span lang=\"ES\"> Se trata de una nueva generaci\u00f3n de espa\u00f1oles sobradamente preparados que se marcha a trabajar fuera por las sombr\u00edas perspectivas laborales en el pa\u00eds. Llevan a la pr\u00e1ctica el consejo que dio hace un a\u00f1o el N\u00f3bel de Econom\u00eda Paul Krugman: \u00abEspa\u00f1a tiene un 18% de desempleo y necesita que los trabajadores se trasladen a otras partes de Europa\u00bb. A universidades de Reino Unido, Alemania o los pa\u00edses n\u00f3rdicos han llegado muchos investigadores espa\u00f1oles en lo que responde a un fen\u00f3meno de fuga de cerebros: <span style=\"text-decoration: underline\">profesionales formados por un sistema que luego es incapaz de absorberlos en su etapa m\u00e1s productiva<\/span>. Considerando estos perfiles cualificados y otros m\u00e1s modestos, se calcula que unos 120.000 espa\u00f1oles han abandonado el pa\u00eds en los \u00faltimos dos a\u00f1os en busca de un mejor horizonte laboral.<\/span><\/p>\n<p class=\"MsoNormal\" style=\"text-align: justify\"><a href=\"https:\/\/wp.icmm.csic.es\/esisna\/wp-content\/uploads\/sites\/26\/2009\/02\/lucia.jpg\"><img loading=\"lazy\" decoding=\"async\" class=\"aligncenter size-medium wp-image-599\" title=\"lucia\" src=\"https:\/\/wp.icmm.csic.es\/esisna\/wp-content\/uploads\/sites\/26\/2009\/02\/lucia.jpg\" alt=\"\" width=\"232\" height=\"300\" srcset=\"https:\/\/wp.icmm.csic.es\/esisna\/wp-content\/uploads\/sites\/26\/2009\/02\/lucia.jpg 1822w, https:\/\/wp.icmm.csic.es\/esisna\/wp-content\/uploads\/sites\/26\/2009\/02\/lucia-233x300.jpg 233w, https:\/\/wp.icmm.csic.es\/esisna\/wp-content\/uploads\/sites\/26\/2009\/02\/lucia-768x990.jpg 768w, https:\/\/wp.icmm.csic.es\/esisna\/wp-content\/uploads\/sites\/26\/2009\/02\/lucia-644x830.jpg 644w\" sizes=\"auto, (max-width: 232px) 100vw, 232px\" \/><\/a><\/p>\n","protected":false},"excerpt":{"rendered":"<p>Hi, I am from Oviedo, in the north of Spain, where got a degree in Chemistry at the Universidad de Oviedo. After one year as Erasmus student in Germany, where I worked with ceramics and polymers, I came to Madrid, where I am now finishing my PhD, at the Instituto\u2026<\/p>\n<p> <a class=\"continue-reading-link\" href=\"https:\/\/wp.icmm.csic.es\/esisna\/lucia-3\/\"><span>Continue reading<\/span><i class=\"crycon-right-dir\"><\/i><\/a> <\/p>\n","protected":false},"author":1,"featured_media":0,"parent":0,"menu_order":0,"comment_status":"closed","ping_status":"closed","template":"","meta":{"ngg_post_thumbnail":0,"footnotes":""},"class_list":["post-417","page","type-page","status-publish","hentry"],"_links":{"self":[{"href":"https:\/\/wp.icmm.csic.es\/esisna\/wp-json\/wp\/v2\/pages\/417","targetHints":{"allow":["GET"]}}],"collection":[{"href":"https:\/\/wp.icmm.csic.es\/esisna\/wp-json\/wp\/v2\/pages"}],"about":[{"href":"https:\/\/wp.icmm.csic.es\/esisna\/wp-json\/wp\/v2\/types\/page"}],"author":[{"embeddable":true,"href":"https:\/\/wp.icmm.csic.es\/esisna\/wp-json\/wp\/v2\/users\/1"}],"replies":[{"embeddable":true,"href":"https:\/\/wp.icmm.csic.es\/esisna\/wp-json\/wp\/v2\/comments?post=417"}],"version-history":[{"count":0,"href":"https:\/\/wp.icmm.csic.es\/esisna\/wp-json\/wp\/v2\/pages\/417\/revisions"}],"wp:attachment":[{"href":"https:\/\/wp.icmm.csic.es\/esisna\/wp-json\/wp\/v2\/media?parent=417"}],"curies":[{"name":"wp","href":"https:\/\/api.w.org\/{rel}","templated":true}]}}