{"id":421,"date":"2009-02-04T12:05:42","date_gmt":"2009-02-04T10:05:42","guid":{"rendered":"http:\/\/www.icmm.csic.es\/grupos\/?page_id=421"},"modified":"2009-02-04T12:05:42","modified_gmt":"2009-02-04T10:05:42","slug":"celia","status":"publish","type":"page","link":"https:\/\/wp.icmm.csic.es\/esisna\/celia\/","title":{"rendered":"Celia Rogero Blanco"},"content":{"rendered":"<p><a href=\"https:\/\/wp.icmm.csic.es\/esisna\/wp-content\/uploads\/sites\/26\/2009\/02\/dsc01761.jpg\" rel=\"attachment wp-att-571\"><img loading=\"lazy\" decoding=\"async\" class=\"aligncenter  wp-image-571\" src=\"https:\/\/wp.icmm.csic.es\/esisna\/wp-content\/uploads\/sites\/26\/2009\/02\/dsc01761.jpg\" alt=\"dsc01761\" width=\"416\" height=\"312\" srcset=\"https:\/\/wp.icmm.csic.es\/esisna\/wp-content\/uploads\/sites\/26\/2009\/02\/dsc01761.jpg 1000w, https:\/\/wp.icmm.csic.es\/esisna\/wp-content\/uploads\/sites\/26\/2009\/02\/dsc01761-300x225.jpg 300w, https:\/\/wp.icmm.csic.es\/esisna\/wp-content\/uploads\/sites\/26\/2009\/02\/dsc01761-768x576.jpg 768w, https:\/\/wp.icmm.csic.es\/esisna\/wp-content\/uploads\/sites\/26\/2009\/02\/dsc01761-644x483.jpg 644w\" sizes=\"auto, (max-width: 416px) 100vw, 416px\" \/><\/a><\/p>\n<p style=\"text-align: center\"><strong><br \/>\n<\/strong><\/p>\n<p>Licenciada en Ciencias F\u00edsicas en la Universidad Aut\u00f3noma de Madrid en 1998 se inici\u00f3 en la investigaci\u00f3n en el Laboratorio de Nuevas Microscopias del departamento de Materia Condensada de la Universidad Aut\u00f3noma de Madrid donde realiz\u00f3 estudios de mol\u00e9culas org\u00e1nicas sobre superficies mediante microscop\u00eda y espectroscopia t\u00fanel en ultra alto vac\u00edo (UHV).<\/p>\n<p>Financiada por el Instituto Max-Planck realiz\u00f3 un proyecto en el Fritz Haber Institute de Berl\u00edn estudiando pozos cu\u00e1nticos mediante espectroscop\u00eda ultravioleta resuelta en \u00e1ngulo y posteriormente realiz\u00f3 su proyecto de tesis doctoral en el Instituto de Ciencia de Materiales de Madrid trabajando en el estudio de la estructura at\u00f3mica y electr\u00f3nica de los sliciuros de tierra raras crecidos epitaxialmetne sobre Si(111). Para la realizaci\u00f3n de este estudio se combinaron muy diferentes t\u00e9cnicas de superficies en UHV y se realizaron frecuentes visitas al sincrotr\u00f3n ELETTRA de Trieste (Italia) as\u00ed como a la Universidad de Fribourg (Suiza). Dicha tesis doctoral ha obtenido el Premio de la Real Academia de Doctores de Espa\u00f1a a la mejor tesis doctoral del curso 2003-2004 en la secci\u00f3n de Ciencias Experimentales y Tecnol\u00f3gicas y el Premio extraordinario de doctorado de la Universidad Aut\u00f3noma de Madrid. Realiz\u00f3 una estancia postdoctoral en el departamento de qu\u00edmica de la Universidad de Newcastle upon Tyne (Inglaterra) donde trabaj\u00f3 en la funcionalizaci\u00f3n de superficies de silicio para su aplicaci\u00f3n como biosensores. Posteriormente,\u00a0 se incorpor\u00f3 a la unidad de simulaci\u00f3n de ambientes Planetarios en el Centro de Astrobiolog\u00eda (CAB). Actualmente es una investigadora del Centro de F\u00edsica de Materiales del CSIC en San Sebasti\u00e1n.<\/p>\n<p>Dr. Celia Rogero<br \/>\nCentro de F\u00edsica de Materiales-CSIC<br \/>\nPaseo de Manuel Lardiz\u00e1bal 4<br \/>\nE-20018 San Sebasti\u00e1n<br \/>\nTel. +34-943015804<br \/>\npg web del centro: <a href=\"http:\/\/cfm.ehu.es\/\">http:\/\/cfm.ehu.es\/<\/a><br \/>\npg web del grupo: <a href=\"http:\/\/dipc.ehu.es\/nanolab\/\">http:\/\/dipc.ehu.es\/nanolab\/<\/a><\/p>\n","protected":false},"excerpt":{"rendered":"<p>Licenciada en Ciencias F\u00edsicas en la Universidad Aut\u00f3noma de Madrid en 1998 se inici\u00f3 en la investigaci\u00f3n en el Laboratorio de Nuevas Microscopias del departamento de Materia Condensada de la Universidad Aut\u00f3noma de Madrid donde realiz\u00f3 estudios de mol\u00e9culas org\u00e1nicas sobre superficies mediante microscop\u00eda y espectroscopia t\u00fanel en ultra alto\u2026<\/p>\n<p> <a class=\"continue-reading-link\" href=\"https:\/\/wp.icmm.csic.es\/esisna\/celia\/\"><span>Continue reading<\/span><i class=\"crycon-right-dir\"><\/i><\/a> <\/p>\n","protected":false},"author":1,"featured_media":0,"parent":0,"menu_order":0,"comment_status":"closed","ping_status":"closed","template":"","meta":{"ngg_post_thumbnail":0,"footnotes":""},"class_list":["post-421","page","type-page","status-publish","hentry"],"_links":{"self":[{"href":"https:\/\/wp.icmm.csic.es\/esisna\/wp-json\/wp\/v2\/pages\/421","targetHints":{"allow":["GET"]}}],"collection":[{"href":"https:\/\/wp.icmm.csic.es\/esisna\/wp-json\/wp\/v2\/pages"}],"about":[{"href":"https:\/\/wp.icmm.csic.es\/esisna\/wp-json\/wp\/v2\/types\/page"}],"author":[{"embeddable":true,"href":"https:\/\/wp.icmm.csic.es\/esisna\/wp-json\/wp\/v2\/users\/1"}],"replies":[{"embeddable":true,"href":"https:\/\/wp.icmm.csic.es\/esisna\/wp-json\/wp\/v2\/comments?post=421"}],"version-history":[{"count":0,"href":"https:\/\/wp.icmm.csic.es\/esisna\/wp-json\/wp\/v2\/pages\/421\/revisions"}],"wp:attachment":[{"href":"https:\/\/wp.icmm.csic.es\/esisna\/wp-json\/wp\/v2\/media?parent=421"}],"curies":[{"name":"wp","href":"https:\/\/api.w.org\/{rel}","templated":true}]}}