{"id":4312,"date":"2023-04-20T11:20:22","date_gmt":"2023-04-20T11:20:22","guid":{"rendered":"https:\/\/wp.icmm.csic.es\/esisna\/?page_id=4312"},"modified":"2023-04-20T11:20:22","modified_gmt":"2023-04-20T11:20:22","slug":"borja-cirera","status":"publish","type":"page","link":"https:\/\/wp.icmm.csic.es\/esisna\/borja-cirera\/","title":{"rendered":"Borja Cirera"},"content":{"rendered":"<p><img loading=\"lazy\" decoding=\"async\" class=\" wp-image-4311 aligncenter\" src=\"https:\/\/wp.icmm.csic.es\/esisna\/wp-content\/uploads\/sites\/26\/2023\/04\/foto-264x300.png\" alt=\"\" width=\"311\" height=\"353\" srcset=\"https:\/\/wp.icmm.csic.es\/esisna\/wp-content\/uploads\/sites\/26\/2023\/04\/foto-264x300.png 264w, https:\/\/wp.icmm.csic.es\/esisna\/wp-content\/uploads\/sites\/26\/2023\/04\/foto-132x150.png 132w, https:\/\/wp.icmm.csic.es\/esisna\/wp-content\/uploads\/sites\/26\/2023\/04\/foto.png 366w\" sizes=\"auto, (max-width: 311px) 100vw, 311px\" \/><\/p>\n<p>My research focuses on novel on-surface synthetic routes to grow atomically precise nanostructures and the characterization of their properties. From the undergraduate period at Technische Universit\u00e4t M\u00fcnchen (TUM) to the PhD and early Postdoc stage at Universidad Aut\u00f3noma de Madrid (UAM) and IMDEA Nanociencia, I explored different intra- and intermolecular reactions, as well as inorganic chemistry approaches involving lanthanides and bimetallic alloys with applications in magnetism and heterogeneous catalysis. I joined the Physical Chemistry Department of the Fritz-Haber Institute in Berlin to develop a new technique to perform spectromiscroscopy in scanning probe (SPM) junctions, simultaneously accessing the local electronic and vibrational properties with subnanometer resolution. This powerful technique allowed me to investigate complex light-matter interactions at the atomic scale in such plasmonic picocavities, particularly in single molecules on metallic and semiconducting supports. My main technical expertise is in SPM techniques (low-temperature Scanning Tunneling Microscopy, non-contact Atomic Force Microscopy and Tip Enhanced Raman Spectromicroscopy), while having experience in complementary space-averaged techniques such as X-ray photoelectron spectroscopy (XPS), X-ray absorption spectroscopy (XAS) and X-ray magnetic circular dichroism (XMCD).<\/p>\n","protected":false},"excerpt":{"rendered":"<p>My research focuses on novel on-surface synthetic routes to grow atomically precise nanostructures and the characterization of their properties. From the undergraduate period at Technische Universit\u00e4t M\u00fcnchen (TUM) to the PhD and early Postdoc stage at Universidad Aut\u00f3noma de Madrid (UAM) and IMDEA Nanociencia, I explored different intra- and intermolecular\u2026<\/p>\n<p> <a class=\"continue-reading-link\" href=\"https:\/\/wp.icmm.csic.es\/esisna\/borja-cirera\/\"><span>Continue reading<\/span><i class=\"crycon-right-dir\"><\/i><\/a> <\/p>\n","protected":false},"author":50,"featured_media":0,"parent":0,"menu_order":0,"comment_status":"closed","ping_status":"closed","template":"","meta":{"ngg_post_thumbnail":0,"footnotes":""},"class_list":["post-4312","page","type-page","status-publish","hentry"],"_links":{"self":[{"href":"https:\/\/wp.icmm.csic.es\/esisna\/wp-json\/wp\/v2\/pages\/4312","targetHints":{"allow":["GET"]}}],"collection":[{"href":"https:\/\/wp.icmm.csic.es\/esisna\/wp-json\/wp\/v2\/pages"}],"about":[{"href":"https:\/\/wp.icmm.csic.es\/esisna\/wp-json\/wp\/v2\/types\/page"}],"author":[{"embeddable":true,"href":"https:\/\/wp.icmm.csic.es\/esisna\/wp-json\/wp\/v2\/users\/50"}],"replies":[{"embeddable":true,"href":"https:\/\/wp.icmm.csic.es\/esisna\/wp-json\/wp\/v2\/comments?post=4312"}],"version-history":[{"count":1,"href":"https:\/\/wp.icmm.csic.es\/esisna\/wp-json\/wp\/v2\/pages\/4312\/revisions"}],"predecessor-version":[{"id":4313,"href":"https:\/\/wp.icmm.csic.es\/esisna\/wp-json\/wp\/v2\/pages\/4312\/revisions\/4313"}],"wp:attachment":[{"href":"https:\/\/wp.icmm.csic.es\/esisna\/wp-json\/wp\/v2\/media?parent=4312"}],"curies":[{"name":"wp","href":"https:\/\/api.w.org\/{rel}","templated":true}]}}