{"id":4923,"date":"2025-08-20T13:03:56","date_gmt":"2025-08-20T13:03:56","guid":{"rendered":"https:\/\/wp.icmm.csic.es\/esisna\/?page_id=4923"},"modified":"2025-08-21T09:50:52","modified_gmt":"2025-08-21T09:50:52","slug":"ja_selected-publications-and-research-areas","status":"publish","type":"page","link":"https:\/\/wp.icmm.csic.es\/esisna\/ja_selected-publications-and-research-areas\/","title":{"rendered":"Jos\u00e9 \u00c1ngel Mart\u00edn-Gago &#8211; Selected publications and research areas"},"content":{"rendered":"<p>&nbsp;<\/p>\n<p>My research is characterized by an interdisciplinary approach, combining basic science (nanoscience and surface physics) with vacuum technology to address complex problems with high social impact (astrochemistry, catalysis, biotechnology, instrumentation, chemical synthesis in two dimensions\u2026).<\/p>\n<p>Throughout my career, I have demonstrated how cooperation between different scientific fields can generate innovative solutions to complex problems, many of which are transferable to society.<\/p>\n<p>Below, I detail the 5 significant contributions (according to my personal criteria) in the various areas of knowledge addressed throughout my career. Those marked with * are the ones where I am the principal investigator.<\/p>\n<ul>\n<li><span style=\"color: #0000ff\"><strong><a style=\"color: #0000ff\" href=\"https:\/\/wp.icmm.csic.es\/esisna\/ja_on-surface-synthesis\/\">On-surface synthesis<\/a><\/strong><\/span><\/li>\n<li><span style=\"color: #0000ff\"><strong><a style=\"color: #0000ff\" href=\"https:\/\/wp.icmm.csic.es\/esisna\/ja_astrochemistry-and-origin-of-life\/\">Astrochemistry and origin of life<\/a><\/strong><\/span><\/li>\n<li><span style=\"color: #0000ff\"><strong><a style=\"color: #0000ff\" href=\"https:\/\/wp.icmm.csic.es\/esisna\/ja_2d-materials\/\">2D Materials<\/a><\/strong><\/span><\/li>\n<li><span style=\"color: #0000ff\"><strong><a style=\"color: #0000ff\" href=\"https:\/\/wp.icmm.csic.es\/esisna\/ja_biosensing\/\">Biosensing<\/a><\/strong><\/span><\/li>\n<li><span style=\"color: #0000ff\"><strong><a style=\"color: #0000ff\" href=\"https:\/\/wp.icmm.csic.es\/esisna\/ja_catalysis-and-nanoparticles\/\">Catalysis and nanoparticles<\/a><\/strong><\/span><\/li>\n<li><span style=\"color: #0000ff\"><strong><a style=\"color: #0000ff\" href=\"https:\/\/wp.icmm.csic.es\/esisna\/ja_vacuum-technology-and-instrumentation\/\">Vacuum technology and instrumentation<\/a><\/strong><\/span><\/li>\n<\/ul>\n","protected":false},"excerpt":{"rendered":"<p>&nbsp; My research is characterized by an interdisciplinary approach, combining basic science (nanoscience and surface physics) with vacuum technology to address complex problems with high social impact (astrochemistry, catalysis, biotechnology, instrumentation, chemical synthesis in two dimensions\u2026). Throughout my career, I have demonstrated how cooperation between different scientific fields can generate\u2026<\/p>\n<p> <a class=\"continue-reading-link\" href=\"https:\/\/wp.icmm.csic.es\/esisna\/ja_selected-publications-and-research-areas\/\"><span>Continue reading<\/span><i class=\"crycon-right-dir\"><\/i><\/a> <\/p>\n","protected":false},"author":96,"featured_media":0,"parent":0,"menu_order":0,"comment_status":"closed","ping_status":"closed","template":"","meta":{"ngg_post_thumbnail":0,"footnotes":""},"class_list":["post-4923","page","type-page","status-publish","hentry"],"_links":{"self":[{"href":"https:\/\/wp.icmm.csic.es\/esisna\/wp-json\/wp\/v2\/pages\/4923","targetHints":{"allow":["GET"]}}],"collection":[{"href":"https:\/\/wp.icmm.csic.es\/esisna\/wp-json\/wp\/v2\/pages"}],"about":[{"href":"https:\/\/wp.icmm.csic.es\/esisna\/wp-json\/wp\/v2\/types\/page"}],"author":[{"embeddable":true,"href":"https:\/\/wp.icmm.csic.es\/esisna\/wp-json\/wp\/v2\/users\/96"}],"replies":[{"embeddable":true,"href":"https:\/\/wp.icmm.csic.es\/esisna\/wp-json\/wp\/v2\/comments?post=4923"}],"version-history":[{"count":16,"href":"https:\/\/wp.icmm.csic.es\/esisna\/wp-json\/wp\/v2\/pages\/4923\/revisions"}],"predecessor-version":[{"id":4997,"href":"https:\/\/wp.icmm.csic.es\/esisna\/wp-json\/wp\/v2\/pages\/4923\/revisions\/4997"}],"wp:attachment":[{"href":"https:\/\/wp.icmm.csic.es\/esisna\/wp-json\/wp\/v2\/media?parent=4923"}],"curies":[{"name":"wp","href":"https:\/\/api.w.org\/{rel}","templated":true}]}}