{"id":4931,"date":"2025-08-20T13:09:42","date_gmt":"2025-08-20T13:09:42","guid":{"rendered":"https:\/\/wp.icmm.csic.es\/esisna\/?page_id=4931"},"modified":"2025-08-21T09:56:10","modified_gmt":"2025-08-21T09:56:10","slug":"ja_on-surface-synthesis","status":"publish","type":"page","link":"https:\/\/wp.icmm.csic.es\/esisna\/ja_on-surface-synthesis\/","title":{"rendered":"On-surface Synthesis"},"content":{"rendered":"<p>&nbsp;<\/p>\n<p>1.-<b> * <\/b>Fullerenes from aromatic precursors by surface-catalysed cyclodehydrogenation. G Otero, &#8230; J. A. Mart\u00edn-Gago<\/p>\n<p><strong>Nature 454 (2008), 865-868<\/strong><\/p>\n<p>2.-<b> * <\/b>On-surface synthesis of cyclic organic molecules. J M\u00e9ndez, MF L\u00f3pez, JA Mart\u00edn-Gago<\/p>\n<p><strong>Chemical Society Reviews 40 (2011), 4578-4590<\/strong><\/p>\n<p>3.-<b> * <\/b>Tailored formation of N-doped nanoarchitectures by diffusion-controlled on-surface (cyclo) dehydrogenation of heteroaromatics. AL Pinardi, &#8230; J. A. Mart\u00edn-Gago*<\/p>\n<p><strong>ACS nano 7 (2013), 3676-3684<\/strong><\/p>\n<p>4.-<b> * <\/b>On-surface hydrogen-induced covalent coupling of polycyclic aromatic hydrocarbons via a superhydrogenated intermediate. C S\u00e1nchez-S\u00e1nchez,&#8230; J. A. Mart\u00edn-Gago (8\/8)<\/p>\n<p><strong>Journal of the American Chemical Society 141 (2019), 3550-3557<\/strong>\u00a0<i>(journal cover)<\/i><\/p>\n<p>5.- Diastereomeric Configuration Drives an On-Surface Specific Rearrangement into Low Bandgap Non-Benzenoid Graphene Nanoribbons. F Villalobos, &#8230; J. A. Mart\u00edn-Gago, \u2026C.Sanchez-Sanchez<\/p>\n<p><strong>Journal of the American Chemical Society 147 (2025), 7245-7254<\/strong><\/p>\n","protected":false},"excerpt":{"rendered":"<p>&nbsp; 1.- * Fullerenes from aromatic precursors by surface-catalysed cyclodehydrogenation. G Otero, &#8230; J. A. Mart\u00edn-Gago Nature 454 (2008), 865-868 2.- * On-surface synthesis of cyclic organic molecules. J M\u00e9ndez, MF L\u00f3pez, JA Mart\u00edn-Gago Chemical Society Reviews 40 (2011), 4578-4590 3.- * Tailored formation of N-doped nanoarchitectures by diffusion-controlled on-surface\u2026<\/p>\n<p> <a class=\"continue-reading-link\" href=\"https:\/\/wp.icmm.csic.es\/esisna\/ja_on-surface-synthesis\/\"><span>Continue reading<\/span><i class=\"crycon-right-dir\"><\/i><\/a> <\/p>\n","protected":false},"author":96,"featured_media":0,"parent":0,"menu_order":0,"comment_status":"closed","ping_status":"closed","template":"","meta":{"ngg_post_thumbnail":0,"footnotes":""},"class_list":["post-4931","page","type-page","status-publish","hentry"],"_links":{"self":[{"href":"https:\/\/wp.icmm.csic.es\/esisna\/wp-json\/wp\/v2\/pages\/4931","targetHints":{"allow":["GET"]}}],"collection":[{"href":"https:\/\/wp.icmm.csic.es\/esisna\/wp-json\/wp\/v2\/pages"}],"about":[{"href":"https:\/\/wp.icmm.csic.es\/esisna\/wp-json\/wp\/v2\/types\/page"}],"author":[{"embeddable":true,"href":"https:\/\/wp.icmm.csic.es\/esisna\/wp-json\/wp\/v2\/users\/96"}],"replies":[{"embeddable":true,"href":"https:\/\/wp.icmm.csic.es\/esisna\/wp-json\/wp\/v2\/comments?post=4931"}],"version-history":[{"count":7,"href":"https:\/\/wp.icmm.csic.es\/esisna\/wp-json\/wp\/v2\/pages\/4931\/revisions"}],"predecessor-version":[{"id":5001,"href":"https:\/\/wp.icmm.csic.es\/esisna\/wp-json\/wp\/v2\/pages\/4931\/revisions\/5001"}],"wp:attachment":[{"href":"https:\/\/wp.icmm.csic.es\/esisna\/wp-json\/wp\/v2\/media?parent=4931"}],"curies":[{"name":"wp","href":"https:\/\/api.w.org\/{rel}","templated":true}]}}