{"id":4962,"date":"2025-08-20T13:31:38","date_gmt":"2025-08-20T13:31:38","guid":{"rendered":"https:\/\/wp.icmm.csic.es\/esisna\/?page_id=4962"},"modified":"2025-08-21T10:05:08","modified_gmt":"2025-08-21T10:05:08","slug":"ja_catalysis-and-nanoparticles","status":"publish","type":"page","link":"https:\/\/wp.icmm.csic.es\/esisna\/ja_catalysis-and-nanoparticles\/","title":{"rendered":"Catalysis and nanoparticles"},"content":{"rendered":"<p>&nbsp;<\/p>\n<p>1.-<b> *<\/b> Metal-catalyst-free gas-phase synthesis of long-chain hydrocarbons. L Mart\u00ednez, P Merino&#8230;and J.A. Mart\u00edn-Gago<\/p>\n<p><strong>Nature Communications 12 (2021), 1-8<\/strong><\/p>\n<p>2.-<b> *<\/b> Precisely controlled fabrication, manipulation and in-situ analysis of Cu based nanoparticles. L Mart\u00ednez, , &#8230; J. A. Mart\u00edn-Gago<\/p>\n<p><strong>Scientific Reports 8 (2018), 7250<\/strong><\/p>\n<p>3.- Steering Hydrocarbon Selectivity in CO2 Electroreduction over Soft-Landed CuOx Nanoparticle-Functionalized Gas Diffusion Electrodes. N Daems&#8230;, J. A. Mart\u00edn-Gago, Tom Breugelmans<\/p>\n<p><strong>ACS Applied Materials &amp; Interfaces 14 (2022), 2691-2702<\/strong><\/p>\n<p>4.-<b> *<\/b> Enhanced Electrocatalysis on Copper Nanostructures: Role of the Oxidation State in Sulfite Oxidation. E Fern\u00e1ndez-Garc\u00eda, , &#8230; J. A. Mart\u00edn-Gago<\/p>\n<p><strong>ACS catalysis 14 (2024), 11522-11531<\/strong><\/p>\n<p>5.- In situ observation of the on-surface thermal dehydrogenation of n-octane on Pt (111). D Arribas,&#8230;, J. A. Mart\u00edn-Gago, P. Merino<\/p>\n<p><strong>Nanoscale 15 (2023), 14458-14467<\/strong><\/p>\n","protected":false},"excerpt":{"rendered":"<p>&nbsp; 1.- * Metal-catalyst-free gas-phase synthesis of long-chain hydrocarbons. L Mart\u00ednez, P Merino&#8230;and J.A. Mart\u00edn-Gago Nature Communications 12 (2021), 1-8 2.- * Precisely controlled fabrication, manipulation and in-situ analysis of Cu based nanoparticles. L Mart\u00ednez, , &#8230; J. A. Mart\u00edn-Gago Scientific Reports 8 (2018), 7250 3.- Steering Hydrocarbon Selectivity in\u2026<\/p>\n<p> <a class=\"continue-reading-link\" href=\"https:\/\/wp.icmm.csic.es\/esisna\/ja_catalysis-and-nanoparticles\/\"><span>Continue reading<\/span><i class=\"crycon-right-dir\"><\/i><\/a> <\/p>\n","protected":false},"author":96,"featured_media":0,"parent":0,"menu_order":0,"comment_status":"closed","ping_status":"closed","template":"","meta":{"ngg_post_thumbnail":0,"footnotes":""},"class_list":["post-4962","page","type-page","status-publish","hentry"],"_links":{"self":[{"href":"https:\/\/wp.icmm.csic.es\/esisna\/wp-json\/wp\/v2\/pages\/4962","targetHints":{"allow":["GET"]}}],"collection":[{"href":"https:\/\/wp.icmm.csic.es\/esisna\/wp-json\/wp\/v2\/pages"}],"about":[{"href":"https:\/\/wp.icmm.csic.es\/esisna\/wp-json\/wp\/v2\/types\/page"}],"author":[{"embeddable":true,"href":"https:\/\/wp.icmm.csic.es\/esisna\/wp-json\/wp\/v2\/users\/96"}],"replies":[{"embeddable":true,"href":"https:\/\/wp.icmm.csic.es\/esisna\/wp-json\/wp\/v2\/comments?post=4962"}],"version-history":[{"count":8,"href":"https:\/\/wp.icmm.csic.es\/esisna\/wp-json\/wp\/v2\/pages\/4962\/revisions"}],"predecessor-version":[{"id":5005,"href":"https:\/\/wp.icmm.csic.es\/esisna\/wp-json\/wp\/v2\/pages\/4962\/revisions\/5005"}],"wp:attachment":[{"href":"https:\/\/wp.icmm.csic.es\/esisna\/wp-json\/wp\/v2\/media?parent=4962"}],"curies":[{"name":"wp","href":"https:\/\/api.w.org\/{rel}","templated":true}]}}