{"id":5008,"date":"2025-08-21T12:31:24","date_gmt":"2025-08-21T12:31:24","guid":{"rendered":"https:\/\/wp.icmm.csic.es\/esisna\/?page_id=5008"},"modified":"2025-08-21T12:32:20","modified_gmt":"2025-08-21T12:32:20","slug":"ja_resumen-de-meritos-en-espanol","status":"publish","type":"page","link":"https:\/\/wp.icmm.csic.es\/esisna\/ja_resumen-de-meritos-en-espanol\/","title":{"rendered":"Resumen de m\u00e9ritos (en espa\u00f1ol)"},"content":{"rendered":"<p>&nbsp;<\/p>\n<p class=\"p2\"><b>Director del Instituto de Ciencia de Materiales de Madrid <\/b>ICMM-CSIC desde 2022. <b>Profesor de investigaci\u00f3n <\/b>en el ICMM-CSIC desde 2012. <b>L\u00edder del grupo ESISNA <\/b>\u00abEstudios interdisciplinarios basados en sistemas nanosc\u00f3picos\u00bb desde 2005. Profesor invitado por la Academia Checa de Ciencias, 7 meses en Praga (2020-21) y por la Universidad de Toulouse (1 mes en Paul-Sabatier-CNRS) &#8211; 2022. Investigador asociado al Centro de astrobiolog\u00eda (2003-2015). Presidente de ASEVA (Sociedad Espa\u00f1ola de Vac\u00edo) entre 2016-2022<\/p>\n<p class=\"p3\"><span class=\"s2\">Su <b>campo de trabajo <\/b>son estudios interdisciplinares basados en tecnolog\u00eda de vac\u00edo y nanotecnolog\u00eda para problemas complejos y de inter\u00e9s social, como <\/span>astroqu\u00edmica, origen de la vida, cat\u00e1lisis, s\u00edntesis qu\u00edmica en superficies o biosensores ultrasensibles. Esto ha dado lugar a m\u00e1s de <span class=\"s3\">200 publicaciones<\/span>, 8400 citas (\u00edndice h 49)<\/p>\n<p class=\"p2\">Ha atra\u00eddo alrededor de 15 millones de euros como investigador principal (PI), y m\u00e1s de 25 millones de euros como PI del nodo ICMM. Fue PI del proyecto <b>ERC-synergy grant NANOCOSMOS<\/b>: gas y polvo de la estrella al laboratorio, con un presupuesto de 15 millones de euros (2013-2020), con una tasa de \u00e9xito del 3% sobre 450 proyectos presentados. Con J. Cernicharo y C. Joblin, construimos una m\u00e1quina para simular la formaci\u00f3n de polvo y su interacci\u00f3n con el gas circumstelar. Esta m\u00e1quina es ahora parte de un proyecto europeo de acceso a instalaciones singulares (H2020-INFRAIA-2020-1). Desde 2020, <b>PI y coordinador del proyecto de investigaci\u00f3n sin\u00e9rgica de la Comunidad de Madrid<\/b>: PHOTOSURF (700K\u20ac): reacciones inducidas por luz en 2D, con una tasa de \u00e9xito del 3%. <b>Investigador principal cient\u00edfico del galard\u00f3n de excelencia Severo Ochoa <\/b>del ICMM (premio 2025).<\/p>\n<p class=\"p2\"><b>Paneles internacionales<\/b>: Miembro de los coimit\u00e9s de expertos de grandes instalaciones como ESRF, ELETTRA y ALBA. Evaluador frecuente de agencias de financiaci\u00f3n europeas y espa\u00f1olas, como ikerbasque o ICREA. Representante espa\u00f1ol en el consejo ejecutivo de la Uni\u00f3n Internacional de Ciencia del Vac\u00edo, T\u00e9cnica y Aplicaciones (IUVSTA) 2010-21. Miembro del panel de evaluaci\u00f3n en el extranjero de los premios nacionales de la CSA (Academia China de Ciencias). <b>8 charlas plenarias<\/b>, <span class=\"s4\">m\u00e1s de 40 invitadas en congresos internacionales,destaca ESASSIA-16, con 400 asistentes. <\/span><\/p>\n<p class=\"p2\"><b>Organizador de conferencias internacionales <\/b>RIVA-X (Bilbao 2017) y XI (Sevilla 2019). EWEG2D-Salamanca: Epitaxial Graphene and 2D Materials-series. Todos con m\u00e1s de 150 asistentes. Organizador del simposio sobre \u201cquantum\u201d en la d EMRS Fall-2023.<\/p>\n<p class=\"p2\"><b>Director de 12 tesis doctorales<\/b>, 2 de ellas premiadas con la distinci\u00f3n a la mejor tesis del a\u00f1o en f\u00edsica por la Universidad Aut\u00f3noma de Madrid (UAM). Supervisi\u00f3n de unos 20 contratos, 5 de ellos ahora investigadores permanentes en instituciones cient\u00edficas internacionales. Docente en varios M\u00e1steres y cursos de especializaci\u00f3n. Actividad intensa de divulgaci\u00f3n, como <b>autor de 4 libros<\/b>, conferencias en escuelas secundarias, p\u00fablico general, libros, peri\u00f3dicos, radio y televisi\u00f3n.,,,<\/p>\n<p class=\"p2\">Dos patentes licenciadas (Solutex y Mecwins S.L.) y una m\u00e1s activa (PCT). Dos proyectos de transferencia de know-how (octubre de 2014) con la firma \u201cBIHURCRYSTAL\u201d y TREFINOS S.L. (2024).<\/p>\n","protected":false},"excerpt":{"rendered":"<p>&nbsp; Director del Instituto de Ciencia de Materiales de Madrid ICMM-CSIC desde 2022. Profesor de investigaci\u00f3n en el ICMM-CSIC desde 2012. L\u00edder del grupo ESISNA \u00abEstudios interdisciplinarios basados en sistemas nanosc\u00f3picos\u00bb desde 2005. Profesor invitado por la Academia Checa de Ciencias, 7 meses en Praga (2020-21) y por la Universidad\u2026<\/p>\n<p> <a class=\"continue-reading-link\" href=\"https:\/\/wp.icmm.csic.es\/esisna\/ja_resumen-de-meritos-en-espanol\/\"><span>Continue reading<\/span><i class=\"crycon-right-dir\"><\/i><\/a> <\/p>\n","protected":false},"author":96,"featured_media":0,"parent":0,"menu_order":0,"comment_status":"closed","ping_status":"closed","template":"","meta":{"ngg_post_thumbnail":0,"footnotes":""},"class_list":["post-5008","page","type-page","status-publish","hentry"],"_links":{"self":[{"href":"https:\/\/wp.icmm.csic.es\/esisna\/wp-json\/wp\/v2\/pages\/5008","targetHints":{"allow":["GET"]}}],"collection":[{"href":"https:\/\/wp.icmm.csic.es\/esisna\/wp-json\/wp\/v2\/pages"}],"about":[{"href":"https:\/\/wp.icmm.csic.es\/esisna\/wp-json\/wp\/v2\/types\/page"}],"author":[{"embeddable":true,"href":"https:\/\/wp.icmm.csic.es\/esisna\/wp-json\/wp\/v2\/users\/96"}],"replies":[{"embeddable":true,"href":"https:\/\/wp.icmm.csic.es\/esisna\/wp-json\/wp\/v2\/comments?post=5008"}],"version-history":[{"count":2,"href":"https:\/\/wp.icmm.csic.es\/esisna\/wp-json\/wp\/v2\/pages\/5008\/revisions"}],"predecessor-version":[{"id":5010,"href":"https:\/\/wp.icmm.csic.es\/esisna\/wp-json\/wp\/v2\/pages\/5008\/revisions\/5010"}],"wp:attachment":[{"href":"https:\/\/wp.icmm.csic.es\/esisna\/wp-json\/wp\/v2\/media?parent=5008"}],"curies":[{"name":"wp","href":"https:\/\/api.w.org\/{rel}","templated":true}]}}