{"id":7,"date":"2008-12-17T14:48:37","date_gmt":"2008-12-17T12:48:37","guid":{"rendered":"http:\/\/www.icmm.csic.es\/grupos\/?page_id=7"},"modified":"2026-03-12T14:12:56","modified_gmt":"2026-03-12T14:12:56","slug":"people","status":"publish","type":"page","link":"https:\/\/wp.icmm.csic.es\/esisna\/people\/","title":{"rendered":"People"},"content":{"rendered":"<p>&lt;td class<\/p>\n<table class=\"tablepress tablepress-id-1\">\n<caption style=\"caption-side: bottom;text-align: left;border: none;background: none;margin: 0;padding: 0\">&nbsp;<\/caption>\n<thead>\n<tr class=\"row-1 odd\">\n<th class=\"column-1\"><span style=\"color: #000000\">Name<\/span><\/th>\n<th class=\"column-2\"><span style=\"color: #000000\">Position<\/span><\/th>\n<th class=\"column-3\"><span style=\"color: #000000\">Phone +34 913349000<\/span><\/th>\n<th class=\"column-4\"><span style=\"color: #000000\">e-mail<\/span><\/th>\n<\/tr>\n<\/thead>\n<tbody class=\"row-hover\">\n<tr class=\"row-2 even\">\n<td class=\"column-1\"><a href=\"http:\/\/wp.icmm.csic.es\/esisna\/members\/paqui-lopez\/\">Paqui L\u00f3pez Fag\u00fandez<\/a><\/td>\n<td class=\"column-2\">Senior Scientist (group leader)<\/td>\n<td class=\"column-3\">+34 913349081 or ext. 437312<\/td>\n<td class=\"column-4\">mflopez@icmm.csic.es<\/td>\n<\/tr>\n<tr class=\"row-3 odd\">\n<td class=\"column-1\"><a href=\"http:\/\/pablomerinomateo.wordpress.com\/\">Pablo Merino Mateo<\/a><\/td>\n<td class=\"column-2\">Scientist (group leader)<\/td>\n<td class=\"column-3\">+34 913349060 or ext. 437340<\/td>\n<td class=\"column-4\">pablo.merino@csic.es<\/td>\n<\/tr>\n<tr class=\"row-4 even\">\n<td class=\"column-1\"><a href=\"http:\/\/wp.icmm.csic.es\/esisna\/?page_id=318\">Jos\u00e9 \u00c1ngel Mart\u00edn Gago<\/a><\/td>\n<td class=\"column-2\">Research professor<\/td>\n<td class=\"column-3\">+34 913349087 or ext. 437308<\/td>\n<td class=\"column-4\">gago@icmm.csic.es<\/td>\n<\/tr>\n<tr class=\"row-5 odd\">\n<td class=\"column-1\">Luis V\u00e1zquez Burgos<\/td>\n<td class=\"column-2\">Research professor<\/td>\n<td class=\"column-3\">+34 913336876 or ext. 437031<\/td>\n<td class=\"column-4\">lvb@icmm.csic.es<\/td>\n<\/tr>\n<tr class=\"row-6 even\">\n<td class=\"column-1\">Pedro de Andr\u00e9s<\/td>\n<td class=\"column-2\">Senior Scientist<\/td>\n<td class=\"column-3\">+34 913349049 or ext. 437152<\/td>\n<td class=\"column-4\">pedro.deandres@csic.es<\/td>\n<\/tr>\n<tr class=\"row-7 odd\">\n<td class=\"column-1\"><a href=\"http:\/\/wp.icmm.csic.es\/esisna\/members\/javier-mendez\/\">Javier M\u00e9ndez P\u00e9rez-Camarero<\/a><\/td>\n<td class=\"column-2\">Scientist<\/td>\n<td class=\"column-3\">+34 913348983 or ext. 437377<\/td>\n<td class=\"column-4\">javier.mendez@icmm.csic.es<\/td>\n<\/tr>\n<tr class=\"row-8 even\">\n<td class=\"column-1\"><a href=\"http:\/\/wp.icmm.csic.es\/esisna\/jose-ignacio-martinez\/\">Jos\u00e9 Ignacio Mart\u00ednez<\/a><\/td>\n<td class=\"column-2\">Scientist<\/td>\n<td class=\"column-3\">+34 913349095 or ext. 437356<\/td>\n<td class=\"column-4\">joseignacio.martinez@icmm.csic.es<\/td>\n<\/tr>\n<tr class=\"row-9 odd\">\n<td class=\"column-1\"><a href=\"https:\/\/wp.icmm.csic.es\/esisna\/carlos-sanchez-sanchez\/\">Carlos S\u00e1nchez S\u00e1nchez<\/a><\/td>\n<td class=\"column-2\">Scientist<\/td>\n<td class=\"column-3\">+34 917166086 or ext. 437334<\/td>\n<td class=\"column-4\">cssanchez@icmm.csic.es<\/td>\n<\/tr>\n<tr class=\"row-10 even\">\n<td class=\"column-1\"><a href=\"http:\/\/wp.icmm.csic.es\/esisna\/irene-palacio-rodriguez\/\">Irene Palacio Rodr\u00edguez<\/a><\/td>\n<td class=\"column-2\">Scientist<\/td>\n<td class=\"column-3\">+34 913349099 or ext. 437364<\/td>\n<td class=\"column-4\">i.palacio@csic.es<\/td>\n<\/tr>\n<tr class=\"row-11 odd\">\n<td class=\"column-1\">Jon Azpeitia Urkia<\/td>\n<td class=\"column-2\">Scientist<\/td>\n<td class=\"column-3\">+34 917166079 or ext. 437330<\/td>\n<td class=\"column-4\">jon.azpeitia@icmm.csic.es<\/td>\n<\/tr>\n<tr class=\"row-12 even\">\n<td class=\"column-1\"><a href=\"http:\/\/wp.icmm.csic.es\/esisna\/borja-cirera\/\">Borja Cirera Salinas<\/a><\/td>\n<td class=\"column-2\">Postdoc<\/td>\n<td class=\"column-3\">ext. 437304; ext. 437379 (lab)<\/td>\n<td class=\"column-4\">borja.cirera@csic.es<\/td>\n<\/tr>\n<tr class=\"row-13 odd\">\n<td class=\"column-1\"><a href=\"http:\/\/wp.icmm.csic.es\/esisna\/ezequiel-tosi\/\">Ezequiel Tosi<\/a><\/td>\n<td class=\"column-2\">Postdoc<\/td>\n<td class=\"column-3\">ext. 437368; ext. 437380 (lab)<\/td>\n<td class=\"column-4\">ezequiel.tosi@csic.es<\/td>\n<\/tr>\n<tr class=\"row-15 even\">\n<td class=\"column-1\"><a href=\"http:\/\/wp.icmm.csic.es\/esisna\/laia-leon-boigues\/\">Laia Le\u00f3n Boigues<\/a><\/td>\n<td class=\"column-2\">Postdoc<\/td>\n<td class=\"column-3\">+34 917166082 or ext. 437332<\/td>\n<td class=\"column-4\">laleboi@ictp.csic.es<\/td>\n<\/tr>\n<tr class=\"row-16 odd\">\n<td class=\"column-1\">Kalyan Biswas<\/td>\n<td class=\"column-2\">Postdoc<\/td>\n<td class=\"column-3\">ext. 437366; ext. 437380 (lab)<\/td>\n<td class=\"column-4\">@csic.es<\/td>\n<\/tr>\n<tr class=\"row-18 even\">\n<td class=\"column-1\">V\u00edctor Villalobos Vilda<\/td>\n<td class=\"column-2\">PhD student<\/td>\n<td class=\"column-3\">&nbsp;<\/td>\n<td class=\"column-4\">victor.villalobos@csic.es<\/td>\n<\/tr>\n<tr class=\"row-19 odd\">\n<td class=\"column-1\">Javier Prieto Serrano<\/td>\n<td class=\"column-2\">PhD student<\/td>\n<td class=\"column-3\">ext. 437368; ext. 437379 (lab)<\/td>\n<td class=\"column-4\">j.prieto@csic.es<\/td>\n<\/tr>\n<tr class=\"row-20 even\">\n<td class=\"column-1\">Sergio Jim\u00e9nez Fern\u00e1ndez<\/td>\n<td class=\"column-2\">PhD student<\/td>\n<td class=\"column-3\">ext. 437368; ext 437380 (lab)<\/td>\n<td class=\"column-4\">sergio.j.f@csic.es<\/td>\n<\/tr>\n<tr class=\"row-21 odd\">\n<td class=\"column-1\">Adri\u00e1n S\u00e1ez Coronado<\/td>\n<td class=\"column-2\">PhD student<\/td>\n<td class=\"column-3\">&nbsp;<\/td>\n<td class=\"column-4\">adrian.saez@csic.es<\/td>\n<\/tr>\n<tr class=\"row-22 even\">\n<td class=\"column-1\">Rub\u00e9n Canales Moreno<\/td>\n<td class=\"column-2\">PhD student<\/td>\n<td class=\"column-3\">ext. 437304; ext. 437379 (lab)<\/td>\n<td class=\"column-4\">ruben.canales@icmm.csic.es<\/td>\n<\/tr>\n<tr class=\"row-23 odd\">\n<td class=\"column-1\"><a href=\"http:\/\/wp.icmm.csic.es\/esisna\/carlos-garcia-arcos\/\">Carlos Garc\u00eda Arcos<\/a><\/td>\n<td class=\"column-2\">PhD student<\/td>\n<td class=\"column-3\">ext. 437366<\/td>\n<td class=\"column-4\">carlos.g.arcos@csic.es<\/td>\n<\/tr>\n<tr class=\"row-24 even\">\n<td class=\"column-1\">Eliana L\u00f3pez Mart\u00edn<\/td>\n<td class=\"column-2\">PhD student<\/td>\n<td class=\"column-3\">ext. 437379<\/td>\n<td class=\"column-4\">eliana.lopez.martin@csic.es<\/td>\n<\/tr>\n<tr class=\"row-25 odd\">\n<td class=\"column-1\">Sandra L\u00f3pez Pedregosa<\/td>\n<td class=\"column-2\">PhD student<\/td>\n<td class=\"column-3\">ext. 437378<\/td>\n<td class=\"column-4\">sandra.lopez.pedregosa@csic.es<\/td>\n<\/tr>\n<tr class=\"row-26 even\">\n<td class=\"column-1\">Nicolas Mart\u00ednez Sagredo<\/td>\n<td class=\"column-2\">PhD student<\/td>\n<td class=\"column-3\">ext. 437369<\/td>\n<td class=\"column-4\">nicolas.m.sagredo@csic.es<\/td>\n<\/tr>\n<tr class=\"row-25 odd\">\n<td class=\"column-1\">Aurora Jim\u00e9nez Rodr\u00edguez de Gort\u00e1zar<\/td>\n<td class=\"column-2\">PhD student<\/td>\n<td class=\"column-3\">ext. 437356<\/td>\n<td class=\"column-4\">a.gortazar@csic.es<\/td>\n<\/tr>\n<tr class=\"row-27 even\">\n<td class=\"column-1\">Julia Mart\u00ednez L\u00f3pez-Egea<\/td>\n<td class=\"column-2\">PhD student<\/td>\n<td class=\"column-3\">&nbsp;<\/td>\n<td class=\"column-4\">juliamle@ugr.es<\/td>\n<\/tr>\n<tr class=\"row-28 odd\">\n<td class=\"column-1\">Celia Herrera Cadenas<\/td>\n<td class=\"column-2\">Research Assistant<\/td>\n<td class=\"column-3\">ext. 437378; ext 437379<\/td>\n<td class=\"column-4\">celia.herrera@icmm.csic.es<\/td>\n<\/tr>\n<\/tbody>\n<\/table>\n<h3>Associate Scientists<\/h3>\n<ul>\n<li><a href=\"http:\/\/wp.icmm.csic.es\/esisna\/gonzalo-santoro\/\">Gonzalo Santoro Domingo<\/a> (Instituto de Estructura de la Materia, CSIC)<\/li>\n<li><a href=\"http:\/\/cab.inta-csic.es\/personal\/jesus-manuel-sobrado-vallecillo\/\">Jes\u00fas Manuel Sobrado Vallecillo<\/a> (Centro de Astrobiolog\u00eda)<\/li>\n<li><a href=\"http:\/\/www.icmm.csic.es\/en\/martinez-orellana-lidia\">Lidia Mart\u00ednez Orellana<\/a> (Instituto de Ciencia de Materiales de Madrid, CSIC)<\/li>\n<li><a href=\"http:\/\/physics.ictp.csic.es\/bio-gary.html\">Gary Ellis<\/a> (Instituto de Ciencia y Tecnolog\u00eda de Pol\u00edmeros. CSIC)<\/li>\n<li><a href=\"http:\/\/agutierrez-uam.es\">Alejandro Guti\u00e9rrez Delgado<\/a> (Universidad Aut\u00f3noma de Madrid)<\/li>\n<\/ul>\n<h3>Former Members<\/h3>\n<ul>\n<li><a href=\"http:\/\/wp.icmm.csic.es\/esisna\/?page_id=421\">Celia Rogero Blanco<\/a><\/li>\n<li><a href=\"http:\/\/wp.icmm.csic.es\/esisna\/renaud-2\/\">Renaud Jacques Caillard<\/a><\/li>\n<li><a href=\"http:\/\/dipc.ehu.es\/mblanco\/\">Mar\u00eda Blanco Rey<\/a><\/li>\n<li><a href=\"http:\/\/wp.icmm.csic.es\/esisna\/lucia-3\/\">Luc\u00eda Alvarez Gonz\u00e1lez<\/a><\/li>\n<li><a href=\"http:\/\/wp.icmm.csic.es\/esisna\/?page_id=404\">C\u00e9sar Gonz\u00e1lez Pascual<\/a><\/li>\n<li><a href=\"http:\/\/wp.icmm.csic.es\/esisna\/marta-tello-ruiz\/\">Marta Tello Ru\u00edz<\/a><\/li>\n<li><a href=\"http:\/\/wp.icmm.csic.es\/esisna\/?page_id=408\">Gonzalo Guillermo Otero<\/a><\/li>\n<li><a href=\"http:\/\/wp.icmm.csic.es\/esisna\/ana\/\">Anna Lisa Pinardi<\/a><\/li>\n<li>Rogger Palacios Rivera<\/li>\n<li><a href=\"http:\/\/wp.icmm.csic.es\/esisna\/?page_id=2426\">Koen Lauwaet<\/a><\/li>\n<li>Irene Hern\u00e1ndez Rodr\u00edguez<\/li>\n<li>Rebeca Aceituno Bueno<\/li>\n<li>Mario Accolla<\/li>\n<li>Nerea Ruiz del \u00c1rbol Lasagabaster<\/li>\n<li><a href=\"http:\/\/wp.icmm.csic.es\/esisna\/lokesh-sangabattula\/\">Lokesh Sangabattula<\/a><\/li>\n<li><a href=\"http:\/\/wp.icmm.csic.es\/esisna\/frederik-doktor-skodt-simonsen\/\">Frederik Doktor Sk\u00f8dt Simonsen<\/a><\/li>\n<li><a href=\"http:\/\/wp.icmm.csic.es\/esisna\/daniel-arribas-mercado\/\">Daniel Arribas Mercado<\/a><\/li>\n<li><a href=\"http:\/\/wp.icmm.csic.es\/esisna\/federico-villalobos-romero\/\">Federico Villalobos Romero<\/a><\/li>\n<li>Jorge Zamalloa Serrano<\/li>\n<li>Jes\u00fas Mendieta Moreno<\/li>\n<li>Guillermo Tajuelo Castilla<\/li>\n<li>Jose M\u00aa G\u00f3mez Fern\u00e1ndez<\/li>\n<\/ul>\n","protected":false},"excerpt":{"rendered":"<p>&lt;td class &nbsp; Name Position Phone +34 913349000 e-mail Paqui L\u00f3pez Fag\u00fandez Senior Scientist (group leader) +34 913349081 or ext. 437312 mflopez@icmm.csic.es Pablo Merino Mateo Scientist (group leader) +34 913349060 or ext. 437340 pablo.merino@csic.es Jos\u00e9 \u00c1ngel Mart\u00edn Gago Research professor +34 913349087 or ext. 437308 gago@icmm.csic.es Luis V\u00e1zquez Burgos Research\u2026<\/p>\n<p> <a class=\"continue-reading-link\" href=\"https:\/\/wp.icmm.csic.es\/esisna\/people\/\"><span>Continue reading<\/span><i class=\"crycon-right-dir\"><\/i><\/a> <\/p>\n","protected":false},"author":1,"featured_media":0,"parent":0,"menu_order":3,"comment_status":"closed","ping_status":"open","template":"","meta":{"ngg_post_thumbnail":0,"footnotes":""},"class_list":["post-7","page","type-page","status-publish","hentry"],"_links":{"self":[{"href":"https:\/\/wp.icmm.csic.es\/esisna\/wp-json\/wp\/v2\/pages\/7","targetHints":{"allow":["GET"]}}],"collection":[{"href":"https:\/\/wp.icmm.csic.es\/esisna\/wp-json\/wp\/v2\/pages"}],"about":[{"href":"https:\/\/wp.icmm.csic.es\/esisna\/wp-json\/wp\/v2\/types\/page"}],"author":[{"embeddable":true,"href":"https:\/\/wp.icmm.csic.es\/esisna\/wp-json\/wp\/v2\/users\/1"}],"replies":[{"embeddable":true,"href":"https:\/\/wp.icmm.csic.es\/esisna\/wp-json\/wp\/v2\/comments?post=7"}],"version-history":[{"count":107,"href":"https:\/\/wp.icmm.csic.es\/esisna\/wp-json\/wp\/v2\/pages\/7\/revisions"}],"predecessor-version":[{"id":5134,"href":"https:\/\/wp.icmm.csic.es\/esisna\/wp-json\/wp\/v2\/pages\/7\/revisions\/5134"}],"wp:attachment":[{"href":"https:\/\/wp.icmm.csic.es\/esisna\/wp-json\/wp\/v2\/media?parent=7"}],"curies":[{"name":"wp","href":"https:\/\/api.w.org\/{rel}","templated":true}]}}