{"id":172,"date":"2017-04-03T09:56:52","date_gmt":"2017-04-03T08:56:52","guid":{"rendered":"http:\/\/www.icmm.csic.es\/eweg2d-2018\/?page_id=172"},"modified":"2019-09-26T15:28:07","modified_gmt":"2019-09-26T13:28:07","slug":"commitees","status":"publish","type":"page","link":"https:\/\/wp.icmm.csic.es\/eweg2d-2018\/index.php\/commitees\/","title":{"rendered":"Committees"},"content":{"rendered":"<h3 style=\"color: #808080;\">Scientific Committee<\/h3>\n<table width=\"863\">\n<tbody>\n<tr>\n<td width=\"257\">Dr. Johann Coraux<\/td>\n<td width=\"596\"><a href=\"http:\/\/neel.cnrs.fr\">Institut N\u00e9el, Grenoble<\/a><\/td>\n<\/tr>\n<tr>\n<td>Prof. Yuriy Dedkov<\/td>\n<td><a href=\"http:\/\/en.shu.edu.cn\/Default.aspx\">Shanghai University, Shanghai<\/a><\/td>\n<\/tr>\n<tr>\n<td>Prof. Roman Fasel<\/td>\n<td><a href=\"https:\/\/www.empa.ch\/web\/empa\">Empa, D\u00fcbendorf<\/a><\/td>\n<\/tr>\n<tr>\n<td>Prof. Thomas Greber<\/td>\n<td><a href=\"http:\/\/www.physik.uzh.ch\/en.html\">Physik-Institut, Universit\u00e4t Z\u00fcrich<\/a><\/td>\n<\/tr>\n<tr>\n<td>Dr. Rosanna Larciprete<\/td>\n<td><a href=\"http:\/\/www.isc.cnr.it\">CNR-ISC, Roma<\/a><\/td>\n<\/tr>\n<tr>\n<td>Dr. Silvano Lizzit<\/td>\n<td><a href=\"https:\/\/www.elettra.trieste.it\">Sincrotrone Trieste, Trieste<\/a><\/td>\n<\/tr>\n<tr>\n<td>Prof. Jos\u00e9 \u00c1ngel Mart\u00edn-Gago<\/td>\n<td><a href=\"http:\/\/www.icmm.csic.es\">Institute of Material Science of Madrid (ICMM), CSIC<\/a><\/td>\n<\/tr>\n<tr>\n<td>Prof. Thomas Michely<\/td>\n<td><a href=\"http:\/\/www.ph2.uni-koeln.de\">II. Physikalisches Institut, Universit\u00e4t zu K\u00f6ln<\/a><\/td>\n<\/tr>\n<tr>\n<td>Prof. Alexei Preobrajenski<\/td>\n<td><a href=\"https:\/\/www.maxlab.lu.se\">MAX-Laboratory, Lund<\/a><\/td>\n<\/tr>\n<tr>\n<td>Prof. Carsten Busse<\/td>\n<td><a href=\"http:\/\/www.physik.uni-siegen.de\/nanophysik\/\">Fakult\u00e4t IV Physik, Universit\u00e4t Siegen<\/a><\/td>\n<\/tr>\n<\/tbody>\n<\/table>\n<h3><span style=\"color: #808080;\">Local Organizing Committee<\/span><\/h3>\n<table width=\"863\">\n<tbody>\n<tr>\n<td>Jos\u00e9 Ignacio Mart\u00ednez (Chair)<\/td>\n<td><a href=\"http:\/\/www.icmm.csic.es\">Institute of Material Science of Madrid (ICMM), CSIC<\/a><\/td>\n<\/tr>\n<tr>\n<td>Jos\u00e9 \u00c1ngel Mart\u00edn-Gago<\/td>\n<td><a href=\"http:\/\/www.icmm.csic.es\">Institute of Material Science of Madrid (ICMM), CSIC<\/a><\/td>\n<\/tr>\n<tr>\n<td>Irene Palacio<\/td>\n<td><a href=\"http:\/\/www.icmm.csic.es\">Institute of Material Science of Madrid (ICMM), CSIC<\/a><\/td>\n<\/tr>\n<tr>\n<td>Carlos\u00a0 S\u00e1nchez-S\u00e1nchez<\/td>\n<td><a href=\"http:\/\/www.icmm.csic.es\">Institute of Material Science of Madrid (ICMM), CSIC<\/a><\/td>\n<\/tr>\n<tr>\n<td>Mar\u00eda Francisca L\u00f3pez<\/td>\n<td><a href=\"http:\/\/www.icmm.csic.es\">Institute of Material Science of Madrid (ICMM), CSIC<\/a><\/td>\n<\/tr>\n<tr>\n<td width=\"258\">Fabian Calleja<\/td>\n<td width=\"599\"><a href=\"http:\/\/nanoscience.imdea.org\">Institute IMDEA Nanonoscience | IMDEA<\/a><\/td>\n<\/tr>\n<tr>\n<td>Amadeo V\u00e1zquez de Parga<\/td>\n<td><a href=\"https:\/\/www.uam.es\/UAM\/Home.htm\">Autonomous University of Madrid<\/a><\/td>\n<\/tr>\n<\/tbody>\n<\/table>\n<h3><span style=\"color: #808080;\">Special Thanks<\/span><\/h3>\n<table width=\"863\">\n<tbody>\n<tr>\n<td>Prof. Jos\u00e9 Luis de Segovia<\/td>\n<\/tr>\n<tr>\n<td>Prof. \u00c1ngela Calvo<\/td>\n<\/tr>\n<\/tbody>\n<\/table>\n","protected":false},"excerpt":{"rendered":"<p>Scientific Committee Dr. Johann Coraux Institut N\u00e9el, Grenoble Prof. Yuriy Dedkov Shanghai University, Shanghai Prof. Roman Fasel Empa, D\u00fcbendorf Prof. Thomas Greber Physik-Institut, Universit\u00e4t Z\u00fcrich Dr. Rosanna Larciprete CNR-ISC, Roma Dr. Silvano Lizzit Sincrotrone Trieste, Trieste Prof. Jos\u00e9 \u00c1ngel Mart\u00edn-Gago Institute of Material Science of Madrid (ICMM), CSIC Prof. Thomas Michely II. Physikalisches Institut, Universit\u00e4t &hellip; <a href=\"https:\/\/wp.icmm.csic.es\/eweg2d-2018\/index.php\/commitees\/\" class=\"more-link\">Seguir leyendo <span class=\"screen-reader-text\">Committees<\/span> <span class=\"meta-nav\">&rarr;<\/span><\/a><\/p>\n","protected":false},"author":89,"featured_media":0,"parent":0,"menu_order":2,"comment_status":"closed","ping_status":"closed","template":"","meta":{"footnotes":""},"class_list":["post-172","page","type-page","status-publish","hentry"],"_links":{"self":[{"href":"https:\/\/wp.icmm.csic.es\/eweg2d-2018\/index.php\/wp-json\/wp\/v2\/pages\/172","targetHints":{"allow":["GET"]}}],"collection":[{"href":"https:\/\/wp.icmm.csic.es\/eweg2d-2018\/index.php\/wp-json\/wp\/v2\/pages"}],"about":[{"href":"https:\/\/wp.icmm.csic.es\/eweg2d-2018\/index.php\/wp-json\/wp\/v2\/types\/page"}],"author":[{"embeddable":true,"href":"https:\/\/wp.icmm.csic.es\/eweg2d-2018\/index.php\/wp-json\/wp\/v2\/users\/89"}],"replies":[{"embeddable":true,"href":"https:\/\/wp.icmm.csic.es\/eweg2d-2018\/index.php\/wp-json\/wp\/v2\/comments?post=172"}],"version-history":[{"count":2,"href":"https:\/\/wp.icmm.csic.es\/eweg2d-2018\/index.php\/wp-json\/wp\/v2\/pages\/172\/revisions"}],"predecessor-version":[{"id":479,"href":"https:\/\/wp.icmm.csic.es\/eweg2d-2018\/index.php\/wp-json\/wp\/v2\/pages\/172\/revisions\/479"}],"wp:attachment":[{"href":"https:\/\/wp.icmm.csic.es\/eweg2d-2018\/index.php\/wp-json\/wp\/v2\/media?parent=172"}],"curies":[{"name":"wp","href":"https:\/\/api.w.org\/{rel}","templated":true}]}}