{"id":253,"date":"2017-09-14T17:06:01","date_gmt":"2017-09-14T16:06:01","guid":{"rendered":"http:\/\/www.icmm.csic.es\/eweg2d-2018\/?page_id=253"},"modified":"2017-09-14T17:06:01","modified_gmt":"2017-09-14T16:06:01","slug":"travel-information","status":"publish","type":"page","link":"https:\/\/wp.icmm.csic.es\/eweg2d-2018\/index.php\/travel-information\/","title":{"rendered":"Travel Information"},"content":{"rendered":"<h2>Madrid Airport\u00a0to Madrid City Center<\/h2>\n<p><a href=\"http:\/\/www.aena.es\/en\/madrid-barajas-airport\/index.html\">Madrid Airport<\/a> is located at around 12 km (8 miles) northeast of Madrid. There are several options to get into Madrid City Center (<a href=\"http:\/\/www.emtmadrid.es\/Index.aspx?lang=en-GB\">BUS<\/a>, <a href=\"http:\/\/www.renfe.com\/viajeros\/cercanias\/madrid\/\">TRAIN<\/a>, <a href=\"https:\/\/www.metromadrid.es\/en\/index.html\">METRO<\/a>) with very high frequencies.<\/p>\n<p>Nevertheless, once at Terminal 2 (you can move between terminals by using the free Shuttle Service Bus), the cheapest (4.5 \u20ac) way to get into Madrid City Center is by underground (METRO). The only available line at the Airport is LINE 8. Please, have a look to the <a href=\"http:\/\/www.metromadrid.es\/export\/sites\/metro\/comun\/documentos\/planos\/Planoesquematicoingles.pdf\">Madrid Metro Map<\/a> to localize it (see northeast).<\/p>\n<p>Of course, there are plenty of Taxis to get to Madrid city center. This service costs 30 euro to Madrid downtown (fix rate) from any Terminal.<\/p>\n<h2>Madrid Airport to Salamanca by Bus<\/h2>\n<p>You can take a direct bus to Salamanca at Terminal 1 of Madrid-Barajas Airport:<\/p>\n<p>See <a href=\"http:\/\/www.avanzabus.com\/web\/salamanca-aeropuerto-de-barajas.html\">http:\/\/www.avanzabus.com\/web\/salamanca-aeropuerto-de-barajas.html.<\/a> <\/p>\n<p>(from 23.45 \u20ac; it takes around 3 hours to arrive to Salamanca)<\/p>\n<p>Once in Salamanca Bus Station, the best option is to take a Taxi to the venue hotel; should cost around 6-8 \u20ac. The buses depart from Madrid at many different times:<\/p>\n<p>13:00 | 17:00 | 21:45 | 23:45<\/p>\n<h2>Madrid City Center to Salamanca by Train<\/h2>\n<p>From Madrid Airport (Line 8), change at Nuevos Ministerios to Line 10 north direction (Fuencarral direction) and get down at Chamart\u00edn. Chamart\u00edn is a Train Station where <a href=\"http:\/\/www.renfe.com\/EN\/viajeros\/horarios.html\">trains (RENFE)<\/a> depart to Salamanca (from around 20 \u20ac; it takes 2 hours and 20 minutes to arrive to Salamanca).<\/p>\n<p>Once there, the best option is to get a Taxi from Salamanca Train Station (called Vialia) to the venue hotel; should cost around 6-8 \u20ac.<\/p>\n<p>The trains depart from Madrid at:<\/p>\n<p>08:45\t|   11:00   |\t13.45<br \/>\n15:45\t|   18:05   |\t22:05<\/p>\n<h2>Madrid City Center to Salamanca by Bus<\/h2>\n<p>From Madrid Airport (Line 8), change at Nuevos Ministerios to Line 6 (circular) shoutheast direction. Get down at M\u00e9ndez \u00c1lvaro. Get out of the Underground and find the Estaci\u00f3n Sur Bus Station. There are many buses to Salamanca. <\/p>\n<p>See <a href=\"http:\/\/www.avanzabus.com\/web\/\">http:\/\/www.avanzabus.com\/web\/<\/a><\/p>\n<p>(15\/20 \u20ac for services N\/E; it takes 3\/2:30 hours to arrive to Salamanca).\uf0e0 Every one hour from 07:00 to 23:00 (N:Normal \/ E:Express)<\/p>\n<p>Once in Salamanca Bus Station, the best option is to take a Taxi to the venue hotel; should cost around 6-8 \u20ac.<\/p>\n","protected":false},"excerpt":{"rendered":"<p>Madrid Airport\u00a0to Madrid City Center Madrid Airport is located at around 12 km (8 miles) northeast of Madrid. There are several options to get into Madrid City Center (BUS, TRAIN, METRO) with very high frequencies. Nevertheless, once at Terminal 2 (you can move between terminals by using the free Shuttle Service Bus), the cheapest (4.5 &hellip; <a href=\"https:\/\/wp.icmm.csic.es\/eweg2d-2018\/index.php\/travel-information\/\" class=\"more-link\">Seguir leyendo <span class=\"screen-reader-text\">Travel Information<\/span> <span class=\"meta-nav\">&rarr;<\/span><\/a><\/p>\n","protected":false},"author":89,"featured_media":0,"parent":0,"menu_order":0,"comment_status":"closed","ping_status":"closed","template":"","meta":{"footnotes":""},"class_list":["post-253","page","type-page","status-publish","hentry"],"_links":{"self":[{"href":"https:\/\/wp.icmm.csic.es\/eweg2d-2018\/index.php\/wp-json\/wp\/v2\/pages\/253","targetHints":{"allow":["GET"]}}],"collection":[{"href":"https:\/\/wp.icmm.csic.es\/eweg2d-2018\/index.php\/wp-json\/wp\/v2\/pages"}],"about":[{"href":"https:\/\/wp.icmm.csic.es\/eweg2d-2018\/index.php\/wp-json\/wp\/v2\/types\/page"}],"author":[{"embeddable":true,"href":"https:\/\/wp.icmm.csic.es\/eweg2d-2018\/index.php\/wp-json\/wp\/v2\/users\/89"}],"replies":[{"embeddable":true,"href":"https:\/\/wp.icmm.csic.es\/eweg2d-2018\/index.php\/wp-json\/wp\/v2\/comments?post=253"}],"version-history":[{"count":0,"href":"https:\/\/wp.icmm.csic.es\/eweg2d-2018\/index.php\/wp-json\/wp\/v2\/pages\/253\/revisions"}],"wp:attachment":[{"href":"https:\/\/wp.icmm.csic.es\/eweg2d-2018\/index.php\/wp-json\/wp\/v2\/media?parent=253"}],"curies":[{"name":"wp","href":"https:\/\/api.w.org\/{rel}","templated":true}]}}